{"id":10207,"date":"2025-06-13T09:10:53","date_gmt":"2025-06-13T12:10:53","guid":{"rendered":"https:\/\/www.casilda.gob.ar\/web\/?page_id=10207"},"modified":"2026-03-10T07:41:10","modified_gmt":"2026-03-10T10:41:10","slug":"acceso-a-personal-municipalidad-de-casilda","status":"publish","type":"page","link":"https:\/\/www.casilda.gob.ar\/web\/acceso-a-personal-municipalidad-de-casilda\/","title":{"rendered":"Acceso a personal Municipalidad de Casilda"},"content":{"rendered":"\n<p>Portal interno para el acceso a personal de la Municipalidad de Casilda: ingresa r\u00e1pidamente a tu Webmail institucional o al Gestor de Procesos, Reclamos y Denuncias.<\/p>\n\n\n\n<div class=\"wp-block-group is-content-justification-center is-nowrap is-layout-flex wp-container-core-group-is-layout-1 wp-block-group-is-layout-flex\" style=\"margin-top:var(--wp--preset--spacing--50);margin-bottom:var(--wp--preset--spacing--20)\">\n<div class=\"wp-block-columns are-vertically-aligned-center is-layout-flex wp-container-core-columns-is-layout-1 wp-block-columns-is-layout-flex\">\n<div class=\"wp-block-column is-vertically-aligned-center is-layout-flow wp-block-column-is-layout-flow\">      \n\t\t\t<div class=\"uagb-icon-wrapper uagb-block-39446800      \"\n\t\t\tstyle=\"\" >\n\t\t\t\t\t\t\t\t\t<span class=\"uagb-svg-wrapper\" \n\t\t\t\t\t aria-label=\"envelope\"\t\t\t\t\ttabindex=\"0\">\t\t\n\t\t\t\t\t\t\t\t\t\t<a rel=\"noopener noreferrer\" href=\"https:\/\/kv3.toservers.com:2096\/\" target=\"_blank\"><svg xmlns=\"https:\/\/www.w3.org\/2000\/svg\" viewBox= \"0 0 512 512\" role=\"img\" aria-hidden=\"false\" aria-label=\"\"><path d=\"M464 64C490.5 64 512 85.49 512 112C512 127.1 504.9 141.3 492.8 150.4L275.2 313.6C263.8 322.1 248.2 322.1 236.8 313.6L19.2 150.4C7.113 141.3 0 127.1 0 112C0 85.49 21.49 64 48 64H464zM217.6 339.2C240.4 356.3 271.6 356.3 294.4 339.2L512 176V384C512 419.3 483.3 448 448 448H64C28.65 448 0 419.3 0 384V176L217.6 339.2z\"><\/path><\/svg><\/a>\n\t\t\t\t\t\t\t\t\t<\/span>\n\t\t\t\t\t\t\t<\/div>\n\t\t\t\n\n\n<div class=\"wp-block-uagb-image aligncenter uagb-block-c7f84e4e wp-block-uagb-image--layout-default wp-block-uagb-image--effect-zoomin wp-block-uagb-image--align-center\"><figure class=\"wp-block-uagb-image__figure\"><a class=\"\" href=\"https:\/\/kv3.toservers.com:2096\/\" target=\"_blank\" rel=\"noreferrer noopener\"><img decoding=\"async\" srcset=\"https:\/\/www.casilda.gob.ar\/web\/wp-content\/uploads\/2025\/06\/Webmail-logo-2-1024x168.jpg ,https:\/\/www.casilda.gob.ar\/web\/wp-content\/uploads\/2025\/06\/Webmail-logo-2.jpg 780w, https:\/\/www.casilda.gob.ar\/web\/wp-content\/uploads\/2025\/06\/Webmail-logo-2.jpg 360w\" sizes=\"auto, (max-width: 480px) 150px\" src=\"https:\/\/www.casilda.gob.ar\/web\/wp-content\/uploads\/2025\/06\/Webmail-logo-2-1024x168.jpg\" alt=\"\" class=\"uag-image-10222\" width=\"300\" height=\"49\" title=\"Webmail logo\" loading=\"lazy\" role=\"img\"\/><\/a><\/figure><\/div>\n\n\n\n<p class=\"has-text-align-center\"><a href=\"https:\/\/kv3.toservers.com:2096\/\" type=\"link\" id=\"https:\/\/kv3.toservers.com:2096\/\">Ingres\u00e1 al webmail institucional<\/a><\/p>\n<\/div>\n\n\n\n<div class=\"wp-block-column is-vertically-aligned-center is-layout-flow wp-block-column-is-layout-flow\">\n<div class=\"wp-block-uagb-image aligncenter uagb-block-a370471d wp-block-uagb-image--layout-default wp-block-uagb-image--effect-zoomin wp-block-uagb-image--align-center\"><figure class=\"wp-block-uagb-image__figure\"><a class=\"\" href=\"https:\/\/casilda.kafesistemas.com\/frontend\/web\/site\/login\" target=\"_blank\" rel=\"noreferrer noopener\"><img decoding=\"async\" srcset=\"https:\/\/www.casilda.gob.ar\/web\/wp-content\/uploads\/2025\/06\/Logo-muni2.png ,https:\/\/www.casilda.gob.ar\/web\/wp-content\/uploads\/2025\/06\/Logo-muni2.png 780w, https:\/\/www.casilda.gob.ar\/web\/wp-content\/uploads\/2025\/06\/Logo-muni2.png 360w\" sizes=\"auto, (max-width: 480px) 150px\" src=\"https:\/\/www.casilda.gob.ar\/web\/wp-content\/uploads\/2025\/06\/Logo-muni2.png\" alt=\"\" class=\"uag-image-10209\" width=\"300\" height=\"199\" title=\"Logo muni2\" loading=\"lazy\" role=\"img\"\/><\/a><\/figure><\/div>\n\n\n\n<p class=\"has-text-align-center\"><a href=\"https:\/\/casilda.kafesistemas.com\/frontend\/web\/site\/login\">Ingres\u00e1 Gestor de tr\u00e1mites y procesos<\/a><\/p>\n<\/div>\n<\/div>\n<\/div>\n\n\n\n<p><\/p>\n","protected":false},"excerpt":{"rendered":"<p>Portal interno para el acceso a personal de la Municipalidad de Casilda: ingresa r\u00e1pidamente a tu Webmail institucional o al Gestor de Procesos, Reclamos y Denuncias. Ingres\u00e1 al webmail institucional Ingres\u00e1 Gestor de tr\u00e1mites y procesos<\/p>\n","protected":false},"author":1,"featured_media":103,"parent":0,"menu_order":0,"comment_status":"closed","ping_status":"closed","template":"","meta":{"_uag_custom_page_level_css":"","footnotes":""},"class_list":["post-10207","page","type-page","status-publish","has-post-thumbnail","hentry"],"yoast_head":"<!-- This site is optimized with the Yoast SEO plugin v26.8 - https:\/\/yoast.com\/product\/yoast-seo-wordpress\/ -->\n<title>Acceso a personal Municipalidad de Casilda - Municipalidad de Casilda<\/title>\n<meta name=\"description\" content=\"Portal interno para el acceso a personal de la Municipalidad de Casilda: Webmail institucional o al Gestor de Procesos, Reclamos y Denuncias.\" \/>\n<meta name=\"robots\" content=\"index, follow, max-snippet:-1, max-image-preview:large, max-video-preview:-1\" \/>\n<link rel=\"canonical\" href=\"https:\/\/www.casilda.gob.ar\/web\/acceso-a-personal-municipalidad-de-casilda\/\" \/>\n<meta property=\"og:locale\" content=\"es_ES\" \/>\n<meta property=\"og:type\" content=\"article\" \/>\n<meta property=\"og:title\" content=\"Acceso a personal Municipalidad de Casilda - Municipalidad de Casilda\" \/>\n<meta property=\"og:description\" content=\"Portal interno para el acceso a personal de la Municipalidad de Casilda: Webmail institucional o al Gestor de Procesos, Reclamos y Denuncias.\" \/>\n<meta property=\"og:url\" content=\"https:\/\/www.casilda.gob.ar\/web\/acceso-a-personal-municipalidad-de-casilda\/\" \/>\n<meta property=\"og:site_name\" content=\"Municipalidad de Casilda\" \/>\n<meta property=\"article:modified_time\" content=\"2026-03-10T10:41:10+00:00\" \/>\n<meta property=\"og:image\" content=\"https:\/\/www.casilda.gob.ar\/web\/wp-content\/uploads\/2024\/08\/logo-casilda-340x65-1.png\" \/>\n\t<meta property=\"og:image:width\" content=\"340\" \/>\n\t<meta property=\"og:image:height\" content=\"65\" \/>\n\t<meta property=\"og:image:type\" content=\"image\/png\" \/>\n<meta name=\"twitter:card\" content=\"summary_large_image\" \/>\n<meta name=\"twitter:label1\" content=\"Tiempo de lectura\" \/>\n\t<meta name=\"twitter:data1\" content=\"1 minuto\" \/>\n<script type=\"application\/ld+json\" class=\"yoast-schema-graph\">{\"@context\":\"https:\/\/schema.org\",\"@graph\":[{\"@type\":\"WebPage\",\"@id\":\"https:\/\/www.casilda.gob.ar\/web\/acceso-a-personal-municipalidad-de-casilda\/\",\"url\":\"https:\/\/www.casilda.gob.ar\/web\/acceso-a-personal-municipalidad-de-casilda\/\",\"name\":\"Acceso a personal Municipalidad de Casilda - Municipalidad de Casilda\",\"isPartOf\":{\"@id\":\"https:\/\/www.casilda.gob.ar\/web\/#website\"},\"primaryImageOfPage\":{\"@id\":\"https:\/\/www.casilda.gob.ar\/web\/acceso-a-personal-municipalidad-de-casilda\/#primaryimage\"},\"image\":{\"@id\":\"https:\/\/www.casilda.gob.ar\/web\/acceso-a-personal-municipalidad-de-casilda\/#primaryimage\"},\"thumbnailUrl\":\"https:\/\/www.casilda.gob.ar\/web\/wp-content\/uploads\/2024\/08\/logo-casilda-340x65-1.png\",\"datePublished\":\"2025-06-13T12:10:53+00:00\",\"dateModified\":\"2026-03-10T10:41:10+00:00\",\"description\":\"Portal interno para el acceso a personal de la Municipalidad de Casilda: Webmail institucional o al Gestor de Procesos, Reclamos y Denuncias.\",\"breadcrumb\":{\"@id\":\"https:\/\/www.casilda.gob.ar\/web\/acceso-a-personal-municipalidad-de-casilda\/#breadcrumb\"},\"inLanguage\":\"es\",\"potentialAction\":[{\"@type\":\"ReadAction\",\"target\":[\"https:\/\/www.casilda.gob.ar\/web\/acceso-a-personal-municipalidad-de-casilda\/\"]}]},{\"@type\":\"ImageObject\",\"inLanguage\":\"es\",\"@id\":\"https:\/\/www.casilda.gob.ar\/web\/acceso-a-personal-municipalidad-de-casilda\/#primaryimage\",\"url\":\"https:\/\/www.casilda.gob.ar\/web\/wp-content\/uploads\/2024\/08\/logo-casilda-340x65-1.png\",\"contentUrl\":\"https:\/\/www.casilda.gob.ar\/web\/wp-content\/uploads\/2024\/08\/logo-casilda-340x65-1.png\",\"width\":340,\"height\":65},{\"@type\":\"BreadcrumbList\",\"@id\":\"https:\/\/www.casilda.gob.ar\/web\/acceso-a-personal-municipalidad-de-casilda\/#breadcrumb\",\"itemListElement\":[{\"@type\":\"ListItem\",\"position\":1,\"name\":\"Inicio\",\"item\":\"https:\/\/www.casilda.gob.ar\/web\/\"},{\"@type\":\"ListItem\",\"position\":2,\"name\":\"Acceso a personal Municipalidad de Casilda\"}]},{\"@type\":\"WebSite\",\"@id\":\"https:\/\/www.casilda.gob.ar\/web\/#website\",\"url\":\"https:\/\/www.casilda.gob.ar\/web\/\",\"name\":\"Municipalidad de Casilda\",\"description\":\"Construyendo Futuro\",\"potentialAction\":[{\"@type\":\"SearchAction\",\"target\":{\"@type\":\"EntryPoint\",\"urlTemplate\":\"https:\/\/www.casilda.gob.ar\/web\/?s={search_term_string}\"},\"query-input\":{\"@type\":\"PropertyValueSpecification\",\"valueRequired\":true,\"valueName\":\"search_term_string\"}}],\"inLanguage\":\"es\"}]}<\/script>\n<!-- \/ Yoast SEO plugin. -->","yoast_head_json":{"title":"Acceso a personal Municipalidad de Casilda - Municipalidad de Casilda","description":"Portal interno para el acceso a personal de la Municipalidad de Casilda: Webmail institucional o al Gestor de Procesos, Reclamos y Denuncias.","robots":{"index":"index","follow":"follow","max-snippet":"max-snippet:-1","max-image-preview":"max-image-preview:large","max-video-preview":"max-video-preview:-1"},"canonical":"https:\/\/www.casilda.gob.ar\/web\/acceso-a-personal-municipalidad-de-casilda\/","og_locale":"es_ES","og_type":"article","og_title":"Acceso a personal Municipalidad de Casilda - Municipalidad de Casilda","og_description":"Portal interno para el acceso a personal de la Municipalidad de Casilda: Webmail institucional o al Gestor de Procesos, Reclamos y Denuncias.","og_url":"https:\/\/www.casilda.gob.ar\/web\/acceso-a-personal-municipalidad-de-casilda\/","og_site_name":"Municipalidad de Casilda","article_modified_time":"2026-03-10T10:41:10+00:00","og_image":[{"width":340,"height":65,"url":"https:\/\/www.casilda.gob.ar\/web\/wp-content\/uploads\/2024\/08\/logo-casilda-340x65-1.png","type":"image\/png"}],"twitter_card":"summary_large_image","twitter_misc":{"Tiempo de lectura":"1 minuto"},"schema":{"@context":"https:\/\/schema.org","@graph":[{"@type":"WebPage","@id":"https:\/\/www.casilda.gob.ar\/web\/acceso-a-personal-municipalidad-de-casilda\/","url":"https:\/\/www.casilda.gob.ar\/web\/acceso-a-personal-municipalidad-de-casilda\/","name":"Acceso a personal Municipalidad de Casilda - Municipalidad de Casilda","isPartOf":{"@id":"https:\/\/www.casilda.gob.ar\/web\/#website"},"primaryImageOfPage":{"@id":"https:\/\/www.casilda.gob.ar\/web\/acceso-a-personal-municipalidad-de-casilda\/#primaryimage"},"image":{"@id":"https:\/\/www.casilda.gob.ar\/web\/acceso-a-personal-municipalidad-de-casilda\/#primaryimage"},"thumbnailUrl":"https:\/\/www.casilda.gob.ar\/web\/wp-content\/uploads\/2024\/08\/logo-casilda-340x65-1.png","datePublished":"2025-06-13T12:10:53+00:00","dateModified":"2026-03-10T10:41:10+00:00","description":"Portal interno para el acceso a personal de la Municipalidad de Casilda: Webmail institucional o al Gestor de Procesos, Reclamos y Denuncias.","breadcrumb":{"@id":"https:\/\/www.casilda.gob.ar\/web\/acceso-a-personal-municipalidad-de-casilda\/#breadcrumb"},"inLanguage":"es","potentialAction":[{"@type":"ReadAction","target":["https:\/\/www.casilda.gob.ar\/web\/acceso-a-personal-municipalidad-de-casilda\/"]}]},{"@type":"ImageObject","inLanguage":"es","@id":"https:\/\/www.casilda.gob.ar\/web\/acceso-a-personal-municipalidad-de-casilda\/#primaryimage","url":"https:\/\/www.casilda.gob.ar\/web\/wp-content\/uploads\/2024\/08\/logo-casilda-340x65-1.png","contentUrl":"https:\/\/www.casilda.gob.ar\/web\/wp-content\/uploads\/2024\/08\/logo-casilda-340x65-1.png","width":340,"height":65},{"@type":"BreadcrumbList","@id":"https:\/\/www.casilda.gob.ar\/web\/acceso-a-personal-municipalidad-de-casilda\/#breadcrumb","itemListElement":[{"@type":"ListItem","position":1,"name":"Inicio","item":"https:\/\/www.casilda.gob.ar\/web\/"},{"@type":"ListItem","position":2,"name":"Acceso a personal Municipalidad de Casilda"}]},{"@type":"WebSite","@id":"https:\/\/www.casilda.gob.ar\/web\/#website","url":"https:\/\/www.casilda.gob.ar\/web\/","name":"Municipalidad de Casilda","description":"Construyendo Futuro","potentialAction":[{"@type":"SearchAction","target":{"@type":"EntryPoint","urlTemplate":"https:\/\/www.casilda.gob.ar\/web\/?s={search_term_string}"},"query-input":{"@type":"PropertyValueSpecification","valueRequired":true,"valueName":"search_term_string"}}],"inLanguage":"es"}]}},"uagb_featured_image_src":{"full":["https:\/\/www.casilda.gob.ar\/web\/wp-content\/uploads\/2024\/08\/logo-casilda-340x65-1.png",340,65,false],"thumbnail":["https:\/\/www.casilda.gob.ar\/web\/wp-content\/uploads\/2024\/08\/logo-casilda-340x65-1-150x65.png",150,65,true],"medium":["https:\/\/www.casilda.gob.ar\/web\/wp-content\/uploads\/2024\/08\/logo-casilda-340x65-1-300x57.png",300,57,true],"medium_large":["https:\/\/www.casilda.gob.ar\/web\/wp-content\/uploads\/2024\/08\/logo-casilda-340x65-1.png",340,65,false],"large":["https:\/\/www.casilda.gob.ar\/web\/wp-content\/uploads\/2024\/08\/logo-casilda-340x65-1.png",340,65,false],"1536x1536":["https:\/\/www.casilda.gob.ar\/web\/wp-content\/uploads\/2024\/08\/logo-casilda-340x65-1.png",340,65,false],"2048x2048":["https:\/\/www.casilda.gob.ar\/web\/wp-content\/uploads\/2024\/08\/logo-casilda-340x65-1.png",340,65,false]},"uagb_author_info":{"display_name":"Municipalidad Casilda","author_link":"https:\/\/www.casilda.gob.ar\/web\/author\/admin\/"},"uagb_comment_info":0,"uagb_excerpt":"Portal interno para el acceso a personal de la Municipalidad de Casilda: ingresa r\u00e1pidamente a tu Webmail institucional o al Gestor de Procesos, Reclamos y Denuncias. Ingres\u00e1 al webmail institucional Ingres\u00e1 Gestor de tr\u00e1mites y procesos","_links":{"self":[{"href":"https:\/\/www.casilda.gob.ar\/web\/wp-json\/wp\/v2\/pages\/10207","targetHints":{"allow":["GET"]}}],"collection":[{"href":"https:\/\/www.casilda.gob.ar\/web\/wp-json\/wp\/v2\/pages"}],"about":[{"href":"https:\/\/www.casilda.gob.ar\/web\/wp-json\/wp\/v2\/types\/page"}],"author":[{"embeddable":true,"href":"https:\/\/www.casilda.gob.ar\/web\/wp-json\/wp\/v2\/users\/1"}],"replies":[{"embeddable":true,"href":"https:\/\/www.casilda.gob.ar\/web\/wp-json\/wp\/v2\/comments?post=10207"}],"version-history":[{"count":5,"href":"https:\/\/www.casilda.gob.ar\/web\/wp-json\/wp\/v2\/pages\/10207\/revisions"}],"predecessor-version":[{"id":15260,"href":"https:\/\/www.casilda.gob.ar\/web\/wp-json\/wp\/v2\/pages\/10207\/revisions\/15260"}],"wp:featuredmedia":[{"embeddable":true,"href":"https:\/\/www.casilda.gob.ar\/web\/wp-json\/wp\/v2\/media\/103"}],"wp:attachment":[{"href":"https:\/\/www.casilda.gob.ar\/web\/wp-json\/wp\/v2\/media?parent=10207"}],"curies":[{"name":"wp","href":"https:\/\/api.w.org\/{rel}","templated":true}]}}