{"id":11076,"date":"2025-07-24T07:49:43","date_gmt":"2025-07-24T10:49:43","guid":{"rendered":"https:\/\/www.casilda.gob.ar\/web\/?page_id=11076"},"modified":"2025-09-04T09:15:29","modified_gmt":"2025-09-04T12:15:29","slug":"casilda2-4","status":"publish","type":"page","link":"https:\/\/www.casilda.gob.ar\/web\/casilda2-4\/","title":{"rendered":"Casilda"},"content":{"rendered":"\n<div style=\"height:10px\" aria-hidden=\"true\" class=\"wp-block-spacer\"><\/div>\n\n\n\n<div class=\"wp-block-columns is-layout-flex wp-container-core-columns-is-layout-1 wp-block-columns-is-layout-flex\">\n<div class=\"wp-block-column is-layout-flow wp-block-column-is-layout-flow\">\n<p class=\"has-gotham-font-family\" style=\"margin-right:0;margin-left:0;padding-right:0;padding-left:0;font-size:0.8rem\"><strong>Casilda es una localidad del sur de la provincia de Santa Fe, <\/strong>Argentina, cabecera del departamento Caseros. Se encuentra a la vera de la RN 33, a 56 km de Rosario y a 208 km de la ciudad de Santa Fe.<\/p>\n\n\n\n<p class=\"has-gotham-font-family\" style=\"font-size:0.8rem\"><strong>En 1870, Carlos Casado del Alisal<\/strong>, espa\u00f1ol, empresario de la colonizaci\u00f3n, fund\u00f3 la <strong>Colonia Candelaria<\/strong>, en tierras adquiridas a la estancia \u00abLos Desmochados\u00bb.<\/p>\n\n\n\n<p class=\"has-gotham-font-family\" style=\"font-size:0.8rem\">Casilda naci\u00f3 a partir de la iniciativa privada, con el aporte del comercio exterior en el marco de un trazado urbano. El impulso del comercio de granos tuvo lugar a partir de 1878, cuando <strong>desde Casilda sali\u00f3 el primer cargamento argentino de trigo al mercado europeo.\u200b<\/strong><\/p>\n\n\n\n<p class=\"has-gotham-font-family\" style=\"font-size:0.8rem\"><strong>Casilda creci\u00f3 a partir de la expansi\u00f3n agropecuaria y el nacimiento de Colonia Candelaria gracias a Carlos Casado del Alisal, apoyada por la cercan\u00eda del puerto, la inmigraci\u00f3n, el esfuerzo local y la instalaci\u00f3n del Ferrocarril Oeste Santafesino en 1883.<\/strong> Debido al comercio, la actividad molinera y el acopio de cereales la ciudad se convirti\u00f3 en centro del intercambio regional abasteciendo a las \u00e1reas rurales colindantes, redundando en el aumento de la poblaci\u00f3n y por ende de la construcci\u00f3n de viviendas.<\/p>\n\n\n\n<p class=\"has-gotham-font-family\" style=\"font-size:0.8rem\">Los vecinos de la zona se organizaron en comisiones de fomento, para regular en forma local el desarrollo y dise\u00f1o urbano, realizando obras viales, de alumbrado, forestaci\u00f3n y canalizaci\u00f3n. Desde 1886 tambi\u00e9n efectuaron el control del matadero, los mercados, la construcci\u00f3n de edificios de escuelas primarias y la supervisi\u00f3n de la ense\u00f1anza. <strong>Estos hechos ayudaron a que la Villa Casilda lograra alcanzar el rango de ciudad el 29 de septiembre de 1907.\u200b<\/strong><\/p>\n<\/div>\n\n\n\n<div class=\"wp-block-column is-layout-flow wp-block-column-is-layout-flow\">\n<iframe src=\"https:\/\/www.google.com\/maps\/embed?pb=!1m10!1m8!1m3!1d26753.312500157117!2d-61.1684463!3d-33.0521473!3m2!1i1024!2i768!4f13.1!5e0!3m2!1ses-419!2sar!4v1726587556291!5m2!1ses-419!2sar\" width=\"100%\" height=\"450\" style=\"border:0;\" allowfullscreen=\"\" loading=\"lazy\" referrerpolicy=\"no-referrer-when-downgrade\"><\/iframe>\n<\/div>\n<\/div>\n\n\n\n<div class=\"wp-block-group has-global-padding is-layout-constrained wp-container-core-group-is-layout-2 wp-block-group-is-layout-constrained\" style=\"margin-top:var(--wp--preset--spacing--10);padding-right:0;padding-left:0\">\n<div class=\"wp-block-columns is-layout-flex wp-container-core-columns-is-layout-3 wp-block-columns-is-layout-flex\">\n<div class=\"wp-block-column has-border-color is-layout-flow wp-block-column-is-layout-flow\" style=\"border-color:#63636336;border-width:2px;flex-basis:30%\">\n<p class=\"has-text-align-center\">Bandera oficial<\/p>\n\n\n\n<figure data-wp-context=\"{&quot;imageId&quot;:&quot;69fb676d407e3&quot;}\" data-wp-interactive=\"core\/image\" class=\"wp-block-image aligncenter size-large is-resized wp-lightbox-container\"><img loading=\"lazy\" decoding=\"async\" width=\"1024\" height=\"614\" data-wp-class--hide=\"state.isContentHidden\" data-wp-class--show=\"state.isContentVisible\" data-wp-init=\"callbacks.setButtonStyles\" data-wp-on-async--click=\"actions.showLightbox\" data-wp-on-async--load=\"callbacks.setButtonStyles\" data-wp-on-async-window--resize=\"callbacks.setButtonStyles\" src=\"https:\/\/www.casilda.gob.ar\/web\/wp-content\/uploads\/2025\/04\/WhatsApp-Image-2025-04-30-at-09.14.52-1-1024x614.jpeg\" alt=\"\" class=\"wp-image-8706\" style=\"width:304px;height:auto\" srcset=\"https:\/\/www.casilda.gob.ar\/web\/wp-content\/uploads\/2025\/04\/WhatsApp-Image-2025-04-30-at-09.14.52-1-1024x614.jpeg 1024w, https:\/\/www.casilda.gob.ar\/web\/wp-content\/uploads\/2025\/04\/WhatsApp-Image-2025-04-30-at-09.14.52-1-300x180.jpeg 300w, https:\/\/www.casilda.gob.ar\/web\/wp-content\/uploads\/2025\/04\/WhatsApp-Image-2025-04-30-at-09.14.52-1-768x461.jpeg 768w, https:\/\/www.casilda.gob.ar\/web\/wp-content\/uploads\/2025\/04\/WhatsApp-Image-2025-04-30-at-09.14.52-1-1536x922.jpeg 1536w, https:\/\/www.casilda.gob.ar\/web\/wp-content\/uploads\/2025\/04\/WhatsApp-Image-2025-04-30-at-09.14.52-1.jpeg 1600w\" sizes=\"auto, (max-width: 1024px) 100vw, 1024px\" \/><button\n\t\t\tclass=\"lightbox-trigger\"\n\t\t\ttype=\"button\"\n\t\t\taria-haspopup=\"dialog\"\n\t\t\taria-label=\"Ampliar la imagen\"\n\t\t\tdata-wp-init=\"callbacks.initTriggerButton\"\n\t\t\tdata-wp-on-async--click=\"actions.showLightbox\"\n\t\t\tdata-wp-style--right=\"state.imageButtonRight\"\n\t\t\tdata-wp-style--top=\"state.imageButtonTop\"\n\t\t>\n\t\t\t<svg xmlns=\"http:\/\/www.w3.org\/2000\/svg\" width=\"12\" height=\"12\" fill=\"none\" viewBox=\"0 0 12 12\">\n\t\t\t\t<path fill=\"#fff\" d=\"M2 0a2 2 0 0 0-2 2v2h1.5V2a.5.5 0 0 1 .5-.5h2V0H2Zm2 10.5H2a.5.5 0 0 1-.5-.5V8H0v2a2 2 0 0 0 2 2h2v-1.5ZM8 12v-1.5h2a.5.5 0 0 0 .5-.5V8H12v2a2 2 0 0 1-2 2H8Zm2-12a2 2 0 0 1 2 2v2h-1.5V2a.5.5 0 0 0-.5-.5H8V0h2Z\" \/>\n\t\t\t<\/svg>\n\t\t<\/button><\/figure>\n<\/div>\n\n\n\n<div class=\"wp-block-column has-border-color is-layout-flow wp-block-column-is-layout-flow\" style=\"border-color:#63636336;border-width:2px;flex-basis:20%\">\n<p class=\"has-text-align-center\">Escudo oficial<\/p>\n\n\n\n<figure data-wp-context=\"{&quot;imageId&quot;:&quot;69fb676d40a78&quot;}\" data-wp-interactive=\"core\/image\" class=\"wp-block-image aligncenter size-full wp-lightbox-container\"><img loading=\"lazy\" decoding=\"async\" width=\"538\" height=\"466\" data-wp-class--hide=\"state.isContentHidden\" data-wp-class--show=\"state.isContentVisible\" data-wp-init=\"callbacks.setButtonStyles\" data-wp-on-async--click=\"actions.showLightbox\" data-wp-on-async--load=\"callbacks.setButtonStyles\" data-wp-on-async-window--resize=\"callbacks.setButtonStyles\" src=\"https:\/\/www.casilda.gob.ar\/web\/wp-content\/uploads\/2025\/04\/WhatsApp-Image-2025-04-30-at-09.15.19.jpeg\" alt=\"\" class=\"wp-image-8708\" srcset=\"https:\/\/www.casilda.gob.ar\/web\/wp-content\/uploads\/2025\/04\/WhatsApp-Image-2025-04-30-at-09.15.19.jpeg 538w, https:\/\/www.casilda.gob.ar\/web\/wp-content\/uploads\/2025\/04\/WhatsApp-Image-2025-04-30-at-09.15.19-300x260.jpeg 300w\" sizes=\"auto, (max-width: 538px) 100vw, 538px\" \/><button\n\t\t\tclass=\"lightbox-trigger\"\n\t\t\ttype=\"button\"\n\t\t\taria-haspopup=\"dialog\"\n\t\t\taria-label=\"Ampliar la imagen\"\n\t\t\tdata-wp-init=\"callbacks.initTriggerButton\"\n\t\t\tdata-wp-on-async--click=\"actions.showLightbox\"\n\t\t\tdata-wp-style--right=\"state.imageButtonRight\"\n\t\t\tdata-wp-style--top=\"state.imageButtonTop\"\n\t\t>\n\t\t\t<svg xmlns=\"http:\/\/www.w3.org\/2000\/svg\" width=\"12\" height=\"12\" fill=\"none\" viewBox=\"0 0 12 12\">\n\t\t\t\t<path fill=\"#fff\" d=\"M2 0a2 2 0 0 0-2 2v2h1.5V2a.5.5 0 0 1 .5-.5h2V0H2Zm2 10.5H2a.5.5 0 0 1-.5-.5V8H0v2a2 2 0 0 0 2 2h2v-1.5ZM8 12v-1.5h2a.5.5 0 0 0 .5-.5V8H12v2a2 2 0 0 1-2 2H8Zm2-12a2 2 0 0 1 2 2v2h-1.5V2a.5.5 0 0 0-.5-.5H8V0h2Z\" \/>\n\t\t\t<\/svg>\n\t\t<\/button><\/figure>\n<\/div>\n\n\n\n<div class=\"wp-block-column has-border-color is-layout-flow wp-block-column-is-layout-flow\" style=\"border-color:#63636336;border-width:2px\">\n<p class=\"has-text-align-center\">Himno a Oficial Casilda<\/p>\n\n\n\n<div class=\"wp-block-group is-nowrap is-layout-flex wp-container-core-group-is-layout-1 wp-block-group-is-layout-flex\">\n<div class=\"wp-block-columns is-layout-flex wp-container-core-columns-is-layout-2 wp-block-columns-is-layout-flex\">\n<div class=\"wp-block-column is-layout-flow wp-block-column-is-layout-flow\">\n<div data-wp-interactive=\"core\/file\" class=\"wp-block-file aligncenter\"><object data-wp-bind--hidden=\"!state.hasPdfPreview\" hidden class=\"wp-block-file__embed\" data=\"https:\/\/www.casilda.gob.ar\/web\/wp-content\/uploads\/2025\/04\/Himno-oficial-Casilda.pdf\" type=\"application\/pdf\" style=\"width:100%;height:200px\" aria-label=\"Incrustado de Himno oficial Casilda (texto).\"><\/object><a id=\"wp-block-file--media-1c39dbd2-022e-4a67-b5ac-ba9805d4f347\" href=\"https:\/\/www.casilda.gob.ar\/web\/wp-content\/uploads\/2025\/04\/Himno-oficial-Casilda.pdf\">Himno oficial Casilda (texto)<\/a><a href=\"https:\/\/www.casilda.gob.ar\/web\/wp-content\/uploads\/2025\/04\/Himno-oficial-Casilda.pdf\" class=\"wp-block-file__button wp-element-button\" download aria-describedby=\"wp-block-file--media-1c39dbd2-022e-4a67-b5ac-ba9805d4f347\">Descarga<\/a><\/div>\n<\/div>\n\n\n\n<div class=\"wp-block-column is-layout-flow wp-block-column-is-layout-flow\">\n<div class=\"wp-block-file aligncenter\"><a id=\"wp-block-file--media-0d55d11d-79af-434b-873a-95233ff836e1\" href=\"https:\/\/www.casilda.gob.ar\/web\/wp-content\/uploads\/2025\/05\/Himno-a-Casilda.mp3\">Himno a Casilda MP3<\/a><a href=\"https:\/\/www.casilda.gob.ar\/web\/wp-content\/uploads\/2025\/05\/Himno-a-Casilda.mp3\" class=\"wp-block-file__button wp-element-button\" download aria-describedby=\"wp-block-file--media-0d55d11d-79af-434b-873a-95233ff836e1\">Descarga<\/a><\/div>\n\n\n\n<figure style=\"padding-right:0;padding-left:0\" class=\"wp-block-audio\"><audio controls src=\"https:\/\/www.casilda.gob.ar\/web\/wp-content\/uploads\/2025\/05\/Himno-a-Casilda.mp3\"><\/audio><\/figure>\n<\/div>\n<\/div>\n<\/div>\n<\/div>\n<\/div>\n<\/div>\n\n\n\n<div class=\"wp-block-group is-content-justification-center is-nowrap is-layout-flex wp-container-core-group-is-layout-4 wp-block-group-is-layout-flex\" style=\"margin-top:var(--wp--preset--spacing--10);margin-bottom:var(--wp--preset--spacing--10);padding-top:0;padding-bottom:0\">\n<div class=\"wp-block-group is-content-justification-center is-nowrap is-layout-flex wp-container-core-group-is-layout-3 wp-block-group-is-layout-flex\" style=\"margin-top:var(--wp--preset--spacing--10);margin-bottom:var(--wp--preset--spacing--10);padding-top:0;padding-bottom:0\">\n<hr class=\"wp-block-separator has-text-color has-contrast-2-color has-alpha-channel-opacity has-contrast-2-background-color has-background is-style-default\"\/>\n\n\n\n<hr class=\"wp-block-separator has-text-color has-alpha-channel-opacity has-background\" style=\"background-color:#2ac30f;color:#2ac30f\"\/>\n\n\n\n<hr class=\"wp-block-separator has-text-color has-alpha-channel-opacity has-background\" style=\"background-color:#ebd700;color:#ebd700\"\/>\n\n\n\n<hr class=\"wp-block-separator has-text-color has-alpha-channel-opacity has-background\" style=\"background-color:#10a6de;color:#10a6de\"\/>\n<\/div>\n<\/div>\n\n\n\n<div class=\"wp-block-columns is-layout-flex wp-container-core-columns-is-layout-4 wp-block-columns-is-layout-flex\">\n<div class=\"wp-block-column is-layout-flow wp-block-column-is-layout-flow\">\n<div class=\"wp-block-group is-content-justification-center is-nowrap is-layout-flex wp-container-core-group-is-layout-5 wp-block-group-is-layout-flex\">\n<figure class=\"wp-block-image size-full\"><img loading=\"lazy\" decoding=\"async\" width=\"400\" height=\"400\" src=\"https:\/\/www.casilda.gob.ar\/web\/wp-content\/uploads\/2024\/11\/2.png\" alt=\"\" class=\"wp-image-3339\" style=\"box-shadow:var(--wp--preset--shadow--natural)\" srcset=\"https:\/\/www.casilda.gob.ar\/web\/wp-content\/uploads\/2024\/11\/2.png 400w, https:\/\/www.casilda.gob.ar\/web\/wp-content\/uploads\/2024\/11\/2-300x300.png 300w, https:\/\/www.casilda.gob.ar\/web\/wp-content\/uploads\/2024\/11\/2-150x150.png 150w\" sizes=\"auto, (max-width: 400px) 100vw, 400px\" \/><\/figure>\n<\/div>\n\n\n\n<div class=\"wp-block-group is-content-justification-center is-nowrap is-layout-flex wp-container-core-group-is-layout-6 wp-block-group-is-layout-flex\">\n<figure class=\"wp-block-image size-full\"><img loading=\"lazy\" decoding=\"async\" width=\"400\" height=\"400\" src=\"https:\/\/www.casilda.gob.ar\/web\/wp-content\/uploads\/2024\/11\/4.png\" alt=\"\" class=\"wp-image-3340\" style=\"box-shadow:var(--wp--preset--shadow--natural)\" srcset=\"https:\/\/www.casilda.gob.ar\/web\/wp-content\/uploads\/2024\/11\/4.png 400w, https:\/\/www.casilda.gob.ar\/web\/wp-content\/uploads\/2024\/11\/4-300x300.png 300w, https:\/\/www.casilda.gob.ar\/web\/wp-content\/uploads\/2024\/11\/4-150x150.png 150w\" sizes=\"auto, (max-width: 400px) 100vw, 400px\" \/><\/figure>\n<\/div>\n<\/div>\n\n\n\n<div class=\"wp-block-column is-layout-flow wp-block-column-is-layout-flow\">\n<div class=\"wp-block-group is-content-justification-center is-nowrap is-layout-flex wp-container-core-group-is-layout-7 wp-block-group-is-layout-flex\">\n<figure class=\"wp-block-image size-full\"><a href=\"https:\/\/www.casilda.gob.ar\/web\/barrios-casilda\/\"><img loading=\"lazy\" decoding=\"async\" width=\"400\" height=\"400\" src=\"https:\/\/www.casilda.gob.ar\/web\/wp-content\/uploads\/2024\/11\/historico.png\" alt=\"\" class=\"wp-image-3739\" style=\"box-shadow:var(--wp--preset--shadow--natural)\" srcset=\"https:\/\/www.casilda.gob.ar\/web\/wp-content\/uploads\/2024\/11\/historico.png 400w, https:\/\/www.casilda.gob.ar\/web\/wp-content\/uploads\/2024\/11\/historico-300x300.png 300w, https:\/\/www.casilda.gob.ar\/web\/wp-content\/uploads\/2024\/11\/historico-150x150.png 150w\" sizes=\"auto, (max-width: 400px) 100vw, 400px\" \/><\/a><\/figure>\n<\/div>\n\n\n\n<div class=\"wp-block-group is-content-justification-center is-nowrap is-layout-flex wp-container-core-group-is-layout-8 wp-block-group-is-layout-flex\">\n<figure class=\"wp-block-image size-full\"><img loading=\"lazy\" decoding=\"async\" width=\"400\" height=\"400\" src=\"https:\/\/www.casilda.gob.ar\/web\/wp-content\/uploads\/2024\/11\/6.png\" alt=\"\" class=\"wp-image-3738\" style=\"box-shadow:var(--wp--preset--shadow--natural)\" srcset=\"https:\/\/www.casilda.gob.ar\/web\/wp-content\/uploads\/2024\/11\/6.png 400w, https:\/\/www.casilda.gob.ar\/web\/wp-content\/uploads\/2024\/11\/6-300x300.png 300w, https:\/\/www.casilda.gob.ar\/web\/wp-content\/uploads\/2024\/11\/6-150x150.png 150w\" sizes=\"auto, (max-width: 400px) 100vw, 400px\" \/><\/figure>\n<\/div>\n<\/div>\n<\/div>\n","protected":false},"excerpt":{"rendered":"<p>Casilda es una localidad del sur de la provincia de Santa Fe, Argentina, cabecera del departamento Caseros. Se encuentra a la vera de la RN 33, a 56 km de Rosario y a 208 km de la ciudad de Santa Fe. En 1870, Carlos Casado del Alisal, espa\u00f1ol, empresario de la colonizaci\u00f3n, fund\u00f3 la Colonia [&hellip;]<\/p>\n","protected":false},"author":1,"featured_media":0,"parent":0,"menu_order":0,"comment_status":"closed","ping_status":"closed","template":"","meta":{"_uag_custom_page_level_css":"","footnotes":""},"class_list":["post-11076","page","type-page","status-publish","hentry"],"yoast_head":"<!-- This site is optimized with the Yoast SEO plugin v26.8 - https:\/\/yoast.com\/product\/yoast-seo-wordpress\/ -->\n<title>Casilda - Municipalidad de Casilda<\/title>\n<meta name=\"description\" content=\"Casilda es una localidad del sur de la provincia de Santa Fe, Argentina, cabecera del departamento Caseros.\" \/>\n<meta name=\"robots\" content=\"index, follow, max-snippet:-1, max-image-preview:large, max-video-preview:-1\" \/>\n<link rel=\"canonical\" href=\"https:\/\/www.casilda.gob.ar\/web\/casilda2-4\/\" \/>\n<meta property=\"og:locale\" content=\"es_ES\" \/>\n<meta property=\"og:type\" content=\"article\" \/>\n<meta property=\"og:title\" content=\"Casilda - Municipalidad de Casilda\" \/>\n<meta property=\"og:description\" content=\"Casilda es una localidad del sur de la provincia de Santa Fe, Argentina, cabecera del departamento Caseros.\" \/>\n<meta property=\"og:url\" content=\"https:\/\/www.casilda.gob.ar\/web\/casilda2-4\/\" \/>\n<meta property=\"og:site_name\" content=\"Municipalidad de Casilda\" \/>\n<meta property=\"article:modified_time\" content=\"2025-09-04T12:15:29+00:00\" \/>\n<meta property=\"og:image\" content=\"https:\/\/www.casilda.gob.ar\/web\/wp-content\/uploads\/2025\/04\/WhatsApp-Image-2025-04-30-at-09.14.52-1-1024x614.jpeg\" \/>\n<meta name=\"twitter:card\" content=\"summary_large_image\" \/>\n<meta name=\"twitter:label1\" content=\"Tiempo de lectura\" \/>\n\t<meta name=\"twitter:data1\" content=\"3 minutos\" \/>\n<script type=\"application\/ld+json\" class=\"yoast-schema-graph\">{\"@context\":\"https:\/\/schema.org\",\"@graph\":[{\"@type\":\"WebPage\",\"@id\":\"https:\/\/www.casilda.gob.ar\/web\/casilda2-4\/\",\"url\":\"https:\/\/www.casilda.gob.ar\/web\/casilda2-4\/\",\"name\":\"Casilda - Municipalidad de Casilda\",\"isPartOf\":{\"@id\":\"https:\/\/www.casilda.gob.ar\/web\/#website\"},\"primaryImageOfPage\":{\"@id\":\"https:\/\/www.casilda.gob.ar\/web\/casilda2-4\/#primaryimage\"},\"image\":{\"@id\":\"https:\/\/www.casilda.gob.ar\/web\/casilda2-4\/#primaryimage\"},\"thumbnailUrl\":\"https:\/\/www.casilda.gob.ar\/web\/wp-content\/uploads\/2025\/04\/WhatsApp-Image-2025-04-30-at-09.14.52-1-1024x614.jpeg\",\"datePublished\":\"2025-07-24T10:49:43+00:00\",\"dateModified\":\"2025-09-04T12:15:29+00:00\",\"description\":\"Casilda es una localidad del sur de la provincia de Santa Fe, Argentina, cabecera del departamento Caseros.\",\"breadcrumb\":{\"@id\":\"https:\/\/www.casilda.gob.ar\/web\/casilda2-4\/#breadcrumb\"},\"inLanguage\":\"es\",\"potentialAction\":[{\"@type\":\"ReadAction\",\"target\":[\"https:\/\/www.casilda.gob.ar\/web\/casilda2-4\/\"]}]},{\"@type\":\"ImageObject\",\"inLanguage\":\"es\",\"@id\":\"https:\/\/www.casilda.gob.ar\/web\/casilda2-4\/#primaryimage\",\"url\":\"https:\/\/www.casilda.gob.ar\/web\/wp-content\/uploads\/2025\/04\/WhatsApp-Image-2025-04-30-at-09.14.52-1.jpeg\",\"contentUrl\":\"https:\/\/www.casilda.gob.ar\/web\/wp-content\/uploads\/2025\/04\/WhatsApp-Image-2025-04-30-at-09.14.52-1.jpeg\",\"width\":1600,\"height\":960},{\"@type\":\"BreadcrumbList\",\"@id\":\"https:\/\/www.casilda.gob.ar\/web\/casilda2-4\/#breadcrumb\",\"itemListElement\":[{\"@type\":\"ListItem\",\"position\":1,\"name\":\"Inicio\",\"item\":\"https:\/\/www.casilda.gob.ar\/web\/\"},{\"@type\":\"ListItem\",\"position\":2,\"name\":\"Casilda\"}]},{\"@type\":\"WebSite\",\"@id\":\"https:\/\/www.casilda.gob.ar\/web\/#website\",\"url\":\"https:\/\/www.casilda.gob.ar\/web\/\",\"name\":\"Municipalidad de Casilda\",\"description\":\"Construyendo Futuro\",\"potentialAction\":[{\"@type\":\"SearchAction\",\"target\":{\"@type\":\"EntryPoint\",\"urlTemplate\":\"https:\/\/www.casilda.gob.ar\/web\/?s={search_term_string}\"},\"query-input\":{\"@type\":\"PropertyValueSpecification\",\"valueRequired\":true,\"valueName\":\"search_term_string\"}}],\"inLanguage\":\"es\"}]}<\/script>\n<!-- \/ Yoast SEO plugin. -->","yoast_head_json":{"title":"Casilda - Municipalidad de Casilda","description":"Casilda es una localidad del sur de la provincia de Santa Fe, Argentina, cabecera del departamento Caseros.","robots":{"index":"index","follow":"follow","max-snippet":"max-snippet:-1","max-image-preview":"max-image-preview:large","max-video-preview":"max-video-preview:-1"},"canonical":"https:\/\/www.casilda.gob.ar\/web\/casilda2-4\/","og_locale":"es_ES","og_type":"article","og_title":"Casilda - Municipalidad de Casilda","og_description":"Casilda es una localidad del sur de la provincia de Santa Fe, Argentina, cabecera del departamento Caseros.","og_url":"https:\/\/www.casilda.gob.ar\/web\/casilda2-4\/","og_site_name":"Municipalidad de Casilda","article_modified_time":"2025-09-04T12:15:29+00:00","og_image":[{"url":"https:\/\/www.casilda.gob.ar\/web\/wp-content\/uploads\/2025\/04\/WhatsApp-Image-2025-04-30-at-09.14.52-1-1024x614.jpeg","type":"","width":"","height":""}],"twitter_card":"summary_large_image","twitter_misc":{"Tiempo de lectura":"3 minutos"},"schema":{"@context":"https:\/\/schema.org","@graph":[{"@type":"WebPage","@id":"https:\/\/www.casilda.gob.ar\/web\/casilda2-4\/","url":"https:\/\/www.casilda.gob.ar\/web\/casilda2-4\/","name":"Casilda - Municipalidad de Casilda","isPartOf":{"@id":"https:\/\/www.casilda.gob.ar\/web\/#website"},"primaryImageOfPage":{"@id":"https:\/\/www.casilda.gob.ar\/web\/casilda2-4\/#primaryimage"},"image":{"@id":"https:\/\/www.casilda.gob.ar\/web\/casilda2-4\/#primaryimage"},"thumbnailUrl":"https:\/\/www.casilda.gob.ar\/web\/wp-content\/uploads\/2025\/04\/WhatsApp-Image-2025-04-30-at-09.14.52-1-1024x614.jpeg","datePublished":"2025-07-24T10:49:43+00:00","dateModified":"2025-09-04T12:15:29+00:00","description":"Casilda es una localidad del sur de la provincia de Santa Fe, Argentina, cabecera del departamento Caseros.","breadcrumb":{"@id":"https:\/\/www.casilda.gob.ar\/web\/casilda2-4\/#breadcrumb"},"inLanguage":"es","potentialAction":[{"@type":"ReadAction","target":["https:\/\/www.casilda.gob.ar\/web\/casilda2-4\/"]}]},{"@type":"ImageObject","inLanguage":"es","@id":"https:\/\/www.casilda.gob.ar\/web\/casilda2-4\/#primaryimage","url":"https:\/\/www.casilda.gob.ar\/web\/wp-content\/uploads\/2025\/04\/WhatsApp-Image-2025-04-30-at-09.14.52-1.jpeg","contentUrl":"https:\/\/www.casilda.gob.ar\/web\/wp-content\/uploads\/2025\/04\/WhatsApp-Image-2025-04-30-at-09.14.52-1.jpeg","width":1600,"height":960},{"@type":"BreadcrumbList","@id":"https:\/\/www.casilda.gob.ar\/web\/casilda2-4\/#breadcrumb","itemListElement":[{"@type":"ListItem","position":1,"name":"Inicio","item":"https:\/\/www.casilda.gob.ar\/web\/"},{"@type":"ListItem","position":2,"name":"Casilda"}]},{"@type":"WebSite","@id":"https:\/\/www.casilda.gob.ar\/web\/#website","url":"https:\/\/www.casilda.gob.ar\/web\/","name":"Municipalidad de Casilda","description":"Construyendo Futuro","potentialAction":[{"@type":"SearchAction","target":{"@type":"EntryPoint","urlTemplate":"https:\/\/www.casilda.gob.ar\/web\/?s={search_term_string}"},"query-input":{"@type":"PropertyValueSpecification","valueRequired":true,"valueName":"search_term_string"}}],"inLanguage":"es"}]}},"uagb_featured_image_src":{"full":false,"thumbnail":false,"medium":false,"medium_large":false,"large":false,"1536x1536":false,"2048x2048":false},"uagb_author_info":{"display_name":"Municipalidad Casilda","author_link":"https:\/\/www.casilda.gob.ar\/web\/author\/admin\/"},"uagb_comment_info":0,"uagb_excerpt":"Casilda es una localidad del sur de la provincia de Santa Fe, Argentina, cabecera del departamento Caseros. Se encuentra a la vera de la RN 33, a 56 km de Rosario y a 208 km de la ciudad de Santa Fe. En 1870, Carlos Casado del Alisal, espa\u00f1ol, empresario de la colonizaci\u00f3n, fund\u00f3 la Colonia&hellip;","_links":{"self":[{"href":"https:\/\/www.casilda.gob.ar\/web\/wp-json\/wp\/v2\/pages\/11076","targetHints":{"allow":["GET"]}}],"collection":[{"href":"https:\/\/www.casilda.gob.ar\/web\/wp-json\/wp\/v2\/pages"}],"about":[{"href":"https:\/\/www.casilda.gob.ar\/web\/wp-json\/wp\/v2\/types\/page"}],"author":[{"embeddable":true,"href":"https:\/\/www.casilda.gob.ar\/web\/wp-json\/wp\/v2\/users\/1"}],"replies":[{"embeddable":true,"href":"https:\/\/www.casilda.gob.ar\/web\/wp-json\/wp\/v2\/comments?post=11076"}],"version-history":[{"count":2,"href":"https:\/\/www.casilda.gob.ar\/web\/wp-json\/wp\/v2\/pages\/11076\/revisions"}],"predecessor-version":[{"id":11425,"href":"https:\/\/www.casilda.gob.ar\/web\/wp-json\/wp\/v2\/pages\/11076\/revisions\/11425"}],"wp:attachment":[{"href":"https:\/\/www.casilda.gob.ar\/web\/wp-json\/wp\/v2\/media?parent=11076"}],"curies":[{"name":"wp","href":"https:\/\/api.w.org\/{rel}","templated":true}]}}