{"id":2142,"date":"2024-10-09T14:48:21","date_gmt":"2024-10-09T14:48:21","guid":{"rendered":"https:\/\/www.casilda.gob.ar\/web\/?page_id=2142"},"modified":"2026-05-04T12:41:32","modified_gmt":"2026-05-04T15:41:32","slug":"sanidad-animal-casilda","status":"publish","type":"page","link":"https:\/\/www.casilda.gob.ar\/web\/sanidad-animal-casilda\/","title":{"rendered":"Sanidad Animal"},"content":{"rendered":"\n<p>Desde la Municipalidad de Casilda seguimos promoviendo el cuidado responsable de nuestras mascotas. Llevaremos adelante jornadas gratuitas de castraci\u00f3n, vacunaci\u00f3n antirr\u00e1bica, desparasitaci\u00f3n y atenci\u00f3n cl\u00ednica b\u00e1sica en diferentes puntos de la ciudad.<\/p>\n\n\n\n<div class=\"wp-block-group is-nowrap is-layout-flex wp-container-core-group-is-layout-1 wp-block-group-is-layout-flex\" style=\"padding-top:var(--wp--preset--spacing--10)\">      \n\t\t\t<div class=\"uagb-icon-wrapper uagb-block-7a9fa015      \"\n\t\t\tstyle=\"\" >\n\t\t\t\t\t\t\t\t\t<span class=\"uagb-svg-wrapper\" \n\t\t\t\t\t aria-label=\"paw\"\t\t\t\t\ttabindex=\"0\">\t\t\n\t\t\t\t\t\t\t\t\t\t<svg xmlns=\"https:\/\/www.w3.org\/2000\/svg\" viewBox= \"0 0 512 512\" role=\"graphics-symbol\" aria-hidden=\"false\" aria-label=\"\"><path d=\"M256 224c-79.37 0-191.1 122.7-191.1 200.2C64.02 459.1 90.76 480 135.8 480C184.6 480 216.9 454.9 256 454.9C295.5 454.9 327.9 480 376.2 480c44.1 0 71.74-20.88 71.74-55.75C447.1 346.8 335.4 224 256 224zM108.8 211.4c-10.37-34.62-42.5-57.12-71.62-50.12S-7.104 202 3.27 236.6C13.64 271.3 45.77 293.8 74.89 286.8S119.1 246 108.8 211.4zM193.5 190.6c30.87-8.125 46.37-49.1 34.5-93.37s-46.5-71.1-77.49-63.87c-30.87 8.125-46.37 49.1-34.5 93.37C127.9 170.1 162.5 198.8 193.5 190.6zM474.9 161.3c-29.12-6.1-61.25 15.5-71.62 50.12c-10.37 34.63 4.75 68.37 33.87 75.37c29.12 6.1 61.12-15.5 71.62-50.12C519.1 202 503.1 168.3 474.9 161.3zM318.5 190.6c30.1 8.125 65.62-20.5 77.49-63.87c11.87-43.37-3.625-85.25-34.5-93.37c-30.1-8.125-65.62 20.5-77.49 63.87C272.1 140.6 287.6 182.5 318.5 190.6z\"><\/path><\/svg>\n\t\t\t\t\t\t\t\t\t<\/span>\n\t\t\t\t\t\t\t<\/div>\n\t\t\t\n\n\n<p style=\"font-size:clamp(0.875rem, 0.875rem + ((1vw - 0.2rem) * 0.344), 1.15rem);\"><strong>Castraci\u00f3n y vacunaci\u00f3n antirr\u00e1bica gratuita<\/strong><\/p>\n<\/div>\n\n\n\n<p><strong>Sin turno previo: <\/strong>Ac\u00e9rcate en el horario indicado sin necesidad de solicitar turno.<\/p>\n\n\n\n<p> A continuaci\u00f3n, te dejamos los requisitos:<\/p>\n\n\n\n<p style=\"margin-top:var(--wp--preset--spacing--10);margin-bottom:var(--wp--preset--spacing--10)\"><strong>Importante:<\/strong><\/p>\n\n\n\n<p style=\"margin-top:var(--wp--preset--spacing--10);margin-bottom:var(--wp--preset--spacing--10)\"><img loading=\"lazy\" decoding=\"async\" alt=\"\u2714\ufe0f\" src=\"https:\/\/lh7-rt.googleusercontent.com\/docsz\/AD_4nXedcrRiaJDUzeJr9s3imcUk195cXQsEkKyMi_uSWVdgsCPhhpSp1--5djNxmNyFKOowfSbcDUjiRI9oWDzaAFxsvds6E-9Mg4F6S-AnyZzCLXk9QWuPVsfPRm33cw2sxPmF4S0S?key=yKmgfemNwPGmlx2sSgz1yeAO\" width=\"17\" height=\"17\"> Ayuno s\u00f3lido de 8 horas y l\u00edquido de 4 horas.<\/p>\n\n\n\n<p style=\"margin-top:var(--wp--preset--spacing--10);margin-bottom:var(--wp--preset--spacing--10)\"><img loading=\"lazy\" decoding=\"async\" alt=\"\u2714\ufe0f\" src=\"https:\/\/lh7-rt.googleusercontent.com\/docsz\/AD_4nXfzbnamzrYw0U9hmAWY0UfkzJLiMxTB5wcdRD7E_NYwdglUF0u5g6bEVix1DuC8Ap0Sl7_2pVrheCvv3RnjMWJ6NsL7M_g6KGN2TSZf1pGARRKerfuYeFFnUpeKLIu8clFR71wprA?key=yKmgfemNwPGmlx2sSgz1yeAO\" width=\"17\" height=\"17\"> Gatos en bolsa red o jaula transportadora, perros con correa.<\/p>\n\n\n\n<p style=\"margin-top:var(--wp--preset--spacing--10);margin-bottom:var(--wp--preset--spacing--10)\"><img loading=\"lazy\" decoding=\"async\" alt=\"\u2714\ufe0f\" src=\"https:\/\/lh7-rt.googleusercontent.com\/docsz\/AD_4nXcMMnQRRiTLdIx1M6Mhd9gGDQoNFD29ZbnlF1-lUuGoFBQcpR4Nqcq62pMSScV-6gmYMVQxPAG9CDcT2Vg1ieTFnv6mls9QeGxf49iudwaF4H8Cp-cpiDJYYkPz4PpSfjEE_etFPQ?key=yKmgfemNwPGmlx2sSgz1yeAO\" width=\"17\" height=\"17\"> Caninos y felinos a partir de los 4 meses.<\/p>\n\n\n\n<p style=\"margin-top:var(--wp--preset--spacing--10);margin-bottom:var(--wp--preset--spacing--10)\"><img loading=\"lazy\" decoding=\"async\" width=\"17\" height=\"17\" src=\"https:\/\/lh7-rt.googleusercontent.com\/docsz\/AD_4nXccCDteUJOhD_EfM1v6sgSaN4v_KEhtLHcDSH3tXSg5n7QXW-NtcQdaezcMuTn9fX9QCrW_ppn0LFKNaBrWU4DJttZeLF3-UFJJMQA46IFnTVgJkEDpUnu3WNdiwZaxsuUE6A7-?key=yKmgfemNwPGmlx2sSgz1yeAO\" alt=\"\ud83d\udcf2\"> Para m\u00e1s informaci\u00f3n, comunicate al <a href=\"tel:3464699384\">3464699384<\/a>.<\/p>\n\n\n\n<hr class=\"wp-block-separator has-text-color has-alpha-channel-opacity has-background is-style-wide\" style=\"background-color:#6363634d;color:#6363634d\"\/>\n\n\n\n<p class=\"has-text-align-center\"><strong>Castraci\u00f3n, vacunaci\u00f3n antirr\u00e1bica y atenci\u00f3n primaria gratuita en los barrios<\/strong><\/p>\n\n\n\n<p class=\"has-text-align-center\">Seguimos fortaleciendo nuestro compromiso con el bienestar animal y la salud p\u00fablica, acercando servicios veterinarios gratuitos a distintos puntos de Casilda.<\/p>\n\n\n\n<div class=\"wp-block-columns is-layout-flex wp-container-core-columns-is-layout-1 wp-block-columns-is-layout-flex\" style=\"padding-right:var(--wp--preset--spacing--60);padding-left:var(--wp--preset--spacing--60)\">\n<div class=\"wp-block-column is-layout-flow wp-block-column-is-layout-flow\">\n<p style=\"margin-bottom:var(--wp--preset--spacing--10);text-decoration:underline\">\ud83d\udcc6<strong>Calendario de Mayo<\/strong><\/p>\n\n\n\n<figure data-wp-context=\"{&quot;imageId&quot;:&quot;6a0743805a957&quot;}\" data-wp-interactive=\"core\/image\" class=\"wp-block-image size-large wp-lightbox-container\"><img loading=\"lazy\" decoding=\"async\" width=\"819\" height=\"1024\" data-wp-class--hide=\"state.isContentHidden\" data-wp-class--show=\"state.isContentVisible\" data-wp-init=\"callbacks.setButtonStyles\" data-wp-on-async--click=\"actions.showLightbox\" data-wp-on-async--load=\"callbacks.setButtonStyles\" data-wp-on-async-window--resize=\"callbacks.setButtonStyles\" src=\"https:\/\/www.casilda.gob.ar\/web\/wp-content\/uploads\/2026\/04\/MURO-MUNI-45-6-x-12-cm-Post-de-Instagram-45-34-1-819x1024.png\" alt=\"\" class=\"wp-image-15933\" srcset=\"https:\/\/www.casilda.gob.ar\/web\/wp-content\/uploads\/2026\/04\/MURO-MUNI-45-6-x-12-cm-Post-de-Instagram-45-34-1-819x1024.png 819w, https:\/\/www.casilda.gob.ar\/web\/wp-content\/uploads\/2026\/04\/MURO-MUNI-45-6-x-12-cm-Post-de-Instagram-45-34-1-240x300.png 240w, https:\/\/www.casilda.gob.ar\/web\/wp-content\/uploads\/2026\/04\/MURO-MUNI-45-6-x-12-cm-Post-de-Instagram-45-34-1-768x960.png 768w, https:\/\/www.casilda.gob.ar\/web\/wp-content\/uploads\/2026\/04\/MURO-MUNI-45-6-x-12-cm-Post-de-Instagram-45-34-1.png 1080w\" sizes=\"auto, (max-width: 819px) 100vw, 819px\" \/><button\n\t\t\tclass=\"lightbox-trigger\"\n\t\t\ttype=\"button\"\n\t\t\taria-haspopup=\"dialog\"\n\t\t\taria-label=\"Ampliar la imagen\"\n\t\t\tdata-wp-init=\"callbacks.initTriggerButton\"\n\t\t\tdata-wp-on-async--click=\"actions.showLightbox\"\n\t\t\tdata-wp-style--right=\"state.imageButtonRight\"\n\t\t\tdata-wp-style--top=\"state.imageButtonTop\"\n\t\t>\n\t\t\t<svg xmlns=\"http:\/\/www.w3.org\/2000\/svg\" width=\"12\" height=\"12\" fill=\"none\" viewBox=\"0 0 12 12\">\n\t\t\t\t<path fill=\"#fff\" d=\"M2 0a2 2 0 0 0-2 2v2h1.5V2a.5.5 0 0 1 .5-.5h2V0H2Zm2 10.5H2a.5.5 0 0 1-.5-.5V8H0v2a2 2 0 0 0 2 2h2v-1.5ZM8 12v-1.5h2a.5.5 0 0 0 .5-.5V8H12v2a2 2 0 0 1-2 2H8Zm2-12a2 2 0 0 1 2 2v2h-1.5V2a.5.5 0 0 0-.5-.5H8V0h2Z\" \/>\n\t\t\t<\/svg>\n\t\t<\/button><\/figure>\n<\/div>\n<\/div>\n\n\n\n<p class=\"has-text-align-center\">\u26a0\ufe0f Las castraciones se realizan por orden de llegada. Es importante asistir con tiempo y trasladar a los animales de forma segura.<br>\u2714\ufe0f Ayuno s\u00f3lido de 8 horas y l\u00edquido de 4 horas.<br>\u2714\ufe0f Gatos en bolsa red o jaula transportadora, perros con correa.<br>\u2714\ufe0f Caninos y felinos a partir de los 4 meses.<\/p>\n\n\n\n<p class=\"has-text-align-center\">\ud83d\udcf2 Para m\u00e1s informaci\u00f3n, comunicate al <strong><a href=\"tel:3464699384\">3464699384<\/a><\/strong>.<\/p>\n","protected":false},"excerpt":{"rendered":"<p>Desde la Municipalidad de Casilda seguimos promoviendo el cuidado responsable de nuestras mascotas. Llevaremos adelante jornadas gratuitas de castraci\u00f3n, vacunaci\u00f3n antirr\u00e1bica, desparasitaci\u00f3n y atenci\u00f3n cl\u00ednica b\u00e1sica en diferentes puntos de la ciudad. Castraci\u00f3n y vacunaci\u00f3n antirr\u00e1bica gratuita Sin turno previo: Ac\u00e9rcate en el horario indicado sin necesidad de solicitar turno. A continuaci\u00f3n, te dejamos los [&hellip;]<\/p>\n","protected":false},"author":1,"featured_media":0,"parent":0,"menu_order":0,"comment_status":"closed","ping_status":"closed","template":"","meta":{"_uag_custom_page_level_css":"","footnotes":""},"class_list":["post-2142","page","type-page","status-publish","hentry"],"yoast_head":"<!-- This site is optimized with the Yoast SEO plugin v26.8 - https:\/\/yoast.com\/product\/yoast-seo-wordpress\/ -->\n<title>Sanidad Animal - Municipalidad de Casilda Sanidad Animal<\/title>\n<meta name=\"description\" content=\"Desde la Municipalidad de Casilda seguimos promoviendo el cuidado responsable de nuestras mascotas. Sanidad Animal.\" \/>\n<meta name=\"robots\" content=\"index, follow, max-snippet:-1, max-image-preview:large, max-video-preview:-1\" \/>\n<link rel=\"canonical\" href=\"https:\/\/www.casilda.gob.ar\/web\/sanidad-animal-casilda\/\" \/>\n<meta property=\"og:locale\" content=\"es_ES\" \/>\n<meta property=\"og:type\" content=\"article\" \/>\n<meta property=\"og:title\" content=\"Sanidad Animal - Municipalidad de Casilda Sanidad Animal\" \/>\n<meta property=\"og:description\" content=\"Desde la Municipalidad de Casilda seguimos promoviendo el cuidado responsable de nuestras mascotas. Sanidad Animal.\" \/>\n<meta property=\"og:url\" content=\"https:\/\/www.casilda.gob.ar\/web\/sanidad-animal-casilda\/\" \/>\n<meta property=\"og:site_name\" content=\"Municipalidad de Casilda\" \/>\n<meta property=\"article:modified_time\" content=\"2026-05-04T15:41:32+00:00\" \/>\n<meta property=\"og:image\" content=\"https:\/\/lh7-rt.googleusercontent.com\/docsz\/AD_4nXedcrRiaJDUzeJr9s3imcUk195cXQsEkKyMi_uSWVdgsCPhhpSp1--5djNxmNyFKOowfSbcDUjiRI9oWDzaAFxsvds6E-9Mg4F6S-AnyZzCLXk9QWuPVsfPRm33cw2sxPmF4S0S?key=yKmgfemNwPGmlx2sSgz1yeAO\" \/>\n<meta name=\"twitter:card\" content=\"summary_large_image\" \/>\n<meta name=\"twitter:label1\" content=\"Tiempo de lectura\" \/>\n\t<meta name=\"twitter:data1\" content=\"2 minutos\" \/>\n<script type=\"application\/ld+json\" class=\"yoast-schema-graph\">{\"@context\":\"https:\/\/schema.org\",\"@graph\":[{\"@type\":\"WebPage\",\"@id\":\"https:\/\/www.casilda.gob.ar\/web\/sanidad-animal-casilda\/\",\"url\":\"https:\/\/www.casilda.gob.ar\/web\/sanidad-animal-casilda\/\",\"name\":\"Sanidad Animal - Municipalidad de Casilda Sanidad Animal\",\"isPartOf\":{\"@id\":\"https:\/\/www.casilda.gob.ar\/web\/#website\"},\"primaryImageOfPage\":{\"@id\":\"https:\/\/www.casilda.gob.ar\/web\/sanidad-animal-casilda\/#primaryimage\"},\"image\":{\"@id\":\"https:\/\/www.casilda.gob.ar\/web\/sanidad-animal-casilda\/#primaryimage\"},\"thumbnailUrl\":\"https:\/\/lh7-rt.googleusercontent.com\/docsz\/AD_4nXedcrRiaJDUzeJr9s3imcUk195cXQsEkKyMi_uSWVdgsCPhhpSp1--5djNxmNyFKOowfSbcDUjiRI9oWDzaAFxsvds6E-9Mg4F6S-AnyZzCLXk9QWuPVsfPRm33cw2sxPmF4S0S?key=yKmgfemNwPGmlx2sSgz1yeAO\",\"datePublished\":\"2024-10-09T14:48:21+00:00\",\"dateModified\":\"2026-05-04T15:41:32+00:00\",\"description\":\"Desde la Municipalidad de Casilda seguimos promoviendo el cuidado responsable de nuestras mascotas. Sanidad Animal.\",\"breadcrumb\":{\"@id\":\"https:\/\/www.casilda.gob.ar\/web\/sanidad-animal-casilda\/#breadcrumb\"},\"inLanguage\":\"es\",\"potentialAction\":[{\"@type\":\"ReadAction\",\"target\":[\"https:\/\/www.casilda.gob.ar\/web\/sanidad-animal-casilda\/\"]}]},{\"@type\":\"ImageObject\",\"inLanguage\":\"es\",\"@id\":\"https:\/\/www.casilda.gob.ar\/web\/sanidad-animal-casilda\/#primaryimage\",\"url\":\"https:\/\/lh7-rt.googleusercontent.com\/docsz\/AD_4nXedcrRiaJDUzeJr9s3imcUk195cXQsEkKyMi_uSWVdgsCPhhpSp1--5djNxmNyFKOowfSbcDUjiRI9oWDzaAFxsvds6E-9Mg4F6S-AnyZzCLXk9QWuPVsfPRm33cw2sxPmF4S0S?key=yKmgfemNwPGmlx2sSgz1yeAO\",\"contentUrl\":\"https:\/\/lh7-rt.googleusercontent.com\/docsz\/AD_4nXedcrRiaJDUzeJr9s3imcUk195cXQsEkKyMi_uSWVdgsCPhhpSp1--5djNxmNyFKOowfSbcDUjiRI9oWDzaAFxsvds6E-9Mg4F6S-AnyZzCLXk9QWuPVsfPRm33cw2sxPmF4S0S?key=yKmgfemNwPGmlx2sSgz1yeAO\"},{\"@type\":\"BreadcrumbList\",\"@id\":\"https:\/\/www.casilda.gob.ar\/web\/sanidad-animal-casilda\/#breadcrumb\",\"itemListElement\":[{\"@type\":\"ListItem\",\"position\":1,\"name\":\"Inicio\",\"item\":\"https:\/\/www.casilda.gob.ar\/web\/\"},{\"@type\":\"ListItem\",\"position\":2,\"name\":\"Sanidad Animal\"}]},{\"@type\":\"WebSite\",\"@id\":\"https:\/\/www.casilda.gob.ar\/web\/#website\",\"url\":\"https:\/\/www.casilda.gob.ar\/web\/\",\"name\":\"Municipalidad de Casilda\",\"description\":\"Construyendo Futuro\",\"potentialAction\":[{\"@type\":\"SearchAction\",\"target\":{\"@type\":\"EntryPoint\",\"urlTemplate\":\"https:\/\/www.casilda.gob.ar\/web\/?s={search_term_string}\"},\"query-input\":{\"@type\":\"PropertyValueSpecification\",\"valueRequired\":true,\"valueName\":\"search_term_string\"}}],\"inLanguage\":\"es\"}]}<\/script>\n<!-- \/ Yoast SEO plugin. -->","yoast_head_json":{"title":"Sanidad Animal - Municipalidad de Casilda Sanidad Animal","description":"Desde la Municipalidad de Casilda seguimos promoviendo el cuidado responsable de nuestras mascotas. Sanidad Animal.","robots":{"index":"index","follow":"follow","max-snippet":"max-snippet:-1","max-image-preview":"max-image-preview:large","max-video-preview":"max-video-preview:-1"},"canonical":"https:\/\/www.casilda.gob.ar\/web\/sanidad-animal-casilda\/","og_locale":"es_ES","og_type":"article","og_title":"Sanidad Animal - Municipalidad de Casilda Sanidad Animal","og_description":"Desde la Municipalidad de Casilda seguimos promoviendo el cuidado responsable de nuestras mascotas. Sanidad Animal.","og_url":"https:\/\/www.casilda.gob.ar\/web\/sanidad-animal-casilda\/","og_site_name":"Municipalidad de Casilda","article_modified_time":"2026-05-04T15:41:32+00:00","og_image":[{"url":"https:\/\/lh7-rt.googleusercontent.com\/docsz\/AD_4nXedcrRiaJDUzeJr9s3imcUk195cXQsEkKyMi_uSWVdgsCPhhpSp1--5djNxmNyFKOowfSbcDUjiRI9oWDzaAFxsvds6E-9Mg4F6S-AnyZzCLXk9QWuPVsfPRm33cw2sxPmF4S0S?key=yKmgfemNwPGmlx2sSgz1yeAO","type":"","width":"","height":""}],"twitter_card":"summary_large_image","twitter_misc":{"Tiempo de lectura":"2 minutos"},"schema":{"@context":"https:\/\/schema.org","@graph":[{"@type":"WebPage","@id":"https:\/\/www.casilda.gob.ar\/web\/sanidad-animal-casilda\/","url":"https:\/\/www.casilda.gob.ar\/web\/sanidad-animal-casilda\/","name":"Sanidad Animal - Municipalidad de Casilda Sanidad Animal","isPartOf":{"@id":"https:\/\/www.casilda.gob.ar\/web\/#website"},"primaryImageOfPage":{"@id":"https:\/\/www.casilda.gob.ar\/web\/sanidad-animal-casilda\/#primaryimage"},"image":{"@id":"https:\/\/www.casilda.gob.ar\/web\/sanidad-animal-casilda\/#primaryimage"},"thumbnailUrl":"https:\/\/lh7-rt.googleusercontent.com\/docsz\/AD_4nXedcrRiaJDUzeJr9s3imcUk195cXQsEkKyMi_uSWVdgsCPhhpSp1--5djNxmNyFKOowfSbcDUjiRI9oWDzaAFxsvds6E-9Mg4F6S-AnyZzCLXk9QWuPVsfPRm33cw2sxPmF4S0S?key=yKmgfemNwPGmlx2sSgz1yeAO","datePublished":"2024-10-09T14:48:21+00:00","dateModified":"2026-05-04T15:41:32+00:00","description":"Desde la Municipalidad de Casilda seguimos promoviendo el cuidado responsable de nuestras mascotas. Sanidad Animal.","breadcrumb":{"@id":"https:\/\/www.casilda.gob.ar\/web\/sanidad-animal-casilda\/#breadcrumb"},"inLanguage":"es","potentialAction":[{"@type":"ReadAction","target":["https:\/\/www.casilda.gob.ar\/web\/sanidad-animal-casilda\/"]}]},{"@type":"ImageObject","inLanguage":"es","@id":"https:\/\/www.casilda.gob.ar\/web\/sanidad-animal-casilda\/#primaryimage","url":"https:\/\/lh7-rt.googleusercontent.com\/docsz\/AD_4nXedcrRiaJDUzeJr9s3imcUk195cXQsEkKyMi_uSWVdgsCPhhpSp1--5djNxmNyFKOowfSbcDUjiRI9oWDzaAFxsvds6E-9Mg4F6S-AnyZzCLXk9QWuPVsfPRm33cw2sxPmF4S0S?key=yKmgfemNwPGmlx2sSgz1yeAO","contentUrl":"https:\/\/lh7-rt.googleusercontent.com\/docsz\/AD_4nXedcrRiaJDUzeJr9s3imcUk195cXQsEkKyMi_uSWVdgsCPhhpSp1--5djNxmNyFKOowfSbcDUjiRI9oWDzaAFxsvds6E-9Mg4F6S-AnyZzCLXk9QWuPVsfPRm33cw2sxPmF4S0S?key=yKmgfemNwPGmlx2sSgz1yeAO"},{"@type":"BreadcrumbList","@id":"https:\/\/www.casilda.gob.ar\/web\/sanidad-animal-casilda\/#breadcrumb","itemListElement":[{"@type":"ListItem","position":1,"name":"Inicio","item":"https:\/\/www.casilda.gob.ar\/web\/"},{"@type":"ListItem","position":2,"name":"Sanidad Animal"}]},{"@type":"WebSite","@id":"https:\/\/www.casilda.gob.ar\/web\/#website","url":"https:\/\/www.casilda.gob.ar\/web\/","name":"Municipalidad de Casilda","description":"Construyendo Futuro","potentialAction":[{"@type":"SearchAction","target":{"@type":"EntryPoint","urlTemplate":"https:\/\/www.casilda.gob.ar\/web\/?s={search_term_string}"},"query-input":{"@type":"PropertyValueSpecification","valueRequired":true,"valueName":"search_term_string"}}],"inLanguage":"es"}]}},"uagb_featured_image_src":{"full":false,"thumbnail":false,"medium":false,"medium_large":false,"large":false,"1536x1536":false,"2048x2048":false},"uagb_author_info":{"display_name":"Municipalidad Casilda","author_link":"https:\/\/www.casilda.gob.ar\/web\/author\/admin\/"},"uagb_comment_info":0,"uagb_excerpt":"Desde la Municipalidad de Casilda seguimos promoviendo el cuidado responsable de nuestras mascotas. Llevaremos adelante jornadas gratuitas de castraci\u00f3n, vacunaci\u00f3n antirr\u00e1bica, desparasitaci\u00f3n y atenci\u00f3n cl\u00ednica b\u00e1sica en diferentes puntos de la ciudad. Castraci\u00f3n y vacunaci\u00f3n antirr\u00e1bica gratuita Sin turno previo: Ac\u00e9rcate en el horario indicado sin necesidad de solicitar turno. A continuaci\u00f3n, te dejamos los&hellip;","_links":{"self":[{"href":"https:\/\/www.casilda.gob.ar\/web\/wp-json\/wp\/v2\/pages\/2142","targetHints":{"allow":["GET"]}}],"collection":[{"href":"https:\/\/www.casilda.gob.ar\/web\/wp-json\/wp\/v2\/pages"}],"about":[{"href":"https:\/\/www.casilda.gob.ar\/web\/wp-json\/wp\/v2\/types\/page"}],"author":[{"embeddable":true,"href":"https:\/\/www.casilda.gob.ar\/web\/wp-json\/wp\/v2\/users\/1"}],"replies":[{"embeddable":true,"href":"https:\/\/www.casilda.gob.ar\/web\/wp-json\/wp\/v2\/comments?post=2142"}],"version-history":[{"count":29,"href":"https:\/\/www.casilda.gob.ar\/web\/wp-json\/wp\/v2\/pages\/2142\/revisions"}],"predecessor-version":[{"id":16028,"href":"https:\/\/www.casilda.gob.ar\/web\/wp-json\/wp\/v2\/pages\/2142\/revisions\/16028"}],"wp:attachment":[{"href":"https:\/\/www.casilda.gob.ar\/web\/wp-json\/wp\/v2\/media?parent=2142"}],"curies":[{"name":"wp","href":"https:\/\/api.w.org\/{rel}","templated":true}]}}