{"id":2344,"date":"2024-10-15T13:13:38","date_gmt":"2024-10-15T13:13:38","guid":{"rendered":"https:\/\/www.casilda.gob.ar\/web\/?page_id=2344"},"modified":"2026-05-15T11:32:52","modified_gmt":"2026-05-15T14:32:52","slug":"farmacias-de-turno-casilda","status":"publish","type":"page","link":"https:\/\/www.casilda.gob.ar\/web\/farmacias-de-turno-casilda\/","title":{"rendered":"Farmacias"},"content":{"rendered":"\n<div class=\"wp-block-columns is-layout-flex wp-container-core-columns-is-layout-3 wp-block-columns-is-layout-flex\">\n<div class=\"wp-block-column is-layout-flow wp-block-column-is-layout-flow\">\n<div class=\"wp-block-group is-nowrap is-layout-flex wp-container-core-group-is-layout-1 wp-block-group-is-layout-flex\">      \n\t\t\t<div class=\"uagb-icon-wrapper uagb-block-28cf2847      \"\n\t\t\tstyle=\"\" >\n\t\t\t\t\t\t\t\t\t<span class=\"uagb-svg-wrapper\" \n\t\t\t\t\t aria-label=\"house-medical-circle-check\"\t\t\t\t\ttabindex=\"0\">\t\t\n\t\t\t\t\t\t\t\t\t\t<svg xmlns=\"https:\/\/www.w3.org\/2000\/svg\" viewBox= \"0 0 640 512\" role=\"graphics-symbol\" aria-hidden=\"false\" aria-label=\"\"><path d=\"M320.5 381.5C324.6 435.5 353 482.6 394.8 512H128.1C92.75 512 64.09 483.3 64.09 448V287.6H32.05C14.02 287.6 0 273.5 0 255.5C0 246.5 3.004 238.5 10.01 231.5L266.4 8.016C273.4 1.002 281.4 0 288.4 0C295.4 0 303.4 2.004 309.5 7.014L522.1 193.9C513.6 192.7 504.9 192 496 192C453.6 192 414.7 207 384.3 232L384 232H328V176C328 167.2 320.8 160 311.1 160H263.1C255.2 160 247.1 167.2 247.1 176V232H191.1C183.2 232 175.1 239.2 175.1 248V296C175.1 304.8 183.2 312 191.1 312H247.1V368C247.1 376.8 255.2 384 263.1 384H311.1C315.1 384 318 383.1 320.5 381.5H320.5zM328 312H329.1C328.7 313.1 328.4 314.3 328 315.4V312zM640 368C640 447.5 575.5 512 496 512C416.5 512 352 447.5 352 368C352 288.5 416.5 224 496 224C575.5 224 640 288.5 640 368zM540.7 324.7L480 385.4L451.3 356.7C445.1 350.4 434.9 350.4 428.7 356.7C422.4 362.9 422.4 373.1 428.7 379.3L468.7 419.3C474.9 425.6 485.1 425.6 491.3 419.3L563.3 347.3C569.6 341.1 569.6 330.9 563.3 324.7C557.1 318.4 546.9 318.4 540.7 324.7H540.7z\"><\/path><\/svg>\n\t\t\t\t\t\t\t\t\t<\/span>\n\t\t\t\t\t\t\t<\/div>\n\t\t\t\n\n\n<p class=\"has-medium-font-size\" style=\"font-style:normal;font-weight:700\">Farmacias de turno<\/p>\n<\/div>\n\n\n\n<div class=\"wp-block-group is-nowrap is-layout-flex wp-container-core-group-is-layout-4 wp-block-group-is-layout-flex\">\n<div class=\"wp-block-columns has-border-color wp-container-content-3 is-layout-flex wp-container-core-columns-is-layout-2 wp-block-columns-is-layout-flex\" style=\"border-color:#00a3d92b;border-width:2px\">\n<div class=\"wp-block-column is-layout-flow wp-container-core-column-is-layout-3 wp-block-column-is-layout-flow\" style=\"flex-basis:100%\">\n<div class=\"wp-block-group has-text-color has-background has-link-color has-medium-font-size wp-elements-6d9288e9c2641562709dde65bb2ee5bd is-content-justification-center is-nowrap is-layout-flex wp-container-core-group-is-layout-2 wp-block-group-is-layout-flex\" style=\"color:#00a3d9;background-color:#00a3d900;padding-right:0;padding-left:0;font-style:normal;font-weight:700\">\n<div class=\"wp-block-columns wp-container-content-2 is-layout-flex wp-container-core-columns-is-layout-1 wp-block-columns-is-layout-flex\">\n<div class=\"wp-block-column is-layout-flow wp-block-column-is-layout-flow\" style=\"flex-basis:50%\">\n<figure class=\"wp-block-image size-full is-resized\"><img loading=\"lazy\" decoding=\"async\" width=\"656\" height=\"566\" src=\"https:\/\/www.casilda.gob.ar\/web\/wp-content\/uploads\/2024\/11\/4232152-3.png\" alt=\"\" class=\"wp-image-3198\" style=\"object-fit:cover;width:127px;height:auto\" srcset=\"https:\/\/www.casilda.gob.ar\/web\/wp-content\/uploads\/2024\/11\/4232152-3.png 656w, https:\/\/www.casilda.gob.ar\/web\/wp-content\/uploads\/2024\/11\/4232152-3-300x259.png 300w\" sizes=\"auto, (max-width: 656px) 100vw, 656px\" \/><\/figure>\n<\/div>\n\n\n\n<div class=\"wp-block-column is-layout-flow wp-block-column-is-layout-flow\" style=\"flex-basis:100%\">\n<p style=\"font-size:clamp(16.293px, 1.018rem + ((1vw - 3.2px) * 0.68), 25px);\">15\/5: : Bianucci &#8211; Sampaoli<\/p>\n\n\n<\/div>\n<\/div>\n<\/div>\n\n\n\n<div class=\"wp-block-group is-nowrap is-layout-flex wp-container-core-group-is-layout-3 wp-block-group-is-layout-flex\">\n<p class=\"has-text-color has-link-color has-small-font-size wp-elements-8e518181e413d14756bb49d8e5f38742\" style=\"color:#0196c3\">Los turnos son desde las 8hs del d\u00eda correspondiente a las 8hs del d\u00eda siguiente.<\/p>\n<\/div>\n<\/div>\n<\/div>\n<\/div>\n\n\n\n<div class=\"wp-block-group is-nowrap is-layout-flex wp-container-core-group-is-layout-5 wp-block-group-is-layout-flex\" style=\"padding-right:0;padding-left:0\">      \n\t\t\t<div class=\"uagb-icon-wrapper uagb-block-cbb712da      \"\n\t\t\tstyle=\"\" >\n\t\t\t\t\t\t\t\t\t<span class=\"uagb-svg-wrapper\" \n\t\t\t\t\t aria-label=\"location-dot\"\t\t\t\t\ttabindex=\"0\">\t\t\n\t\t\t\t\t\t\t\t\t\t<svg xmlns=\"https:\/\/www.w3.org\/2000\/svg\" viewBox= \"0 0 384 512\" role=\"graphics-symbol\" aria-hidden=\"false\" aria-label=\"\"><path d=\"M168.3 499.2C116.1 435 0 279.4 0 192C0 85.96 85.96 0 192 0C298 0 384 85.96 384 192C384 279.4 267 435 215.7 499.2C203.4 514.5 180.6 514.5 168.3 499.2H168.3zM192 256C227.3 256 256 227.3 256 192C256 156.7 227.3 128 192 128C156.7 128 128 156.7 128 192C128 227.3 156.7 256 192 256z\"><\/path><\/svg>\n\t\t\t\t\t\t\t\t\t<\/span>\n\t\t\t\t\t\t\t<\/div>\n\t\t\t\n\n\n<p class=\"has-medium-font-size\" style=\"font-style:normal;font-weight:700\">Mapa \u00abFarmacias Casilda\u00bb <\/p>\n<\/div>\n\n\n\n<iframe loading=\"lazy\" src=\"https:\/\/www.google.com\/maps\/d\/embed?mid=1xsiCoMy8Lx_byLfeyS399WZP2grPJj4&#038;ehbc=2E312F\" width=\"100%\" height=\"790\"><\/iframe>\n<\/div>\n\n\n\n<div class=\"wp-block-column is-layout-flow wp-block-column-is-layout-flow\">\n<div class=\"wp-block-group is-nowrap is-layout-flex wp-container-core-group-is-layout-6 wp-block-group-is-layout-flex\" style=\"padding-right:0;padding-left:0\">      \n\t\t\t<div class=\"uagb-icon-wrapper uagb-block-7df65d3a      \"\n\t\t\tstyle=\"\" >\n\t\t\t\t\t\t\t\t\t<span class=\"uagb-svg-wrapper\" \n\t\t\t\t\t aria-label=\"house-medical\"\t\t\t\t\ttabindex=\"0\">\t\t\n\t\t\t\t\t\t\t\t\t\t<svg xmlns=\"https:\/\/www.w3.org\/2000\/svg\" viewBox= \"0 0 576 512\" role=\"graphics-symbol\" aria-hidden=\"false\" aria-label=\"\"><path d=\"M575.8 255.5C575.8 273.5 560.8 287.6 543.8 287.6H511.8L512.5 447.7C512.6 483.2 483.9 512 448.5 512H128.1C92.75 512 64.09 483.3 64.09 448V287.6H32.05C14.02 287.6 0 273.5 0 255.5C0 246.5 3.004 238.5 10.01 231.5L266.4 8.016C273.4 1.002 281.4 0 288.4 0C295.4 0 303.4 2.004 309.5 7.014L564.8 231.5C572.8 238.5 576.9 246.5 575.8 255.5H575.8zM328 232V176C328 167.2 320.8 160 312 160H264C255.2 160 248 167.2 248 176V232H192C183.2 232 176 239.2 176 248V296C176 304.8 183.2 312 192 312H248V368C248 376.8 255.2 384 264 384H312C320.8 384 328 376.8 328 368V312H384C392.8 312 400 304.8 400 296V248C400 239.2 392.8 232 384 232H328z\"><\/path><\/svg>\n\t\t\t\t\t\t\t\t\t<\/span>\n\t\t\t\t\t\t\t<\/div>\n\t\t\t\n\n\n<p class=\"has-medium-font-size\" style=\"font-style:normal;font-weight:700\">Farmacias con direcciones y tel\u00e9fonos de Casilda<\/p>\n<\/div>\n\n\n\n<div class=\"wp-block-group is-vertical is-content-justification-center is-layout-flex wp-container-core-group-is-layout-7 wp-block-group-is-layout-flex\" style=\"padding-right:var(--wp--preset--spacing--20);padding-left:0\">\n<figure class=\"wp-block-table is-style-stripes\"><table class=\"has-background has-fixed-layout\" style=\"background-color:#fafac1\"><tbody><tr><td class=\"has-text-align-center\" data-align=\"center\"><mark style=\"background-color:rgba(0, 0, 0, 0);color:#029ed9\" class=\"has-inline-color\"><strong>Farmacia<\/strong><\/mark><\/td><td class=\"has-text-align-center\" data-align=\"center\"><strong><mark style=\"background-color:rgba(0, 0, 0, 0);color:#029ed9\" class=\"has-inline-color\">Direcci\u00f3n<\/mark><\/strong><\/td><td class=\"has-text-align-center\" data-align=\"center\"><strong><mark style=\"background-color:rgba(0, 0, 0, 0);color:#029ed9\" class=\"has-inline-color\">Tel\u00e9fono<\/mark><\/strong><\/td><\/tr><\/tbody><\/table><\/figure>\n\n\n\n<figure class=\"wp-block-table is-style-stripes\" style=\"margin-right:0;margin-left:0\"><table class=\"has-background has-fixed-layout\" style=\"background-color:#f0f8fe\"><tbody><tr><td class=\"has-text-align-left\" data-align=\"left\">Augusto<\/td><td class=\"has-text-align-left\" data-align=\"left\">Bs.As 1830<\/td><td class=\"has-text-align-center\" data-align=\"center\">422714<\/td><\/tr><tr><td class=\"has-text-align-left\" data-align=\"left\">Baleani<\/td><td class=\"has-text-align-left\" data-align=\"left\">Dte. Alighieri 2202<\/td><td class=\"has-text-align-center\" data-align=\"center\">426693<\/td><\/tr><tr><td class=\"has-text-align-left\" data-align=\"left\">Bianucci<\/td><td class=\"has-text-align-left\" data-align=\"left\">H. Yrigoyen 1701<\/td><td class=\"has-text-align-center\" data-align=\"center\">420048<\/td><\/tr><tr><td class=\"has-text-align-left\" data-align=\"left\">Blanco- \u00abDel Centro\u00bb<\/td><td class=\"has-text-align-left\" data-align=\"left\">Bs. As. 2452<\/td><td class=\"has-text-align-center\" data-align=\"center\">428435<\/td><\/tr><tr><td class=\"has-text-align-left\" data-align=\"left\">Campanini<\/td><td class=\"has-text-align-left\" data-align=\"left\">Bv. Echeverria 2564<\/td><td class=\"has-text-align-center\" data-align=\"center\">428624<\/td><\/tr><tr><td class=\"has-text-align-left\" data-align=\"left\">Casilda<\/td><td class=\"has-text-align-left\" data-align=\"left\">Mitre esq F.L.Beltr\u00e1n<\/td><td class=\"has-text-align-center\" data-align=\"center\">425208<\/td><\/tr><tr><td class=\"has-text-align-left\" data-align=\"left\">Cardoso<\/td><td class=\"has-text-align-left\" data-align=\"left\">Bs. As. 2766<\/td><td class=\"has-text-align-center\" data-align=\"center\">422610<\/td><\/tr><tr><td class=\"has-text-align-left\" data-align=\"left\">Ferrari <\/td><td class=\"has-text-align-left\" data-align=\"left\">Bs.As. 3702<\/td><td class=\"has-text-align-center\" data-align=\"center\">455378<\/td><\/tr><tr><td class=\"has-text-align-left\" data-align=\"left\">Ferrucci <\/td><td class=\"has-text-align-left\" data-align=\"left\">Lisandro de la Torre 2859<\/td><td class=\"has-text-align-center\" data-align=\"center\">03464 15686289<\/td><\/tr><tr><td class=\"has-text-align-left\" data-align=\"left\">Fueyo<\/td><td class=\"has-text-align-left\" data-align=\"left\">Espa\u00f1a esq H.Yrigoyen<\/td><td class=\"has-text-align-center\" data-align=\"center\">422215<\/td><\/tr><tr><td class=\"has-text-align-left\" data-align=\"left\">Gaido<\/td><td class=\"has-text-align-left\" data-align=\"left\">Alighieri 1701<\/td><td class=\"has-text-align-center\" data-align=\"center\">422780<\/td><\/tr><tr><td class=\"has-text-align-left\" data-align=\"left\">Gonzalez <\/td><td class=\"has-text-align-left\" data-align=\"left\">Ov. Lagos 1844<\/td><td class=\"has-text-align-center\" data-align=\"center\">423159<\/td><\/tr><tr><td class=\"has-text-align-left\" data-align=\"left\">La Rosa<\/td><td class=\"has-text-align-left\" data-align=\"left\">1ero. de Mayo 2044<\/td><td class=\"has-text-align-center\" data-align=\"center\"><\/td><\/tr><tr><td class=\"has-text-align-left\" data-align=\"left\">Lamaz\u00f3n<\/td><td class=\"has-text-align-left\" data-align=\"left\">1ro de Mayo 1513<\/td><td class=\"has-text-align-center\" data-align=\"center\">421606<\/td><\/tr><tr><td class=\"has-text-align-left\" data-align=\"left\">Maroni<\/td><td class=\"has-text-align-left\" data-align=\"left\">Bs. As.3335<\/td><td class=\"has-text-align-center\" data-align=\"center\">420457<\/td><\/tr><tr><td class=\"has-text-align-left\" data-align=\"left\">Marsili<\/td><td class=\"has-text-align-left\" data-align=\"left\">L. de la Torre 1305<\/td><td class=\"has-text-align-center\" data-align=\"center\">420721<\/td><\/tr><tr><td class=\"has-text-align-left\" data-align=\"left\">Martinez<\/td><td class=\"has-text-align-left\" data-align=\"left\">San Mart\u00edn 1744<\/td><td class=\"has-text-align-center\" data-align=\"center\">427059<\/td><\/tr><tr><td class=\"has-text-align-left\" data-align=\"left\">Mil\u00e1n<\/td><td class=\"has-text-align-left\" data-align=\"left\">Bv. Villada 2041<\/td><td class=\"has-text-align-center\" data-align=\"center\">427235<\/td><\/tr><tr><td class=\"has-text-align-left\" data-align=\"left\">Nueva Roma<\/td><td class=\"has-text-align-left\" data-align=\"left\">Garibaldi 2352<\/td><td class=\"has-text-align-center\" data-align=\"center\">426482<\/td><\/tr><tr><td class=\"has-text-align-left\" data-align=\"left\">Oviedo<\/td><td class=\"has-text-align-left\" data-align=\"left\">Dante Alighieri 1405<\/td><td class=\"has-text-align-center\" data-align=\"center\">03464-431708<\/td><\/tr><tr><td class=\"has-text-align-left\" data-align=\"left\">Pierabella<\/td><td class=\"has-text-align-left\" data-align=\"left\">Ov. Lagos 1101<\/td><td class=\"has-text-align-center\" data-align=\"center\">421522<\/td><\/tr><tr><td class=\"has-text-align-left\" data-align=\"left\">Pietrodarchi <\/td><td class=\"has-text-align-left\" data-align=\"left\">Washington 1635<\/td><td class=\"has-text-align-center\" data-align=\"center\">438252<\/td><\/tr><tr><td class=\"has-text-align-left\" data-align=\"left\">Pioletti<\/td><td class=\"has-text-align-left\" data-align=\"left\">L. de la Torre 2601<\/td><td class=\"has-text-align-center\" data-align=\"center\">422028<\/td><\/tr><tr><td class=\"has-text-align-left\" data-align=\"left\">Pressiani <\/td><td class=\"has-text-align-left\" data-align=\"left\">H. Yrigoyen 2594<\/td><td class=\"has-text-align-center\" data-align=\"center\">428071<\/td><\/tr><tr><td class=\"has-text-align-left\" data-align=\"left\">Revelant<\/td><td class=\"has-text-align-left\" data-align=\"left\">Ov. Lagos 2290<\/td><td class=\"has-text-align-center\" data-align=\"center\">424711<\/td><\/tr><tr><td class=\"has-text-align-left\" data-align=\"left\">Rivadavia <\/td><td class=\"has-text-align-left\" data-align=\"left\">Rivadavia 2125<\/td><td class=\"has-text-align-center\" data-align=\"center\">428265<\/td><\/tr><tr><td class=\"has-text-align-left\" data-align=\"left\">Sampaoli<\/td><td class=\"has-text-align-left\" data-align=\"left\">Bs As.3071<\/td><td class=\"has-text-align-center\" data-align=\"center\">420705<\/td><\/tr><tr><td class=\"has-text-align-left\" data-align=\"left\">Toscanelli<\/td><td class=\"has-text-align-left\" data-align=\"left\">9 de julio 2166<\/td><td class=\"has-text-align-center\" data-align=\"center\">422101<\/td><\/tr><tr><td class=\"has-text-align-left\" data-align=\"left\">Vaudano<\/td><td class=\"has-text-align-left\" data-align=\"left\">Mitre 2599<\/td><td class=\"has-text-align-center\" data-align=\"center\">422073<\/td><\/tr><tr><td class=\"has-text-align-left\" data-align=\"left\">Vazquez<\/td><td class=\"has-text-align-left\" data-align=\"left\">Vte.L\u00f3pez 2457<\/td><td class=\"has-text-align-center\" data-align=\"center\">423570<\/td><\/tr><\/tbody><\/table><\/figure>\n<\/div>\n<\/div>\n<\/div>\n","protected":false},"excerpt":{"rendered":"<p>Farmacias de turno 15\/5: : Bianucci &#8211; Sampaoli Los turnos son desde las 8hs del d\u00eda correspondiente a las 8hs del d\u00eda siguiente. Mapa \u00abFarmacias Casilda\u00bb Farmacias con direcciones y tel\u00e9fonos de Casilda Farmacia Direcci\u00f3n Tel\u00e9fono Augusto Bs.As 1830 422714 Baleani Dte. Alighieri 2202 426693 Bianucci H. Yrigoyen 1701 420048 Blanco- \u00abDel Centro\u00bb Bs. As. [&hellip;]<\/p>\n","protected":false},"author":1,"featured_media":0,"parent":0,"menu_order":0,"comment_status":"closed","ping_status":"closed","template":"","meta":{"_uag_custom_page_level_css":"","footnotes":""},"class_list":["post-2344","page","type-page","status-publish","hentry"],"yoast_head":"<!-- This site is optimized with the Yoast SEO plugin v26.8 - https:\/\/yoast.com\/product\/yoast-seo-wordpress\/ -->\n<title>Farmacias - Municipalidad de Casilda<\/title>\n<meta name=\"description\" content=\"En esta secci\u00f3n pod\u00e9s consultar diariamente qu\u00e9 farmacias est\u00e1n abiertas las 24 horas. Los turnos se actualizan todos los d\u00edas.\" \/>\n<meta name=\"robots\" content=\"index, follow, max-snippet:-1, max-image-preview:large, max-video-preview:-1\" \/>\n<link rel=\"canonical\" href=\"https:\/\/www.casilda.gob.ar\/web\/farmacias-de-turno-casilda\/\" \/>\n<meta property=\"og:locale\" content=\"es_ES\" \/>\n<meta property=\"og:type\" content=\"article\" \/>\n<meta property=\"og:title\" content=\"Farmacias - Municipalidad de Casilda\" \/>\n<meta property=\"og:description\" content=\"En esta secci\u00f3n pod\u00e9s consultar diariamente qu\u00e9 farmacias est\u00e1n abiertas las 24 horas. Los turnos se actualizan todos los d\u00edas.\" \/>\n<meta property=\"og:url\" content=\"https:\/\/www.casilda.gob.ar\/web\/farmacias-de-turno-casilda\/\" \/>\n<meta property=\"og:site_name\" content=\"Municipalidad de Casilda\" \/>\n<meta property=\"article:modified_time\" content=\"2026-05-15T14:32:52+00:00\" \/>\n<meta property=\"og:image\" content=\"https:\/\/www.casilda.gob.ar\/web\/wp-content\/uploads\/2024\/11\/4232152-3.png\" \/>\n\t<meta property=\"og:image:width\" content=\"656\" \/>\n\t<meta property=\"og:image:height\" content=\"566\" \/>\n\t<meta property=\"og:image:type\" content=\"image\/png\" \/>\n<meta name=\"twitter:card\" content=\"summary_large_image\" \/>\n<meta name=\"twitter:label1\" content=\"Tiempo de lectura\" \/>\n\t<meta name=\"twitter:data1\" content=\"2 minutos\" \/>\n<script type=\"application\/ld+json\" class=\"yoast-schema-graph\">{\"@context\":\"https:\/\/schema.org\",\"@graph\":[{\"@type\":\"WebPage\",\"@id\":\"https:\/\/www.casilda.gob.ar\/web\/farmacias-de-turno-casilda\/\",\"url\":\"https:\/\/www.casilda.gob.ar\/web\/farmacias-de-turno-casilda\/\",\"name\":\"Farmacias - Municipalidad de Casilda\",\"isPartOf\":{\"@id\":\"https:\/\/www.casilda.gob.ar\/web\/#website\"},\"primaryImageOfPage\":{\"@id\":\"https:\/\/www.casilda.gob.ar\/web\/farmacias-de-turno-casilda\/#primaryimage\"},\"image\":{\"@id\":\"https:\/\/www.casilda.gob.ar\/web\/farmacias-de-turno-casilda\/#primaryimage\"},\"thumbnailUrl\":\"https:\/\/www.casilda.gob.ar\/web\/wp-content\/uploads\/2024\/11\/4232152-3.png\",\"datePublished\":\"2024-10-15T13:13:38+00:00\",\"dateModified\":\"2026-05-15T14:32:52+00:00\",\"description\":\"En esta secci\u00f3n pod\u00e9s consultar diariamente qu\u00e9 farmacias est\u00e1n abiertas las 24 horas. Los turnos se actualizan todos los d\u00edas.\",\"breadcrumb\":{\"@id\":\"https:\/\/www.casilda.gob.ar\/web\/farmacias-de-turno-casilda\/#breadcrumb\"},\"inLanguage\":\"es\",\"potentialAction\":[{\"@type\":\"ReadAction\",\"target\":[\"https:\/\/www.casilda.gob.ar\/web\/farmacias-de-turno-casilda\/\"]}]},{\"@type\":\"ImageObject\",\"inLanguage\":\"es\",\"@id\":\"https:\/\/www.casilda.gob.ar\/web\/farmacias-de-turno-casilda\/#primaryimage\",\"url\":\"https:\/\/www.casilda.gob.ar\/web\/wp-content\/uploads\/2024\/11\/4232152-3.png\",\"contentUrl\":\"https:\/\/www.casilda.gob.ar\/web\/wp-content\/uploads\/2024\/11\/4232152-3.png\",\"width\":656,\"height\":566},{\"@type\":\"BreadcrumbList\",\"@id\":\"https:\/\/www.casilda.gob.ar\/web\/farmacias-de-turno-casilda\/#breadcrumb\",\"itemListElement\":[{\"@type\":\"ListItem\",\"position\":1,\"name\":\"Inicio\",\"item\":\"https:\/\/www.casilda.gob.ar\/web\/\"},{\"@type\":\"ListItem\",\"position\":2,\"name\":\"Farmacias\"}]},{\"@type\":\"WebSite\",\"@id\":\"https:\/\/www.casilda.gob.ar\/web\/#website\",\"url\":\"https:\/\/www.casilda.gob.ar\/web\/\",\"name\":\"Municipalidad de Casilda\",\"description\":\"Construyendo Futuro\",\"potentialAction\":[{\"@type\":\"SearchAction\",\"target\":{\"@type\":\"EntryPoint\",\"urlTemplate\":\"https:\/\/www.casilda.gob.ar\/web\/?s={search_term_string}\"},\"query-input\":{\"@type\":\"PropertyValueSpecification\",\"valueRequired\":true,\"valueName\":\"search_term_string\"}}],\"inLanguage\":\"es\"}]}<\/script>\n<!-- \/ Yoast SEO plugin. -->","yoast_head_json":{"title":"Farmacias - Municipalidad de Casilda","description":"En esta secci\u00f3n pod\u00e9s consultar diariamente qu\u00e9 farmacias est\u00e1n abiertas las 24 horas. Los turnos se actualizan todos los d\u00edas.","robots":{"index":"index","follow":"follow","max-snippet":"max-snippet:-1","max-image-preview":"max-image-preview:large","max-video-preview":"max-video-preview:-1"},"canonical":"https:\/\/www.casilda.gob.ar\/web\/farmacias-de-turno-casilda\/","og_locale":"es_ES","og_type":"article","og_title":"Farmacias - Municipalidad de Casilda","og_description":"En esta secci\u00f3n pod\u00e9s consultar diariamente qu\u00e9 farmacias est\u00e1n abiertas las 24 horas. Los turnos se actualizan todos los d\u00edas.","og_url":"https:\/\/www.casilda.gob.ar\/web\/farmacias-de-turno-casilda\/","og_site_name":"Municipalidad de Casilda","article_modified_time":"2026-05-15T14:32:52+00:00","og_image":[{"width":656,"height":566,"url":"https:\/\/www.casilda.gob.ar\/web\/wp-content\/uploads\/2024\/11\/4232152-3.png","type":"image\/png"}],"twitter_card":"summary_large_image","twitter_misc":{"Tiempo de lectura":"2 minutos"},"schema":{"@context":"https:\/\/schema.org","@graph":[{"@type":"WebPage","@id":"https:\/\/www.casilda.gob.ar\/web\/farmacias-de-turno-casilda\/","url":"https:\/\/www.casilda.gob.ar\/web\/farmacias-de-turno-casilda\/","name":"Farmacias - Municipalidad de Casilda","isPartOf":{"@id":"https:\/\/www.casilda.gob.ar\/web\/#website"},"primaryImageOfPage":{"@id":"https:\/\/www.casilda.gob.ar\/web\/farmacias-de-turno-casilda\/#primaryimage"},"image":{"@id":"https:\/\/www.casilda.gob.ar\/web\/farmacias-de-turno-casilda\/#primaryimage"},"thumbnailUrl":"https:\/\/www.casilda.gob.ar\/web\/wp-content\/uploads\/2024\/11\/4232152-3.png","datePublished":"2024-10-15T13:13:38+00:00","dateModified":"2026-05-15T14:32:52+00:00","description":"En esta secci\u00f3n pod\u00e9s consultar diariamente qu\u00e9 farmacias est\u00e1n abiertas las 24 horas. Los turnos se actualizan todos los d\u00edas.","breadcrumb":{"@id":"https:\/\/www.casilda.gob.ar\/web\/farmacias-de-turno-casilda\/#breadcrumb"},"inLanguage":"es","potentialAction":[{"@type":"ReadAction","target":["https:\/\/www.casilda.gob.ar\/web\/farmacias-de-turno-casilda\/"]}]},{"@type":"ImageObject","inLanguage":"es","@id":"https:\/\/www.casilda.gob.ar\/web\/farmacias-de-turno-casilda\/#primaryimage","url":"https:\/\/www.casilda.gob.ar\/web\/wp-content\/uploads\/2024\/11\/4232152-3.png","contentUrl":"https:\/\/www.casilda.gob.ar\/web\/wp-content\/uploads\/2024\/11\/4232152-3.png","width":656,"height":566},{"@type":"BreadcrumbList","@id":"https:\/\/www.casilda.gob.ar\/web\/farmacias-de-turno-casilda\/#breadcrumb","itemListElement":[{"@type":"ListItem","position":1,"name":"Inicio","item":"https:\/\/www.casilda.gob.ar\/web\/"},{"@type":"ListItem","position":2,"name":"Farmacias"}]},{"@type":"WebSite","@id":"https:\/\/www.casilda.gob.ar\/web\/#website","url":"https:\/\/www.casilda.gob.ar\/web\/","name":"Municipalidad de Casilda","description":"Construyendo Futuro","potentialAction":[{"@type":"SearchAction","target":{"@type":"EntryPoint","urlTemplate":"https:\/\/www.casilda.gob.ar\/web\/?s={search_term_string}"},"query-input":{"@type":"PropertyValueSpecification","valueRequired":true,"valueName":"search_term_string"}}],"inLanguage":"es"}]}},"uagb_featured_image_src":{"full":false,"thumbnail":false,"medium":false,"medium_large":false,"large":false,"1536x1536":false,"2048x2048":false},"uagb_author_info":{"display_name":"Municipalidad Casilda","author_link":"https:\/\/www.casilda.gob.ar\/web\/author\/admin\/"},"uagb_comment_info":0,"uagb_excerpt":"Farmacias de turno 15\/5: : Bianucci &#8211; Sampaoli Los turnos son desde las 8hs del d\u00eda correspondiente a las 8hs del d\u00eda siguiente. Mapa \u00abFarmacias Casilda\u00bb Farmacias con direcciones y tel\u00e9fonos de Casilda Farmacia Direcci\u00f3n Tel\u00e9fono Augusto Bs.As 1830 422714 Baleani Dte. Alighieri 2202 426693 Bianucci H. Yrigoyen 1701 420048 Blanco- \u00abDel Centro\u00bb Bs. As.&hellip;","_links":{"self":[{"href":"https:\/\/www.casilda.gob.ar\/web\/wp-json\/wp\/v2\/pages\/2344","targetHints":{"allow":["GET"]}}],"collection":[{"href":"https:\/\/www.casilda.gob.ar\/web\/wp-json\/wp\/v2\/pages"}],"about":[{"href":"https:\/\/www.casilda.gob.ar\/web\/wp-json\/wp\/v2\/types\/page"}],"author":[{"embeddable":true,"href":"https:\/\/www.casilda.gob.ar\/web\/wp-json\/wp\/v2\/users\/1"}],"replies":[{"embeddable":true,"href":"https:\/\/www.casilda.gob.ar\/web\/wp-json\/wp\/v2\/comments?post=2344"}],"version-history":[{"count":39,"href":"https:\/\/www.casilda.gob.ar\/web\/wp-json\/wp\/v2\/pages\/2344\/revisions"}],"predecessor-version":[{"id":16136,"href":"https:\/\/www.casilda.gob.ar\/web\/wp-json\/wp\/v2\/pages\/2344\/revisions\/16136"}],"wp:attachment":[{"href":"https:\/\/www.casilda.gob.ar\/web\/wp-json\/wp\/v2\/media?parent=2344"}],"curies":[{"name":"wp","href":"https:\/\/api.w.org\/{rel}","templated":true}]}}