{"id":2720,"date":"2024-10-23T13:49:31","date_gmt":"2024-10-23T13:49:31","guid":{"rendered":"https:\/\/www.casilda.gob.ar\/web\/?page_id=2720"},"modified":"2025-10-28T09:10:43","modified_gmt":"2025-10-28T12:10:43","slug":"o-m-i-c-oficina-municipal-de-informacion-al-consumidor-casilda","status":"publish","type":"page","link":"https:\/\/www.casilda.gob.ar\/web\/o-m-i-c-oficina-municipal-de-informacion-al-consumidor-casilda\/","title":{"rendered":"O.M.I.C. Oficina municipal de informaci\u00f3n al consumidor"},"content":{"rendered":"\n<div class=\"wp-block-group is-nowrap is-layout-flex wp-container-core-group-is-layout-1 wp-block-group-is-layout-flex\">\n<div class=\"wp-block-columns is-layout-flex wp-container-core-columns-is-layout-1 wp-block-columns-is-layout-flex\">\n<div class=\"wp-block-column is-vertically-aligned-center is-layout-flow wp-block-column-is-layout-flow\">\n<ul style=\"color:#00a3da\" class=\"wp-block-list has-text-color has-link-color wp-elements-82bc386ae918daed9a86b976ffd02221\">\n<li class=\"has-medium-font-size\" style=\"font-style:normal;font-weight:600\"><a href=\"#laomic\">\u00bfQu\u00e9 es LA OMIC?<\/a><\/li>\n\n\n\n<li class=\"has-medium-font-size\" style=\"font-style:normal;font-weight:600\"><a href=\"#reclamo\">\u00bfC\u00f3mo puedo realizar un RECLAMO?<\/a><\/li>\n\n\n\n<li class=\"has-medium-font-size\" style=\"font-style:normal;font-weight:600\"><a href=\"#temas\">\u00bfSobre qu\u00e9 temas puedo RECLAMAR?<\/a><\/li>\n\n\n\n<li class=\"has-medium-font-size\" style=\"font-style:normal;font-weight:600\"><a href=\"#quienes\">\u00bfQui\u00e9nes pueden reclamar?<\/a><\/li>\n\n\n\n<li class=\"has-medium-font-size\" style=\"font-style:normal;font-weight:600\"><a href=\"#derecho\">\u00bfA qu\u00e9 tenemos derecho los consumidores?<\/a><\/li>\n\n\n\n<li class=\"has-medium-font-size\" style=\"font-style:normal;font-weight:600\"><a href=\"#funcion\">FUNCI\u00d3N principal de una OMIC<\/a><\/li>\n\n\n\n<li class=\"has-medium-font-size\" style=\"font-style:normal;font-weight:600\"><a href=\"#gestiona\">C\u00f3mo se GESTIONA un relamo<\/a><\/li>\n<\/ul>\n<\/div>\n\n\n\n<div class=\"wp-block-column has-accent-5-background-color has-background is-layout-flow wp-block-column-is-layout-flow\" style=\"flex-basis:3px\"><\/div>\n\n\n\n<div class=\"wp-block-column is-layout-flow wp-block-column-is-layout-flow\">\n\t\t\t<div class=\"wp-block-uagb-post-grid uagb-post-grid  uagb-post__image-position-top uagb-post__image-enabled uagb-block-fc8fce16     uagb-post__items uagb-post__columns-1 is-grid uagb-post__columns-tablet-2 uagb-post__columns-mobile-1 uagb-post__equal-height\" data-total=\"14\" style=\"\">\n\n\t\t\t\t\t\t\t\t\t\t\t\t<article class=\"uagb-post__inner-wrap\">\t\t\t\t\t\t\t\t<div class='uagb-post__image'>\n\t\t\t\t\t\t\t\t\t<a href=\"https:\/\/www.casilda.gob.ar\/web\/mes-del-consumidor\/\" target=\"_self\" rel=\"bookmark noopener noreferrer\" class='uagb-image-ratio-inherit'><img loading=\"lazy\" decoding=\"async\" width=\"1024\" height=\"160\" src=\"https:\/\/www.casilda.gob.ar\/web\/wp-content\/uploads\/2026\/03\/PORTADA-NOTICIAS-2026-03-25T095038.143-1024x160.png\" class=\"attachment-large size-large\" alt=\"\" srcset=\"https:\/\/www.casilda.gob.ar\/web\/wp-content\/uploads\/2026\/03\/PORTADA-NOTICIAS-2026-03-25T095038.143-1024x160.png 1024w, https:\/\/www.casilda.gob.ar\/web\/wp-content\/uploads\/2026\/03\/PORTADA-NOTICIAS-2026-03-25T095038.143-300x47.png 300w, https:\/\/www.casilda.gob.ar\/web\/wp-content\/uploads\/2026\/03\/PORTADA-NOTICIAS-2026-03-25T095038.143-768x120.png 768w, https:\/\/www.casilda.gob.ar\/web\/wp-content\/uploads\/2026\/03\/PORTADA-NOTICIAS-2026-03-25T095038.143-1536x240.png 1536w, https:\/\/www.casilda.gob.ar\/web\/wp-content\/uploads\/2026\/03\/PORTADA-NOTICIAS-2026-03-25T095038.143.png 1920w\" sizes=\"auto, (max-width: 1024px) 100vw, 1024px\" \/>\t\t\t\t\t<\/a>\n\t\t\t\t\t\t\t<\/div>\n\t\t\t\t\t\t<h4 class=\"uagb-post__title uagb-post__text\">\n\t\t\t\t<a href=\"https:\/\/www.casilda.gob.ar\/web\/mes-del-consumidor\/\" target=\"_self\" rel=\"bookmark noopener noreferrer\">Mes del Consumidor<\/a>\n\t\t\t<\/h4>\n\t\t\t\t\t\t<div class='uagb-post__text uagb-post-grid-byline'>\n\t\t\t\t\t\t\t\t<time datetime=\"2026-03-25T10:31:55-03:00\" class=\"uagb-post__date\">\n\t\t\t\t<span class=\"dashicons-calendar dashicons\"><\/span>\t\t\t\t\tmarzo 25, 2026\t\t\t\t<\/time>\n\t\t\t\t\t\t\t<span class=\"uagb-post__comment\">\n\t\t\t\t<span class=\"dashicons-admin-comments dashicons\"><\/span>\t\t\t\t\tNo hay comentarios\t\t\t\t<\/span>\n\t\t\t\t\t\t<\/div>\n\t\t\t\t\t\t\t<div class='uagb-post__text uagb-post__excerpt'>\n\t\t\t\t\t<p>En el Mes del Consumidor, desde la Oficina Municipal de Informaci\u00f3n al Consumidor te recordamos&#8230;\t\t\t\t<\/div>\n\t\t\t\t\t\t<div class=\"uagb-post__text uagb-post__cta wp-block-button\">\n\t\t\t\t<a class=\"wp-block-button__link uagb-text-link\" style=\"\" href=\"https:\/\/www.casilda.gob.ar\/web\/mes-del-consumidor\/\" target=\"_self\" rel=\"bookmark noopener noreferrer\">Leer m\u00e1s<\/a>\n\t\t\t<\/div>\n\t\t\t\n\t\t\t\t\t\t\t\t\t<\/article>\n\t\t\t\t\t\t\t\t\t\t\t<\/div>\n\t\t\t<\/div>\n<\/div>\n<\/div>\n\n\n\n<p><img loading=\"lazy\" decoding=\"async\" width=\"10\" height=\"10\" class=\"wp-image-3037\" style=\"width: 10px;\" src=\"https:\/\/www.casilda.gob.ar\/web\/wp-content\/uploads\/2024\/11\/Cuadrado-amarillo.png\" alt=\"\"> <strong>DEFENSA DEL CONSUMIDOR<\/strong><\/p>\n\n\n\n<p style=\"margin-top:0\">\u201cUn ciudadano informado es un consumidor que hace ejercer sus derechos\u201d<\/p>\n\n\n\n<p style=\"margin-top:0\">La Funci\u00f3n de la Oficina de Defensa del Consumidor es garantizar que se respeten los derechos de todos los habitantes en materia de consumo, previstos en la Constituci\u00f3n Nacional, en la Ley N\u00ba 24.240 de Defensa del Consumidor, y dem\u00e1s normativas espec\u00edficas aplicable en la materia.<\/p>\n\n\n\n<p id=\"laomic\"><img loading=\"lazy\" decoding=\"async\" width=\"10\" height=\"10\" class=\"wp-image-3037\" style=\"width: 10px;\" src=\"https:\/\/www.casilda.gob.ar\/web\/wp-content\/uploads\/2024\/11\/Cuadrado-amarillo.png\" alt=\"\"> <strong>\u00bfQu\u00e9 es la LA OMIC?<\/strong><br>Es la OFICINA MUNICIPAL de INFORMACI\u00d3N al consumidor tiene como principal funci\u00f3n recibir reclamos de los consumidores y gestionar conciliaciones con las empresas reclamadas, garantizando el respeto de sus derechos como consumidores previstos en la Ley 24.240.<br>Es una instancia totalmente gratuita, la cual no requiere contar con abogado particular, ya que la propia oficina cuenta con personal capacitado, quienes se encargan de asesorar al consumidor de forma personalizada y de acompa\u00f1arlo durante toda la instancia conciliatoria.<\/p>\n\n\n\n<p id=\"reclamo\" style=\"margin-bottom:0\"><img loading=\"lazy\" decoding=\"async\" width=\"10\" height=\"10\" class=\"wp-image-3037\" style=\"width: 10px;\" src=\"https:\/\/www.casilda.gob.ar\/web\/wp-content\/uploads\/2024\/11\/Cuadrado-amarillo.png\" alt=\"\"> <strong>\u00bfC\u00f3mo puedo realizar un RECLAMO?<\/strong>&nbsp;<\/p>\n\n\n\n<p style=\"margin-top:0;margin-bottom:0\">1- PERSONALMENTE: de lunes a viernes de 7:00 a 12:30, en Galer\u00eda Casilda -Buenos Aires 2050- Local 18.<\/p>\n\n\n\n<p style=\"margin-top:0;margin-bottom:0\">2- TELEFONICAMENTE: Por WhatsApp al <a href=\"\/\/wa.me\/543464635981\"><span style=\"color: #00a3da;\"><strong>+ 54 3464 635981<\/strong><\/span><\/a>. Llamando al tel\u00e9fono fijo <a href=\"tel:3464455565\"><span style=\"color: #00a3da;\"><strong>3464 455565<\/strong><\/span><\/a>.<\/p>\n\n\n\n<p style=\"margin-top:0;margin-bottom:0\">3- POR EMAIL: <a href=\"mailto:omiccasilda@casilda.gob.ar\"><strong><mark style=\"background-color:rgba(0, 0, 0, 0);color:#00a8ff\" class=\"has-inline-color\">omiccasilda@casilda.gob.ar<\/mark><\/strong><\/a><\/p>\n\n\n\n<p style=\"margin-top:0;margin-bottom:var(--wp--preset--spacing--10)\">4- ON LINE VENTANILLA \u00daNICA FEDERAL: <a href=\"https:\/\/autogestion.produccion.gob.ar\/consumidores\" target=\"_blank\" rel=\"noreferrer noopener\"><span style=\"color: #00a3da;\"><strong>https:\/\/autogestion.produccion.gob.ar\/consumidores<\/strong><\/span><\/a><\/p>\n\n\n\n<div class=\"wp-block-group has-global-padding is-content-justification-left is-layout-constrained wp-container-core-group-is-layout-2 wp-block-group-is-layout-constrained\" style=\"padding-top:0\">\n<p><strong>\u00bfC\u00f3mo ingresar un reclamo por ventanilla \u00fanica federal? <\/strong>Ver video<\/p>\n<\/div>\n\n\n\n<div class=\"wp-block-group is-nowrap is-layout-flex wp-container-core-group-is-layout-3 wp-block-group-is-layout-flex\" style=\"margin-top:0\">\n<div class=\"wp-block-columns is-layout-flex wp-container-core-columns-is-layout-2 wp-block-columns-is-layout-flex\">\n<div class=\"wp-block-column is-layout-flow wp-block-column-is-layout-flow\" style=\"flex-basis:950px\">\n<figure class=\"wp-block-video\"><video controls src=\"https:\/\/www.casilda.gob.ar\/web\/wp-content\/uploads\/2025\/02\/Omic-Tutorial-Online-si.mp4\"><\/video><\/figure>\n<\/div>\n<\/div>\n<\/div>\n\n\n\n<p id=\"temas\" style=\"margin-bottom:0\"><img loading=\"lazy\" decoding=\"async\" width=\"10\" height=\"10\" class=\"wp-image-3037\" style=\"width: 10px;\" src=\"https:\/\/www.casilda.gob.ar\/web\/wp-content\/uploads\/2024\/11\/Cuadrado-amarillo.png\" alt=\"\"> <strong>\u00bfSobre qu\u00e9 temas puedo RECLAMAR?<\/strong><\/p>\n\n\n\n<p style=\"margin-top:0;margin-bottom:0\">-ESTAFAS O FRAUDES ELECTRONICOS<\/p>\n\n\n\n<p style=\"margin-top:0;margin-bottom:0\">-INCUPLIMIENTOS CONTRACTUALES<\/p>\n\n\n\n<p style=\"margin-top:0;margin-bottom:0\">-RECLAMOS POR GARANTIA LEGAL DE UN PRODUCTO<\/p>\n\n\n\n<p style=\"margin-top:0;margin-bottom:0\">-FALLA O DEFECTO EN PRODUCTO O SERVICIO <\/p>\n\n\n\n<p style=\"margin-top:0;margin-bottom:0\"> -CONSULTAS VARIAS<\/p>\n\n\n\n<p id=\"quienes\"><img loading=\"lazy\" decoding=\"async\" width=\"10\" height=\"10\" class=\"wp-image-3037\" style=\"width: 10px;\" src=\"https:\/\/www.casilda.gob.ar\/web\/wp-content\/uploads\/2024\/11\/Cuadrado-amarillo.png\" alt=\"\"> <strong>\u00bfQui\u00e9nes pueden reclamar?<\/strong><br>Toda persona humana o jur\u00eddica que se haya visto da\u00f1ada o haya tenido alg\u00fan inconveniente al adquirir un bien o servicio ya sea para su uso personal o grupal o familiar.<br>NO PUEDEN RECLAMAR AQUELLAS PERSONAS HUMANAS O JURIDICAS QUE SEAN PROVEEDORES.<\/p>\n\n\n\n<p id=\"derecho\"><img loading=\"lazy\" decoding=\"async\" width=\"10\" height=\"10\" class=\"wp-image-3037\" style=\"width: 10px;\" src=\"https:\/\/www.casilda.gob.ar\/web\/wp-content\/uploads\/2024\/11\/Cuadrado-amarillo.png\" alt=\"\"> <strong>\u00bfA qu\u00e9 tenemos derecho como consumidores?<\/strong><br>\u2981 Recibir un trato digno por parte de los proveedores, equitativo y no discriminatorio.<br>\u2981 Exigir que se cumpla lo pactado, en los t\u00e9rminos, condiciones y modalidades en los que fueron ofrecidos y\/o acordados.<br>\u2981 Disponer de una garant\u00eda m\u00ednima de seis meses para la compra de un producto nuevo. Si el producto es usado, la garant\u00eda m\u00ednima es de tres meses.<br>\u2981 Rescindir contratos por el mismo medio que fueron concertados.<br>\u2981 Recibir de los proveedores informaci\u00f3n clara y precisa &#8211; en forma gratuita -acerca de los productos y servicios que ofrecen.<br>\u2981 Exigir el cumplimiento de lo anunciado en la publicidad de bienes y servicios, ya que es parte integrante del contrato.<br>\u2981 Ten\u00e9s derecho a la seguridad en el consumo, en cuanto a todos los productos y servicios para que estos no sean da\u00f1inos a la salud y la vida.&nbsp;&nbsp;<br>\u2981 Siempre que compras por internet, ten\u00e9s 10 d\u00edas desde que recib\u00eds el producto para cancelar la compra y solicitar la devoluci\u00f3n del dinero.<br>\u2981 Solicit\u00e1 siempre comprobantes de las operaciones que realices, las necesitar\u00e1s en caso de denuncia o reclamo.<\/p>\n\n\n\n<p class=\"has-contrast-2-color has-text-color has-link-color wp-elements-95023ee7d00e295185aa338d210f7b83\" id=\"funcion\" style=\"margin-bottom:0\"><img loading=\"lazy\" decoding=\"async\" width=\"10\" height=\"10\" class=\"wp-image-3037\" style=\"width: 10px;\" src=\"https:\/\/www.casilda.gob.ar\/web\/wp-content\/uploads\/2024\/11\/Cuadrado-amarillo.png\" alt=\"\"> <strong>FUNCI\u00d3N principal de una OMIC<\/strong><\/p>\n\n\n\n<p style=\"margin-top:0\">La funci\u00f3n primordial de las Oficinas de Municipales y Comunales de Informaci\u00f3n Consumidor, es recibir reclamos de los consumidores y gestionar conciliaciones con las empresas reclamadas. Agotada la instancia conciliatoria, debe remitir los antecedentes a la SCIYS para su posterior tramitaci\u00f3n (segunda conciliaci\u00f3n o instrucci\u00f3n de sumario).&nbsp;<br>En tal sentido, operan como nexo, tanto entre los consumidores y\/o usuarios locales y su zona de influencia y la Secretar\u00eda de Comercio Interior y Servicios de la Provincia de Santa Fe, como as\u00ed tambi\u00e9n, entre las partes que conforman el procedimiento en s\u00ed (reclamantes y reclamados).&nbsp;<br>Para ello, cuenta con la facultad de canalizar la recepci\u00f3n, an\u00e1lisis, registro y tratamiento de las inquietudes y denuncias de las y los consumidores o usuarias\/os, tanto en forma directa, como derivada desde la Autoridad de Aplicaci\u00f3n provincial, conforme lo establecido en la Ley N\u00b0 24.240 y otras normas que regulan la relaci\u00f3n de consumo.<br>Resulta importante destacar, que no necesariamente todos los reclamos conlleven a la celebraci\u00f3n de AUDIENCIAS, ya que en muchos casos las intermediaciones de BUENOS OFICIOS que llevan adelante las OMIC\/OCIC, permiten arribar tempranamente a un acuerdo conciliatorio, evitando de esta manera dicho estadio administrativo. Justamente radica all\u00ed, uno de los ejes en los que se apoya su necesidad y existencia: la celeridad y eficacia con que pueden ser resueltos ciertos reclamos, evitando con ello la dilaci\u00f3n en el tiempo y la disposici\u00f3n de recursos materiales y humanos, que implica la fijaci\u00f3n y celebraci\u00f3n de audiencias conciliatorias.<\/p>\n\n\n\n<p id=\"gestiona\"><img loading=\"lazy\" decoding=\"async\" width=\"10\" height=\"10\" class=\"wp-image-3037\" style=\"width: 10px;\" src=\"https:\/\/www.casilda.gob.ar\/web\/wp-content\/uploads\/2024\/11\/Cuadrado-amarillo.png\" alt=\"\"> <strong>C\u00f3mo se GESTIONA un reclamo<\/strong><br>Luego de ingresar tu reclamo, de forma presencial o virtual se comienza se comienza con la:<br>GESTI\u00d3N CONCILIATORIA: la oficina notificar\u00e1 el reclamo del consumidor al proveedor, indicando un plazo de 5 d\u00edas conforme art. 45 de la Ley 24.240, para que tome conocimiento y env\u00ede descargo sobre el mismo.<br>AUDIENCIA. En caso de no obtener respuesta, o cuando el tenor de la respuesta lo requiera, o cuando el intercambio de comunicaciones entre el consumidor y el proveedor lo aconseje, se fija audiencia conciliatoria, la cual es tomada por la abogada de la OMIC, quien se encarga de conciliar a las partes y arribar a un acuerdo. En este caso, puede resolverse de forma favorable con acuerdo o desfavorable, con archivo o sumario administrativo.<br>ROL DEL CONCILIADOR. El conciliador debe informar al consumidor sobre sus derechos, intentar facilitar la conciliaci\u00f3n, incluyendo la posibilidad de ofrecer propuestas conciliatorias.&nbsp;<br>INSTANCIA SUMARIAL. En caso de que fracasara la etapa de conciliaci\u00f3n, por no arribar las partes a un acuerdo, se deriva el expediente a la la Secretar\u00eda de Comercio Interior y Servicios para que tome intervenci\u00f3n a fin de evaluar si procede abrir la instancia sumarial o archivar las actuaciones, cuando no surja de las mismas fundamento suficiente para imputar a la empresa.<\/p>\n\n\n\n<figure class=\"wp-block-image aligncenter size-large is-resized\"><img loading=\"lazy\" decoding=\"async\" width=\"1024\" height=\"664\" src=\"https:\/\/www.casilda.gob.ar\/web\/wp-content\/uploads\/2024\/10\/OMIC-2024-2-1024x664.png\" alt=\"\" class=\"wp-image-2863\" style=\"width:189px;height:auto\" srcset=\"https:\/\/www.casilda.gob.ar\/web\/wp-content\/uploads\/2024\/10\/OMIC-2024-2-1024x664.png 1024w, https:\/\/www.casilda.gob.ar\/web\/wp-content\/uploads\/2024\/10\/OMIC-2024-2-300x194.png 300w, https:\/\/www.casilda.gob.ar\/web\/wp-content\/uploads\/2024\/10\/OMIC-2024-2-768x498.png 768w, https:\/\/www.casilda.gob.ar\/web\/wp-content\/uploads\/2024\/10\/OMIC-2024-2.png 1080w\" sizes=\"auto, (max-width: 1024px) 100vw, 1024px\" \/><\/figure>\n","protected":false},"excerpt":{"rendered":"<p>DEFENSA DEL CONSUMIDOR \u201cUn ciudadano informado es un consumidor que hace ejercer sus derechos\u201d La Funci\u00f3n de la Oficina de Defensa del Consumidor es garantizar que se respeten los derechos de todos los habitantes en materia de consumo, previstos en la Constituci\u00f3n Nacional, en la Ley N\u00ba 24.240 de Defensa del Consumidor, y dem\u00e1s normativas [&hellip;]<\/p>\n","protected":false},"author":1,"featured_media":0,"parent":0,"menu_order":0,"comment_status":"closed","ping_status":"closed","template":"","meta":{"_uag_custom_page_level_css":"","footnotes":""},"class_list":["post-2720","page","type-page","status-publish","hentry"],"yoast_head":"<!-- This site is optimized with the Yoast SEO plugin v26.8 - https:\/\/yoast.com\/product\/yoast-seo-wordpress\/ -->\n<title>O.M.I.C. Oficina municipal de informaci\u00f3n al consumidor - Municipalidad de Casilda<\/title>\n<meta name=\"robots\" content=\"index, follow, max-snippet:-1, max-image-preview:large, max-video-preview:-1\" \/>\n<link rel=\"canonical\" href=\"https:\/\/www.casilda.gob.ar\/web\/o-m-i-c-oficina-municipal-de-informacion-al-consumidor-casilda\/\" \/>\n<meta property=\"og:locale\" content=\"es_ES\" \/>\n<meta property=\"og:type\" content=\"article\" \/>\n<meta property=\"og:title\" content=\"O.M.I.C. Oficina municipal de informaci\u00f3n al consumidor - Municipalidad de Casilda\" \/>\n<meta property=\"og:description\" content=\"DEFENSA DEL CONSUMIDOR \u201cUn ciudadano informado es un consumidor que hace ejercer sus derechos\u201d La Funci\u00f3n de la Oficina de Defensa del Consumidor es garantizar que se respeten los derechos de todos los habitantes en materia de consumo, previstos en la Constituci\u00f3n Nacional, en la Ley N\u00ba 24.240 de Defensa del Consumidor, y dem\u00e1s normativas [&hellip;]\" \/>\n<meta property=\"og:url\" content=\"https:\/\/www.casilda.gob.ar\/web\/o-m-i-c-oficina-municipal-de-informacion-al-consumidor-casilda\/\" \/>\n<meta property=\"og:site_name\" content=\"Municipalidad de Casilda\" \/>\n<meta property=\"article:modified_time\" content=\"2025-10-28T12:10:43+00:00\" \/>\n<meta property=\"og:image\" content=\"https:\/\/www.casilda.gob.ar\/web\/wp-content\/uploads\/2024\/11\/Cuadrado-amarillo.png\" \/>\n<meta name=\"twitter:card\" content=\"summary_large_image\" \/>\n<meta name=\"twitter:label1\" content=\"Tiempo de lectura\" \/>\n\t<meta name=\"twitter:data1\" content=\"7 minutos\" \/>\n<script type=\"application\/ld+json\" class=\"yoast-schema-graph\">{\"@context\":\"https:\/\/schema.org\",\"@graph\":[{\"@type\":\"WebPage\",\"@id\":\"https:\/\/www.casilda.gob.ar\/web\/o-m-i-c-oficina-municipal-de-informacion-al-consumidor-casilda\/\",\"url\":\"https:\/\/www.casilda.gob.ar\/web\/o-m-i-c-oficina-municipal-de-informacion-al-consumidor-casilda\/\",\"name\":\"O.M.I.C. Oficina municipal de informaci\u00f3n al consumidor - Municipalidad de Casilda\",\"isPartOf\":{\"@id\":\"https:\/\/www.casilda.gob.ar\/web\/#website\"},\"primaryImageOfPage\":{\"@id\":\"https:\/\/www.casilda.gob.ar\/web\/o-m-i-c-oficina-municipal-de-informacion-al-consumidor-casilda\/#primaryimage\"},\"image\":{\"@id\":\"https:\/\/www.casilda.gob.ar\/web\/o-m-i-c-oficina-municipal-de-informacion-al-consumidor-casilda\/#primaryimage\"},\"thumbnailUrl\":\"https:\/\/www.casilda.gob.ar\/web\/wp-content\/uploads\/2024\/11\/Cuadrado-amarillo.png\",\"datePublished\":\"2024-10-23T13:49:31+00:00\",\"dateModified\":\"2025-10-28T12:10:43+00:00\",\"breadcrumb\":{\"@id\":\"https:\/\/www.casilda.gob.ar\/web\/o-m-i-c-oficina-municipal-de-informacion-al-consumidor-casilda\/#breadcrumb\"},\"inLanguage\":\"es\",\"potentialAction\":[{\"@type\":\"ReadAction\",\"target\":[\"https:\/\/www.casilda.gob.ar\/web\/o-m-i-c-oficina-municipal-de-informacion-al-consumidor-casilda\/\"]}]},{\"@type\":\"ImageObject\",\"inLanguage\":\"es\",\"@id\":\"https:\/\/www.casilda.gob.ar\/web\/o-m-i-c-oficina-municipal-de-informacion-al-consumidor-casilda\/#primaryimage\",\"url\":\"https:\/\/www.casilda.gob.ar\/web\/wp-content\/uploads\/2024\/11\/Cuadrado-amarillo.png\",\"contentUrl\":\"https:\/\/www.casilda.gob.ar\/web\/wp-content\/uploads\/2024\/11\/Cuadrado-amarillo.png\",\"width\":100,\"height\":100},{\"@type\":\"BreadcrumbList\",\"@id\":\"https:\/\/www.casilda.gob.ar\/web\/o-m-i-c-oficina-municipal-de-informacion-al-consumidor-casilda\/#breadcrumb\",\"itemListElement\":[{\"@type\":\"ListItem\",\"position\":1,\"name\":\"Inicio\",\"item\":\"https:\/\/www.casilda.gob.ar\/web\/\"},{\"@type\":\"ListItem\",\"position\":2,\"name\":\"O.M.I.C. Oficina municipal de informaci\u00f3n al consumidor\"}]},{\"@type\":\"WebSite\",\"@id\":\"https:\/\/www.casilda.gob.ar\/web\/#website\",\"url\":\"https:\/\/www.casilda.gob.ar\/web\/\",\"name\":\"Municipalidad de Casilda\",\"description\":\"Construyendo Futuro\",\"potentialAction\":[{\"@type\":\"SearchAction\",\"target\":{\"@type\":\"EntryPoint\",\"urlTemplate\":\"https:\/\/www.casilda.gob.ar\/web\/?s={search_term_string}\"},\"query-input\":{\"@type\":\"PropertyValueSpecification\",\"valueRequired\":true,\"valueName\":\"search_term_string\"}}],\"inLanguage\":\"es\"}]}<\/script>\n<!-- \/ Yoast SEO plugin. -->","yoast_head_json":{"title":"O.M.I.C. Oficina municipal de informaci\u00f3n al consumidor - Municipalidad de Casilda","robots":{"index":"index","follow":"follow","max-snippet":"max-snippet:-1","max-image-preview":"max-image-preview:large","max-video-preview":"max-video-preview:-1"},"canonical":"https:\/\/www.casilda.gob.ar\/web\/o-m-i-c-oficina-municipal-de-informacion-al-consumidor-casilda\/","og_locale":"es_ES","og_type":"article","og_title":"O.M.I.C. Oficina municipal de informaci\u00f3n al consumidor - Municipalidad de Casilda","og_description":"DEFENSA DEL CONSUMIDOR \u201cUn ciudadano informado es un consumidor que hace ejercer sus derechos\u201d La Funci\u00f3n de la Oficina de Defensa del Consumidor es garantizar que se respeten los derechos de todos los habitantes en materia de consumo, previstos en la Constituci\u00f3n Nacional, en la Ley N\u00ba 24.240 de Defensa del Consumidor, y dem\u00e1s normativas [&hellip;]","og_url":"https:\/\/www.casilda.gob.ar\/web\/o-m-i-c-oficina-municipal-de-informacion-al-consumidor-casilda\/","og_site_name":"Municipalidad de Casilda","article_modified_time":"2025-10-28T12:10:43+00:00","og_image":[{"url":"https:\/\/www.casilda.gob.ar\/web\/wp-content\/uploads\/2024\/11\/Cuadrado-amarillo.png","type":"","width":"","height":""}],"twitter_card":"summary_large_image","twitter_misc":{"Tiempo de lectura":"7 minutos"},"schema":{"@context":"https:\/\/schema.org","@graph":[{"@type":"WebPage","@id":"https:\/\/www.casilda.gob.ar\/web\/o-m-i-c-oficina-municipal-de-informacion-al-consumidor-casilda\/","url":"https:\/\/www.casilda.gob.ar\/web\/o-m-i-c-oficina-municipal-de-informacion-al-consumidor-casilda\/","name":"O.M.I.C. Oficina municipal de informaci\u00f3n al consumidor - Municipalidad de Casilda","isPartOf":{"@id":"https:\/\/www.casilda.gob.ar\/web\/#website"},"primaryImageOfPage":{"@id":"https:\/\/www.casilda.gob.ar\/web\/o-m-i-c-oficina-municipal-de-informacion-al-consumidor-casilda\/#primaryimage"},"image":{"@id":"https:\/\/www.casilda.gob.ar\/web\/o-m-i-c-oficina-municipal-de-informacion-al-consumidor-casilda\/#primaryimage"},"thumbnailUrl":"https:\/\/www.casilda.gob.ar\/web\/wp-content\/uploads\/2024\/11\/Cuadrado-amarillo.png","datePublished":"2024-10-23T13:49:31+00:00","dateModified":"2025-10-28T12:10:43+00:00","breadcrumb":{"@id":"https:\/\/www.casilda.gob.ar\/web\/o-m-i-c-oficina-municipal-de-informacion-al-consumidor-casilda\/#breadcrumb"},"inLanguage":"es","potentialAction":[{"@type":"ReadAction","target":["https:\/\/www.casilda.gob.ar\/web\/o-m-i-c-oficina-municipal-de-informacion-al-consumidor-casilda\/"]}]},{"@type":"ImageObject","inLanguage":"es","@id":"https:\/\/www.casilda.gob.ar\/web\/o-m-i-c-oficina-municipal-de-informacion-al-consumidor-casilda\/#primaryimage","url":"https:\/\/www.casilda.gob.ar\/web\/wp-content\/uploads\/2024\/11\/Cuadrado-amarillo.png","contentUrl":"https:\/\/www.casilda.gob.ar\/web\/wp-content\/uploads\/2024\/11\/Cuadrado-amarillo.png","width":100,"height":100},{"@type":"BreadcrumbList","@id":"https:\/\/www.casilda.gob.ar\/web\/o-m-i-c-oficina-municipal-de-informacion-al-consumidor-casilda\/#breadcrumb","itemListElement":[{"@type":"ListItem","position":1,"name":"Inicio","item":"https:\/\/www.casilda.gob.ar\/web\/"},{"@type":"ListItem","position":2,"name":"O.M.I.C. Oficina municipal de informaci\u00f3n al consumidor"}]},{"@type":"WebSite","@id":"https:\/\/www.casilda.gob.ar\/web\/#website","url":"https:\/\/www.casilda.gob.ar\/web\/","name":"Municipalidad de Casilda","description":"Construyendo Futuro","potentialAction":[{"@type":"SearchAction","target":{"@type":"EntryPoint","urlTemplate":"https:\/\/www.casilda.gob.ar\/web\/?s={search_term_string}"},"query-input":{"@type":"PropertyValueSpecification","valueRequired":true,"valueName":"search_term_string"}}],"inLanguage":"es"}]}},"uagb_featured_image_src":{"full":false,"thumbnail":false,"medium":false,"medium_large":false,"large":false,"1536x1536":false,"2048x2048":false},"uagb_author_info":{"display_name":"Municipalidad Casilda","author_link":"https:\/\/www.casilda.gob.ar\/web\/author\/admin\/"},"uagb_comment_info":0,"uagb_excerpt":"DEFENSA DEL CONSUMIDOR \u201cUn ciudadano informado es un consumidor que hace ejercer sus derechos\u201d La Funci\u00f3n de la Oficina de Defensa del Consumidor es garantizar que se respeten los derechos de todos los habitantes en materia de consumo, previstos en la Constituci\u00f3n Nacional, en la Ley N\u00ba 24.240 de Defensa del Consumidor, y dem\u00e1s normativas&hellip;","_links":{"self":[{"href":"https:\/\/www.casilda.gob.ar\/web\/wp-json\/wp\/v2\/pages\/2720","targetHints":{"allow":["GET"]}}],"collection":[{"href":"https:\/\/www.casilda.gob.ar\/web\/wp-json\/wp\/v2\/pages"}],"about":[{"href":"https:\/\/www.casilda.gob.ar\/web\/wp-json\/wp\/v2\/types\/page"}],"author":[{"embeddable":true,"href":"https:\/\/www.casilda.gob.ar\/web\/wp-json\/wp\/v2\/users\/1"}],"replies":[{"embeddable":true,"href":"https:\/\/www.casilda.gob.ar\/web\/wp-json\/wp\/v2\/comments?post=2720"}],"version-history":[{"count":3,"href":"https:\/\/www.casilda.gob.ar\/web\/wp-json\/wp\/v2\/pages\/2720\/revisions"}],"predecessor-version":[{"id":13353,"href":"https:\/\/www.casilda.gob.ar\/web\/wp-json\/wp\/v2\/pages\/2720\/revisions\/13353"}],"wp:attachment":[{"href":"https:\/\/www.casilda.gob.ar\/web\/wp-json\/wp\/v2\/media?parent=2720"}],"curies":[{"name":"wp","href":"https:\/\/api.w.org\/{rel}","templated":true}]}}