{"id":2780,"date":"2024-10-25T12:53:26","date_gmt":"2024-10-25T12:53:26","guid":{"rendered":"https:\/\/www.casilda.gob.ar\/web\/?page_id=2780"},"modified":"2025-09-03T10:27:55","modified_gmt":"2025-09-03T13:27:55","slug":"el-centro-educativo-y-cultural-eduardo-bracaccini-casilda","status":"publish","type":"page","link":"https:\/\/www.casilda.gob.ar\/web\/el-centro-educativo-y-cultural-eduardo-bracaccini-casilda\/","title":{"rendered":"Centro Educativo y Cultural \u201cEduardo Bracaccini\u201d"},"content":{"rendered":"\n<p>El Centro Educativo y Cultural \u201cEduardo Bracaccini\u201d se cre\u00f3 por decreto N\u00b0 072 el 7 de Junio del a\u00f1o 2023 y se inaugur\u00f3 el d\u00eda 7 de Diciembre del mismo a\u00f1o.<br>Se crea con el fin de igualar oportunidades de acceso a la Cultura, Educaci\u00f3n y Recreaci\u00f3n para un sector de la poblaci\u00f3n que no cuenta con un espacio de estas caracter\u00edsticas en su cercan\u00eda. Se contempla el desarrollo de diferentes capacitaciones que permitan expandir conocimientos y habilidades a la comunidad.<br>El Centro Educativo y Cultural \u201cEduardo Bracaccini\u201d funciona en calle Remedios de Escalada N\u00b04250.<\/p>\n\n\n\n<p>Dentro del Centro funciona La Biblioteca P\u00fablica Municipal \u201cEdmundo de Amicis\u201d creada por decreto N\u00b0 058 el 3 de Mayo del a\u00f1o 2023 y se inaugur\u00f3 el d\u00eda 29 de Junio del mismo a\u00f1o.<br>Actualmente cuenta con un patrimonio de m\u00e1s de 3500 libros donados por la Biblioteca Nacional Mariano Moreno y el Ministerio de Cultura y Educaci\u00f3n de la Naci\u00f3n entre otros.<br>El espacio es de acceso libre y gratuito. Para el retiro de material hay que hacerse socio sin costo. El horario de apertura al p\u00fablico es de 8 a 12 y de 15 a 18hs.<br>Actualmente se llevan a cabo los talleres de dibujo y ajedrez.<\/p>\n\n\n\n<div class=\"wp-block-group is-vertical is-content-justification-center is-nowrap is-layout-flex wp-container-core-group-is-layout-2 wp-block-group-is-layout-flex\">\n<div class=\"wp-block-group has-global-padding is-content-justification-center is-layout-constrained wp-container-core-group-is-layout-1 wp-block-group-is-layout-constrained\">\t\t\t\t\t<div\n\t\t\t\t\t\tclass=\"wp-block-uagb-image-gallery uagb-block-0b34fcd2     \"\n\t\t\t\t\t\tstyle=\"\"\n\t\t\t\t\t>\n\t\t\t\t\t\t\t\t\t\t\t<div class=\"spectra-image-gallery spectra-image-gallery__layout--grid spectra-image-gallery__layout--grid-col-3 spectra-image-gallery__layout--grid-col-tab-3 spectra-image-gallery__layout--grid-col-mob-2\">\n\t\t\t\t\t\t\t\t\t\t\t<div class='spectra-image-gallery__media-wrapper' data-spectra-gallery-image-id='2781' tabindex=\"0\">\n\t\t\t\t\t\t\t<div class=\"spectra-image-gallery__media spectra-image-gallery__media--grid\">\n\t\t\t\t<picture>\n\t\t\t\t\t<source media=\"(min-width: 1024px)\" srcset=\"https:\/\/www.casilda.gob.ar\/web\/wp-content\/uploads\/2024\/10\/BIBLIO1-1-1024x768.jpeg\">\n\t\t\t\t\t<source media=\"(min-width: 768px)\" srcset=\"https:\/\/www.casilda.gob.ar\/web\/wp-content\/uploads\/2024\/10\/BIBLIO1-1-1024x768.jpeg\">\n\t\t\t\t\t<img decoding=\"async\" class=\"spectra-image-gallery__media-thumbnail spectra-image-gallery__media-thumbnail--grid\" src=\"https:\/\/www.casilda.gob.ar\/web\/wp-content\/uploads\/2024\/10\/BIBLIO1-1-300x225.jpeg\" alt=\"\" loading=\"lazy\" \/>\n\t\t\t\t<\/picture>\n\t\t\t\t<div class=\"spectra-image-gallery__media-thumbnail-blurrer\"><\/div>\n\t\t\t\t\t\t\t\t\t\t\t<div class=\"spectra-image-gallery__media-thumbnail-caption-wrapper spectra-image-gallery__media-thumbnail-caption-wrapper--overlay\"><\/div>\n\t\t\t\t\t\t\t\t<\/div>\n\t\t\t\t\t\t<\/div>\n\t\t\t\t\t\t<div class='spectra-image-gallery__media-wrapper' data-spectra-gallery-image-id='2784' tabindex=\"0\">\n\t\t\t\t\t\t\t<div class=\"spectra-image-gallery__media spectra-image-gallery__media--grid\">\n\t\t\t\t<picture>\n\t\t\t\t\t<source media=\"(min-width: 1024px)\" srcset=\"https:\/\/www.casilda.gob.ar\/web\/wp-content\/uploads\/2024\/10\/BIBLIO2-1024x768.jpeg\">\n\t\t\t\t\t<source media=\"(min-width: 768px)\" srcset=\"https:\/\/www.casilda.gob.ar\/web\/wp-content\/uploads\/2024\/10\/BIBLIO2-1024x768.jpeg\">\n\t\t\t\t\t<img decoding=\"async\" class=\"spectra-image-gallery__media-thumbnail spectra-image-gallery__media-thumbnail--grid\" src=\"https:\/\/www.casilda.gob.ar\/web\/wp-content\/uploads\/2024\/10\/BIBLIO2-300x225.jpeg\" alt=\"\" loading=\"lazy\" \/>\n\t\t\t\t<\/picture>\n\t\t\t\t<div class=\"spectra-image-gallery__media-thumbnail-blurrer\"><\/div>\n\t\t\t\t\t\t\t\t\t\t\t<div class=\"spectra-image-gallery__media-thumbnail-caption-wrapper spectra-image-gallery__media-thumbnail-caption-wrapper--overlay\"><\/div>\n\t\t\t\t\t\t\t\t<\/div>\n\t\t\t\t\t\t<\/div>\n\t\t\t\t\t\t<div class='spectra-image-gallery__media-wrapper' data-spectra-gallery-image-id='2786' tabindex=\"0\">\n\t\t\t\t\t\t\t<div class=\"spectra-image-gallery__media spectra-image-gallery__media--grid\">\n\t\t\t\t<picture>\n\t\t\t\t\t<source media=\"(min-width: 1024px)\" srcset=\"https:\/\/www.casilda.gob.ar\/web\/wp-content\/uploads\/2024\/10\/BIBLIO3-1024x768.jpeg\">\n\t\t\t\t\t<source media=\"(min-width: 768px)\" srcset=\"https:\/\/www.casilda.gob.ar\/web\/wp-content\/uploads\/2024\/10\/BIBLIO3-1024x768.jpeg\">\n\t\t\t\t\t<img decoding=\"async\" class=\"spectra-image-gallery__media-thumbnail spectra-image-gallery__media-thumbnail--grid\" src=\"https:\/\/www.casilda.gob.ar\/web\/wp-content\/uploads\/2024\/10\/BIBLIO3-300x225.jpeg\" alt=\"\" loading=\"lazy\" \/>\n\t\t\t\t<\/picture>\n\t\t\t\t<div class=\"spectra-image-gallery__media-thumbnail-blurrer\"><\/div>\n\t\t\t\t\t\t\t\t\t\t\t<div class=\"spectra-image-gallery__media-thumbnail-caption-wrapper spectra-image-gallery__media-thumbnail-caption-wrapper--overlay\"><\/div>\n\t\t\t\t\t\t\t\t<\/div>\n\t\t\t\t\t\t<\/div>\n\t\t\t\t\t\t\t\t\t\t<\/div>\n\t\t\t\t\t\t\t\t\t\t\t\t\t\t\t\t\t\t<\/div>\n\t\t\t\t\t\t\t\t\t\t\t<div class='spectra-image-gallery__control-lightbox' tabindex='0'>\n\t\t\t\t\t\t\t\t\t\t\t<div class=\"swiper spectra-image-gallery__control-lightbox--main\" dir=\"\">\n\t\t\t\t\t<div class=\"swiper-wrapper\">\n\t\t\t\t\t\t\t\t\t\t\t\t\t\n\t\t\t\t\t\t\t<div class=\"swiper-slide\">\n\t\t\t\t\t\t\t\t<img class=\"swiper-lazy\" data-src=\"https:\/\/www.casilda.gob.ar\/web\/wp-content\/uploads\/2024\/10\/BIBLIO1-1.jpeg\" alt=\"\"\/>\n\t\t\t\t\t\t\t\t<div class=\"swiper-lazy-preloader swiper-lazy-preloader-white\"><\/div>\n\t\t\t\t\t\t\t\t\t\t\t\t\t\t\t<\/div>\n\t\t\t\t\t\t\t\t\t\t\t\t\t\n\t\t\t\t\t\t\t<div class=\"swiper-slide\">\n\t\t\t\t\t\t\t\t<img class=\"swiper-lazy\" data-src=\"https:\/\/www.casilda.gob.ar\/web\/wp-content\/uploads\/2024\/10\/BIBLIO2.jpeg\" alt=\"\"\/>\n\t\t\t\t\t\t\t\t<div class=\"swiper-lazy-preloader swiper-lazy-preloader-white\"><\/div>\n\t\t\t\t\t\t\t\t\t\t\t\t\t\t\t<\/div>\n\t\t\t\t\t\t\t\t\t\t\t\t\t\n\t\t\t\t\t\t\t<div class=\"swiper-slide\">\n\t\t\t\t\t\t\t\t<img class=\"swiper-lazy\" data-src=\"https:\/\/www.casilda.gob.ar\/web\/wp-content\/uploads\/2024\/10\/BIBLIO3.jpeg\" alt=\"\"\/>\n\t\t\t\t\t\t\t\t<div class=\"swiper-lazy-preloader swiper-lazy-preloader-white\"><\/div>\n\t\t\t\t\t\t\t\t\t\t\t\t\t\t\t<\/div>\n\t\t\t\t\t\t\t\t\t\t\t<\/div>\n\t\t\t\t\t<div class=\"swiper-button-next\"><\/div>\n\t\t\t\t\t<div class=\"swiper-button-prev\"><\/div>\n\t\t\t\t<\/div>\t\t\t\n\t\t\t\t\t\t\t\t\t\t\t\t\t\t\t\t\t\t\t\t\t\t\t\t\t\t\t\t\t\t\t\t<button class='spectra-image-gallery__control-lightbox--close' aria-label=\"Close\">\n\t\t\t\t\t\t\t\t\t\t\t\t\t<svg xmlns=\"https:\/\/www.w3.org\/2000\/svg\" viewBox= \"0 0 320 512\"><path d=\"M310.6 361.4c12.5 12.5 12.5 32.75 0 45.25C304.4 412.9 296.2 416 288 416s-16.38-3.125-22.62-9.375L160 301.3L54.63 406.6C48.38 412.9 40.19 416 32 416S15.63 412.9 9.375 406.6c-12.5-12.5-12.5-32.75 0-45.25l105.4-105.4L9.375 150.6c-12.5-12.5-12.5-32.75 0-45.25s32.75-12.5 45.25 0L160 210.8l105.4-105.4c12.5-12.5 32.75-12.5 45.25 0s12.5 32.75 0 45.25l-105.4 105.4L310.6 361.4z\"><\/path><\/svg>\n\t\t\t\t\t\t\t\t\t\t\t\t<\/button>\n\t\t\t\t\t\t\t\t\t\t\t\t\t<\/div>\n\t\t\t\t\t\t\t\t\t<\/div>\n\n\n\n\t\t\t<div class=\"wp-block-uagb-post-grid uagb-post-grid  uagb-post__image-position-top uagb-post__image-enabled uagb-block-47ee8e34     uagb-post__items uagb-post__columns-2 is-grid uagb-post__columns-tablet-2 uagb-post__columns-mobile-1 uagb-post__equal-height\" data-total=\"4\" style=\"\">\n\n\t\t\t\t\t\t\t\t\t\t\t\t<article class=\"uagb-post__inner-wrap\">\t\t\t\t\t\t\t\t<div class='uagb-post__image'>\n\t\t\t\t\t\t\t\t\t<a href=\"https:\/\/www.casilda.gob.ar\/web\/finalizo-con-exito-el-curso-de-automaquillaje\/\" target=\"_self\" rel=\"bookmark noopener noreferrer\" class='uagb-image-ratio-inherit'><img loading=\"lazy\" decoding=\"async\" width=\"1024\" height=\"160\" src=\"https:\/\/www.casilda.gob.ar\/web\/wp-content\/uploads\/2025\/08\/PORTADA-NOTICIAS-Curso-Automaquillaje-Casilda-1024x160.png\" class=\"attachment-large size-large\" alt=\"\" srcset=\"https:\/\/www.casilda.gob.ar\/web\/wp-content\/uploads\/2025\/08\/PORTADA-NOTICIAS-Curso-Automaquillaje-Casilda-1024x160.png 1024w, https:\/\/www.casilda.gob.ar\/web\/wp-content\/uploads\/2025\/08\/PORTADA-NOTICIAS-Curso-Automaquillaje-Casilda-300x47.png 300w, https:\/\/www.casilda.gob.ar\/web\/wp-content\/uploads\/2025\/08\/PORTADA-NOTICIAS-Curso-Automaquillaje-Casilda-768x120.png 768w, https:\/\/www.casilda.gob.ar\/web\/wp-content\/uploads\/2025\/08\/PORTADA-NOTICIAS-Curso-Automaquillaje-Casilda-1536x240.png 1536w, https:\/\/www.casilda.gob.ar\/web\/wp-content\/uploads\/2025\/08\/PORTADA-NOTICIAS-Curso-Automaquillaje-Casilda.png 1920w\" sizes=\"auto, (max-width: 1024px) 100vw, 1024px\" \/>\t\t\t\t\t<\/a>\n\t\t\t\t\t\t\t<\/div>\n\t\t\t\t\t\t<h4 class=\"uagb-post__title uagb-post__text\">\n\t\t\t\t<a href=\"https:\/\/www.casilda.gob.ar\/web\/finalizo-con-exito-el-curso-de-automaquillaje\/\" target=\"_self\" rel=\"bookmark noopener noreferrer\">Finaliz\u00f3 con \u00e9xito el Curso de Automaquillaje<\/a>\n\t\t\t<\/h4>\n\t\t\t\t\t\t<div class='uagb-post__text uagb-post-grid-byline'>\n\t\t\t\t\t\t\t\t<time datetime=\"2025-08-26T23:26:00-03:00\" class=\"uagb-post__date\">\n\t\t\t\t<span class=\"dashicons-calendar dashicons\"><\/span>\t\t\t\t\tagosto 26, 2025\t\t\t\t<\/time>\n\t\t\t\t\t\t<\/div>\n\t\t\t\t\t\t\t<div class='uagb-post__text uagb-post__excerpt'>\n\t\t\t\t\t<p>\u2705 Finaliz\u00f3 con \u00e9xito el Curso Gratuito de Automaquillaje La Municipalidad de Casilda informa que&#8230;\t\t\t\t<\/div>\n\t\t\t\t\t\t<div class=\"uagb-post__text uagb-post__cta wp-block-button\">\n\t\t\t\t<a class=\"wp-block-button__link uagb-text-link\" style=\"\" href=\"https:\/\/www.casilda.gob.ar\/web\/finalizo-con-exito-el-curso-de-automaquillaje\/\" target=\"_self\" rel=\"bookmark noopener noreferrer\">Leer m\u00e1s<\/a>\n\t\t\t<\/div>\n\t\t\t\n\t\t\t\t\t\t\t\t\t<\/article>\n\t\t\t\t\t\t\t\t\t\t\t\t\t\t\t\t<article class=\"uagb-post__inner-wrap\">\t\t\t\t\t\t\t\t<div class='uagb-post__image'>\n\t\t\t\t\t\t\t\t\t<a href=\"https:\/\/www.casilda.gob.ar\/web\/la-municipalidad-de-casilda-celebro-el-dia-del-nino\/\" target=\"_self\" rel=\"bookmark noopener noreferrer\" class='uagb-image-ratio-inherit'><img loading=\"lazy\" decoding=\"async\" width=\"1024\" height=\"160\" src=\"https:\/\/www.casilda.gob.ar\/web\/wp-content\/uploads\/2025\/08\/PORTADA-NOTICIAS-2025-08-25T104438.437-1024x160.png\" class=\"attachment-large size-large\" alt=\"\" srcset=\"https:\/\/www.casilda.gob.ar\/web\/wp-content\/uploads\/2025\/08\/PORTADA-NOTICIAS-2025-08-25T104438.437-1024x160.png 1024w, https:\/\/www.casilda.gob.ar\/web\/wp-content\/uploads\/2025\/08\/PORTADA-NOTICIAS-2025-08-25T104438.437-300x47.png 300w, https:\/\/www.casilda.gob.ar\/web\/wp-content\/uploads\/2025\/08\/PORTADA-NOTICIAS-2025-08-25T104438.437-768x120.png 768w, https:\/\/www.casilda.gob.ar\/web\/wp-content\/uploads\/2025\/08\/PORTADA-NOTICIAS-2025-08-25T104438.437-1536x240.png 1536w, https:\/\/www.casilda.gob.ar\/web\/wp-content\/uploads\/2025\/08\/PORTADA-NOTICIAS-2025-08-25T104438.437.png 1920w\" sizes=\"auto, (max-width: 1024px) 100vw, 1024px\" \/>\t\t\t\t\t<\/a>\n\t\t\t\t\t\t\t<\/div>\n\t\t\t\t\t\t<h4 class=\"uagb-post__title uagb-post__text\">\n\t\t\t\t<a href=\"https:\/\/www.casilda.gob.ar\/web\/la-municipalidad-de-casilda-celebro-el-dia-del-nino\/\" target=\"_self\" rel=\"bookmark noopener noreferrer\">La Municipalidad de Casilda celebr\u00f3 el D\u00eda del Ni\u00f1o<\/a>\n\t\t\t<\/h4>\n\t\t\t\t\t\t<div class='uagb-post__text uagb-post-grid-byline'>\n\t\t\t\t\t\t\t\t<time datetime=\"2025-08-25T11:32:34-03:00\" class=\"uagb-post__date\">\n\t\t\t\t<span class=\"dashicons-calendar dashicons\"><\/span>\t\t\t\t\tagosto 25, 2025\t\t\t\t<\/time>\n\t\t\t\t\t\t<\/div>\n\t\t\t\t\t\t\t<div class='uagb-post__text uagb-post__excerpt'>\n\t\t\t\t\t<p>La Municipalidad de Casilda celebr\u00f3 el D\u00eda del Ni\u00f1o en distintos espacios de la ciudad&#8230;\t\t\t\t<\/div>\n\t\t\t\t\t\t<div class=\"uagb-post__text uagb-post__cta wp-block-button\">\n\t\t\t\t<a class=\"wp-block-button__link uagb-text-link\" style=\"\" href=\"https:\/\/www.casilda.gob.ar\/web\/la-municipalidad-de-casilda-celebro-el-dia-del-nino\/\" target=\"_self\" rel=\"bookmark noopener noreferrer\">Leer m\u00e1s<\/a>\n\t\t\t<\/div>\n\t\t\t\n\t\t\t\t\t\t\t\t\t<\/article>\n\t\t\t\t\t\t\t\t\t\t\t\t\t\t\t\t<article class=\"uagb-post__inner-wrap\">\t\t\t\t\t\t\t\t<div class='uagb-post__image'>\n\t\t\t\t\t\t\t\t\t<a href=\"https:\/\/www.casilda.gob.ar\/web\/juegos-magia-y-sorpresas-en-el-dia-del-nino\/\" target=\"_self\" rel=\"bookmark noopener noreferrer\" class='uagb-image-ratio-inherit'><img loading=\"lazy\" decoding=\"async\" width=\"1024\" height=\"160\" src=\"https:\/\/www.casilda.gob.ar\/web\/wp-content\/uploads\/2025\/08\/PORTADA-Dia-del-nino-en-el-Bracaccini-1024x160.png\" class=\"attachment-large size-large\" alt=\"\" srcset=\"https:\/\/www.casilda.gob.ar\/web\/wp-content\/uploads\/2025\/08\/PORTADA-Dia-del-nino-en-el-Bracaccini-1024x160.png 1024w, https:\/\/www.casilda.gob.ar\/web\/wp-content\/uploads\/2025\/08\/PORTADA-Dia-del-nino-en-el-Bracaccini-300x47.png 300w, https:\/\/www.casilda.gob.ar\/web\/wp-content\/uploads\/2025\/08\/PORTADA-Dia-del-nino-en-el-Bracaccini-768x120.png 768w, https:\/\/www.casilda.gob.ar\/web\/wp-content\/uploads\/2025\/08\/PORTADA-Dia-del-nino-en-el-Bracaccini-1536x240.png 1536w, https:\/\/www.casilda.gob.ar\/web\/wp-content\/uploads\/2025\/08\/PORTADA-Dia-del-nino-en-el-Bracaccini.png 1920w\" sizes=\"auto, (max-width: 1024px) 100vw, 1024px\" \/>\t\t\t\t\t<\/a>\n\t\t\t\t\t\t\t<\/div>\n\t\t\t\t\t\t<h4 class=\"uagb-post__title uagb-post__text\">\n\t\t\t\t<a href=\"https:\/\/www.casilda.gob.ar\/web\/juegos-magia-y-sorpresas-en-el-dia-del-nino\/\" target=\"_self\" rel=\"bookmark noopener noreferrer\">Juegos, magia y sorpresas en el D\u00eda del Ni\u00f1o<\/a>\n\t\t\t<\/h4>\n\t\t\t\t\t\t<div class='uagb-post__text uagb-post-grid-byline'>\n\t\t\t\t\t\t\t\t<time datetime=\"2025-08-19T10:37:47-03:00\" class=\"uagb-post__date\">\n\t\t\t\t<span class=\"dashicons-calendar dashicons\"><\/span>\t\t\t\t\tagosto 19, 2025\t\t\t\t<\/time>\n\t\t\t\t\t\t<\/div>\n\t\t\t\t\t\t\t<div class='uagb-post__text uagb-post__excerpt'>\n\t\t\t\t\t<p>\ud83c\udfa0 Juegos, magia y sorpresas en el D\u00eda del Ni\u00f1o Este s\u00e1bado 23 de agosto,&#8230;\t\t\t\t<\/div>\n\t\t\t\t\t\t<div class=\"uagb-post__text uagb-post__cta wp-block-button\">\n\t\t\t\t<a class=\"wp-block-button__link uagb-text-link\" style=\"\" href=\"https:\/\/www.casilda.gob.ar\/web\/juegos-magia-y-sorpresas-en-el-dia-del-nino\/\" target=\"_self\" rel=\"bookmark noopener noreferrer\">Leer m\u00e1s<\/a>\n\t\t\t<\/div>\n\t\t\t\n\t\t\t\t\t\t\t\t\t<\/article>\n\t\t\t\t\t\t\t\t\t\t\t\t\t\t\t\t<article class=\"uagb-post__inner-wrap\">\t\t\t\t\t\t\t\t<div class='uagb-post__image'>\n\t\t\t\t\t\t\t\t\t<a href=\"https:\/\/www.casilda.gob.ar\/web\/inicio-del-curso-gratuito-de-automaquillaje\/\" target=\"_self\" rel=\"bookmark noopener noreferrer\" class='uagb-image-ratio-inherit'><img loading=\"lazy\" decoding=\"async\" width=\"1024\" height=\"160\" src=\"https:\/\/www.casilda.gob.ar\/web\/wp-content\/uploads\/2025\/07\/PORTADA-Curso-Automaquillaje-Casilda-1024x160.png\" class=\"attachment-large size-large\" alt=\"\" srcset=\"https:\/\/www.casilda.gob.ar\/web\/wp-content\/uploads\/2025\/07\/PORTADA-Curso-Automaquillaje-Casilda-1024x160.png 1024w, https:\/\/www.casilda.gob.ar\/web\/wp-content\/uploads\/2025\/07\/PORTADA-Curso-Automaquillaje-Casilda-300x47.png 300w, https:\/\/www.casilda.gob.ar\/web\/wp-content\/uploads\/2025\/07\/PORTADA-Curso-Automaquillaje-Casilda-768x120.png 768w, https:\/\/www.casilda.gob.ar\/web\/wp-content\/uploads\/2025\/07\/PORTADA-Curso-Automaquillaje-Casilda-1536x240.png 1536w, https:\/\/www.casilda.gob.ar\/web\/wp-content\/uploads\/2025\/07\/PORTADA-Curso-Automaquillaje-Casilda.png 1920w\" sizes=\"auto, (max-width: 1024px) 100vw, 1024px\" \/>\t\t\t\t\t<\/a>\n\t\t\t\t\t\t\t<\/div>\n\t\t\t\t\t\t<h4 class=\"uagb-post__title uagb-post__text\">\n\t\t\t\t<a href=\"https:\/\/www.casilda.gob.ar\/web\/inicio-del-curso-gratuito-de-automaquillaje\/\" target=\"_self\" rel=\"bookmark noopener noreferrer\">Inicio del Curso Gratuito de Automaquillaje<\/a>\n\t\t\t<\/h4>\n\t\t\t\t\t\t<div class='uagb-post__text uagb-post-grid-byline'>\n\t\t\t\t\t\t\t\t<time datetime=\"2025-07-22T10:40:50-03:00\" class=\"uagb-post__date\">\n\t\t\t\t<span class=\"dashicons-calendar dashicons\"><\/span>\t\t\t\t\tjulio 22, 2025\t\t\t\t<\/time>\n\t\t\t\t\t\t<\/div>\n\t\t\t\t\t\t\t<div class='uagb-post__text uagb-post__excerpt'>\n\t\t\t\t\t<p>Este lunes dio inicio el Curso Gratuito de Automaquillaje, una propuesta impulsada por la Municipalidad&#8230;\t\t\t\t<\/div>\n\t\t\t\t\t\t<div class=\"uagb-post__text uagb-post__cta wp-block-button\">\n\t\t\t\t<a class=\"wp-block-button__link uagb-text-link\" style=\"\" href=\"https:\/\/www.casilda.gob.ar\/web\/inicio-del-curso-gratuito-de-automaquillaje\/\" target=\"_self\" rel=\"bookmark noopener noreferrer\">Leer m\u00e1s<\/a>\n\t\t\t<\/div>\n\t\t\t\n\t\t\t\t\t\t\t\t\t<\/article>\n\t\t\t\t\t\t\t\t\t\t\t\t\t<div class=\"uagb-post-pagination-wrap\">\n\t\t\t\t\t\t<span aria-current=\"page\" class=\"page-numbers current\">1<\/span>\n<a class=\"page-numbers\" href=\"https:\/\/www.casilda.gob.ar\/web\/wp-json\/wp\/v2\/pages\/2780\/page\/2\/\">2<\/a>\n<a class=\"page-numbers\" href=\"https:\/\/www.casilda.gob.ar\/web\/wp-json\/wp\/v2\/pages\/2780\/page\/3\/\">3<\/a>\n<a class=\"page-numbers\" href=\"https:\/\/www.casilda.gob.ar\/web\/wp-json\/wp\/v2\/pages\/2780\/page\/4\/\">4<\/a>\n<a class=\"next page-numbers\" href=\"https:\/\/www.casilda.gob.ar\/web\/wp-json\/wp\/v2\/pages\/2780\/page\/2\/\">Next \u00bb<\/a>\t\t\t\t\t<\/div>\n\t\t\t\t\t\t\t\t<\/div>\n\t\t\t<\/div>\n","protected":false},"excerpt":{"rendered":"<p>El Centro Educativo y Cultural \u201cEduardo Bracaccini\u201d se cre\u00f3 por decreto N\u00b0 072 el 7 de Junio del a\u00f1o 2023 y se inaugur\u00f3 el d\u00eda 7 de Diciembre del mismo a\u00f1o.Se crea con el fin de igualar oportunidades de acceso a la Cultura, Educaci\u00f3n y Recreaci\u00f3n para un sector de la poblaci\u00f3n que no cuenta [&hellip;]<\/p>\n","protected":false},"author":1,"featured_media":0,"parent":0,"menu_order":0,"comment_status":"closed","ping_status":"closed","template":"","meta":{"_uag_custom_page_level_css":"","footnotes":""},"class_list":["post-2780","page","type-page","status-publish","hentry"],"yoast_head":"<!-- This site is optimized with the Yoast SEO plugin v26.8 - https:\/\/yoast.com\/product\/yoast-seo-wordpress\/ -->\n<title>Centro Educativo y Cultural \u201cEduardo Bracaccini\u201d - Municipalidad de Casilda<\/title>\n<meta name=\"robots\" content=\"index, follow, max-snippet:-1, max-image-preview:large, max-video-preview:-1\" \/>\n<link rel=\"canonical\" href=\"https:\/\/www.casilda.gob.ar\/web\/el-centro-educativo-y-cultural-eduardo-bracaccini-casilda\/\" \/>\n<meta property=\"og:locale\" content=\"es_ES\" \/>\n<meta property=\"og:type\" content=\"article\" \/>\n<meta property=\"og:title\" content=\"Centro Educativo y Cultural \u201cEduardo Bracaccini\u201d - Municipalidad de Casilda\" \/>\n<meta property=\"og:description\" content=\"El Centro Educativo y Cultural \u201cEduardo Bracaccini\u201d se cre\u00f3 por decreto N\u00b0 072 el 7 de Junio del a\u00f1o 2023 y se inaugur\u00f3 el d\u00eda 7 de Diciembre del mismo a\u00f1o.Se crea con el fin de igualar oportunidades de acceso a la Cultura, Educaci\u00f3n y Recreaci\u00f3n para un sector de la poblaci\u00f3n que no cuenta [&hellip;]\" \/>\n<meta property=\"og:url\" content=\"https:\/\/www.casilda.gob.ar\/web\/el-centro-educativo-y-cultural-eduardo-bracaccini-casilda\/\" \/>\n<meta property=\"og:site_name\" content=\"Municipalidad de Casilda\" \/>\n<meta property=\"article:modified_time\" content=\"2025-09-03T13:27:55+00:00\" \/>\n<meta name=\"twitter:card\" content=\"summary_large_image\" \/>\n<meta name=\"twitter:label1\" content=\"Tiempo de lectura\" \/>\n\t<meta name=\"twitter:data1\" content=\"1 minuto\" \/>\n<script type=\"application\/ld+json\" class=\"yoast-schema-graph\">{\"@context\":\"https:\/\/schema.org\",\"@graph\":[{\"@type\":\"WebPage\",\"@id\":\"https:\/\/www.casilda.gob.ar\/web\/el-centro-educativo-y-cultural-eduardo-bracaccini-casilda\/\",\"url\":\"https:\/\/www.casilda.gob.ar\/web\/el-centro-educativo-y-cultural-eduardo-bracaccini-casilda\/\",\"name\":\"Centro Educativo y Cultural \u201cEduardo Bracaccini\u201d - Municipalidad de Casilda\",\"isPartOf\":{\"@id\":\"https:\/\/www.casilda.gob.ar\/web\/#website\"},\"datePublished\":\"2024-10-25T12:53:26+00:00\",\"dateModified\":\"2025-09-03T13:27:55+00:00\",\"breadcrumb\":{\"@id\":\"https:\/\/www.casilda.gob.ar\/web\/el-centro-educativo-y-cultural-eduardo-bracaccini-casilda\/#breadcrumb\"},\"inLanguage\":\"es\",\"potentialAction\":[{\"@type\":\"ReadAction\",\"target\":[\"https:\/\/www.casilda.gob.ar\/web\/el-centro-educativo-y-cultural-eduardo-bracaccini-casilda\/\"]}]},{\"@type\":\"BreadcrumbList\",\"@id\":\"https:\/\/www.casilda.gob.ar\/web\/el-centro-educativo-y-cultural-eduardo-bracaccini-casilda\/#breadcrumb\",\"itemListElement\":[{\"@type\":\"ListItem\",\"position\":1,\"name\":\"Inicio\",\"item\":\"https:\/\/www.casilda.gob.ar\/web\/\"},{\"@type\":\"ListItem\",\"position\":2,\"name\":\"Centro Educativo y Cultural \u201cEduardo Bracaccini\u201d\"}]},{\"@type\":\"WebSite\",\"@id\":\"https:\/\/www.casilda.gob.ar\/web\/#website\",\"url\":\"https:\/\/www.casilda.gob.ar\/web\/\",\"name\":\"Municipalidad de Casilda\",\"description\":\"Construyendo Futuro\",\"potentialAction\":[{\"@type\":\"SearchAction\",\"target\":{\"@type\":\"EntryPoint\",\"urlTemplate\":\"https:\/\/www.casilda.gob.ar\/web\/?s={search_term_string}\"},\"query-input\":{\"@type\":\"PropertyValueSpecification\",\"valueRequired\":true,\"valueName\":\"search_term_string\"}}],\"inLanguage\":\"es\"}]}<\/script>\n<!-- \/ Yoast SEO plugin. -->","yoast_head_json":{"title":"Centro Educativo y Cultural \u201cEduardo Bracaccini\u201d - Municipalidad de Casilda","robots":{"index":"index","follow":"follow","max-snippet":"max-snippet:-1","max-image-preview":"max-image-preview:large","max-video-preview":"max-video-preview:-1"},"canonical":"https:\/\/www.casilda.gob.ar\/web\/el-centro-educativo-y-cultural-eduardo-bracaccini-casilda\/","og_locale":"es_ES","og_type":"article","og_title":"Centro Educativo y Cultural \u201cEduardo Bracaccini\u201d - Municipalidad de Casilda","og_description":"El Centro Educativo y Cultural \u201cEduardo Bracaccini\u201d se cre\u00f3 por decreto N\u00b0 072 el 7 de Junio del a\u00f1o 2023 y se inaugur\u00f3 el d\u00eda 7 de Diciembre del mismo a\u00f1o.Se crea con el fin de igualar oportunidades de acceso a la Cultura, Educaci\u00f3n y Recreaci\u00f3n para un sector de la poblaci\u00f3n que no cuenta [&hellip;]","og_url":"https:\/\/www.casilda.gob.ar\/web\/el-centro-educativo-y-cultural-eduardo-bracaccini-casilda\/","og_site_name":"Municipalidad de Casilda","article_modified_time":"2025-09-03T13:27:55+00:00","twitter_card":"summary_large_image","twitter_misc":{"Tiempo de lectura":"1 minuto"},"schema":{"@context":"https:\/\/schema.org","@graph":[{"@type":"WebPage","@id":"https:\/\/www.casilda.gob.ar\/web\/el-centro-educativo-y-cultural-eduardo-bracaccini-casilda\/","url":"https:\/\/www.casilda.gob.ar\/web\/el-centro-educativo-y-cultural-eduardo-bracaccini-casilda\/","name":"Centro Educativo y Cultural \u201cEduardo Bracaccini\u201d - Municipalidad de Casilda","isPartOf":{"@id":"https:\/\/www.casilda.gob.ar\/web\/#website"},"datePublished":"2024-10-25T12:53:26+00:00","dateModified":"2025-09-03T13:27:55+00:00","breadcrumb":{"@id":"https:\/\/www.casilda.gob.ar\/web\/el-centro-educativo-y-cultural-eduardo-bracaccini-casilda\/#breadcrumb"},"inLanguage":"es","potentialAction":[{"@type":"ReadAction","target":["https:\/\/www.casilda.gob.ar\/web\/el-centro-educativo-y-cultural-eduardo-bracaccini-casilda\/"]}]},{"@type":"BreadcrumbList","@id":"https:\/\/www.casilda.gob.ar\/web\/el-centro-educativo-y-cultural-eduardo-bracaccini-casilda\/#breadcrumb","itemListElement":[{"@type":"ListItem","position":1,"name":"Inicio","item":"https:\/\/www.casilda.gob.ar\/web\/"},{"@type":"ListItem","position":2,"name":"Centro Educativo y Cultural \u201cEduardo Bracaccini\u201d"}]},{"@type":"WebSite","@id":"https:\/\/www.casilda.gob.ar\/web\/#website","url":"https:\/\/www.casilda.gob.ar\/web\/","name":"Municipalidad de Casilda","description":"Construyendo Futuro","potentialAction":[{"@type":"SearchAction","target":{"@type":"EntryPoint","urlTemplate":"https:\/\/www.casilda.gob.ar\/web\/?s={search_term_string}"},"query-input":{"@type":"PropertyValueSpecification","valueRequired":true,"valueName":"search_term_string"}}],"inLanguage":"es"}]}},"uagb_featured_image_src":{"full":false,"thumbnail":false,"medium":false,"medium_large":false,"large":false,"1536x1536":false,"2048x2048":false},"uagb_author_info":{"display_name":"Municipalidad Casilda","author_link":"https:\/\/www.casilda.gob.ar\/web\/author\/admin\/"},"uagb_comment_info":0,"uagb_excerpt":"El Centro Educativo y Cultural \u201cEduardo Bracaccini\u201d se cre\u00f3 por decreto N\u00b0 072 el 7 de Junio del a\u00f1o 2023 y se inaugur\u00f3 el d\u00eda 7 de Diciembre del mismo a\u00f1o.Se crea con el fin de igualar oportunidades de acceso a la Cultura, Educaci\u00f3n y Recreaci\u00f3n para un sector de la poblaci\u00f3n que no cuenta&hellip;","_links":{"self":[{"href":"https:\/\/www.casilda.gob.ar\/web\/wp-json\/wp\/v2\/pages\/2780","targetHints":{"allow":["GET"]}}],"collection":[{"href":"https:\/\/www.casilda.gob.ar\/web\/wp-json\/wp\/v2\/pages"}],"about":[{"href":"https:\/\/www.casilda.gob.ar\/web\/wp-json\/wp\/v2\/types\/page"}],"author":[{"embeddable":true,"href":"https:\/\/www.casilda.gob.ar\/web\/wp-json\/wp\/v2\/users\/1"}],"replies":[{"embeddable":true,"href":"https:\/\/www.casilda.gob.ar\/web\/wp-json\/wp\/v2\/comments?post=2780"}],"version-history":[{"count":1,"href":"https:\/\/www.casilda.gob.ar\/web\/wp-json\/wp\/v2\/pages\/2780\/revisions"}],"predecessor-version":[{"id":12158,"href":"https:\/\/www.casilda.gob.ar\/web\/wp-json\/wp\/v2\/pages\/2780\/revisions\/12158"}],"wp:attachment":[{"href":"https:\/\/www.casilda.gob.ar\/web\/wp-json\/wp\/v2\/media?parent=2780"}],"curies":[{"name":"wp","href":"https:\/\/api.w.org\/{rel}","templated":true}]}}