{"id":2973,"date":"2024-11-05T15:06:35","date_gmt":"2024-11-05T15:06:35","guid":{"rendered":"https:\/\/www.casilda.gob.ar\/web\/?page_id=2973"},"modified":"2025-06-03T08:31:35","modified_gmt":"2025-06-03T11:31:35","slug":"areas-casilda","status":"publish","type":"page","link":"https:\/\/www.casilda.gob.ar\/web\/areas-casilda\/","title":{"rendered":"\u00c1reas"},"content":{"rendered":"\n<div class=\"wp-block-group is-content-justification-center is-nowrap is-layout-flex wp-container-core-group-is-layout-14 wp-block-group-is-layout-flex\" style=\"padding-right:0;padding-left:0\">\n<div class=\"wp-block-group has-global-padding is-layout-constrained wp-container-core-group-is-layout-13 wp-block-group-is-layout-constrained\" style=\"margin-top:0;margin-bottom:0;padding-top:0;padding-right:0;padding-bottom:0;padding-left:0\">\n\n\n<div class=\"wp-block-group has-background is-nowrap is-layout-flex wp-container-core-group-is-layout-3 wp-block-group-is-layout-flex\" style=\"background-color:#00a3da;margin-top:var(--wp--preset--spacing--10);margin-bottom:var(--wp--preset--spacing--10);padding-top:0px;padding-bottom:0px\">      \n\t\t\t<div class=\"uagb-icon-wrapper uagb-block-b7cbeb5e      \"\n\t\t\tstyle=\"\" >\n\t\t\t\t\t\t\t\t\t<span class=\"uagb-svg-wrapper\" \n\t\t\t\t\t aria-label=\"book-open-reader\"\t\t\t\t\ttabindex=\"0\">\t\t\n\t\t\t\t\t\t\t\t\t\t<svg xmlns=\"https:\/\/www.w3.org\/2000\/svg\" viewBox= \"0 0 512 512\" role=\"graphics-symbol\" aria-hidden=\"false\" aria-label=\"\"><path d=\"M0 219.2v212.5c0 14.25 11.62 26.25 26.5 27C75.32 461.2 180.2 471.3 240 511.9V245.2C181.4 205.5 79.99 194.8 29.84 192C13.59 191.1 0 203.6 0 219.2zM482.2 192c-50.09 2.848-151.3 13.47-209.1 53.09C272.1 245.2 272 245.3 272 245.5v266.5c60.04-40.39 164.7-50.76 213.5-53.28C500.4 457.9 512 445.9 512 431.7V219.2C512 203.6 498.4 191.1 482.2 192zM352 96c0-53-43-96-96-96S160 43 160 96s43 96 96 96S352 149 352 96z\"><\/path><\/svg>\n\t\t\t\t\t\t\t\t\t<\/span>\n\t\t\t\t\t\t\t<\/div>\n\t\t\t\n\n\n<div class=\"wp-block-group is-vertical is-layout-flex wp-container-core-group-is-layout-2 wp-block-group-is-layout-flex\">\n<p class=\"has-base-2-color has-text-color has-link-color wp-elements-ed2b294c12bbad554e5ac425ff36eac3\" style=\"margin-top:0px;margin-bottom:0px;padding-top:10px;padding-right:0;padding-bottom:10px;padding-left:0;font-size:clamp(0.875rem, 0.875rem + ((1vw - 0.2rem) * 0.406), 1.2rem);\"><a href=\"https:\/\/www.casilda.gob.ar\/web\/area-de-bienestar-y-desarrollo-casilda\/\"><strong>Bienestar y Desarrollo<\/strong><\/a><\/p>\n\n\n\n<p class=\"has-base-2-color has-text-color has-link-color wp-elements-83e6c3d828c233d4829311a5b566ae81\" style=\"margin-top:0px;margin-bottom:0px;margin-left:var(--wp--preset--spacing--20);padding-top:10px;padding-right:0;padding-bottom:10px;padding-left:0;font-size:clamp(0.875rem, 0.875rem + ((1vw - 0.2rem) * 0.406), 1.2rem);\"><a href=\"https:\/\/www.casilda.gob.ar\/web\/direccion-de-salud-casilda\/\">Direcci\u00f3n de Salud<\/a><\/p>\n\n\n\n<p class=\"has-base-2-color has-text-color has-link-color wp-elements-68f550465dfad855a0cc8d7422e8813c\" style=\"margin-top:0px;margin-bottom:0px;margin-left:var(--wp--preset--spacing--20);padding-top:10px;padding-right:0;padding-bottom:10px;padding-left:0;font-size:clamp(0.875rem, 0.875rem + ((1vw - 0.2rem) * 0.406), 1.2rem);\"><a href=\"https:\/\/www.casilda.gob.ar\/web\/direccion-de-cultura-casilda\/\">Direcci\u00f3n de Cultura<\/a><\/p>\n\n\n\n<p class=\"has-base-2-color has-text-color has-link-color wp-elements-5701036ea368e34950beca0741913df2\" style=\"margin-top:0px;margin-bottom:0px;margin-left:var(--wp--preset--spacing--20);padding-top:10px;padding-right:0;padding-bottom:10px;padding-left:0;font-size:clamp(0.875rem, 0.875rem + ((1vw - 0.2rem) * 0.406), 1.2rem);\"><a href=\"https:\/\/www.casilda.gob.ar\/web\/direccion-de-deportes-casilda\/\">Direcci\u00f3n de Deportes<\/a><\/p>\n\n\n\n<p class=\"has-base-2-color has-text-color has-link-color wp-elements-74b649663a750df8ef959d86466b3d64\" style=\"margin-top:0px;margin-bottom:0px;margin-left:var(--wp--preset--spacing--20);padding-top:10px;padding-right:0;padding-bottom:10px;padding-left:0;font-size:clamp(0.875rem, 0.875rem + ((1vw - 0.2rem) * 0.406), 1.2rem);\"><a href=\"https:\/\/www.casilda.gob.ar\/web\/direccion-de-desarrollo-social-casilda\/\">Direcci\u00f3n de Desarrollo Social<\/a><\/p>\n\n\n\n<p class=\"has-text-align-left has-base-2-color has-text-color has-background has-link-color wp-elements-86ed667594bd01659a7e30aba82a82c1\" style=\"background-color:#00a3da;margin-top:0px;margin-right:0;margin-bottom:0px;margin-left:var(--wp--preset--spacing--20);padding-top:10px;padding-right:0;padding-bottom:10px;padding-left:0;font-size:clamp(0.875rem, 0.875rem + ((1vw - 0.2rem) * 0.406), 1.2rem);\"><a href=\"https:\/\/www.casilda.gob.ar\/web\/sanidad-animal-casilda\/\">Sanidad Animal<\/a><\/p>\n<\/div>\n<\/div>\n\n\n\n<div class=\"wp-block-group has-background is-nowrap is-layout-flex wp-container-core-group-is-layout-4 wp-block-group-is-layout-flex\" style=\"background-color:#00a3da;margin-top:var(--wp--preset--spacing--10);margin-bottom:var(--wp--preset--spacing--10);padding-top:0px;padding-bottom:0px\">      \n\t\t\t<div class=\"uagb-icon-wrapper uagb-block-8cd83f6b      \"\n\t\t\tstyle=\"\" >\n\t\t\t\t\t\t\t\t\t<span class=\"uagb-svg-wrapper\" \n\t\t\t\t\t aria-label=\"coins\"\t\t\t\t\ttabindex=\"0\">\t\t\n\t\t\t\t\t\t\t\t\t\t<svg xmlns=\"https:\/\/www.w3.org\/2000\/svg\" viewBox= \"0 0 512 512\" role=\"graphics-symbol\" aria-hidden=\"false\" aria-label=\"\"><path d=\"M512 80C512 98.01 497.7 114.6 473.6 128C444.5 144.1 401.2 155.5 351.3 158.9C347.7 157.2 343.9 155.5 340.1 153.9C300.6 137.4 248.2 128 192 128C183.7 128 175.6 128.2 167.5 128.6L166.4 128C142.3 114.6 128 98.01 128 80C128 35.82 213.1 0 320 0C426 0 512 35.82 512 80V80zM160.7 161.1C170.9 160.4 181.3 160 192 160C254.2 160 309.4 172.3 344.5 191.4C369.3 204.9 384 221.7 384 240C384 243.1 383.3 247.9 381.9 251.7C377.3 264.9 364.1 277 346.9 287.3C346.9 287.3 346.9 287.3 346.9 287.3C346.8 287.3 346.6 287.4 346.5 287.5L346.5 287.5C346.2 287.7 345.9 287.8 345.6 288C310.6 307.4 254.8 320 192 320C132.4 320 79.06 308.7 43.84 290.9C41.97 289.9 40.15 288.1 38.39 288C14.28 274.6 0 258 0 240C0 205.2 53.43 175.5 128 164.6C138.5 163 149.4 161.8 160.7 161.1L160.7 161.1zM391.9 186.6C420.2 182.2 446.1 175.2 468.1 166.1C484.4 159.3 499.5 150.9 512 140.6V176C512 195.3 495.5 213.1 468.2 226.9C453.5 234.3 435.8 240.5 415.8 245.3C415.9 243.6 416 241.8 416 240C416 218.1 405.4 200.1 391.9 186.6V186.6zM384 336C384 354 369.7 370.6 345.6 384C343.8 384.1 342 385.9 340.2 386.9C304.9 404.7 251.6 416 192 416C129.2 416 73.42 403.4 38.39 384C14.28 370.6 .0003 354 .0003 336V300.6C12.45 310.9 27.62 319.3 43.93 326.1C83.44 342.6 135.8 352 192 352C248.2 352 300.6 342.6 340.1 326.1C347.9 322.9 355.4 319.2 362.5 315.2C368.6 311.8 374.3 308 379.7 304C381.2 302.9 382.6 301.7 384 300.6L384 336zM416 278.1C434.1 273.1 452.5 268.6 468.1 262.1C484.4 255.3 499.5 246.9 512 236.6V272C512 282.5 507 293 497.1 302.9C480.8 319.2 452.1 332.6 415.8 341.3C415.9 339.6 416 337.8 416 336V278.1zM192 448C248.2 448 300.6 438.6 340.1 422.1C356.4 415.3 371.5 406.9 384 396.6V432C384 476.2 298 512 192 512C85.96 512 .0003 476.2 .0003 432V396.6C12.45 406.9 27.62 415.3 43.93 422.1C83.44 438.6 135.8 448 192 448z\"><\/path><\/svg>\n\t\t\t\t\t\t\t\t\t<\/span>\n\t\t\t\t\t\t\t<\/div>\n\t\t\t\n\n\n<p class=\"has-base-2-color has-text-color has-background has-link-color wp-elements-8b3dd42a2e1e03f94f30eb11c7381f0f\" style=\"background-color:#00a3da;margin-top:10px;margin-bottom:10px;padding-top:0px;padding-right:var(--wp--preset--spacing--10);padding-bottom:0px;padding-left:var(--wp--preset--spacing--10);font-size:clamp(0.875rem, 0.875rem + ((1vw - 0.2rem) * 0.406), 1.2rem);\"><a href=\"https:\/\/www.casilda.gob.ar\/web\/area-de-finanzas-y-economia-casilda\/\"><strong>Finanzas y Econom\u00eda<\/strong><\/a><\/p>\n<\/div>\n\n\n\n<div class=\"wp-block-group has-background is-nowrap is-layout-flex wp-container-core-group-is-layout-6 wp-block-group-is-layout-flex\" style=\"background-color:#00a3da;margin-top:var(--wp--preset--spacing--10);margin-bottom:var(--wp--preset--spacing--10);padding-top:0px;padding-bottom:0px\">      \n\t\t\t<div class=\"uagb-icon-wrapper uagb-block-4ce71921      \"\n\t\t\tstyle=\"\" >\n\t\t\t\t\t\t\t\t\t<span class=\"uagb-svg-wrapper\" \n\t\t\t\t\t aria-label=\"user-tie\"\t\t\t\t\ttabindex=\"0\">\t\t\n\t\t\t\t\t\t\t\t\t\t<svg xmlns=\"https:\/\/www.w3.org\/2000\/svg\" viewBox= \"0 0 448 512\" role=\"graphics-symbol\" aria-hidden=\"false\" aria-label=\"\"><path d=\"M352 128C352 198.7 294.7 256 224 256C153.3 256 96 198.7 96 128C96 57.31 153.3 0 224 0C294.7 0 352 57.31 352 128zM209.1 359.2L176 304H272L238.9 359.2L272.2 483.1L311.7 321.9C388.9 333.9 448 400.7 448 481.3C448 498.2 434.2 512 417.3 512H30.72C13.75 512 0 498.2 0 481.3C0 400.7 59.09 333.9 136.3 321.9L175.8 483.1L209.1 359.2z\"><\/path><\/svg>\n\t\t\t\t\t\t\t\t\t<\/span>\n\t\t\t\t\t\t\t<\/div>\n\t\t\t\n\n\n<div class=\"wp-block-group is-vertical is-layout-flex wp-container-core-group-is-layout-5 wp-block-group-is-layout-flex\">\n<p class=\"has-base-2-color has-text-color has-link-color wp-elements-6c2e46279c39ecc4c06bf2c75ffb7be7\" style=\"margin-top:0px;margin-bottom:0px;padding-top:10px;padding-right:0;padding-bottom:10px;padding-left:0;font-size:clamp(0.875rem, 0.875rem + ((1vw - 0.2rem) * 0.406), 1.2rem);\"><a href=\"https:\/\/www.casilda.gob.ar\/web\/gobierno-y-gestion-casilda\/\"><strong>Gobierno y Gesti\u00f3n<\/strong><\/a><\/p>\n\n\n\n<p class=\"has-base-2-color has-text-color has-link-color wp-elements-0196134e8e93423ba133ed68fc29b45a\" style=\"margin-top:0px;margin-bottom:0px;margin-left:var(--wp--preset--spacing--20);padding-top:10px;padding-right:0;padding-bottom:10px;padding-left:0;font-size:clamp(0.875rem, 0.875rem + ((1vw - 0.2rem) * 0.406), 1.2rem);\"><a href=\"https:\/\/www.casilda.gob.ar\/web\/direccion-de-administracion-de-gobierno-casilda\/\">Direcci\u00f3n de Administraci\u00f3n<\/a><\/p>\n\n\n\n<p class=\"has-base-2-color has-text-color has-link-color wp-elements-f6381cd1f20cc3c97434fcbf041d3c8d\" style=\"margin-top:0px;margin-bottom:0px;margin-left:var(--wp--preset--spacing--20);padding-top:10px;padding-right:0;padding-bottom:10px;padding-left:0;font-size:clamp(0.875rem, 0.875rem + ((1vw - 0.2rem) * 0.406), 1.2rem);\"><a href=\"https:\/\/www.casilda.gob.ar\/web\/direccion-de-asuntos-juridicos-casilda\/\">Direcci\u00f3n de Asuntos Jur\u00eddicos<\/a><\/p>\n\n\n\n<p class=\"has-base-2-color has-text-color has-link-color wp-elements-f3768c80f5412469b7f875bd173aa5ca\" style=\"margin-top:0px;margin-bottom:0px;margin-left:var(--wp--preset--spacing--20);padding-top:10px;padding-right:0;padding-bottom:10px;padding-left:0;font-size:clamp(0.875rem, 0.875rem + ((1vw - 0.2rem) * 0.406), 1.2rem);\"><a href=\"https:\/\/www.casilda.gob.ar\/web\/proximamente\/\" data-type=\"page\" data-id=\"4195\">Legal y T\u00e9cnica<\/a><\/p>\n\n\n\n<p class=\"has-base-2-color has-text-color has-link-color wp-elements-8cd95a27c0cfa043550d2eb75c2f61d0\" style=\"margin-top:0px;margin-bottom:0px;margin-left:var(--wp--preset--spacing--20);padding-top:10px;padding-right:0;padding-bottom:10px;padding-left:0;font-size:clamp(0.875rem, 0.875rem + ((1vw - 0.2rem) * 0.406), 1.2rem);\"><a href=\"https:\/\/www.casilda.gob.ar\/web\/inspeccion-general-casilda\/\">Inspecci\u00f3n General<\/a><\/p>\n<\/div>\n<\/div>\n\n\n\n<div class=\"wp-block-group has-background is-nowrap is-layout-flex wp-container-core-group-is-layout-8 wp-block-group-is-layout-flex\" style=\"background-color:#00a3da;margin-top:var(--wp--preset--spacing--10);margin-bottom:var(--wp--preset--spacing--10);padding-top:0px;padding-bottom:0px\">      \n\t\t\t<div class=\"uagb-icon-wrapper uagb-block-6f94a11a      \"\n\t\t\tstyle=\"\" >\n\t\t\t\t\t\t\t\t\t<span class=\"uagb-svg-wrapper\" \n\t\t\t\t\t aria-label=\"map-location-dot\"\t\t\t\t\ttabindex=\"0\">\t\t\n\t\t\t\t\t\t\t\t\t\t<svg xmlns=\"https:\/\/www.w3.org\/2000\/svg\" viewBox= \"0 0 576 512\" role=\"graphics-symbol\" aria-hidden=\"false\" aria-label=\"\"><path d=\"M408 120C408 174.6 334.9 271.9 302.8 311.1C295.1 321.6 280.9 321.6 273.2 311.1C241.1 271.9 168 174.6 168 120C168 53.73 221.7 0 288 0C354.3 0 408 53.73 408 120zM288 152C310.1 152 328 134.1 328 112C328 89.91 310.1 72 288 72C265.9 72 248 89.91 248 112C248 134.1 265.9 152 288 152zM425.6 179.8C426.1 178.6 426.6 177.4 427.1 176.1L543.1 129.7C558.9 123.4 576 135 576 152V422.8C576 432.6 570 441.4 560.9 445.1L416 503V200.4C419.5 193.5 422.7 186.7 425.6 179.8zM150.4 179.8C153.3 186.7 156.5 193.5 160 200.4V451.8L32.91 502.7C17.15 508.1 0 497.4 0 480.4V209.6C0 199.8 5.975 190.1 15.09 187.3L137.6 138.3C140 152.5 144.9 166.6 150.4 179.8H150.4zM327.8 331.1C341.7 314.6 363.5 286.3 384 255V504.3L192 449.4V255C212.5 286.3 234.3 314.6 248.2 331.1C268.7 357.6 307.3 357.6 327.8 331.1L327.8 331.1z\"><\/path><\/svg>\n\t\t\t\t\t\t\t\t\t<\/span>\n\t\t\t\t\t\t\t<\/div>\n\t\t\t\n\n\n<div class=\"wp-block-group is-vertical is-nowrap is-layout-flex wp-container-core-group-is-layout-7 wp-block-group-is-layout-flex\">\n<p class=\"has-base-2-color has-text-color has-background has-link-color wp-elements-924e115f6524dd6a19ac3e420f2b73b3\" style=\"background-color:#00a3da;margin-top:10px;margin-bottom:10px;padding-top:0px;padding-right:var(--wp--preset--spacing--10);padding-bottom:0px;padding-left:var(--wp--preset--spacing--10);font-size:clamp(0.875rem, 0.875rem + ((1vw - 0.2rem) * 0.406), 1.2rem);\"><a href=\"https:\/\/www.casilda.gob.ar\/web\/area-de-planificacion-territorial-casilda\/\"><strong>Planificaci\u00f3n Territorial<\/strong><\/a><\/p>\n\n\n\n<p class=\"has-base-2-color has-text-color has-link-color wp-elements-1bde14223b6ff8daf2841840acdfa422\" style=\"margin-top:0px;margin-bottom:0px;margin-left:var(--wp--preset--spacing--20);padding-top:10px;padding-right:0;padding-bottom:10px;padding-left:0;font-size:clamp(0.875rem, 0.875rem + ((1vw - 0.2rem) * 0.406), 1.2rem);\"><a href=\"https:\/\/www.casilda.gob.ar\/web\/direccion-general-y-planificacion-urbana-casilda\/\">Direcci\u00f3n General y Planificaci\u00f3n Urbana<\/a><\/p>\n<\/div>\n<\/div>\n\n\n\n<div class=\"wp-block-group has-background is-nowrap is-layout-flex wp-container-core-group-is-layout-10 wp-block-group-is-layout-flex\" style=\"background-color:#00a3da;margin-top:var(--wp--preset--spacing--10);margin-bottom:var(--wp--preset--spacing--10);padding-top:0px;padding-bottom:0px\">      \n\t\t\t<div class=\"uagb-icon-wrapper uagb-block-530e2974      \"\n\t\t\tstyle=\"\" >\n\t\t\t\t\t\t\t\t\t<span class=\"uagb-svg-wrapper\" \n\t\t\t\t\t aria-label=\"code-branch\"\t\t\t\t\ttabindex=\"0\">\t\t\n\t\t\t\t\t\t\t\t\t\t<svg xmlns=\"https:\/\/www.w3.org\/2000\/svg\" viewBox= \"0 0 448 512\" role=\"graphics-symbol\" aria-hidden=\"false\" aria-label=\"\"><path d=\"M160 80C160 112.8 140.3 140.1 112 153.3V241.1C130.8 230.2 152.7 224 176 224H272C307.3 224 336 195.3 336 160V153.3C307.7 140.1 288 112.8 288 80C288 35.82 323.8 0 368 0C412.2 0 448 35.82 448 80C448 112.8 428.3 140.1 400 153.3V160C400 230.7 342.7 288 272 288H176C140.7 288 112 316.7 112 352V358.7C140.3 371 160 399.2 160 432C160 476.2 124.2 512 80 512C35.82 512 0 476.2 0 432C0 399.2 19.75 371 48 358.7V153.3C19.75 140.1 0 112.8 0 80C0 35.82 35.82 0 80 0C124.2 0 160 35.82 160 80V80zM80 104C93.25 104 104 93.25 104 80C104 66.75 93.25 56 80 56C66.75 56 56 66.75 56 80C56 93.25 66.75 104 80 104zM368 56C354.7 56 344 66.75 344 80C344 93.25 354.7 104 368 104C381.3 104 392 93.25 392 80C392 66.75 381.3 56 368 56zM80 456C93.25 456 104 445.3 104 432C104 418.7 93.25 408 80 408C66.75 408 56 418.7 56 432C56 445.3 66.75 456 80 456z\"><\/path><\/svg>\n\t\t\t\t\t\t\t\t\t<\/span>\n\t\t\t\t\t\t\t<\/div>\n\t\t\t\n\n\n<div class=\"wp-block-group is-vertical is-layout-flex wp-container-core-group-is-layout-9 wp-block-group-is-layout-flex\">\n<p class=\"has-base-2-color has-text-color has-link-color wp-elements-bb6268a7525680f8320d428cda53fa55\" style=\"margin-top:0px;margin-bottom:0px;padding-top:10px;padding-right:0;padding-bottom:10px;padding-left:0;font-size:clamp(0.875rem, 0.875rem + ((1vw - 0.2rem) * 0.406), 1.2rem);\"><a href=\"https:\/\/www.casilda.gob.ar\/web\/area-de-produccion-ciencia-y-tecnologia-casilda\/\"><strong>Producci\u00f3n Ciencia y Tecnolog\u00eda<\/strong><\/a><\/p>\n\n\n\n<p class=\"has-base-2-color has-text-color has-link-color wp-elements-9e689e028a32a59ec24c5c82e4796ec0\" style=\"margin-top:0px;margin-bottom:0px;margin-left:var(--wp--preset--spacing--20);padding-top:10px;padding-right:0;padding-bottom:10px;padding-left:0;font-size:clamp(0.875rem, 0.875rem + ((1vw - 0.2rem) * 0.406), 1.2rem);\"><a href=\"https:\/\/www.casilda.gob.ar\/web\/direccion-de-planificacion-estrategica-casilda\/\">Direcci\u00f3n de Planificaci\u00f3n Estrat\u00e9gica<\/a><\/p>\n\n\n\n<p class=\"has-base-2-color has-text-color has-link-color wp-elements-747e65bcac8bb5c1ea7b15f93b5a84a8\" style=\"margin-top:0px;margin-bottom:0px;margin-left:var(--wp--preset--spacing--20);padding-top:10px;padding-right:0;padding-bottom:10px;padding-left:0;font-size:clamp(0.875rem, 0.875rem + ((1vw - 0.2rem) * 0.406), 1.2rem);\"><a href=\"https:\/\/www.casilda.gob.ar\/web\/direccion-de-innovacion-tecnologica-casilda\/\">Direcci\u00f3n de Innovaci\u00f3n Tecnol\u00f3gica<\/a><\/p>\n<\/div>\n<\/div>\n\n\n\n<div class=\"wp-block-group has-background is-nowrap is-layout-flex wp-container-core-group-is-layout-12 wp-block-group-is-layout-flex\" style=\"background-color:#00a3da;margin-top:var(--wp--preset--spacing--10);margin-bottom:var(--wp--preset--spacing--10);padding-top:0px;padding-bottom:0px\">      \n\t\t\t<div class=\"uagb-icon-wrapper uagb-block-015b1a83      \"\n\t\t\tstyle=\"\" >\n\t\t\t\t\t\t\t\t\t<span class=\"uagb-svg-wrapper\" \n\t\t\t\t\t aria-label=\"shield\"\t\t\t\t\ttabindex=\"0\">\t\t\n\t\t\t\t\t\t\t\t\t\t<svg xmlns=\"https:\/\/www.w3.org\/2000\/svg\" viewBox= \"0 0 512 512\" role=\"graphics-symbol\" aria-hidden=\"false\" aria-label=\"\"><path d=\"M256-.0078C260.7-.0081 265.2 1.008 269.4 2.913L457.7 82.79C479.7 92.12 496.2 113.8 496 139.1C495.5 239.2 454.7 420.7 282.4 503.2C265.7 511.1 246.3 511.1 229.6 503.2C57.25 420.7 16.49 239.2 15.1 139.1C15.87 113.8 32.32 92.12 54.3 82.79L242.7 2.913C246.8 1.008 251.4-.0081 256-.0078V-.0078z\"><\/path><\/svg>\n\t\t\t\t\t\t\t\t\t<\/span>\n\t\t\t\t\t\t\t<\/div>\n\t\t\t\n\n\n<div class=\"wp-block-group is-vertical is-layout-flex wp-container-core-group-is-layout-11 wp-block-group-is-layout-flex\">\n<p class=\"has-base-2-color has-text-color has-background has-link-color wp-elements-06530de339f75c0f1bfc51892033af8b\" style=\"background-color:#00a3da;margin-top:10px;margin-bottom:10px;padding-top:10px;padding-right:var(--wp--preset--spacing--10);padding-bottom:10px;padding-left:var(--wp--preset--spacing--10);font-size:clamp(0.875rem, 0.875rem + ((1vw - 0.2rem) * 0.406), 1.2rem);\"><a href=\"https:\/\/www.casilda.gob.ar\/web\/area-control-y-seguridad-casilda\/\"><strong>Seguridad y Control<\/strong><\/a><\/p>\n\n\n\n<p class=\"has-base-2-color has-text-color has-link-color wp-elements-d5ff3d17e6df23b4de2a408fbeee446c\" style=\"margin-top:0px;margin-bottom:0px;margin-left:var(--wp--preset--spacing--20);padding-top:10px;padding-right:0;padding-bottom:10px;padding-left:0;font-size:clamp(0.875rem, 0.875rem + ((1vw - 0.2rem) * 0.406), 1.2rem);\"><a href=\"https:\/\/www.casilda.gob.ar\/web\/area-seguridad-vial-Casilda\/\">\u00c1rea Seguridad V\u00edal<\/a><\/p>\n<\/div>\n<\/div>\n<\/div>\n<\/div>\n\n\n\n<p><\/p>\n","protected":false},"excerpt":{"rendered":"<p>Intendencia Bienestar y Desarrollo Direcci\u00f3n de Salud Direcci\u00f3n de Cultura Direcci\u00f3n de Deportes Direcci\u00f3n de Desarrollo Social Sanidad Animal Finanzas y Econom\u00eda Gobierno y Gesti\u00f3n Direcci\u00f3n de Administraci\u00f3n Direcci\u00f3n de Asuntos Jur\u00eddicos Legal y T\u00e9cnica Inspecci\u00f3n General Planificaci\u00f3n Territorial Direcci\u00f3n General y Planificaci\u00f3n Urbana Producci\u00f3n Ciencia y Tecnolog\u00eda Direcci\u00f3n de Planificaci\u00f3n Estrat\u00e9gica Direcci\u00f3n de Innovaci\u00f3n [&hellip;]<\/p>\n","protected":false},"author":1,"featured_media":0,"parent":0,"menu_order":0,"comment_status":"closed","ping_status":"closed","template":"","meta":{"_uag_custom_page_level_css":"","footnotes":""},"class_list":["post-2973","page","type-page","status-publish","hentry"],"yoast_head":"<!-- This site is optimized with the Yoast SEO plugin v26.8 - https:\/\/yoast.com\/product\/yoast-seo-wordpress\/ -->\n<title>\u00c1reas - Municipalidad de Casilda<\/title>\n<meta name=\"robots\" content=\"index, follow, max-snippet:-1, max-image-preview:large, max-video-preview:-1\" \/>\n<link rel=\"canonical\" href=\"https:\/\/www.casilda.gob.ar\/web\/areas-casilda\/\" \/>\n<meta property=\"og:locale\" content=\"es_ES\" \/>\n<meta property=\"og:type\" content=\"article\" \/>\n<meta property=\"og:title\" content=\"\u00c1reas - Municipalidad de Casilda\" \/>\n<meta property=\"og:description\" content=\"Intendencia Bienestar y Desarrollo Direcci\u00f3n de Salud Direcci\u00f3n de Cultura Direcci\u00f3n de Deportes Direcci\u00f3n de Desarrollo Social Sanidad Animal Finanzas y Econom\u00eda Gobierno y Gesti\u00f3n Direcci\u00f3n de Administraci\u00f3n Direcci\u00f3n de Asuntos Jur\u00eddicos Legal y T\u00e9cnica Inspecci\u00f3n General Planificaci\u00f3n Territorial Direcci\u00f3n General y Planificaci\u00f3n Urbana Producci\u00f3n Ciencia y Tecnolog\u00eda Direcci\u00f3n de Planificaci\u00f3n Estrat\u00e9gica Direcci\u00f3n de Innovaci\u00f3n [&hellip;]\" \/>\n<meta property=\"og:url\" content=\"https:\/\/www.casilda.gob.ar\/web\/areas-casilda\/\" \/>\n<meta property=\"og:site_name\" content=\"Municipalidad de Casilda\" \/>\n<meta property=\"article:modified_time\" content=\"2025-06-03T11:31:35+00:00\" \/>\n<meta name=\"twitter:card\" content=\"summary_large_image\" \/>\n<meta name=\"twitter:label1\" content=\"Tiempo de lectura\" \/>\n\t<meta name=\"twitter:data1\" content=\"1 minuto\" \/>\n<script type=\"application\/ld+json\" class=\"yoast-schema-graph\">{\"@context\":\"https:\/\/schema.org\",\"@graph\":[{\"@type\":\"WebPage\",\"@id\":\"https:\/\/www.casilda.gob.ar\/web\/areas-casilda\/\",\"url\":\"https:\/\/www.casilda.gob.ar\/web\/areas-casilda\/\",\"name\":\"\u00c1reas - Municipalidad de Casilda\",\"isPartOf\":{\"@id\":\"https:\/\/www.casilda.gob.ar\/web\/#website\"},\"datePublished\":\"2024-11-05T15:06:35+00:00\",\"dateModified\":\"2025-06-03T11:31:35+00:00\",\"breadcrumb\":{\"@id\":\"https:\/\/www.casilda.gob.ar\/web\/areas-casilda\/#breadcrumb\"},\"inLanguage\":\"es\",\"potentialAction\":[{\"@type\":\"ReadAction\",\"target\":[\"https:\/\/www.casilda.gob.ar\/web\/areas-casilda\/\"]}]},{\"@type\":\"BreadcrumbList\",\"@id\":\"https:\/\/www.casilda.gob.ar\/web\/areas-casilda\/#breadcrumb\",\"itemListElement\":[{\"@type\":\"ListItem\",\"position\":1,\"name\":\"Inicio\",\"item\":\"https:\/\/www.casilda.gob.ar\/web\/\"},{\"@type\":\"ListItem\",\"position\":2,\"name\":\"\u00c1reas\"}]},{\"@type\":\"WebSite\",\"@id\":\"https:\/\/www.casilda.gob.ar\/web\/#website\",\"url\":\"https:\/\/www.casilda.gob.ar\/web\/\",\"name\":\"Municipalidad de Casilda\",\"description\":\"Construyendo Futuro\",\"potentialAction\":[{\"@type\":\"SearchAction\",\"target\":{\"@type\":\"EntryPoint\",\"urlTemplate\":\"https:\/\/www.casilda.gob.ar\/web\/?s={search_term_string}\"},\"query-input\":{\"@type\":\"PropertyValueSpecification\",\"valueRequired\":true,\"valueName\":\"search_term_string\"}}],\"inLanguage\":\"es\"}]}<\/script>\n<!-- \/ Yoast SEO plugin. -->","yoast_head_json":{"title":"\u00c1reas - Municipalidad de Casilda","robots":{"index":"index","follow":"follow","max-snippet":"max-snippet:-1","max-image-preview":"max-image-preview:large","max-video-preview":"max-video-preview:-1"},"canonical":"https:\/\/www.casilda.gob.ar\/web\/areas-casilda\/","og_locale":"es_ES","og_type":"article","og_title":"\u00c1reas - Municipalidad de Casilda","og_description":"Intendencia Bienestar y Desarrollo Direcci\u00f3n de Salud Direcci\u00f3n de Cultura Direcci\u00f3n de Deportes Direcci\u00f3n de Desarrollo Social Sanidad Animal Finanzas y Econom\u00eda Gobierno y Gesti\u00f3n Direcci\u00f3n de Administraci\u00f3n Direcci\u00f3n de Asuntos Jur\u00eddicos Legal y T\u00e9cnica Inspecci\u00f3n General Planificaci\u00f3n Territorial Direcci\u00f3n General y Planificaci\u00f3n Urbana Producci\u00f3n Ciencia y Tecnolog\u00eda Direcci\u00f3n de Planificaci\u00f3n Estrat\u00e9gica Direcci\u00f3n de Innovaci\u00f3n [&hellip;]","og_url":"https:\/\/www.casilda.gob.ar\/web\/areas-casilda\/","og_site_name":"Municipalidad de Casilda","article_modified_time":"2025-06-03T11:31:35+00:00","twitter_card":"summary_large_image","twitter_misc":{"Tiempo de lectura":"1 minuto"},"schema":{"@context":"https:\/\/schema.org","@graph":[{"@type":"WebPage","@id":"https:\/\/www.casilda.gob.ar\/web\/areas-casilda\/","url":"https:\/\/www.casilda.gob.ar\/web\/areas-casilda\/","name":"\u00c1reas - Municipalidad de Casilda","isPartOf":{"@id":"https:\/\/www.casilda.gob.ar\/web\/#website"},"datePublished":"2024-11-05T15:06:35+00:00","dateModified":"2025-06-03T11:31:35+00:00","breadcrumb":{"@id":"https:\/\/www.casilda.gob.ar\/web\/areas-casilda\/#breadcrumb"},"inLanguage":"es","potentialAction":[{"@type":"ReadAction","target":["https:\/\/www.casilda.gob.ar\/web\/areas-casilda\/"]}]},{"@type":"BreadcrumbList","@id":"https:\/\/www.casilda.gob.ar\/web\/areas-casilda\/#breadcrumb","itemListElement":[{"@type":"ListItem","position":1,"name":"Inicio","item":"https:\/\/www.casilda.gob.ar\/web\/"},{"@type":"ListItem","position":2,"name":"\u00c1reas"}]},{"@type":"WebSite","@id":"https:\/\/www.casilda.gob.ar\/web\/#website","url":"https:\/\/www.casilda.gob.ar\/web\/","name":"Municipalidad de Casilda","description":"Construyendo Futuro","potentialAction":[{"@type":"SearchAction","target":{"@type":"EntryPoint","urlTemplate":"https:\/\/www.casilda.gob.ar\/web\/?s={search_term_string}"},"query-input":{"@type":"PropertyValueSpecification","valueRequired":true,"valueName":"search_term_string"}}],"inLanguage":"es"}]}},"uagb_featured_image_src":{"full":false,"thumbnail":false,"medium":false,"medium_large":false,"large":false,"1536x1536":false,"2048x2048":false},"uagb_author_info":{"display_name":"Municipalidad Casilda","author_link":"https:\/\/www.casilda.gob.ar\/web\/author\/admin\/"},"uagb_comment_info":0,"uagb_excerpt":"Intendencia Bienestar y Desarrollo Direcci\u00f3n de Salud Direcci\u00f3n de Cultura Direcci\u00f3n de Deportes Direcci\u00f3n de Desarrollo Social Sanidad Animal Finanzas y Econom\u00eda Gobierno y Gesti\u00f3n Direcci\u00f3n de Administraci\u00f3n Direcci\u00f3n de Asuntos Jur\u00eddicos Legal y T\u00e9cnica Inspecci\u00f3n General Planificaci\u00f3n Territorial Direcci\u00f3n General y Planificaci\u00f3n Urbana Producci\u00f3n Ciencia y Tecnolog\u00eda Direcci\u00f3n de Planificaci\u00f3n Estrat\u00e9gica Direcci\u00f3n de Innovaci\u00f3n&hellip;","_links":{"self":[{"href":"https:\/\/www.casilda.gob.ar\/web\/wp-json\/wp\/v2\/pages\/2973","targetHints":{"allow":["GET"]}}],"collection":[{"href":"https:\/\/www.casilda.gob.ar\/web\/wp-json\/wp\/v2\/pages"}],"about":[{"href":"https:\/\/www.casilda.gob.ar\/web\/wp-json\/wp\/v2\/types\/page"}],"author":[{"embeddable":true,"href":"https:\/\/www.casilda.gob.ar\/web\/wp-json\/wp\/v2\/users\/1"}],"replies":[{"embeddable":true,"href":"https:\/\/www.casilda.gob.ar\/web\/wp-json\/wp\/v2\/comments?post=2973"}],"version-history":[{"count":0,"href":"https:\/\/www.casilda.gob.ar\/web\/wp-json\/wp\/v2\/pages\/2973\/revisions"}],"wp:attachment":[{"href":"https:\/\/www.casilda.gob.ar\/web\/wp-json\/wp\/v2\/media?parent=2973"}],"curies":[{"name":"wp","href":"https:\/\/api.w.org\/{rel}","templated":true}]}}