{"id":4032,"date":"2024-11-26T12:07:40","date_gmt":"2024-11-26T12:07:40","guid":{"rendered":"https:\/\/www.casilda.gob.ar\/web\/?page_id=4032"},"modified":"2025-10-22T11:38:42","modified_gmt":"2025-10-22T14:38:42","slug":"area-de-planificacion-territorial-casilda","status":"publish","type":"page","link":"https:\/\/www.casilda.gob.ar\/web\/area-de-planificacion-territorial-casilda\/","title":{"rendered":"\u00c1rea de Planificaci\u00f3n Territorial"},"content":{"rendered":"\n<div class=\"wp-block-columns is-layout-flex wp-container-core-columns-is-layout-1 wp-block-columns-is-layout-flex\" style=\"margin-top:0;margin-bottom:var(--wp--preset--spacing--20)\">\n<div class=\"wp-block-column is-layout-flow wp-container-core-column-is-layout-1 wp-block-column-is-layout-flow\" style=\"flex-basis:50%\">\n<h2 class=\"wp-block-heading has-medium-font-size\" style=\"font-style:normal;font-weight:500;text-decoration:underline\">Funciones y objetivos<\/h2>\n\n\n\n<div class=\"wp-block-uagb-icon-list uagb-block-d93fec1a\"><div class=\"uagb-icon-list__wrap\">\n<div class=\"wp-block-uagb-icon-list-child uagb-block-f62b7652\"><span class=\"uagb-icon-list__source-wrap\"><svg xmlns=\"https:\/\/www.w3.org\/2000\/svg\" viewBox=\"0 0 512 512\"><path d=\"M512 256C512 397.4 397.4 512 256 512C114.6 512 0 397.4 0 256C0 114.6 114.6 0 256 0C397.4 0 512 114.6 512 256z\"><\/path><\/svg><\/span><span class=\"uagb-icon-list__label\">Intervenir en el dise\u00f1o y ejecuci\u00f3n de toda obra p\u00fablica municipal y mantenimiento y\/o reparaci\u00f3n de las existentes.<\/span><\/div>\n\n\n\n<div class=\"wp-block-uagb-icon-list-child uagb-block-c8a0ad85\"><span class=\"uagb-icon-list__source-wrap\"><svg xmlns=\"https:\/\/www.w3.org\/2000\/svg\" viewBox=\"0 0 512 512\"><path d=\"M512 256C512 397.4 397.4 512 256 512C114.6 512 0 397.4 0 256C0 114.6 114.6 0 256 0C397.4 0 512 114.6 512 256z\"><\/path><\/svg><\/span><span class=\"uagb-icon-list__label\">Entender en el mantenimiento de caminos, calles, avenidas y obras complementarias.<\/span><\/div>\n\n\n\n<div class=\"wp-block-uagb-icon-list-child uagb-block-9cbef484\"><span class=\"uagb-icon-list__source-wrap\"><svg xmlns=\"https:\/\/www.w3.org\/2000\/svg\" viewBox=\"0 0 512 512\"><path d=\"M512 256C512 397.4 397.4 512 256 512C114.6 512 0 397.4 0 256C0 114.6 114.6 0 256 0C397.4 0 512 114.6 512 256z\"><\/path><\/svg><\/span><span class=\"uagb-icon-list__label\">Entender en el mantenimiento del mobiliario y se\u00f1alizaci\u00f3n urbana y alumbrado p\u00fablico.<\/span><\/div>\n\n\n\n<div class=\"wp-block-uagb-icon-list-child uagb-block-20b645c1\"><span class=\"uagb-icon-list__source-wrap\"><svg xmlns=\"https:\/\/www.w3.org\/2000\/svg\" viewBox=\"0 0 512 512\"><path d=\"M512 256C512 397.4 397.4 512 256 512C114.6 512 0 397.4 0 256C0 114.6 114.6 0 256 0C397.4 0 512 114.6 512 256z\"><\/path><\/svg><\/span><span class=\"uagb-icon-list__label\">Controlar la marcha de toda obra p\u00fablica cuya ejecuci\u00f3n est\u00e9 a cargo de terceros.<\/span><\/div>\n<\/div><\/div>\n\n\n\n<div class=\"wp-block-uagb-icon-list uagb-block-564a19b9\"><div class=\"uagb-icon-list__wrap\">\n<div class=\"wp-block-uagb-icon-list-child uagb-block-62a6c3eb\"><span class=\"uagb-icon-list__source-wrap\"><svg xmlns=\"https:\/\/www.w3.org\/2000\/svg\" viewBox=\"0 0 512 512\"><path d=\"M512 256C512 397.4 397.4 512 256 512C114.6 512 0 397.4 0 256C0 114.6 114.6 0 256 0C397.4 0 512 114.6 512 256z\"><\/path><\/svg><\/span><span class=\"uagb-icon-list__label\">Coordinar con Aguas Santafesinas la realizaci\u00f3n de las tareas de mantenimiento, de las redes cloacales y de agua potable.<\/span><\/div>\n\n\n\n<div class=\"wp-block-uagb-icon-list-child uagb-block-10c91020\"><span class=\"uagb-icon-list__source-wrap\"><svg xmlns=\"https:\/\/www.w3.org\/2000\/svg\" viewBox=\"0 0 512 512\"><path d=\"M512 256C512 397.4 397.4 512 256 512C114.6 512 0 397.4 0 256C0 114.6 114.6 0 256 0C397.4 0 512 114.6 512 256z\"><\/path><\/svg><\/span><span class=\"uagb-icon-list__label\">Propender a la prestaci\u00f3n y mejoramiento de los servicios p\u00fablicos municipales.<\/span><\/div>\n\n\n\n<div class=\"wp-block-uagb-icon-list-child uagb-block-e880edc7\"><span class=\"uagb-icon-list__source-wrap\"><svg xmlns=\"https:\/\/www.w3.org\/2000\/svg\" viewBox=\"0 0 512 512\"><path d=\"M512 256C512 397.4 397.4 512 256 512C114.6 512 0 397.4 0 256C0 114.6 114.6 0 256 0C397.4 0 512 114.6 512 256z\"><\/path><\/svg><\/span><span class=\"uagb-icon-list__label\">Asegurar la higiene, desmalezado y buen estado de los espacios p\u00fablicos.<\/span><\/div>\n\n\n\n<div class=\"wp-block-uagb-icon-list-child uagb-block-63c7ebe3\"><span class=\"uagb-icon-list__source-wrap\"><svg xmlns=\"https:\/\/www.w3.org\/2000\/svg\" viewBox=\"0 0 512 512\"><path d=\"M512 256C512 397.4 397.4 512 256 512C114.6 512 0 397.4 0 256C0 114.6 114.6 0 256 0C397.4 0 512 114.6 512 256z\"><\/path><\/svg><\/span><span class=\"uagb-icon-list__label\">Entender en todo lo referente a los servicios p\u00fablicos concesionados de recolecci\u00f3n y disposici\u00f3n final de residuos, as\u00ed como realizar la prestaci\u00f3n de los servicios de recolecci\u00f3n y barrido en \u00e1reas no concesionadas.<\/span><\/div>\n<\/div><\/div>\n\n\n\n<div class=\"wp-block-uagb-icon-list uagb-block-196222c2\"><div class=\"uagb-icon-list__wrap\">\n<div class=\"wp-block-uagb-icon-list-child uagb-block-d7bea23b\"><span class=\"uagb-icon-list__source-wrap\"><svg xmlns=\"https:\/\/www.w3.org\/2000\/svg\" viewBox=\"0 0 512 512\"><path d=\"M512 256C512 397.4 397.4 512 256 512C114.6 512 0 397.4 0 256C0 114.6 114.6 0 256 0C397.4 0 512 114.6 512 256z\"><\/path><\/svg><\/span><span class=\"uagb-icon-list__label\">Mantener el buen estado de funcionamiento del parque de maquinarias y automotores municipales y propender a su renovaci\u00f3n e incorporaci\u00f3n de nuevas unidades.<\/span><\/div>\n\n\n\n<div class=\"wp-block-uagb-icon-list-child uagb-block-c5a80368\"><span class=\"uagb-icon-list__source-wrap\"><svg xmlns=\"https:\/\/www.w3.org\/2000\/svg\" viewBox=\"0 0 512 512\"><path d=\"M512 256C512 397.4 397.4 512 256 512C114.6 512 0 397.4 0 256C0 114.6 114.6 0 256 0C397.4 0 512 114.6 512 256z\"><\/path><\/svg><\/span><span class=\"uagb-icon-list__label\">Gestionar el Cementerio Municipal asegurando el normal funcionamiento de los servicios necrol\u00f3gicos.<\/span><\/div>\n\n\n\n<div class=\"wp-block-uagb-icon-list-child uagb-block-3a5e4bff\"><span class=\"uagb-icon-list__source-wrap\"><svg xmlns=\"https:\/\/www.w3.org\/2000\/svg\" viewBox=\"0 0 512 512\"><path d=\"M512 256C512 397.4 397.4 512 256 512C114.6 512 0 397.4 0 256C0 114.6 114.6 0 256 0C397.4 0 512 114.6 512 256z\"><\/path><\/svg><\/span><span class=\"uagb-icon-list__label\">Proveer a las restantes Secretar\u00edas la asistencia t\u00e9cnica y la gesti\u00f3n que fueren necesarias en materia de obras y servicios p\u00fablicos.<\/span><\/div>\n<\/div><\/div>\n\n\n\n<div class=\"wp-block-buttons has-custom-font-size has-background is-content-justification-center is-layout-flex wp-container-core-buttons-is-layout-1 wp-block-buttons-is-layout-flex\" style=\"background-color:#f2f2f2;margin-top:var(--wp--preset--spacing--30);margin-bottom:var(--wp--preset--spacing--30);padding-top:var(--wp--preset--spacing--10);padding-bottom:var(--wp--preset--spacing--10);font-size:12px\">\n<div class=\"wp-block-button\"><a class=\"wp-block-button__link wp-element-button\" href=\"https:\/\/www.casilda.gob.ar\/web\/direccion-general-y-planificacion-urbana-casilda\/\" style=\"padding-top:7px;padding-right:var(--wp--preset--spacing--10);padding-bottom:7px;padding-left:var(--wp--preset--spacing--10)\">Direcci\u00f3n General y Planificaci\u00f3n Urbana<\/a><\/div>\n<\/div>\n<\/div>\n\n\n\n<div class=\"wp-block-column is-layout-flow wp-block-column-is-layout-flow\" style=\"border-right-color:#a3a3a333;border-right-width:2px\"><\/div>\n\n\n\n<div class=\"wp-block-column is-layout-flow wp-container-core-column-is-layout-3 wp-block-column-is-layout-flow\" style=\"padding-top:0;padding-right:0;padding-bottom:0;padding-left:0;flex-basis:50%\">\n<p class=\"has-medium-font-size\" style=\"font-style:normal;font-weight:500;text-decoration:underline\">Secretario coordinador<\/p>\n\n\n\n<p>Maricel Cervigni<\/p>\n\n\n\n<p class=\"has-medium-font-size\" style=\"font-style:normal;font-weight:500;text-decoration:underline\">Contacto<\/p>\n\n\n\n<p>Moreno 1450 &#8211; Tel. <a data-type=\"tel\" data-id=\"tel:422212\" href=\"tel:422212\">03464-420341<\/a> <a data-type=\"mailto\" data-id=\"mailto:planeamiento@casilda.gob.ar\" href=\"mailto:planeamiento@casilda.gob.ar\">planeamiento@casilda.gob.ar<\/a><\/p>\n\n\n\n<hr class=\"wp-block-separator has-text-color has-alpha-channel-opacity has-background is-style-wide\" style=\"background-color:#a3a3a330;color:#a3a3a330\"\/>\n\n\n\n<div class=\"wp-block-group is-nowrap is-layout-flex wp-container-core-group-is-layout-1 wp-block-group-is-layout-flex\" style=\"margin-top:var(--wp--preset--spacing--20);margin-bottom:var(--wp--preset--spacing--20);padding-right:0;padding-left:0\">\n\t\t\t<div class=\"wp-block-uagb-post-grid uagb-post-grid  uagb-post__image-position-top uagb-post__image-enabled uagb-block-b8ddc046     uagb-post__items uagb-post__columns-1 is-grid uagb-post__columns-tablet-2 uagb-post__columns-mobile-1\" data-total=\"3\" style=\"\">\n\n\t\t\t\t\t\t\t\t\t\t\t\t<article class=\"uagb-post__inner-wrap\">\t\t\t\t\t\t\t\t<div class='uagb-post__image'>\n\t\t\t\t\t\t\t\t\t<a href=\"https:\/\/www.casilda.gob.ar\/web\/casilda-sigue-avanzando\/\" target=\"_self\" rel=\"bookmark noopener noreferrer\" class='uagb-image-ratio-inherit'><img loading=\"lazy\" decoding=\"async\" width=\"1920\" height=\"300\" src=\"https:\/\/www.casilda.gob.ar\/web\/wp-content\/uploads\/2025\/09\/PORTADA-NOTICIAS-Casilda-sigue-avanzando.png\" class=\"attachment-full size-full\" alt=\"\" srcset=\"https:\/\/www.casilda.gob.ar\/web\/wp-content\/uploads\/2025\/09\/PORTADA-NOTICIAS-Casilda-sigue-avanzando.png 1920w, https:\/\/www.casilda.gob.ar\/web\/wp-content\/uploads\/2025\/09\/PORTADA-NOTICIAS-Casilda-sigue-avanzando-300x47.png 300w, https:\/\/www.casilda.gob.ar\/web\/wp-content\/uploads\/2025\/09\/PORTADA-NOTICIAS-Casilda-sigue-avanzando-1024x160.png 1024w, https:\/\/www.casilda.gob.ar\/web\/wp-content\/uploads\/2025\/09\/PORTADA-NOTICIAS-Casilda-sigue-avanzando-768x120.png 768w, https:\/\/www.casilda.gob.ar\/web\/wp-content\/uploads\/2025\/09\/PORTADA-NOTICIAS-Casilda-sigue-avanzando-1536x240.png 1536w\" sizes=\"auto, (max-width: 1920px) 100vw, 1920px\" \/>\t\t\t\t\t<\/a>\n\t\t\t\t\t\t\t<\/div>\n\t\t\t\t\t\t<h4 class=\"uagb-post__title uagb-post__text\">\n\t\t\t\t<a href=\"https:\/\/www.casilda.gob.ar\/web\/casilda-sigue-avanzando\/\" target=\"_self\" rel=\"bookmark noopener noreferrer\">\ud83d\udea7 Casilda sigue avanzando \ud83d\udea7<\/a>\n\t\t\t<\/h4>\n\t\t\t\t\t\t<div class='uagb-post__text uagb-post-grid-byline'>\n\t\t\t\t\t\t\t\t<time datetime=\"2025-09-04T12:28:19-03:00\" class=\"uagb-post__date\">\n\t\t\t\t\t\t\t\t\tseptiembre 4, 2025\t\t\t\t<\/time>\n\t\t\t\t\t\t<\/div>\n\t\t\t\t\t\t\t<div class='uagb-post__text uagb-post__excerpt'>\n\t\t\t\t\t<p>La Municipalidad de Casilda contin\u00faa realizando trabajos de reparaci\u00f3n y mantenimiento de calles en distintos&#8230;\t\t\t\t<\/div>\n\t\t\t\t\t\t<div class=\"uagb-post__text uagb-post__cta wp-block-button\">\n\t\t\t\t<a class=\"wp-block-button__link uagb-text-link\" style=\"\" href=\"https:\/\/www.casilda.gob.ar\/web\/casilda-sigue-avanzando\/\" target=\"_self\" rel=\"bookmark noopener noreferrer\">Leer m\u00e1s<\/a>\n\t\t\t<\/div>\n\t\t\t\n\t\t\t\t\t\t\t\t<a class=\"uagb-post__link-complete-box\" href=\"https:\/\/www.casilda.gob.ar\/web\/casilda-sigue-avanzando\/\" target=\"_self\" rel=\"bookmark noopener noreferrer\"><\/a>\n\t\t\t\t\t\t\t<\/article>\n\t\t\t\t\t\t\t\t\t\t\t\t\t\t\t\t<article class=\"uagb-post__inner-wrap\">\t\t\t\t\t\t\t\t<div class='uagb-post__image'>\n\t\t\t\t\t\t\t\t\t<a href=\"https:\/\/www.casilda.gob.ar\/web\/casilda-en-movimiento\/\" target=\"_self\" rel=\"bookmark noopener noreferrer\" class='uagb-image-ratio-inherit'><img loading=\"lazy\" decoding=\"async\" width=\"1920\" height=\"300\" src=\"https:\/\/www.casilda.gob.ar\/web\/wp-content\/uploads\/2025\/08\/PORTADA-NOTICIAS-2025-08-28T123240.995.png\" class=\"attachment-full size-full\" alt=\"\" srcset=\"https:\/\/www.casilda.gob.ar\/web\/wp-content\/uploads\/2025\/08\/PORTADA-NOTICIAS-2025-08-28T123240.995.png 1920w, https:\/\/www.casilda.gob.ar\/web\/wp-content\/uploads\/2025\/08\/PORTADA-NOTICIAS-2025-08-28T123240.995-300x47.png 300w, https:\/\/www.casilda.gob.ar\/web\/wp-content\/uploads\/2025\/08\/PORTADA-NOTICIAS-2025-08-28T123240.995-1024x160.png 1024w, https:\/\/www.casilda.gob.ar\/web\/wp-content\/uploads\/2025\/08\/PORTADA-NOTICIAS-2025-08-28T123240.995-768x120.png 768w, https:\/\/www.casilda.gob.ar\/web\/wp-content\/uploads\/2025\/08\/PORTADA-NOTICIAS-2025-08-28T123240.995-1536x240.png 1536w\" sizes=\"auto, (max-width: 1920px) 100vw, 1920px\" \/>\t\t\t\t\t<\/a>\n\t\t\t\t\t\t\t<\/div>\n\t\t\t\t\t\t<h4 class=\"uagb-post__title uagb-post__text\">\n\t\t\t\t<a href=\"https:\/\/www.casilda.gob.ar\/web\/casilda-en-movimiento\/\" target=\"_self\" rel=\"bookmark noopener noreferrer\">Casilda en movimiento<\/a>\n\t\t\t<\/h4>\n\t\t\t\t\t\t<div class='uagb-post__text uagb-post-grid-byline'>\n\t\t\t\t\t\t\t\t<time datetime=\"2025-08-29T07:42:51-03:00\" class=\"uagb-post__date\">\n\t\t\t\t\t\t\t\t\tagosto 29, 2025\t\t\t\t<\/time>\n\t\t\t\t\t\t<\/div>\n\t\t\t\t\t\t\t<div class='uagb-post__text uagb-post__excerpt'>\n\t\t\t\t\t<p>\ud83d\udea7 Casilda en movimiento El d\u00eda de hoy seguimos avanzando con distintos trabajos en varios&#8230;\t\t\t\t<\/div>\n\t\t\t\t\t\t<div class=\"uagb-post__text uagb-post__cta wp-block-button\">\n\t\t\t\t<a class=\"wp-block-button__link uagb-text-link\" style=\"\" href=\"https:\/\/www.casilda.gob.ar\/web\/casilda-en-movimiento\/\" target=\"_self\" rel=\"bookmark noopener noreferrer\">Leer m\u00e1s<\/a>\n\t\t\t<\/div>\n\t\t\t\n\t\t\t\t\t\t\t\t<a class=\"uagb-post__link-complete-box\" href=\"https:\/\/www.casilda.gob.ar\/web\/casilda-en-movimiento\/\" target=\"_self\" rel=\"bookmark noopener noreferrer\"><\/a>\n\t\t\t\t\t\t\t<\/article>\n\t\t\t\t\t\t\t\t\t\t\t\t\t\t\t\t<article class=\"uagb-post__inner-wrap\">\t\t\t\t\t\t\t\t<div class='uagb-post__image'>\n\t\t\t\t\t\t\t\t\t<a href=\"https:\/\/www.casilda.gob.ar\/web\/relevamiento-y-limpieza-de-basurales-en-la-ciudad\/\" target=\"_self\" rel=\"bookmark noopener noreferrer\" class='uagb-image-ratio-inherit'><img loading=\"lazy\" decoding=\"async\" width=\"1920\" height=\"300\" src=\"https:\/\/www.casilda.gob.ar\/web\/wp-content\/uploads\/2025\/05\/PORTADA-NOTICIAS-31.png\" class=\"attachment-full size-full\" alt=\"\" srcset=\"https:\/\/www.casilda.gob.ar\/web\/wp-content\/uploads\/2025\/05\/PORTADA-NOTICIAS-31.png 1920w, https:\/\/www.casilda.gob.ar\/web\/wp-content\/uploads\/2025\/05\/PORTADA-NOTICIAS-31-300x47.png 300w, https:\/\/www.casilda.gob.ar\/web\/wp-content\/uploads\/2025\/05\/PORTADA-NOTICIAS-31-1024x160.png 1024w, https:\/\/www.casilda.gob.ar\/web\/wp-content\/uploads\/2025\/05\/PORTADA-NOTICIAS-31-768x120.png 768w, https:\/\/www.casilda.gob.ar\/web\/wp-content\/uploads\/2025\/05\/PORTADA-NOTICIAS-31-1536x240.png 1536w\" sizes=\"auto, (max-width: 1920px) 100vw, 1920px\" \/>\t\t\t\t\t<\/a>\n\t\t\t\t\t\t\t<\/div>\n\t\t\t\t\t\t<h4 class=\"uagb-post__title uagb-post__text\">\n\t\t\t\t<a href=\"https:\/\/www.casilda.gob.ar\/web\/relevamiento-y-limpieza-de-basurales-en-la-ciudad\/\" target=\"_self\" rel=\"bookmark noopener noreferrer\">Relevamiento y limpieza de basurales en la ciudad<\/a>\n\t\t\t<\/h4>\n\t\t\t\t\t\t<div class='uagb-post__text uagb-post-grid-byline'>\n\t\t\t\t\t\t\t\t<time datetime=\"2025-05-08T10:21:04-03:00\" class=\"uagb-post__date\">\n\t\t\t\t\t\t\t\t\tmayo 8, 2025\t\t\t\t<\/time>\n\t\t\t\t\t\t<\/div>\n\t\t\t\t\t\t\t<div class='uagb-post__text uagb-post__excerpt'>\n\t\t\t\t\t<p>Desde la Municipalidad de Casilda informamos que el \u00c1rea de Inspecci\u00f3n General, en conjunto con&#8230;\t\t\t\t<\/div>\n\t\t\t\t\t\t<div class=\"uagb-post__text uagb-post__cta wp-block-button\">\n\t\t\t\t<a class=\"wp-block-button__link uagb-text-link\" style=\"\" href=\"https:\/\/www.casilda.gob.ar\/web\/relevamiento-y-limpieza-de-basurales-en-la-ciudad\/\" target=\"_self\" rel=\"bookmark noopener noreferrer\">Leer m\u00e1s<\/a>\n\t\t\t<\/div>\n\t\t\t\n\t\t\t\t\t\t\t\t<a class=\"uagb-post__link-complete-box\" href=\"https:\/\/www.casilda.gob.ar\/web\/relevamiento-y-limpieza-de-basurales-en-la-ciudad\/\" target=\"_self\" rel=\"bookmark noopener noreferrer\"><\/a>\n\t\t\t\t\t\t\t<\/article>\n\t\t\t\t\t\t\t\t\t\t\t\t\t<div class=\"uagb-post-pagination-wrap\">\n\t\t\t\t\t\t<span aria-current=\"page\" class=\"page-numbers current\">1<\/span>\n<a class=\"page-numbers\" href=\"https:\/\/www.casilda.gob.ar\/web\/wp-json\/wp\/v2\/pages\/4032\/page\/2\/\">2<\/a>\n<a class=\"page-numbers\" href=\"https:\/\/www.casilda.gob.ar\/web\/wp-json\/wp\/v2\/pages\/4032\/page\/3\/\">3<\/a>\n<a class=\"next page-numbers\" href=\"https:\/\/www.casilda.gob.ar\/web\/wp-json\/wp\/v2\/pages\/4032\/page\/2\/\">Siguiente<\/a>\t\t\t\t\t<\/div>\n\t\t\t\t\t\t\t\t<\/div>\n\t\t\t<\/div>\n<\/div>\n<\/div>\n","protected":false},"excerpt":{"rendered":"<p>Funciones y objetivos Secretario coordinador Maricel Cervigni Contacto Moreno 1450 &#8211; Tel. 03464-420341 planeamiento@casilda.gob.ar<\/p>\n","protected":false},"author":1,"featured_media":0,"parent":0,"menu_order":0,"comment_status":"closed","ping_status":"closed","template":"","meta":{"_uag_custom_page_level_css":"","footnotes":""},"class_list":["post-4032","page","type-page","status-publish","hentry"],"yoast_head":"<!-- This site is optimized with the Yoast SEO plugin v26.8 - https:\/\/yoast.com\/product\/yoast-seo-wordpress\/ -->\n<title>\u00c1rea de Planificaci\u00f3n Territorial \u00c1rea de Planificaci\u00f3n Territorial - Municipalidad de Casilda<\/title>\n<meta name=\"description\" content=\"\u00c1rea de Planificaci\u00f3n Territorial Casilda: gesti\u00f3n y mantenimiento de obras p\u00fablicas, alumbrado, se\u00f1alizaci\u00f3n y espacios verdes urbanos\" \/>\n<meta name=\"robots\" content=\"index, follow, max-snippet:-1, max-image-preview:large, max-video-preview:-1\" \/>\n<link rel=\"canonical\" href=\"https:\/\/www.casilda.gob.ar\/web\/area-de-planificacion-territorial-casilda\/\" \/>\n<meta property=\"og:locale\" content=\"es_ES\" \/>\n<meta property=\"og:type\" content=\"article\" \/>\n<meta property=\"og:title\" content=\"\u00c1rea de Planificaci\u00f3n Territorial \u00c1rea de Planificaci\u00f3n Territorial - Municipalidad de Casilda\" \/>\n<meta property=\"og:description\" content=\"\u00c1rea de Planificaci\u00f3n Territorial Casilda: gesti\u00f3n y mantenimiento de obras p\u00fablicas, alumbrado, se\u00f1alizaci\u00f3n y espacios verdes urbanos\" \/>\n<meta property=\"og:url\" content=\"https:\/\/www.casilda.gob.ar\/web\/area-de-planificacion-territorial-casilda\/\" \/>\n<meta property=\"og:site_name\" content=\"Municipalidad de Casilda\" \/>\n<meta property=\"article:modified_time\" content=\"2025-10-22T14:38:42+00:00\" \/>\n<meta name=\"twitter:card\" content=\"summary_large_image\" \/>\n<meta name=\"twitter:label1\" content=\"Tiempo de lectura\" \/>\n\t<meta name=\"twitter:data1\" content=\"1 minuto\" \/>\n<script type=\"application\/ld+json\" class=\"yoast-schema-graph\">{\"@context\":\"https:\/\/schema.org\",\"@graph\":[{\"@type\":\"WebPage\",\"@id\":\"https:\/\/www.casilda.gob.ar\/web\/area-de-planificacion-territorial-casilda\/\",\"url\":\"https:\/\/www.casilda.gob.ar\/web\/area-de-planificacion-territorial-casilda\/\",\"name\":\"\u00c1rea de Planificaci\u00f3n Territorial \u00c1rea de Planificaci\u00f3n Territorial - Municipalidad de Casilda\",\"isPartOf\":{\"@id\":\"https:\/\/www.casilda.gob.ar\/web\/#website\"},\"datePublished\":\"2024-11-26T12:07:40+00:00\",\"dateModified\":\"2025-10-22T14:38:42+00:00\",\"description\":\"\u00c1rea de Planificaci\u00f3n Territorial Casilda: gesti\u00f3n y mantenimiento de obras p\u00fablicas, alumbrado, se\u00f1alizaci\u00f3n y espacios verdes urbanos\",\"breadcrumb\":{\"@id\":\"https:\/\/www.casilda.gob.ar\/web\/area-de-planificacion-territorial-casilda\/#breadcrumb\"},\"inLanguage\":\"es\",\"potentialAction\":[{\"@type\":\"ReadAction\",\"target\":[\"https:\/\/www.casilda.gob.ar\/web\/area-de-planificacion-territorial-casilda\/\"]}]},{\"@type\":\"BreadcrumbList\",\"@id\":\"https:\/\/www.casilda.gob.ar\/web\/area-de-planificacion-territorial-casilda\/#breadcrumb\",\"itemListElement\":[{\"@type\":\"ListItem\",\"position\":1,\"name\":\"Inicio\",\"item\":\"https:\/\/www.casilda.gob.ar\/web\/\"},{\"@type\":\"ListItem\",\"position\":2,\"name\":\"\u00c1rea de Planificaci\u00f3n Territorial\"}]},{\"@type\":\"WebSite\",\"@id\":\"https:\/\/www.casilda.gob.ar\/web\/#website\",\"url\":\"https:\/\/www.casilda.gob.ar\/web\/\",\"name\":\"Municipalidad de Casilda\",\"description\":\"Construyendo Futuro\",\"potentialAction\":[{\"@type\":\"SearchAction\",\"target\":{\"@type\":\"EntryPoint\",\"urlTemplate\":\"https:\/\/www.casilda.gob.ar\/web\/?s={search_term_string}\"},\"query-input\":{\"@type\":\"PropertyValueSpecification\",\"valueRequired\":true,\"valueName\":\"search_term_string\"}}],\"inLanguage\":\"es\"}]}<\/script>\n<!-- \/ Yoast SEO plugin. -->","yoast_head_json":{"title":"\u00c1rea de Planificaci\u00f3n Territorial \u00c1rea de Planificaci\u00f3n Territorial - Municipalidad de Casilda","description":"\u00c1rea de Planificaci\u00f3n Territorial Casilda: gesti\u00f3n y mantenimiento de obras p\u00fablicas, alumbrado, se\u00f1alizaci\u00f3n y espacios verdes urbanos","robots":{"index":"index","follow":"follow","max-snippet":"max-snippet:-1","max-image-preview":"max-image-preview:large","max-video-preview":"max-video-preview:-1"},"canonical":"https:\/\/www.casilda.gob.ar\/web\/area-de-planificacion-territorial-casilda\/","og_locale":"es_ES","og_type":"article","og_title":"\u00c1rea de Planificaci\u00f3n Territorial \u00c1rea de Planificaci\u00f3n Territorial - Municipalidad de Casilda","og_description":"\u00c1rea de Planificaci\u00f3n Territorial Casilda: gesti\u00f3n y mantenimiento de obras p\u00fablicas, alumbrado, se\u00f1alizaci\u00f3n y espacios verdes urbanos","og_url":"https:\/\/www.casilda.gob.ar\/web\/area-de-planificacion-territorial-casilda\/","og_site_name":"Municipalidad de Casilda","article_modified_time":"2025-10-22T14:38:42+00:00","twitter_card":"summary_large_image","twitter_misc":{"Tiempo de lectura":"1 minuto"},"schema":{"@context":"https:\/\/schema.org","@graph":[{"@type":"WebPage","@id":"https:\/\/www.casilda.gob.ar\/web\/area-de-planificacion-territorial-casilda\/","url":"https:\/\/www.casilda.gob.ar\/web\/area-de-planificacion-territorial-casilda\/","name":"\u00c1rea de Planificaci\u00f3n Territorial \u00c1rea de Planificaci\u00f3n Territorial - Municipalidad de Casilda","isPartOf":{"@id":"https:\/\/www.casilda.gob.ar\/web\/#website"},"datePublished":"2024-11-26T12:07:40+00:00","dateModified":"2025-10-22T14:38:42+00:00","description":"\u00c1rea de Planificaci\u00f3n Territorial Casilda: gesti\u00f3n y mantenimiento de obras p\u00fablicas, alumbrado, se\u00f1alizaci\u00f3n y espacios verdes urbanos","breadcrumb":{"@id":"https:\/\/www.casilda.gob.ar\/web\/area-de-planificacion-territorial-casilda\/#breadcrumb"},"inLanguage":"es","potentialAction":[{"@type":"ReadAction","target":["https:\/\/www.casilda.gob.ar\/web\/area-de-planificacion-territorial-casilda\/"]}]},{"@type":"BreadcrumbList","@id":"https:\/\/www.casilda.gob.ar\/web\/area-de-planificacion-territorial-casilda\/#breadcrumb","itemListElement":[{"@type":"ListItem","position":1,"name":"Inicio","item":"https:\/\/www.casilda.gob.ar\/web\/"},{"@type":"ListItem","position":2,"name":"\u00c1rea de Planificaci\u00f3n Territorial"}]},{"@type":"WebSite","@id":"https:\/\/www.casilda.gob.ar\/web\/#website","url":"https:\/\/www.casilda.gob.ar\/web\/","name":"Municipalidad de Casilda","description":"Construyendo Futuro","potentialAction":[{"@type":"SearchAction","target":{"@type":"EntryPoint","urlTemplate":"https:\/\/www.casilda.gob.ar\/web\/?s={search_term_string}"},"query-input":{"@type":"PropertyValueSpecification","valueRequired":true,"valueName":"search_term_string"}}],"inLanguage":"es"}]}},"uagb_featured_image_src":{"full":false,"thumbnail":false,"medium":false,"medium_large":false,"large":false,"1536x1536":false,"2048x2048":false},"uagb_author_info":{"display_name":"Municipalidad Casilda","author_link":"https:\/\/www.casilda.gob.ar\/web\/author\/admin\/"},"uagb_comment_info":0,"uagb_excerpt":"Funciones y objetivos Secretario coordinador Maricel Cervigni Contacto Moreno 1450 &#8211; Tel. 03464-420341 planeamiento@casilda.gob.ar","_links":{"self":[{"href":"https:\/\/www.casilda.gob.ar\/web\/wp-json\/wp\/v2\/pages\/4032","targetHints":{"allow":["GET"]}}],"collection":[{"href":"https:\/\/www.casilda.gob.ar\/web\/wp-json\/wp\/v2\/pages"}],"about":[{"href":"https:\/\/www.casilda.gob.ar\/web\/wp-json\/wp\/v2\/types\/page"}],"author":[{"embeddable":true,"href":"https:\/\/www.casilda.gob.ar\/web\/wp-json\/wp\/v2\/users\/1"}],"replies":[{"embeddable":true,"href":"https:\/\/www.casilda.gob.ar\/web\/wp-json\/wp\/v2\/comments?post=4032"}],"version-history":[{"count":1,"href":"https:\/\/www.casilda.gob.ar\/web\/wp-json\/wp\/v2\/pages\/4032\/revisions"}],"predecessor-version":[{"id":13276,"href":"https:\/\/www.casilda.gob.ar\/web\/wp-json\/wp\/v2\/pages\/4032\/revisions\/13276"}],"wp:attachment":[{"href":"https:\/\/www.casilda.gob.ar\/web\/wp-json\/wp\/v2\/media?parent=4032"}],"curies":[{"name":"wp","href":"https:\/\/api.w.org\/{rel}","templated":true}]}}