{"id":4035,"date":"2024-11-26T12:22:47","date_gmt":"2024-11-26T12:22:47","guid":{"rendered":"https:\/\/www.casilda.gob.ar\/web\/?page_id=4035"},"modified":"2025-06-13T10:18:12","modified_gmt":"2025-06-13T13:18:12","slug":"area-de-produccion-ciencia-y-tecnologia-casilda","status":"publish","type":"page","link":"https:\/\/www.casilda.gob.ar\/web\/area-de-produccion-ciencia-y-tecnologia-casilda\/","title":{"rendered":"\u00c1rea de Producci\u00f3n Ciencia y Tecnolog\u00eda"},"content":{"rendered":"\n<div class=\"wp-block-columns is-layout-flex wp-container-core-columns-is-layout-1 wp-block-columns-is-layout-flex\" style=\"margin-top:0;margin-bottom:var(--wp--preset--spacing--20)\">\n<div class=\"wp-block-column is-layout-flow wp-container-core-column-is-layout-1 wp-block-column-is-layout-flow\" style=\"flex-basis:50%\">\n<h2 class=\"wp-block-heading has-medium-font-size\" style=\"font-style:normal;font-weight:500;text-decoration:underline\">Funciones y objetivos<\/h2>\n\n\n\n<div class=\"wp-block-uagb-icon-list uagb-block-d93fec1a\"><div class=\"uagb-icon-list__wrap\">\n<div class=\"wp-block-uagb-icon-list-child uagb-block-f62b7652\"><span class=\"uagb-icon-list__source-wrap\"><svg xmlns=\"https:\/\/www.w3.org\/2000\/svg\" viewBox=\"0 0 512 512\"><path d=\"M512 256C512 397.4 397.4 512 256 512C114.6 512 0 397.4 0 256C0 114.6 114.6 0 256 0C397.4 0 512 114.6 512 256z\"><\/path><\/svg><\/span><span class=\"uagb-icon-list__label\">Fomentar el asociativismo entre empresas locales entre s\u00ed y de \u00e9stas con empresas nacionales y\/o extranjeras.<\/span><\/div>\n\n\n\n<div class=\"wp-block-uagb-icon-list-child uagb-block-c8a0ad85\"><span class=\"uagb-icon-list__source-wrap\"><svg xmlns=\"https:\/\/www.w3.org\/2000\/svg\" viewBox=\"0 0 512 512\"><path d=\"M512 256C512 397.4 397.4 512 256 512C114.6 512 0 397.4 0 256C0 114.6 114.6 0 256 0C397.4 0 512 114.6 512 256z\"><\/path><\/svg><\/span><span class=\"uagb-icon-list__label\">Promover la realizaci\u00f3n y participaci\u00f3n en ferias y rondas de negocios.<\/span><\/div>\n<\/div><\/div>\n\n\n\n<div class=\"wp-block-uagb-icon-list uagb-block-564a19b9\"><div class=\"uagb-icon-list__wrap\">\n<div class=\"wp-block-uagb-icon-list-child uagb-block-9cbef484\"><span class=\"uagb-icon-list__source-wrap\"><svg xmlns=\"https:\/\/www.w3.org\/2000\/svg\" viewBox=\"0 0 512 512\"><path d=\"M512 256C512 397.4 397.4 512 256 512C114.6 512 0 397.4 0 256C0 114.6 114.6 0 256 0C397.4 0 512 114.6 512 256z\"><\/path><\/svg><\/span><span class=\"uagb-icon-list__label\">Colaborar con toda iniciativa tendiente a la zonificaci\u00f3n local, en lo relativo a \u00e1reas destinadas al desarrollo productivo.<\/span><\/div>\n\n\n\n<div class=\"wp-block-uagb-icon-list-child uagb-block-20b645c1\"><span class=\"uagb-icon-list__source-wrap\"><svg xmlns=\"https:\/\/www.w3.org\/2000\/svg\" viewBox=\"0 0 512 512\"><path d=\"M512 256C512 397.4 397.4 512 256 512C114.6 512 0 397.4 0 256C0 114.6 114.6 0 256 0C397.4 0 512 114.6 512 256z\"><\/path><\/svg><\/span><span class=\"uagb-icon-list__label\">Dise\u00f1ar e implementar acciones para la mejora de las condiciones de empleabilidad de personas desocupadas, promover la creaci\u00f3n del empleo productivo e interactuar entre la oferta y la demanda de trabajo.<\/span><\/div>\n\n\n\n<div class=\"wp-block-uagb-icon-list-child uagb-block-62a6c3eb\"><span class=\"uagb-icon-list__source-wrap\"><svg xmlns=\"https:\/\/www.w3.org\/2000\/svg\" viewBox=\"0 0 512 512\"><path d=\"M512 256C512 397.4 397.4 512 256 512C114.6 512 0 397.4 0 256C0 114.6 114.6 0 256 0C397.4 0 512 114.6 512 256z\"><\/path><\/svg><\/span><span class=\"uagb-icon-list__label\">Impulsar acciones tendientes al fomento del turismo local.<\/span><\/div>\n<\/div><\/div>\n\n\n\n<div class=\"wp-block-uagb-icon-list uagb-block-196222c2\"><div class=\"uagb-icon-list__wrap\">\n<div class=\"wp-block-uagb-icon-list-child uagb-block-10c91020\"><span class=\"uagb-icon-list__source-wrap\"><svg xmlns=\"https:\/\/www.w3.org\/2000\/svg\" viewBox=\"0 0 512 512\"><path d=\"M512 256C512 397.4 397.4 512 256 512C114.6 512 0 397.4 0 256C0 114.6 114.6 0 256 0C397.4 0 512 114.6 512 256z\"><\/path><\/svg><\/span><span class=\"uagb-icon-list__label\">Ejercer el rol de asesor, intermediador y difusor de planes y\/o programas provinciales, nacionales y\/o internacionales que puedan operar de impulso a la producci\u00f3n local.<\/span><\/div>\n\n\n\n<div class=\"wp-block-uagb-icon-list-child uagb-block-e880edc7\"><span class=\"uagb-icon-list__source-wrap\"><svg xmlns=\"https:\/\/www.w3.org\/2000\/svg\" viewBox=\"0 0 512 512\"><path d=\"M512 256C512 397.4 397.4 512 256 512C114.6 512 0 397.4 0 256C0 114.6 114.6 0 256 0C397.4 0 512 114.6 512 256z\"><\/path><\/svg><\/span><span class=\"uagb-icon-list__label\">Asesorar al Departamento Ejecutivo Municipal, en todo lo atinente a cuestiones de su competencia.<\/span><\/div>\n<\/div><\/div>\n\n\n\n<div class=\"wp-block-buttons has-custom-font-size has-background is-content-justification-center is-layout-flex wp-container-core-buttons-is-layout-1 wp-block-buttons-is-layout-flex\" style=\"background-color:#f2f2f2;margin-top:var(--wp--preset--spacing--30);margin-bottom:var(--wp--preset--spacing--30);padding-top:var(--wp--preset--spacing--10);padding-bottom:var(--wp--preset--spacing--10);font-size:12px\">\n<div class=\"wp-block-button\"><a class=\"wp-block-button__link wp-element-button\" href=\"https:\/\/www.casilda.gob.ar\/web\/direccion-de-planificacion-estrategica-casilda\/\" style=\"padding-top:7px;padding-right:var(--wp--preset--spacing--10);padding-bottom:7px;padding-left:var(--wp--preset--spacing--10)\">Direcci\u00f3n de Planificaci\u00f3n Estrat\u00e9gica<\/a><\/div>\n\n\n\n<div class=\"wp-block-button\"><a class=\"wp-block-button__link wp-element-button\" href=\"https:\/\/www.casilda.gob.ar\/web\/direccion-de-innovacion-tecnologica-casilda\/\" style=\"padding-top:7px;padding-right:var(--wp--preset--spacing--10);padding-bottom:7px;padding-left:var(--wp--preset--spacing--10)\">Direcci\u00f3n de Innovaci\u00f3n Tecnol\u00f3gica<\/a><\/div>\n<\/div>\n<\/div>\n\n\n\n<div class=\"wp-block-column is-layout-flow wp-block-column-is-layout-flow\" style=\"border-right-color:#a3a3a333;border-right-width:2px\"><\/div>\n\n\n\n<div class=\"wp-block-column is-layout-flow wp-container-core-column-is-layout-3 wp-block-column-is-layout-flow\" style=\"padding-top:0;padding-right:0;padding-bottom:0;padding-left:0;flex-basis:50%\">\n<p class=\"has-medium-font-size\" style=\"font-style:normal;font-weight:500;text-decoration:underline\">Contacto<\/p>\n\n\n\n<p>Buenos Aires 2050 (Galer\u00eda Casilda)<\/p>\n\n\n\n<p>Tel. <a href=\"tel:034645499880\">3464-442574<\/a><\/p>\n\n\n\n<p><a href=\"mailto:produccion@casilda.gob.ar\" data-type=\"mailto\" data-id=\"mailto:produccion@casilda.gob.ar\">produccion@casilda.gob.ar<\/a><\/p>\n\n\n\n<hr class=\"wp-block-separator has-text-color has-alpha-channel-opacity has-background is-style-wide\" style=\"background-color:#a3a3a330;color:#a3a3a330\"\/>\n\n\n\n<div class=\"wp-block-group is-nowrap is-layout-flex wp-container-core-group-is-layout-1 wp-block-group-is-layout-flex\" style=\"margin-top:var(--wp--preset--spacing--20);margin-bottom:var(--wp--preset--spacing--20);padding-right:0;padding-left:0\">\n\t\t\t<div class=\"wp-block-uagb-post-grid uagb-post-grid  uagb-post__image-position-top uagb-post__image-enabled uagb-block-b8ddc046     uagb-post__items uagb-post__columns-1 is-grid uagb-post__columns-tablet-2 uagb-post__columns-mobile-1\" data-total=\"12\" style=\"\">\n\n\t\t\t\t\t\t\t\t\t\t\t\t<article class=\"uagb-post__inner-wrap\">\t\t\t\t\t\t\t\t<div class='uagb-post__image'>\n\t\t\t\t\t\t\t\t\t<a href=\"https:\/\/www.casilda.gob.ar\/web\/casilda-produccion-y-empleo\/\" target=\"_self\" rel=\"bookmark noopener noreferrer\" class='uagb-image-ratio-inherit'><img loading=\"lazy\" decoding=\"async\" width=\"1920\" height=\"300\" src=\"https:\/\/www.casilda.gob.ar\/web\/wp-content\/uploads\/2026\/05\/PORTADA-NOTICIAS-2026-05-08T092511.367.png\" class=\"attachment-full size-full\" alt=\"\" srcset=\"https:\/\/www.casilda.gob.ar\/web\/wp-content\/uploads\/2026\/05\/PORTADA-NOTICIAS-2026-05-08T092511.367.png 1920w, https:\/\/www.casilda.gob.ar\/web\/wp-content\/uploads\/2026\/05\/PORTADA-NOTICIAS-2026-05-08T092511.367-300x47.png 300w, https:\/\/www.casilda.gob.ar\/web\/wp-content\/uploads\/2026\/05\/PORTADA-NOTICIAS-2026-05-08T092511.367-1024x160.png 1024w, https:\/\/www.casilda.gob.ar\/web\/wp-content\/uploads\/2026\/05\/PORTADA-NOTICIAS-2026-05-08T092511.367-768x120.png 768w, https:\/\/www.casilda.gob.ar\/web\/wp-content\/uploads\/2026\/05\/PORTADA-NOTICIAS-2026-05-08T092511.367-1536x240.png 1536w\" sizes=\"auto, (max-width: 1920px) 100vw, 1920px\" \/>\t\t\t\t\t<\/a>\n\t\t\t\t\t\t\t<\/div>\n\t\t\t\t\t\t<h4 class=\"uagb-post__title uagb-post__text\">\n\t\t\t\t<a href=\"https:\/\/www.casilda.gob.ar\/web\/casilda-produccion-y-empleo\/\" target=\"_self\" rel=\"bookmark noopener noreferrer\">Casilda: producci\u00f3n y empleo<\/a>\n\t\t\t<\/h4>\n\t\t\t\t\t\t<div class='uagb-post__text uagb-post-grid-byline'>\n\t\t\t\t\t\t\t\t<time datetime=\"2026-05-08T09:48:48-03:00\" class=\"uagb-post__date\">\n\t\t\t\t\t\t\t\t\tmayo 8, 2026\t\t\t\t<\/time>\n\t\t\t\t\t\t<\/div>\n\t\t\t\t\t\t\t<div class='uagb-post__text uagb-post__excerpt'>\n\t\t\t\t\t<p>Casilda: producci\u00f3n y empleo. \ud83d\udc49 Te invitamos a participar de la Charla \u00abHerramientas para el&#8230;\t\t\t\t<\/div>\n\t\t\t\t\t\t<div class=\"uagb-post__text uagb-post__cta wp-block-button\">\n\t\t\t\t<a class=\"wp-block-button__link uagb-text-link\" style=\"\" href=\"https:\/\/www.casilda.gob.ar\/web\/casilda-produccion-y-empleo\/\" target=\"_self\" rel=\"bookmark noopener noreferrer\">Leer m\u00e1s<\/a>\n\t\t\t<\/div>\n\t\t\t\n\t\t\t\t\t\t\t\t<a class=\"uagb-post__link-complete-box\" href=\"https:\/\/www.casilda.gob.ar\/web\/casilda-produccion-y-empleo\/\" target=\"_self\" rel=\"bookmark noopener noreferrer\"><\/a>\n\t\t\t\t\t\t\t<\/article>\n\t\t\t\t\t\t\t\t\t\t\t\t\t\t\t\t<article class=\"uagb-post__inner-wrap\">\t\t\t\t\t\t\t\t<div class='uagb-post__image'>\n\t\t\t\t\t\t\t\t\t<a href=\"https:\/\/www.casilda.gob.ar\/web\/venta-de-miel-del-centro-de-extraccion-municipal\/\" target=\"_self\" rel=\"bookmark noopener noreferrer\" class='uagb-image-ratio-inherit'><img loading=\"lazy\" decoding=\"async\" width=\"1920\" height=\"300\" src=\"https:\/\/www.casilda.gob.ar\/web\/wp-content\/uploads\/2026\/04\/PORTADA-NOTICIAS-2026-04-23T125847.918.png\" class=\"attachment-full size-full\" alt=\"\" srcset=\"https:\/\/www.casilda.gob.ar\/web\/wp-content\/uploads\/2026\/04\/PORTADA-NOTICIAS-2026-04-23T125847.918.png 1920w, https:\/\/www.casilda.gob.ar\/web\/wp-content\/uploads\/2026\/04\/PORTADA-NOTICIAS-2026-04-23T125847.918-300x47.png 300w, https:\/\/www.casilda.gob.ar\/web\/wp-content\/uploads\/2026\/04\/PORTADA-NOTICIAS-2026-04-23T125847.918-1024x160.png 1024w, https:\/\/www.casilda.gob.ar\/web\/wp-content\/uploads\/2026\/04\/PORTADA-NOTICIAS-2026-04-23T125847.918-768x120.png 768w, https:\/\/www.casilda.gob.ar\/web\/wp-content\/uploads\/2026\/04\/PORTADA-NOTICIAS-2026-04-23T125847.918-1536x240.png 1536w\" sizes=\"auto, (max-width: 1920px) 100vw, 1920px\" \/>\t\t\t\t\t<\/a>\n\t\t\t\t\t\t\t<\/div>\n\t\t\t\t\t\t<h4 class=\"uagb-post__title uagb-post__text\">\n\t\t\t\t<a href=\"https:\/\/www.casilda.gob.ar\/web\/venta-de-miel-del-centro-de-extraccion-municipal\/\" target=\"_self\" rel=\"bookmark noopener noreferrer\">Venta de miel del Centro de Extracci\u00f3n Municipal<\/a>\n\t\t\t<\/h4>\n\t\t\t\t\t\t<div class='uagb-post__text uagb-post-grid-byline'>\n\t\t\t\t\t\t\t\t<time datetime=\"2026-04-24T10:00:22-03:00\" class=\"uagb-post__date\">\n\t\t\t\t\t\t\t\t\tabril 24, 2026\t\t\t\t<\/time>\n\t\t\t\t\t\t<\/div>\n\t\t\t\t\t\t\t<div class='uagb-post__text uagb-post__excerpt'>\n\t\t\t\t\t<p>Casilda impulsa la producci\u00f3n local y la inclusi\u00f3n con la venta de miel del Centro&#8230;\t\t\t\t<\/div>\n\t\t\t\t\t\t<div class=\"uagb-post__text uagb-post__cta wp-block-button\">\n\t\t\t\t<a class=\"wp-block-button__link uagb-text-link\" style=\"\" href=\"https:\/\/www.casilda.gob.ar\/web\/venta-de-miel-del-centro-de-extraccion-municipal\/\" target=\"_self\" rel=\"bookmark noopener noreferrer\">Leer m\u00e1s<\/a>\n\t\t\t<\/div>\n\t\t\t\n\t\t\t\t\t\t\t\t<a class=\"uagb-post__link-complete-box\" href=\"https:\/\/www.casilda.gob.ar\/web\/venta-de-miel-del-centro-de-extraccion-municipal\/\" target=\"_self\" rel=\"bookmark noopener noreferrer\"><\/a>\n\t\t\t\t\t\t\t<\/article>\n\t\t\t\t\t\t\t\t\t\t\t\t\t\t\t\t<article class=\"uagb-post__inner-wrap\">\t\t\t\t\t\t\t\t<div class='uagb-post__image'>\n\t\t\t\t\t\t\t\t\t<a href=\"https:\/\/www.casilda.gob.ar\/web\/agroactiva-2026\/\" target=\"_self\" rel=\"bookmark noopener noreferrer\" class='uagb-image-ratio-inherit'><img loading=\"lazy\" decoding=\"async\" width=\"1920\" height=\"300\" src=\"https:\/\/www.casilda.gob.ar\/web\/wp-content\/uploads\/2026\/04\/PORTADA-NOTICIAS-2026-04-17T114256.922.png\" class=\"attachment-full size-full\" alt=\"\" srcset=\"https:\/\/www.casilda.gob.ar\/web\/wp-content\/uploads\/2026\/04\/PORTADA-NOTICIAS-2026-04-17T114256.922.png 1920w, https:\/\/www.casilda.gob.ar\/web\/wp-content\/uploads\/2026\/04\/PORTADA-NOTICIAS-2026-04-17T114256.922-300x47.png 300w, https:\/\/www.casilda.gob.ar\/web\/wp-content\/uploads\/2026\/04\/PORTADA-NOTICIAS-2026-04-17T114256.922-1024x160.png 1024w, https:\/\/www.casilda.gob.ar\/web\/wp-content\/uploads\/2026\/04\/PORTADA-NOTICIAS-2026-04-17T114256.922-768x120.png 768w, https:\/\/www.casilda.gob.ar\/web\/wp-content\/uploads\/2026\/04\/PORTADA-NOTICIAS-2026-04-17T114256.922-1536x240.png 1536w\" sizes=\"auto, (max-width: 1920px) 100vw, 1920px\" \/>\t\t\t\t\t<\/a>\n\t\t\t\t\t\t\t<\/div>\n\t\t\t\t\t\t<h4 class=\"uagb-post__title uagb-post__text\">\n\t\t\t\t<a href=\"https:\/\/www.casilda.gob.ar\/web\/agroactiva-2026\/\" target=\"_self\" rel=\"bookmark noopener noreferrer\">AGROACTIVA 2026<\/a>\n\t\t\t<\/h4>\n\t\t\t\t\t\t<div class='uagb-post__text uagb-post-grid-byline'>\n\t\t\t\t\t\t\t\t<time datetime=\"2026-04-17T12:29:18-03:00\" class=\"uagb-post__date\">\n\t\t\t\t\t\t\t\t\tabril 17, 2026\t\t\t\t<\/time>\n\t\t\t\t\t\t<\/div>\n\t\t\t\t\t\t\t<div class='uagb-post__text uagb-post__excerpt'>\n\t\t\t\t\t<p>La Municipalidad de Casilda, informa que se encuentra abierta la Convocatoria, para participar de AGROACTIVA&#8230;\t\t\t\t<\/div>\n\t\t\t\t\t\t<div class=\"uagb-post__text uagb-post__cta wp-block-button\">\n\t\t\t\t<a class=\"wp-block-button__link uagb-text-link\" style=\"\" href=\"https:\/\/www.casilda.gob.ar\/web\/agroactiva-2026\/\" target=\"_self\" rel=\"bookmark noopener noreferrer\">Leer m\u00e1s<\/a>\n\t\t\t<\/div>\n\t\t\t\n\t\t\t\t\t\t\t\t<a class=\"uagb-post__link-complete-box\" href=\"https:\/\/www.casilda.gob.ar\/web\/agroactiva-2026\/\" target=\"_self\" rel=\"bookmark noopener noreferrer\"><\/a>\n\t\t\t\t\t\t\t<\/article>\n\t\t\t\t\t\t\t\t\t\t\t\t\t<div class=\"uagb-post-pagination-wrap\">\n\t\t\t\t\t\t<span aria-current=\"page\" class=\"page-numbers current\">1<\/span>\n<a class=\"page-numbers\" href=\"https:\/\/www.casilda.gob.ar\/web\/wp-json\/wp\/v2\/pages\/4035\/page\/2\/\">2<\/a>\n<a class=\"page-numbers\" href=\"https:\/\/www.casilda.gob.ar\/web\/wp-json\/wp\/v2\/pages\/4035\/page\/3\/\">3<\/a>\n<a class=\"page-numbers\" href=\"https:\/\/www.casilda.gob.ar\/web\/wp-json\/wp\/v2\/pages\/4035\/page\/4\/\">4<\/a>\n<a class=\"page-numbers\" href=\"https:\/\/www.casilda.gob.ar\/web\/wp-json\/wp\/v2\/pages\/4035\/page\/5\/\">5<\/a>\n<span class=\"page-numbers dots\">&hellip;<\/span>\n<a class=\"page-numbers\" href=\"https:\/\/www.casilda.gob.ar\/web\/wp-json\/wp\/v2\/pages\/4035\/page\/7\/\">7<\/a>\n<a class=\"page-numbers\" href=\"https:\/\/www.casilda.gob.ar\/web\/wp-json\/wp\/v2\/pages\/4035\/page\/8\/\">8<\/a>\n<a class=\"page-numbers\" href=\"https:\/\/www.casilda.gob.ar\/web\/wp-json\/wp\/v2\/pages\/4035\/page\/9\/\">9<\/a>\n<a class=\"page-numbers\" href=\"https:\/\/www.casilda.gob.ar\/web\/wp-json\/wp\/v2\/pages\/4035\/page\/10\/\">10<\/a>\n<a class=\"next page-numbers\" href=\"https:\/\/www.casilda.gob.ar\/web\/wp-json\/wp\/v2\/pages\/4035\/page\/2\/\">Siguiente<\/a>\t\t\t\t\t<\/div>\n\t\t\t\t\t\t\t\t<\/div>\n\t\t\t<\/div>\n<\/div>\n<\/div>\n","protected":false},"excerpt":{"rendered":"<p>Funciones y objetivos Contacto Buenos Aires 2050 (Galer\u00eda Casilda) Tel. 3464-442574 produccion@casilda.gob.ar<\/p>\n","protected":false},"author":1,"featured_media":0,"parent":0,"menu_order":0,"comment_status":"closed","ping_status":"closed","template":"","meta":{"_uag_custom_page_level_css":"","footnotes":""},"class_list":["post-4035","page","type-page","status-publish","hentry"],"yoast_head":"<!-- This site is optimized with the Yoast SEO plugin v26.8 - https:\/\/yoast.com\/product\/yoast-seo-wordpress\/ -->\n<title>\u00c1rea de Producci\u00f3n Ciencia y Tecnolog\u00eda \u00c1rea de Producci\u00f3n Ciencia y Tecnolog\u00eda - Municipalidad de Casilda<\/title>\n<meta name=\"description\" content=\"\u00c1rea de Producci\u00f3n, Ciencia y Tecnolog\u00eda Casilda: fomento empresarial, empleo, turismo local y apoyo a planes productivos municipales.\" \/>\n<meta name=\"robots\" content=\"index, follow, max-snippet:-1, max-image-preview:large, max-video-preview:-1\" \/>\n<link rel=\"canonical\" href=\"https:\/\/www.casilda.gob.ar\/web\/area-de-produccion-ciencia-y-tecnologia-casilda\/\" \/>\n<meta property=\"og:locale\" content=\"es_ES\" \/>\n<meta property=\"og:type\" content=\"article\" \/>\n<meta property=\"og:title\" content=\"\u00c1rea de Producci\u00f3n Ciencia y Tecnolog\u00eda \u00c1rea de Producci\u00f3n Ciencia y Tecnolog\u00eda - Municipalidad de Casilda\" \/>\n<meta property=\"og:description\" content=\"\u00c1rea de Producci\u00f3n, Ciencia y Tecnolog\u00eda Casilda: fomento empresarial, empleo, turismo local y apoyo a planes productivos municipales.\" \/>\n<meta property=\"og:url\" content=\"https:\/\/www.casilda.gob.ar\/web\/area-de-produccion-ciencia-y-tecnologia-casilda\/\" \/>\n<meta property=\"og:site_name\" content=\"Municipalidad de Casilda\" \/>\n<meta property=\"article:modified_time\" content=\"2025-06-13T13:18:12+00:00\" \/>\n<meta name=\"twitter:card\" content=\"summary_large_image\" \/>\n<meta name=\"twitter:label1\" content=\"Tiempo de lectura\" \/>\n\t<meta name=\"twitter:data1\" content=\"1 minuto\" \/>\n<script type=\"application\/ld+json\" class=\"yoast-schema-graph\">{\"@context\":\"https:\/\/schema.org\",\"@graph\":[{\"@type\":\"WebPage\",\"@id\":\"https:\/\/www.casilda.gob.ar\/web\/area-de-produccion-ciencia-y-tecnologia-casilda\/\",\"url\":\"https:\/\/www.casilda.gob.ar\/web\/area-de-produccion-ciencia-y-tecnologia-casilda\/\",\"name\":\"\u00c1rea de Producci\u00f3n Ciencia y Tecnolog\u00eda \u00c1rea de Producci\u00f3n Ciencia y Tecnolog\u00eda - Municipalidad de Casilda\",\"isPartOf\":{\"@id\":\"https:\/\/www.casilda.gob.ar\/web\/#website\"},\"datePublished\":\"2024-11-26T12:22:47+00:00\",\"dateModified\":\"2025-06-13T13:18:12+00:00\",\"description\":\"\u00c1rea de Producci\u00f3n, Ciencia y Tecnolog\u00eda Casilda: fomento empresarial, empleo, turismo local y apoyo a planes productivos municipales.\",\"breadcrumb\":{\"@id\":\"https:\/\/www.casilda.gob.ar\/web\/area-de-produccion-ciencia-y-tecnologia-casilda\/#breadcrumb\"},\"inLanguage\":\"es\",\"potentialAction\":[{\"@type\":\"ReadAction\",\"target\":[\"https:\/\/www.casilda.gob.ar\/web\/area-de-produccion-ciencia-y-tecnologia-casilda\/\"]}]},{\"@type\":\"BreadcrumbList\",\"@id\":\"https:\/\/www.casilda.gob.ar\/web\/area-de-produccion-ciencia-y-tecnologia-casilda\/#breadcrumb\",\"itemListElement\":[{\"@type\":\"ListItem\",\"position\":1,\"name\":\"Inicio\",\"item\":\"https:\/\/www.casilda.gob.ar\/web\/\"},{\"@type\":\"ListItem\",\"position\":2,\"name\":\"\u00c1rea de Producci\u00f3n Ciencia y Tecnolog\u00eda\"}]},{\"@type\":\"WebSite\",\"@id\":\"https:\/\/www.casilda.gob.ar\/web\/#website\",\"url\":\"https:\/\/www.casilda.gob.ar\/web\/\",\"name\":\"Municipalidad de Casilda\",\"description\":\"Construyendo Futuro\",\"potentialAction\":[{\"@type\":\"SearchAction\",\"target\":{\"@type\":\"EntryPoint\",\"urlTemplate\":\"https:\/\/www.casilda.gob.ar\/web\/?s={search_term_string}\"},\"query-input\":{\"@type\":\"PropertyValueSpecification\",\"valueRequired\":true,\"valueName\":\"search_term_string\"}}],\"inLanguage\":\"es\"}]}<\/script>\n<!-- \/ Yoast SEO plugin. -->","yoast_head_json":{"title":"\u00c1rea de Producci\u00f3n Ciencia y Tecnolog\u00eda \u00c1rea de Producci\u00f3n Ciencia y Tecnolog\u00eda - Municipalidad de Casilda","description":"\u00c1rea de Producci\u00f3n, Ciencia y Tecnolog\u00eda Casilda: fomento empresarial, empleo, turismo local y apoyo a planes productivos municipales.","robots":{"index":"index","follow":"follow","max-snippet":"max-snippet:-1","max-image-preview":"max-image-preview:large","max-video-preview":"max-video-preview:-1"},"canonical":"https:\/\/www.casilda.gob.ar\/web\/area-de-produccion-ciencia-y-tecnologia-casilda\/","og_locale":"es_ES","og_type":"article","og_title":"\u00c1rea de Producci\u00f3n Ciencia y Tecnolog\u00eda \u00c1rea de Producci\u00f3n Ciencia y Tecnolog\u00eda - Municipalidad de Casilda","og_description":"\u00c1rea de Producci\u00f3n, Ciencia y Tecnolog\u00eda Casilda: fomento empresarial, empleo, turismo local y apoyo a planes productivos municipales.","og_url":"https:\/\/www.casilda.gob.ar\/web\/area-de-produccion-ciencia-y-tecnologia-casilda\/","og_site_name":"Municipalidad de Casilda","article_modified_time":"2025-06-13T13:18:12+00:00","twitter_card":"summary_large_image","twitter_misc":{"Tiempo de lectura":"1 minuto"},"schema":{"@context":"https:\/\/schema.org","@graph":[{"@type":"WebPage","@id":"https:\/\/www.casilda.gob.ar\/web\/area-de-produccion-ciencia-y-tecnologia-casilda\/","url":"https:\/\/www.casilda.gob.ar\/web\/area-de-produccion-ciencia-y-tecnologia-casilda\/","name":"\u00c1rea de Producci\u00f3n Ciencia y Tecnolog\u00eda \u00c1rea de Producci\u00f3n Ciencia y Tecnolog\u00eda - Municipalidad de Casilda","isPartOf":{"@id":"https:\/\/www.casilda.gob.ar\/web\/#website"},"datePublished":"2024-11-26T12:22:47+00:00","dateModified":"2025-06-13T13:18:12+00:00","description":"\u00c1rea de Producci\u00f3n, Ciencia y Tecnolog\u00eda Casilda: fomento empresarial, empleo, turismo local y apoyo a planes productivos municipales.","breadcrumb":{"@id":"https:\/\/www.casilda.gob.ar\/web\/area-de-produccion-ciencia-y-tecnologia-casilda\/#breadcrumb"},"inLanguage":"es","potentialAction":[{"@type":"ReadAction","target":["https:\/\/www.casilda.gob.ar\/web\/area-de-produccion-ciencia-y-tecnologia-casilda\/"]}]},{"@type":"BreadcrumbList","@id":"https:\/\/www.casilda.gob.ar\/web\/area-de-produccion-ciencia-y-tecnologia-casilda\/#breadcrumb","itemListElement":[{"@type":"ListItem","position":1,"name":"Inicio","item":"https:\/\/www.casilda.gob.ar\/web\/"},{"@type":"ListItem","position":2,"name":"\u00c1rea de Producci\u00f3n Ciencia y Tecnolog\u00eda"}]},{"@type":"WebSite","@id":"https:\/\/www.casilda.gob.ar\/web\/#website","url":"https:\/\/www.casilda.gob.ar\/web\/","name":"Municipalidad de Casilda","description":"Construyendo Futuro","potentialAction":[{"@type":"SearchAction","target":{"@type":"EntryPoint","urlTemplate":"https:\/\/www.casilda.gob.ar\/web\/?s={search_term_string}"},"query-input":{"@type":"PropertyValueSpecification","valueRequired":true,"valueName":"search_term_string"}}],"inLanguage":"es"}]}},"uagb_featured_image_src":{"full":false,"thumbnail":false,"medium":false,"medium_large":false,"large":false,"1536x1536":false,"2048x2048":false},"uagb_author_info":{"display_name":"Municipalidad Casilda","author_link":"https:\/\/www.casilda.gob.ar\/web\/author\/admin\/"},"uagb_comment_info":0,"uagb_excerpt":"Funciones y objetivos Contacto Buenos Aires 2050 (Galer\u00eda Casilda) Tel. 3464-442574 produccion@casilda.gob.ar","_links":{"self":[{"href":"https:\/\/www.casilda.gob.ar\/web\/wp-json\/wp\/v2\/pages\/4035","targetHints":{"allow":["GET"]}}],"collection":[{"href":"https:\/\/www.casilda.gob.ar\/web\/wp-json\/wp\/v2\/pages"}],"about":[{"href":"https:\/\/www.casilda.gob.ar\/web\/wp-json\/wp\/v2\/types\/page"}],"author":[{"embeddable":true,"href":"https:\/\/www.casilda.gob.ar\/web\/wp-json\/wp\/v2\/users\/1"}],"replies":[{"embeddable":true,"href":"https:\/\/www.casilda.gob.ar\/web\/wp-json\/wp\/v2\/comments?post=4035"}],"version-history":[{"count":0,"href":"https:\/\/www.casilda.gob.ar\/web\/wp-json\/wp\/v2\/pages\/4035\/revisions"}],"wp:attachment":[{"href":"https:\/\/www.casilda.gob.ar\/web\/wp-json\/wp\/v2\/media?parent=4035"}],"curies":[{"name":"wp","href":"https:\/\/api.w.org\/{rel}","templated":true}]}}