{"id":4914,"date":"2024-12-20T11:55:11","date_gmt":"2024-12-20T11:55:11","guid":{"rendered":"https:\/\/www.casilda.gob.ar\/web\/?page_id=4914"},"modified":"2025-07-03T09:44:23","modified_gmt":"2025-07-03T12:44:23","slug":"direccion-de-salud-casilda","status":"publish","type":"page","link":"https:\/\/www.casilda.gob.ar\/web\/direccion-de-salud-casilda\/","title":{"rendered":"Direcci\u00f3n de Salud"},"content":{"rendered":"\n<div class=\"wp-block-columns is-layout-flex wp-container-core-columns-is-layout-1 wp-block-columns-is-layout-flex\" style=\"margin-top:0;margin-bottom:var(--wp--preset--spacing--20)\">\n<div class=\"wp-block-column is-layout-flow wp-container-core-column-is-layout-1 wp-block-column-is-layout-flow\" style=\"flex-basis:50%\">\n<h2 class=\"wp-block-heading has-medium-font-size\" style=\"font-style:normal;font-weight:500;text-decoration:underline\">Funciones y objetivos<\/h2>\n\n\n\n<div class=\"wp-block-uagb-icon-list uagb-block-d93fec1a\"><div class=\"uagb-icon-list__wrap\">\n<div class=\"wp-block-uagb-icon-list-child uagb-block-f62b7652\"><span class=\"uagb-icon-list__source-wrap\"><svg xmlns=\"https:\/\/www.w3.org\/2000\/svg\" viewBox=\"0 0 512 512\"><path d=\"M512 256C512 397.4 397.4 512 256 512C114.6 512 0 397.4 0 256C0 114.6 114.6 0 256 0C397.4 0 512 114.6 512 256z\"><\/path><\/svg><\/span><span class=\"uagb-icon-list__label\">Coordinar acciones y supervisar las actividades que se desarrollen en los centro de atenci\u00f3n primaria de la ciudad.<\/span><\/div>\n\n\n\n<div class=\"wp-block-uagb-icon-list-child uagb-block-c8a0ad85\"><span class=\"uagb-icon-list__source-wrap\"><svg xmlns=\"https:\/\/www.w3.org\/2000\/svg\" viewBox=\"0 0 512 512\"><path d=\"M512 256C512 397.4 397.4 512 256 512C114.6 512 0 397.4 0 256C0 114.6 114.6 0 256 0C397.4 0 512 114.6 512 256z\"><\/path><\/svg><\/span><span class=\"uagb-icon-list__label\">Entender en la implementaci\u00f3n de campa\u00f1as que protejan la salud de los habitantes de la ciudad, previniendo enfermedades, y promoviendo la higiene y h\u00e1bitos saludables.<\/span><\/div>\n<\/div><\/div>\n\n\n\n<div class=\"wp-block-uagb-icon-list uagb-block-564a19b9\"><div class=\"uagb-icon-list__wrap\">\n<div class=\"wp-block-uagb-icon-list-child uagb-block-9cbef484\"><span class=\"uagb-icon-list__source-wrap\"><svg xmlns=\"https:\/\/www.w3.org\/2000\/svg\" viewBox=\"0 0 512 512\"><path d=\"M512 256C512 397.4 397.4 512 256 512C114.6 512 0 397.4 0 256C0 114.6 114.6 0 256 0C397.4 0 512 114.6 512 256z\"><\/path><\/svg><\/span><span class=\"uagb-icon-list__label\">Articular acciones y proyectos con las autoridades de salud y efectores provinciales a los efectos de fortalecer y potenciar el sistema local de atenci\u00f3n primaria de la salud, con base en la participaci\u00f3n ciudadana, garantizando la atenci\u00f3n integral, universal, equitativa, accesible y solidaria.<\/span><\/div>\n\n\n\n<div class=\"wp-block-uagb-icon-list-child uagb-block-20b645c1\"><span class=\"uagb-icon-list__source-wrap\"><svg xmlns=\"https:\/\/www.w3.org\/2000\/svg\" viewBox=\"0 0 512 512\"><path d=\"M512 256C512 397.4 397.4 512 256 512C114.6 512 0 397.4 0 256C0 114.6 114.6 0 256 0C397.4 0 512 114.6 512 256z\"><\/path><\/svg><\/span><span class=\"uagb-icon-list__label\">Apoyar a organismos que trabajan en la prevenci\u00f3n de adicciones y a las personas o familiares que atraviesan dicha problem\u00e1tica.<\/span><\/div>\n<\/div><\/div>\n\n\n\n<div class=\"wp-block-uagb-icon-list uagb-block-196222c2\"><div class=\"uagb-icon-list__wrap\">\n<div class=\"wp-block-uagb-icon-list-child uagb-block-62a6c3eb\"><span class=\"uagb-icon-list__source-wrap\"><svg xmlns=\"https:\/\/www.w3.org\/2000\/svg\" viewBox=\"0 0 512 512\"><path d=\"M512 256C512 397.4 397.4 512 256 512C114.6 512 0 397.4 0 256C0 114.6 114.6 0 256 0C397.4 0 512 114.6 512 256z\"><\/path><\/svg><\/span><span class=\"uagb-icon-list__label\">Gestionar el Centro de Ex\u00e1menes Psicof\u00edsicos.<\/span><\/div>\n\n\n\n<div class=\"wp-block-uagb-icon-list-child uagb-block-10c91020\"><span class=\"uagb-icon-list__source-wrap\"><svg xmlns=\"https:\/\/www.w3.org\/2000\/svg\" viewBox=\"0 0 512 512\"><path d=\"M512 256C512 397.4 397.4 512 256 512C114.6 512 0 397.4 0 256C0 114.6 114.6 0 256 0C397.4 0 512 114.6 512 256z\"><\/path><\/svg><\/span><span class=\"uagb-icon-list__label\">Coordinar el accionar municipal con los Centros de Atenci\u00f3n Primaria de la Salud que funcionan en el \u00e1mbito municipal.<\/span><\/div>\n<\/div><\/div>\n\n\n\n<div class=\"wp-block-group has-global-padding is-layout-constrained wp-block-group-is-layout-constrained\">\n<figure class=\"wp-block-gallery has-nested-images columns-default is-cropped wp-block-gallery-1 is-layout-flex wp-block-gallery-is-layout-flex\">\n<figure class=\"wp-block-image size-large has-custom-border\"><a href=\"https:\/\/www.casilda.gob.ar\/web\/centros-de-salud-Casilda\/\"><img loading=\"lazy\" decoding=\"async\" width=\"1024\" height=\"1024\" src=\"https:\/\/www.casilda.gob.ar\/web\/wp-content\/uploads\/2025\/07\/Centros-de-Salud-Casilda-2-1024x1024.png\" alt=\"\" class=\"wp-image-10574\" style=\"border-radius:20px;box-shadow:var(--wp--preset--shadow--natural)\" srcset=\"https:\/\/www.casilda.gob.ar\/web\/wp-content\/uploads\/2025\/07\/Centros-de-Salud-Casilda-2-1024x1024.png 1024w, https:\/\/www.casilda.gob.ar\/web\/wp-content\/uploads\/2025\/07\/Centros-de-Salud-Casilda-2-300x300.png 300w, https:\/\/www.casilda.gob.ar\/web\/wp-content\/uploads\/2025\/07\/Centros-de-Salud-Casilda-2-150x150.png 150w, https:\/\/www.casilda.gob.ar\/web\/wp-content\/uploads\/2025\/07\/Centros-de-Salud-Casilda-2-768x768.png 768w, https:\/\/www.casilda.gob.ar\/web\/wp-content\/uploads\/2025\/07\/Centros-de-Salud-Casilda-2.png 1080w\" sizes=\"auto, (max-width: 1024px) 100vw, 1024px\" \/><\/a><\/figure>\n\n\n\n<figure class=\"wp-block-image size-large has-custom-border\"><a href=\"https:\/\/www.casilda.gob.ar\/web\/residencia-de-larga-estadia\/\"><img loading=\"lazy\" decoding=\"async\" width=\"1024\" height=\"1024\" src=\"https:\/\/www.casilda.gob.ar\/web\/wp-content\/uploads\/2025\/07\/Residencias-de-larga-estadia-Geriatricos-Casilda-1024x1024.png\" alt=\"\" class=\"wp-image-10575\" style=\"border-radius:20px;box-shadow:var(--wp--preset--shadow--natural)\" srcset=\"https:\/\/www.casilda.gob.ar\/web\/wp-content\/uploads\/2025\/07\/Residencias-de-larga-estadia-Geriatricos-Casilda-1024x1024.png 1024w, https:\/\/www.casilda.gob.ar\/web\/wp-content\/uploads\/2025\/07\/Residencias-de-larga-estadia-Geriatricos-Casilda-300x300.png 300w, https:\/\/www.casilda.gob.ar\/web\/wp-content\/uploads\/2025\/07\/Residencias-de-larga-estadia-Geriatricos-Casilda-150x150.png 150w, https:\/\/www.casilda.gob.ar\/web\/wp-content\/uploads\/2025\/07\/Residencias-de-larga-estadia-Geriatricos-Casilda-768x768.png 768w, https:\/\/www.casilda.gob.ar\/web\/wp-content\/uploads\/2025\/07\/Residencias-de-larga-estadia-Geriatricos-Casilda.png 1080w\" sizes=\"auto, (max-width: 1024px) 100vw, 1024px\" \/><\/a><\/figure>\n<\/figure>\n<\/div>\n<\/div>\n\n\n\n<div class=\"wp-block-column is-layout-flow wp-block-column-is-layout-flow\" style=\"border-right-color:#a3a3a333;border-right-width:2px\"><\/div>\n\n\n\n<div class=\"wp-block-column is-layout-flow wp-container-core-column-is-layout-3 wp-block-column-is-layout-flow\" style=\"padding-top:0;padding-right:0;padding-bottom:0;padding-left:0;flex-basis:50%\">\n<p class=\"has-medium-font-size\" style=\"font-style:normal;font-weight:500;text-decoration:underline\">Directora<\/p>\n\n\n\n<p>Fernanda Olmedo<\/p>\n\n\n\n<p class=\"has-medium-font-size\" style=\"font-style:normal;font-weight:500;text-decoration:underline\">Contacto<\/p>\n\n\n\n<p>Las Heras 2139<\/p>\n\n\n\n<p>Tel. <a href=\"tel:423139\" data-type=\"tel\" data-id=\"tel:423139\">423139<\/a><\/p>\n\n\n\n<p><a href=\"mailto:saludpublica@casilda.gob.ar\">saludpublica@casilda.gob.ar<\/a><\/p>\n\n\n\n<hr class=\"wp-block-separator has-text-color has-alpha-channel-opacity has-background is-style-wide\" style=\"background-color:#a3a3a330;color:#a3a3a330\"\/>\n\n\n\n<div class=\"wp-block-group is-nowrap is-layout-flex wp-container-core-group-is-layout-2 wp-block-group-is-layout-flex\" style=\"margin-top:var(--wp--preset--spacing--20);margin-bottom:var(--wp--preset--spacing--20);padding-right:0;padding-left:0\">\n\t\t\t<div class=\"wp-block-uagb-post-grid uagb-post-grid  uagb-post__image-position-top uagb-post__image-enabled uagb-block-b8ddc046     uagb-post__items uagb-post__columns-1 is-grid uagb-post__columns-tablet-2 uagb-post__columns-mobile-1\" data-total=\"21\" style=\"\">\n\n\t\t\t\t\t\t\t\t\t\t\t\t<article class=\"uagb-post__inner-wrap\">\t\t\t\t\t\t\t\t<div class='uagb-post__image'>\n\t\t\t\t\t\t\t\t\t<a href=\"https:\/\/www.casilda.gob.ar\/web\/recomendaciones-para-prevenir-roedores\/\" target=\"_self\" rel=\"bookmark noopener noreferrer\" class='uagb-image-ratio-inherit'><img loading=\"lazy\" decoding=\"async\" width=\"1920\" height=\"300\" src=\"https:\/\/www.casilda.gob.ar\/web\/wp-content\/uploads\/2026\/05\/PORTADA-NOTICIAS-2026-05-15T103435.441.png\" class=\"attachment-full size-full\" alt=\"\" srcset=\"https:\/\/www.casilda.gob.ar\/web\/wp-content\/uploads\/2026\/05\/PORTADA-NOTICIAS-2026-05-15T103435.441.png 1920w, https:\/\/www.casilda.gob.ar\/web\/wp-content\/uploads\/2026\/05\/PORTADA-NOTICIAS-2026-05-15T103435.441-300x47.png 300w, https:\/\/www.casilda.gob.ar\/web\/wp-content\/uploads\/2026\/05\/PORTADA-NOTICIAS-2026-05-15T103435.441-1024x160.png 1024w, https:\/\/www.casilda.gob.ar\/web\/wp-content\/uploads\/2026\/05\/PORTADA-NOTICIAS-2026-05-15T103435.441-768x120.png 768w, https:\/\/www.casilda.gob.ar\/web\/wp-content\/uploads\/2026\/05\/PORTADA-NOTICIAS-2026-05-15T103435.441-1536x240.png 1536w\" sizes=\"auto, (max-width: 1920px) 100vw, 1920px\" \/>\t\t\t\t\t<\/a>\n\t\t\t\t\t\t\t<\/div>\n\t\t\t\t\t\t<h4 class=\"uagb-post__title uagb-post__text\">\n\t\t\t\t<a href=\"https:\/\/www.casilda.gob.ar\/web\/recomendaciones-para-prevenir-roedores\/\" target=\"_self\" rel=\"bookmark noopener noreferrer\">Recomendaciones para prevenir roedores<\/a>\n\t\t\t<\/h4>\n\t\t\t\t\t\t<div class='uagb-post__text uagb-post-grid-byline'>\n\t\t\t\t\t\t\t\t<time datetime=\"2026-05-15T11:59:32-03:00\" class=\"uagb-post__date\">\n\t\t\t\t\t\t\t\t\tmayo 15, 2026\t\t\t\t<\/time>\n\t\t\t\t\t\t<\/div>\n\t\t\t\t\t\t\t<div class='uagb-post__text uagb-post__excerpt'>\n\t\t\t\t\t\t\t\t\t<\/div>\n\t\t\t\t\t\t<div class=\"uagb-post__text uagb-post__cta wp-block-button\">\n\t\t\t\t<a class=\"wp-block-button__link uagb-text-link\" style=\"\" href=\"https:\/\/www.casilda.gob.ar\/web\/recomendaciones-para-prevenir-roedores\/\" target=\"_self\" rel=\"bookmark noopener noreferrer\">Leer m\u00e1s<\/a>\n\t\t\t<\/div>\n\t\t\t\n\t\t\t\t\t\t\t\t<a class=\"uagb-post__link-complete-box\" href=\"https:\/\/www.casilda.gob.ar\/web\/recomendaciones-para-prevenir-roedores\/\" target=\"_self\" rel=\"bookmark noopener noreferrer\"><\/a>\n\t\t\t\t\t\t\t<\/article>\n\t\t\t\t\t\t\t\t\t\t\t\t\t\t\t\t<article class=\"uagb-post__inner-wrap\">\t\t\t\t\t\t\t\t<div class='uagb-post__image'>\n\t\t\t\t\t\t\t\t\t<a href=\"https:\/\/www.casilda.gob.ar\/web\/junta-de-discapacidad-municipal\/\" target=\"_self\" rel=\"bookmark noopener noreferrer\" class='uagb-image-ratio-inherit'><img loading=\"lazy\" decoding=\"async\" width=\"1920\" height=\"300\" src=\"https:\/\/www.casilda.gob.ar\/web\/wp-content\/uploads\/2026\/04\/PORTADA-NOTICIAS-2026-04-17T112836.741.png\" class=\"attachment-full size-full\" alt=\"\" srcset=\"https:\/\/www.casilda.gob.ar\/web\/wp-content\/uploads\/2026\/04\/PORTADA-NOTICIAS-2026-04-17T112836.741.png 1920w, https:\/\/www.casilda.gob.ar\/web\/wp-content\/uploads\/2026\/04\/PORTADA-NOTICIAS-2026-04-17T112836.741-300x47.png 300w, https:\/\/www.casilda.gob.ar\/web\/wp-content\/uploads\/2026\/04\/PORTADA-NOTICIAS-2026-04-17T112836.741-1024x160.png 1024w, https:\/\/www.casilda.gob.ar\/web\/wp-content\/uploads\/2026\/04\/PORTADA-NOTICIAS-2026-04-17T112836.741-768x120.png 768w, https:\/\/www.casilda.gob.ar\/web\/wp-content\/uploads\/2026\/04\/PORTADA-NOTICIAS-2026-04-17T112836.741-1536x240.png 1536w\" sizes=\"auto, (max-width: 1920px) 100vw, 1920px\" \/>\t\t\t\t\t<\/a>\n\t\t\t\t\t\t\t<\/div>\n\t\t\t\t\t\t<h4 class=\"uagb-post__title uagb-post__text\">\n\t\t\t\t<a href=\"https:\/\/www.casilda.gob.ar\/web\/junta-de-discapacidad-municipal\/\" target=\"_self\" rel=\"bookmark noopener noreferrer\">Junta de Discapacidad Municipal<\/a>\n\t\t\t<\/h4>\n\t\t\t\t\t\t<div class='uagb-post__text uagb-post-grid-byline'>\n\t\t\t\t\t\t\t\t<time datetime=\"2026-04-17T12:12:32-03:00\" class=\"uagb-post__date\">\n\t\t\t\t\t\t\t\t\tabril 17, 2026\t\t\t\t<\/time>\n\t\t\t\t\t\t<\/div>\n\t\t\t\t\t\t\t<div class='uagb-post__text uagb-post__excerpt'>\n\t\t\t\t\t<p>La Municipalidad de Casilda pone en marcha la Junta de Discapacidad Municipal, fortaleciendo el acceso&#8230;\t\t\t\t<\/div>\n\t\t\t\t\t\t<div class=\"uagb-post__text uagb-post__cta wp-block-button\">\n\t\t\t\t<a class=\"wp-block-button__link uagb-text-link\" style=\"\" href=\"https:\/\/www.casilda.gob.ar\/web\/junta-de-discapacidad-municipal\/\" target=\"_self\" rel=\"bookmark noopener noreferrer\">Leer m\u00e1s<\/a>\n\t\t\t<\/div>\n\t\t\t\n\t\t\t\t\t\t\t\t<a class=\"uagb-post__link-complete-box\" href=\"https:\/\/www.casilda.gob.ar\/web\/junta-de-discapacidad-municipal\/\" target=\"_self\" rel=\"bookmark noopener noreferrer\"><\/a>\n\t\t\t\t\t\t\t<\/article>\n\t\t\t\t\t\t\t\t\t\t\t\t\t\t\t\t<article class=\"uagb-post__inner-wrap\">\t\t\t\t\t\t\t\t<div class='uagb-post__image'>\n\t\t\t\t\t\t\t\t\t<a href=\"https:\/\/www.casilda.gob.ar\/web\/fortalecemos-nuestra-red-de-salud-mental\/\" target=\"_self\" rel=\"bookmark noopener noreferrer\" class='uagb-image-ratio-inherit'><img loading=\"lazy\" decoding=\"async\" width=\"1920\" height=\"300\" src=\"https:\/\/www.casilda.gob.ar\/web\/wp-content\/uploads\/2026\/04\/PORTADA-NOTICIAS-2026-04-17T112455.855.png\" class=\"attachment-full size-full\" alt=\"\" srcset=\"https:\/\/www.casilda.gob.ar\/web\/wp-content\/uploads\/2026\/04\/PORTADA-NOTICIAS-2026-04-17T112455.855.png 1920w, https:\/\/www.casilda.gob.ar\/web\/wp-content\/uploads\/2026\/04\/PORTADA-NOTICIAS-2026-04-17T112455.855-300x47.png 300w, https:\/\/www.casilda.gob.ar\/web\/wp-content\/uploads\/2026\/04\/PORTADA-NOTICIAS-2026-04-17T112455.855-1024x160.png 1024w, https:\/\/www.casilda.gob.ar\/web\/wp-content\/uploads\/2026\/04\/PORTADA-NOTICIAS-2026-04-17T112455.855-768x120.png 768w, https:\/\/www.casilda.gob.ar\/web\/wp-content\/uploads\/2026\/04\/PORTADA-NOTICIAS-2026-04-17T112455.855-1536x240.png 1536w\" sizes=\"auto, (max-width: 1920px) 100vw, 1920px\" \/>\t\t\t\t\t<\/a>\n\t\t\t\t\t\t\t<\/div>\n\t\t\t\t\t\t<h4 class=\"uagb-post__title uagb-post__text\">\n\t\t\t\t<a href=\"https:\/\/www.casilda.gob.ar\/web\/fortalecemos-nuestra-red-de-salud-mental\/\" target=\"_self\" rel=\"bookmark noopener noreferrer\">FORTALECEMOS NUESTRA RED DE SALUD MENTAL<\/a>\n\t\t\t<\/h4>\n\t\t\t\t\t\t<div class='uagb-post__text uagb-post-grid-byline'>\n\t\t\t\t\t\t\t\t<time datetime=\"2026-04-17T11:57:44-03:00\" class=\"uagb-post__date\">\n\t\t\t\t\t\t\t\t\tabril 17, 2026\t\t\t\t<\/time>\n\t\t\t\t\t\t<\/div>\n\t\t\t\t\t\t\t<div class='uagb-post__text uagb-post__excerpt'>\n\t\t\t\t\t<p>FORTALECEMOS NUESTRA RED DE SALUD MENTAL Firmamos un convenio clave junto al Ministerio de Salud&#8230;\t\t\t\t<\/div>\n\t\t\t\t\t\t<div class=\"uagb-post__text uagb-post__cta wp-block-button\">\n\t\t\t\t<a class=\"wp-block-button__link uagb-text-link\" style=\"\" href=\"https:\/\/www.casilda.gob.ar\/web\/fortalecemos-nuestra-red-de-salud-mental\/\" target=\"_self\" rel=\"bookmark noopener noreferrer\">Leer m\u00e1s<\/a>\n\t\t\t<\/div>\n\t\t\t\n\t\t\t\t\t\t\t\t<a class=\"uagb-post__link-complete-box\" href=\"https:\/\/www.casilda.gob.ar\/web\/fortalecemos-nuestra-red-de-salud-mental\/\" target=\"_self\" rel=\"bookmark noopener noreferrer\"><\/a>\n\t\t\t\t\t\t\t<\/article>\n\t\t\t\t\t\t\t\t\t\t\t\t\t<div class=\"uagb-post-pagination-wrap\">\n\t\t\t\t\t\t<span aria-current=\"page\" class=\"page-numbers current\">1<\/span>\n<a class=\"page-numbers\" href=\"https:\/\/www.casilda.gob.ar\/web\/wp-json\/wp\/v2\/pages\/4914\/page\/2\/\">2<\/a>\n<a class=\"page-numbers\" href=\"https:\/\/www.casilda.gob.ar\/web\/wp-json\/wp\/v2\/pages\/4914\/page\/3\/\">3<\/a>\n<a class=\"page-numbers\" href=\"https:\/\/www.casilda.gob.ar\/web\/wp-json\/wp\/v2\/pages\/4914\/page\/4\/\">4<\/a>\n<a class=\"page-numbers\" href=\"https:\/\/www.casilda.gob.ar\/web\/wp-json\/wp\/v2\/pages\/4914\/page\/5\/\">5<\/a>\n<span class=\"page-numbers dots\">&hellip;<\/span>\n<a class=\"page-numbers\" href=\"https:\/\/www.casilda.gob.ar\/web\/wp-json\/wp\/v2\/pages\/4914\/page\/7\/\">7<\/a>\n<a class=\"page-numbers\" href=\"https:\/\/www.casilda.gob.ar\/web\/wp-json\/wp\/v2\/pages\/4914\/page\/8\/\">8<\/a>\n<a class=\"page-numbers\" href=\"https:\/\/www.casilda.gob.ar\/web\/wp-json\/wp\/v2\/pages\/4914\/page\/9\/\">9<\/a>\n<a class=\"page-numbers\" href=\"https:\/\/www.casilda.gob.ar\/web\/wp-json\/wp\/v2\/pages\/4914\/page\/10\/\">10<\/a>\n<a class=\"next page-numbers\" href=\"https:\/\/www.casilda.gob.ar\/web\/wp-json\/wp\/v2\/pages\/4914\/page\/2\/\">Siguiente<\/a>\t\t\t\t\t<\/div>\n\t\t\t\t\t\t\t\t<\/div>\n\t\t\t<\/div>\n<\/div>\n<\/div>\n","protected":false},"excerpt":{"rendered":"<p>Funciones y objetivos Directora Fernanda Olmedo Contacto Las Heras 2139 Tel. 423139 saludpublica@casilda.gob.ar<\/p>\n","protected":false},"author":1,"featured_media":0,"parent":0,"menu_order":0,"comment_status":"closed","ping_status":"closed","template":"","meta":{"_uag_custom_page_level_css":"","footnotes":""},"class_list":["post-4914","page","type-page","status-publish","hentry"],"yoast_head":"<!-- This site is optimized with the Yoast SEO plugin v26.8 - https:\/\/yoast.com\/product\/yoast-seo-wordpress\/ -->\n<title>Direcci\u00f3n de Salud - Municipalidad de Casilda<\/title>\n<meta name=\"robots\" content=\"index, follow, max-snippet:-1, max-image-preview:large, max-video-preview:-1\" \/>\n<link rel=\"canonical\" href=\"https:\/\/www.casilda.gob.ar\/web\/direccion-de-salud-casilda\/\" \/>\n<meta property=\"og:locale\" content=\"es_ES\" \/>\n<meta property=\"og:type\" content=\"article\" \/>\n<meta property=\"og:title\" content=\"Direcci\u00f3n de Salud - Municipalidad de Casilda\" \/>\n<meta property=\"og:description\" content=\"Funciones y objetivos Directora Fernanda Olmedo Contacto Las Heras 2139 Tel. 423139 saludpublica@casilda.gob.ar\" \/>\n<meta property=\"og:url\" content=\"https:\/\/www.casilda.gob.ar\/web\/direccion-de-salud-casilda\/\" \/>\n<meta property=\"og:site_name\" content=\"Municipalidad de Casilda\" \/>\n<meta property=\"article:modified_time\" content=\"2025-07-03T12:44:23+00:00\" \/>\n<meta property=\"og:image\" content=\"https:\/\/www.casilda.gob.ar\/web\/wp-content\/uploads\/2025\/07\/Centros-de-Salud-Casilda-2-1024x1024.png\" \/>\n<meta name=\"twitter:card\" content=\"summary_large_image\" \/>\n<meta name=\"twitter:label1\" content=\"Tiempo de lectura\" \/>\n\t<meta name=\"twitter:data1\" content=\"2 minutos\" \/>\n<script type=\"application\/ld+json\" class=\"yoast-schema-graph\">{\"@context\":\"https:\/\/schema.org\",\"@graph\":[{\"@type\":\"WebPage\",\"@id\":\"https:\/\/www.casilda.gob.ar\/web\/direccion-de-salud-casilda\/\",\"url\":\"https:\/\/www.casilda.gob.ar\/web\/direccion-de-salud-casilda\/\",\"name\":\"Direcci\u00f3n de Salud - Municipalidad de Casilda\",\"isPartOf\":{\"@id\":\"https:\/\/www.casilda.gob.ar\/web\/#website\"},\"primaryImageOfPage\":{\"@id\":\"https:\/\/www.casilda.gob.ar\/web\/direccion-de-salud-casilda\/#primaryimage\"},\"image\":{\"@id\":\"https:\/\/www.casilda.gob.ar\/web\/direccion-de-salud-casilda\/#primaryimage\"},\"thumbnailUrl\":\"https:\/\/www.casilda.gob.ar\/web\/wp-content\/uploads\/2025\/07\/Centros-de-Salud-Casilda-2-1024x1024.png\",\"datePublished\":\"2024-12-20T11:55:11+00:00\",\"dateModified\":\"2025-07-03T12:44:23+00:00\",\"breadcrumb\":{\"@id\":\"https:\/\/www.casilda.gob.ar\/web\/direccion-de-salud-casilda\/#breadcrumb\"},\"inLanguage\":\"es\",\"potentialAction\":[{\"@type\":\"ReadAction\",\"target\":[\"https:\/\/www.casilda.gob.ar\/web\/direccion-de-salud-casilda\/\"]}]},{\"@type\":\"ImageObject\",\"inLanguage\":\"es\",\"@id\":\"https:\/\/www.casilda.gob.ar\/web\/direccion-de-salud-casilda\/#primaryimage\",\"url\":\"https:\/\/www.casilda.gob.ar\/web\/wp-content\/uploads\/2025\/07\/Centros-de-Salud-Casilda-2.png\",\"contentUrl\":\"https:\/\/www.casilda.gob.ar\/web\/wp-content\/uploads\/2025\/07\/Centros-de-Salud-Casilda-2.png\",\"width\":1080,\"height\":1080},{\"@type\":\"BreadcrumbList\",\"@id\":\"https:\/\/www.casilda.gob.ar\/web\/direccion-de-salud-casilda\/#breadcrumb\",\"itemListElement\":[{\"@type\":\"ListItem\",\"position\":1,\"name\":\"Inicio\",\"item\":\"https:\/\/www.casilda.gob.ar\/web\/\"},{\"@type\":\"ListItem\",\"position\":2,\"name\":\"Direcci\u00f3n de Salud\"}]},{\"@type\":\"WebSite\",\"@id\":\"https:\/\/www.casilda.gob.ar\/web\/#website\",\"url\":\"https:\/\/www.casilda.gob.ar\/web\/\",\"name\":\"Municipalidad de Casilda\",\"description\":\"Construyendo Futuro\",\"potentialAction\":[{\"@type\":\"SearchAction\",\"target\":{\"@type\":\"EntryPoint\",\"urlTemplate\":\"https:\/\/www.casilda.gob.ar\/web\/?s={search_term_string}\"},\"query-input\":{\"@type\":\"PropertyValueSpecification\",\"valueRequired\":true,\"valueName\":\"search_term_string\"}}],\"inLanguage\":\"es\"}]}<\/script>\n<!-- \/ Yoast SEO plugin. -->","yoast_head_json":{"title":"Direcci\u00f3n de Salud - Municipalidad de Casilda","robots":{"index":"index","follow":"follow","max-snippet":"max-snippet:-1","max-image-preview":"max-image-preview:large","max-video-preview":"max-video-preview:-1"},"canonical":"https:\/\/www.casilda.gob.ar\/web\/direccion-de-salud-casilda\/","og_locale":"es_ES","og_type":"article","og_title":"Direcci\u00f3n de Salud - Municipalidad de Casilda","og_description":"Funciones y objetivos Directora Fernanda Olmedo Contacto Las Heras 2139 Tel. 423139 saludpublica@casilda.gob.ar","og_url":"https:\/\/www.casilda.gob.ar\/web\/direccion-de-salud-casilda\/","og_site_name":"Municipalidad de Casilda","article_modified_time":"2025-07-03T12:44:23+00:00","og_image":[{"url":"https:\/\/www.casilda.gob.ar\/web\/wp-content\/uploads\/2025\/07\/Centros-de-Salud-Casilda-2-1024x1024.png","type":"","width":"","height":""}],"twitter_card":"summary_large_image","twitter_misc":{"Tiempo de lectura":"2 minutos"},"schema":{"@context":"https:\/\/schema.org","@graph":[{"@type":"WebPage","@id":"https:\/\/www.casilda.gob.ar\/web\/direccion-de-salud-casilda\/","url":"https:\/\/www.casilda.gob.ar\/web\/direccion-de-salud-casilda\/","name":"Direcci\u00f3n de Salud - Municipalidad de Casilda","isPartOf":{"@id":"https:\/\/www.casilda.gob.ar\/web\/#website"},"primaryImageOfPage":{"@id":"https:\/\/www.casilda.gob.ar\/web\/direccion-de-salud-casilda\/#primaryimage"},"image":{"@id":"https:\/\/www.casilda.gob.ar\/web\/direccion-de-salud-casilda\/#primaryimage"},"thumbnailUrl":"https:\/\/www.casilda.gob.ar\/web\/wp-content\/uploads\/2025\/07\/Centros-de-Salud-Casilda-2-1024x1024.png","datePublished":"2024-12-20T11:55:11+00:00","dateModified":"2025-07-03T12:44:23+00:00","breadcrumb":{"@id":"https:\/\/www.casilda.gob.ar\/web\/direccion-de-salud-casilda\/#breadcrumb"},"inLanguage":"es","potentialAction":[{"@type":"ReadAction","target":["https:\/\/www.casilda.gob.ar\/web\/direccion-de-salud-casilda\/"]}]},{"@type":"ImageObject","inLanguage":"es","@id":"https:\/\/www.casilda.gob.ar\/web\/direccion-de-salud-casilda\/#primaryimage","url":"https:\/\/www.casilda.gob.ar\/web\/wp-content\/uploads\/2025\/07\/Centros-de-Salud-Casilda-2.png","contentUrl":"https:\/\/www.casilda.gob.ar\/web\/wp-content\/uploads\/2025\/07\/Centros-de-Salud-Casilda-2.png","width":1080,"height":1080},{"@type":"BreadcrumbList","@id":"https:\/\/www.casilda.gob.ar\/web\/direccion-de-salud-casilda\/#breadcrumb","itemListElement":[{"@type":"ListItem","position":1,"name":"Inicio","item":"https:\/\/www.casilda.gob.ar\/web\/"},{"@type":"ListItem","position":2,"name":"Direcci\u00f3n de Salud"}]},{"@type":"WebSite","@id":"https:\/\/www.casilda.gob.ar\/web\/#website","url":"https:\/\/www.casilda.gob.ar\/web\/","name":"Municipalidad de Casilda","description":"Construyendo Futuro","potentialAction":[{"@type":"SearchAction","target":{"@type":"EntryPoint","urlTemplate":"https:\/\/www.casilda.gob.ar\/web\/?s={search_term_string}"},"query-input":{"@type":"PropertyValueSpecification","valueRequired":true,"valueName":"search_term_string"}}],"inLanguage":"es"}]}},"uagb_featured_image_src":{"full":false,"thumbnail":false,"medium":false,"medium_large":false,"large":false,"1536x1536":false,"2048x2048":false},"uagb_author_info":{"display_name":"Municipalidad Casilda","author_link":"https:\/\/www.casilda.gob.ar\/web\/author\/admin\/"},"uagb_comment_info":0,"uagb_excerpt":"Funciones y objetivos Directora Fernanda Olmedo Contacto Las Heras 2139 Tel. 423139 saludpublica@casilda.gob.ar","_links":{"self":[{"href":"https:\/\/www.casilda.gob.ar\/web\/wp-json\/wp\/v2\/pages\/4914","targetHints":{"allow":["GET"]}}],"collection":[{"href":"https:\/\/www.casilda.gob.ar\/web\/wp-json\/wp\/v2\/pages"}],"about":[{"href":"https:\/\/www.casilda.gob.ar\/web\/wp-json\/wp\/v2\/types\/page"}],"author":[{"embeddable":true,"href":"https:\/\/www.casilda.gob.ar\/web\/wp-json\/wp\/v2\/users\/1"}],"replies":[{"embeddable":true,"href":"https:\/\/www.casilda.gob.ar\/web\/wp-json\/wp\/v2\/comments?post=4914"}],"version-history":[{"count":3,"href":"https:\/\/www.casilda.gob.ar\/web\/wp-json\/wp\/v2\/pages\/4914\/revisions"}],"predecessor-version":[{"id":10584,"href":"https:\/\/www.casilda.gob.ar\/web\/wp-json\/wp\/v2\/pages\/4914\/revisions\/10584"}],"wp:attachment":[{"href":"https:\/\/www.casilda.gob.ar\/web\/wp-json\/wp\/v2\/media?parent=4914"}],"curies":[{"name":"wp","href":"https:\/\/api.w.org\/{rel}","templated":true}]}}