{"id":4917,"date":"2024-12-20T11:58:41","date_gmt":"2024-12-20T11:58:41","guid":{"rendered":"https:\/\/www.casilda.gob.ar\/web\/?page_id=4917"},"modified":"2026-05-13T11:17:31","modified_gmt":"2026-05-13T14:17:31","slug":"direccion-de-cultura-casilda","status":"publish","type":"page","link":"https:\/\/www.casilda.gob.ar\/web\/direccion-de-cultura-casilda\/","title":{"rendered":"Direcci\u00f3n de Cultura"},"content":{"rendered":"\n<div class=\"wp-block-columns is-layout-flex wp-container-core-columns-is-layout-1 wp-block-columns-is-layout-flex\" style=\"margin-top:0;margin-bottom:var(--wp--preset--spacing--20)\">\n<div class=\"wp-block-column is-layout-flow wp-container-core-column-is-layout-1 wp-block-column-is-layout-flow\" style=\"flex-basis:50%\">\n<h2 class=\"wp-block-heading has-medium-font-size\" style=\"font-style:normal;font-weight:500;text-decoration:underline\">Funciones y objetivos<\/h2>\n\n\n\n<div class=\"wp-block-uagb-icon-list uagb-block-d93fec1a\"><div class=\"uagb-icon-list__wrap\">\n<div class=\"wp-block-uagb-icon-list-child uagb-block-f62b7652\"><span class=\"uagb-icon-list__source-wrap\"><svg xmlns=\"https:\/\/www.w3.org\/2000\/svg\" viewBox=\"0 0 512 512\"><path d=\"M512 256C512 397.4 397.4 512 256 512C114.6 512 0 397.4 0 256C0 114.6 114.6 0 256 0C397.4 0 512 114.6 512 256z\"><\/path><\/svg><\/span><span class=\"uagb-icon-list__label\">Fomentar el desarrollo y la difusi\u00f3n de expresiones culturales locales.<\/span><\/div>\n\n\n\n<div class=\"wp-block-uagb-icon-list-child uagb-block-c8a0ad85\"><span class=\"uagb-icon-list__source-wrap\"><svg xmlns=\"https:\/\/www.w3.org\/2000\/svg\" viewBox=\"0 0 512 512\"><path d=\"M512 256C512 397.4 397.4 512 256 512C114.6 512 0 397.4 0 256C0 114.6 114.6 0 256 0C397.4 0 512 114.6 512 256z\"><\/path><\/svg><\/span><span class=\"uagb-icon-list__label\">Implementar acciones tendientes posibilitar el acceso de los vecinos de la localidad a diversas expresiones culturales.<\/span><\/div>\n<\/div><\/div>\n\n\n\n<div class=\"wp-block-uagb-icon-list uagb-block-564a19b9\"><div class=\"uagb-icon-list__wrap\">\n<div class=\"wp-block-uagb-icon-list-child uagb-block-9cbef484\"><span class=\"uagb-icon-list__source-wrap\"><svg xmlns=\"https:\/\/www.w3.org\/2000\/svg\" viewBox=\"0 0 512 512\"><path d=\"M512 256C512 397.4 397.4 512 256 512C114.6 512 0 397.4 0 256C0 114.6 114.6 0 256 0C397.4 0 512 114.6 512 256z\"><\/path><\/svg><\/span><span class=\"uagb-icon-list__label\">Entender en el funcionamiento, la programaci\u00f3n y producci\u00f3n del Teatro Dante.<\/span><\/div>\n\n\n\n<div class=\"wp-block-uagb-icon-list-child uagb-block-20b645c1\"><span class=\"uagb-icon-list__source-wrap\"><svg xmlns=\"https:\/\/www.w3.org\/2000\/svg\" viewBox=\"0 0 512 512\"><path d=\"M512 256C512 397.4 397.4 512 256 512C114.6 512 0 397.4 0 256C0 114.6 114.6 0 256 0C397.4 0 512 114.6 512 256z\"><\/path><\/svg><\/span><span class=\"uagb-icon-list__label\">Coordinar, supervisar y gestionar el funcionamiento del Complejo Educativo \u201cBenito Quinquela Mart\u00edn\u201d y el Museo y Archivo Hist\u00f3rico Municipal \u201cDon Santos Tosticarelli\u201d.<\/span><\/div>\n\n\n\n<div class=\"wp-block-uagb-icon-list-child uagb-block-62a6c3eb\"><span class=\"uagb-icon-list__source-wrap\"><svg xmlns=\"https:\/\/www.w3.org\/2000\/svg\" viewBox=\"0 0 512 512\"><path d=\"M512 256C512 397.4 397.4 512 256 512C114.6 512 0 397.4 0 256C0 114.6 114.6 0 256 0C397.4 0 512 114.6 512 256z\"><\/path><\/svg><\/span><span class=\"uagb-icon-list__label\">Coordinar el accionar de la Banda \u201cCesar Mastroiacovo\u201d, el Coros \u201cVoces Argentinas\u201d, los Grupos y Talleres de Teatro; y dem\u00e1s expresiones art\u00edsticas en su relaci\u00f3n con la comunidad.<\/span><\/div>\n<\/div><\/div>\n\n\n\n<div class=\"wp-block-uagb-icon-list uagb-block-196222c2\"><div class=\"uagb-icon-list__wrap\">\n<div class=\"wp-block-uagb-icon-list-child uagb-block-10c91020\"><span class=\"uagb-icon-list__source-wrap\"><svg xmlns=\"https:\/\/www.w3.org\/2000\/svg\" viewBox=\"0 0 512 512\"><path d=\"M512 256C512 397.4 397.4 512 256 512C114.6 512 0 397.4 0 256C0 114.6 114.6 0 256 0C397.4 0 512 114.6 512 256z\"><\/path><\/svg><\/span><span class=\"uagb-icon-list__label\">Intervenir en la determinaci\u00f3n del destino del: Fondo de asistencia educativo y Fondo de Financiamiento Educativo.<\/span><\/div>\n\n\n\n<div class=\"wp-block-uagb-icon-list-child uagb-block-e880edc7\"><span class=\"uagb-icon-list__source-wrap\"><svg xmlns=\"https:\/\/www.w3.org\/2000\/svg\" viewBox=\"0 0 512 512\"><path d=\"M512 256C512 397.4 397.4 512 256 512C114.6 512 0 397.4 0 256C0 114.6 114.6 0 256 0C397.4 0 512 114.6 512 256z\"><\/path><\/svg><\/span><span class=\"uagb-icon-list__label\">Intervenir en la implementaci\u00f3n del programa de \u201cBecas Municipales\u201d.<\/span><\/div>\n\n\n\n<div class=\"wp-block-uagb-icon-list-child uagb-block-d588197c\"><span class=\"uagb-icon-list__source-wrap\"><svg xmlns=\"https:\/\/www.w3.org\/2000\/svg\" viewBox=\"0 0 512 512\"><path d=\"M512 256C512 397.4 397.4 512 256 512C114.6 512 0 397.4 0 256C0 114.6 114.6 0 256 0C397.4 0 512 114.6 512 256z\"><\/path><\/svg><\/span><span class=\"uagb-icon-list__label\">Articular acciones tendientes al desarrollo y accesibilidad a la cultura y educaci\u00f3n, entre la Municipalidad de Casilda y entidades educativas, universidades.<\/span><\/div>\n<\/div><\/div>\n<\/div>\n\n\n\n<div class=\"wp-block-column is-layout-flow wp-block-column-is-layout-flow\" style=\"border-right-color:#a3a3a333;border-right-width:2px\"><\/div>\n\n\n\n<div class=\"wp-block-column is-layout-flow wp-container-core-column-is-layout-3 wp-block-column-is-layout-flow\" style=\"padding-top:0;padding-right:0;padding-bottom:0;padding-left:0;flex-basis:50%\">\n<p class=\"has-medium-font-size\" style=\"font-style:normal;font-weight:500;text-decoration:underline\">Directora de Cultura<\/p>\n\n\n\n<p>Rosana Bonavera<\/p>\n\n\n\n<p class=\"has-medium-font-size\" style=\"font-style:normal;font-weight:500;text-decoration:underline\">Contacto<\/p>\n\n\n\n<p>Dante 2258<\/p>\n\n\n\n<p>Tel. <a href=\"tel:346415449979\">03464 449979<\/a><\/p>\n\n\n\n<p><a href=\"mailto:cultura@casilda.gob.ar\" data-type=\"mailto\" data-id=\"mailto:cultura@casilda.gob.ar\">cultura@casilda.gob.ar<\/a><\/p>\n\n\n\n<hr class=\"wp-block-separator has-text-color has-alpha-channel-opacity has-background is-style-wide\" style=\"background-color:#a3a3a330;color:#a3a3a330\"\/>\n\n\n\n<div class=\"wp-block-group is-nowrap is-layout-flex wp-container-core-group-is-layout-1 wp-block-group-is-layout-flex\" style=\"margin-top:var(--wp--preset--spacing--20);margin-bottom:var(--wp--preset--spacing--20);padding-right:0;padding-left:0\">\n\t\t\t<div class=\"wp-block-uagb-post-grid uagb-post-grid  uagb-post__image-position-top uagb-post__image-enabled uagb-block-b8ddc046     uagb-post__items uagb-post__columns-1 is-grid uagb-post__columns-tablet-2 uagb-post__columns-mobile-1\" data-total=\"34\" style=\"\">\n\n\t\t\t\t\t\t\t\t\t\t\t\t<article class=\"uagb-post__inner-wrap\">\t\t\t\t\t\t\t\t<div class='uagb-post__image'>\n\t\t\t\t\t\t\t\t\t<a href=\"https:\/\/www.casilda.gob.ar\/web\/orgullo-casildense\/\" target=\"_self\" rel=\"bookmark noopener noreferrer\" class='uagb-image-ratio-inherit'><img loading=\"lazy\" decoding=\"async\" width=\"1920\" height=\"300\" src=\"https:\/\/www.casilda.gob.ar\/web\/wp-content\/uploads\/2026\/05\/PORTADA-NOTICIAS-2026-05-07T100044.830.png\" class=\"attachment-full size-full\" alt=\"\" srcset=\"https:\/\/www.casilda.gob.ar\/web\/wp-content\/uploads\/2026\/05\/PORTADA-NOTICIAS-2026-05-07T100044.830.png 1920w, https:\/\/www.casilda.gob.ar\/web\/wp-content\/uploads\/2026\/05\/PORTADA-NOTICIAS-2026-05-07T100044.830-300x47.png 300w, https:\/\/www.casilda.gob.ar\/web\/wp-content\/uploads\/2026\/05\/PORTADA-NOTICIAS-2026-05-07T100044.830-1024x160.png 1024w, https:\/\/www.casilda.gob.ar\/web\/wp-content\/uploads\/2026\/05\/PORTADA-NOTICIAS-2026-05-07T100044.830-768x120.png 768w, https:\/\/www.casilda.gob.ar\/web\/wp-content\/uploads\/2026\/05\/PORTADA-NOTICIAS-2026-05-07T100044.830-1536x240.png 1536w\" sizes=\"auto, (max-width: 1920px) 100vw, 1920px\" \/>\t\t\t\t\t<\/a>\n\t\t\t\t\t\t\t<\/div>\n\t\t\t\t\t\t<h4 class=\"uagb-post__title uagb-post__text\">\n\t\t\t\t<a href=\"https:\/\/www.casilda.gob.ar\/web\/orgullo-casildense\/\" target=\"_self\" rel=\"bookmark noopener noreferrer\">\u00a1Orgullo casildense!<\/a>\n\t\t\t<\/h4>\n\t\t\t\t\t\t<div class='uagb-post__text uagb-post-grid-byline'>\n\t\t\t\t\t\t\t\t<time datetime=\"2026-05-07T10:51:45-03:00\" class=\"uagb-post__date\">\n\t\t\t\t\t\t\t\t\tmayo 7, 2026\t\t\t\t<\/time>\n\t\t\t\t\t\t<\/div>\n\t\t\t\t\t\t\t<div class='uagb-post__text uagb-post__excerpt'>\n\t\t\t\t\t<p>\u00a1Orgullo casildense! Desde la Municipalidad de Casilda felicitamos a la pe\u00f1a \u00abEl Caray\u00e1\u00bb por este&#8230;\t\t\t\t<\/div>\n\t\t\t\t\t\t<div class=\"uagb-post__text uagb-post__cta wp-block-button\">\n\t\t\t\t<a class=\"wp-block-button__link uagb-text-link\" style=\"\" href=\"https:\/\/www.casilda.gob.ar\/web\/orgullo-casildense\/\" target=\"_self\" rel=\"bookmark noopener noreferrer\">Leer m\u00e1s<\/a>\n\t\t\t<\/div>\n\t\t\t\n\t\t\t\t\t\t\t\t<a class=\"uagb-post__link-complete-box\" href=\"https:\/\/www.casilda.gob.ar\/web\/orgullo-casildense\/\" target=\"_self\" rel=\"bookmark noopener noreferrer\"><\/a>\n\t\t\t\t\t\t\t<\/article>\n\t\t\t\t\t\t\t\t\t\t\t\t\t\t\t\t<article class=\"uagb-post__inner-wrap\">\t\t\t\t\t\t\t\t<div class='uagb-post__image'>\n\t\t\t\t\t\t\t\t\t<a href=\"https:\/\/www.casilda.gob.ar\/web\/dia-internacional-de-los-museos\/\" target=\"_self\" rel=\"bookmark noopener noreferrer\" class='uagb-image-ratio-inherit'><img loading=\"lazy\" decoding=\"async\" width=\"1920\" height=\"300\" src=\"https:\/\/www.casilda.gob.ar\/web\/wp-content\/uploads\/2026\/05\/PORTADA-NOTICIAS-2026-05-07T095648.460.png\" class=\"attachment-full size-full\" alt=\"\" srcset=\"https:\/\/www.casilda.gob.ar\/web\/wp-content\/uploads\/2026\/05\/PORTADA-NOTICIAS-2026-05-07T095648.460.png 1920w, https:\/\/www.casilda.gob.ar\/web\/wp-content\/uploads\/2026\/05\/PORTADA-NOTICIAS-2026-05-07T095648.460-300x47.png 300w, https:\/\/www.casilda.gob.ar\/web\/wp-content\/uploads\/2026\/05\/PORTADA-NOTICIAS-2026-05-07T095648.460-1024x160.png 1024w, https:\/\/www.casilda.gob.ar\/web\/wp-content\/uploads\/2026\/05\/PORTADA-NOTICIAS-2026-05-07T095648.460-768x120.png 768w, https:\/\/www.casilda.gob.ar\/web\/wp-content\/uploads\/2026\/05\/PORTADA-NOTICIAS-2026-05-07T095648.460-1536x240.png 1536w\" sizes=\"auto, (max-width: 1920px) 100vw, 1920px\" \/>\t\t\t\t\t<\/a>\n\t\t\t\t\t\t\t<\/div>\n\t\t\t\t\t\t<h4 class=\"uagb-post__title uagb-post__text\">\n\t\t\t\t<a href=\"https:\/\/www.casilda.gob.ar\/web\/dia-internacional-de-los-museos\/\" target=\"_self\" rel=\"bookmark noopener noreferrer\">D\u00eda Internacional de los Museos<\/a>\n\t\t\t<\/h4>\n\t\t\t\t\t\t<div class='uagb-post__text uagb-post-grid-byline'>\n\t\t\t\t\t\t\t\t<time datetime=\"2026-05-07T10:16:53-03:00\" class=\"uagb-post__date\">\n\t\t\t\t\t\t\t\t\tmayo 7, 2026\t\t\t\t<\/time>\n\t\t\t\t\t\t<\/div>\n\t\t\t\t\t\t\t<div class='uagb-post__text uagb-post__excerpt'>\n\t\t\t\t\t<p>D\u00eda Internacional de los Museos: Cultura, historia e identidad regional en una jornada abierta para&#8230;\t\t\t\t<\/div>\n\t\t\t\t\t\t<div class=\"uagb-post__text uagb-post__cta wp-block-button\">\n\t\t\t\t<a class=\"wp-block-button__link uagb-text-link\" style=\"\" href=\"https:\/\/www.casilda.gob.ar\/web\/dia-internacional-de-los-museos\/\" target=\"_self\" rel=\"bookmark noopener noreferrer\">Leer m\u00e1s<\/a>\n\t\t\t<\/div>\n\t\t\t\n\t\t\t\t\t\t\t\t<a class=\"uagb-post__link-complete-box\" href=\"https:\/\/www.casilda.gob.ar\/web\/dia-internacional-de-los-museos\/\" target=\"_self\" rel=\"bookmark noopener noreferrer\"><\/a>\n\t\t\t\t\t\t\t<\/article>\n\t\t\t\t\t\t\t\t\t\t\t\t\t\t\t\t<article class=\"uagb-post__inner-wrap\">\t\t\t\t\t\t\t\t<div class='uagb-post__image'>\n\t\t\t\t\t\t\t\t\t<a href=\"https:\/\/www.casilda.gob.ar\/web\/homenaje-a-los-heroes-del-a-r-a-general-belgrano\/\" target=\"_self\" rel=\"bookmark noopener noreferrer\" class='uagb-image-ratio-inherit'><img loading=\"lazy\" decoding=\"async\" width=\"1920\" height=\"300\" src=\"https:\/\/www.casilda.gob.ar\/web\/wp-content\/uploads\/2026\/04\/PORTADA-NOTICIAS-2026-04-28T103035.773.png\" class=\"attachment-full size-full\" alt=\"\" srcset=\"https:\/\/www.casilda.gob.ar\/web\/wp-content\/uploads\/2026\/04\/PORTADA-NOTICIAS-2026-04-28T103035.773.png 1920w, https:\/\/www.casilda.gob.ar\/web\/wp-content\/uploads\/2026\/04\/PORTADA-NOTICIAS-2026-04-28T103035.773-300x47.png 300w, https:\/\/www.casilda.gob.ar\/web\/wp-content\/uploads\/2026\/04\/PORTADA-NOTICIAS-2026-04-28T103035.773-1024x160.png 1024w, https:\/\/www.casilda.gob.ar\/web\/wp-content\/uploads\/2026\/04\/PORTADA-NOTICIAS-2026-04-28T103035.773-768x120.png 768w, https:\/\/www.casilda.gob.ar\/web\/wp-content\/uploads\/2026\/04\/PORTADA-NOTICIAS-2026-04-28T103035.773-1536x240.png 1536w\" sizes=\"auto, (max-width: 1920px) 100vw, 1920px\" \/>\t\t\t\t\t<\/a>\n\t\t\t\t\t\t\t<\/div>\n\t\t\t\t\t\t<h4 class=\"uagb-post__title uagb-post__text\">\n\t\t\t\t<a href=\"https:\/\/www.casilda.gob.ar\/web\/homenaje-a-los-heroes-del-a-r-a-general-belgrano\/\" target=\"_self\" rel=\"bookmark noopener noreferrer\">Homenaje a los h\u00e9roes del A.R.A. General Belgrano<\/a>\n\t\t\t<\/h4>\n\t\t\t\t\t\t<div class='uagb-post__text uagb-post-grid-byline'>\n\t\t\t\t\t\t\t\t<time datetime=\"2026-04-28T11:34:06-03:00\" class=\"uagb-post__date\">\n\t\t\t\t\t\t\t\t\tabril 28, 2026\t\t\t\t<\/time>\n\t\t\t\t\t\t<\/div>\n\t\t\t\t\t\t\t<div class='uagb-post__text uagb-post__excerpt'>\n\t\t\t\t\t<p>Desde la Direcci\u00f3n de Cultura de la Municipalidad de Casilda tenemos el agrado de invitar&#8230;\t\t\t\t<\/div>\n\t\t\t\t\t\t<div class=\"uagb-post__text uagb-post__cta wp-block-button\">\n\t\t\t\t<a class=\"wp-block-button__link uagb-text-link\" style=\"\" href=\"https:\/\/www.casilda.gob.ar\/web\/homenaje-a-los-heroes-del-a-r-a-general-belgrano\/\" target=\"_self\" rel=\"bookmark noopener noreferrer\">Leer m\u00e1s<\/a>\n\t\t\t<\/div>\n\t\t\t\n\t\t\t\t\t\t\t\t<a class=\"uagb-post__link-complete-box\" href=\"https:\/\/www.casilda.gob.ar\/web\/homenaje-a-los-heroes-del-a-r-a-general-belgrano\/\" target=\"_self\" rel=\"bookmark noopener noreferrer\"><\/a>\n\t\t\t\t\t\t\t<\/article>\n\t\t\t\t\t\t\t\t\t\t\t\t\t<div class=\"uagb-post-pagination-wrap\">\n\t\t\t\t\t\t<span aria-current=\"page\" class=\"page-numbers current\">1<\/span>\n<a class=\"page-numbers\" href=\"https:\/\/www.casilda.gob.ar\/web\/wp-json\/wp\/v2\/pages\/4917\/page\/2\/\">2<\/a>\n<a class=\"page-numbers\" href=\"https:\/\/www.casilda.gob.ar\/web\/wp-json\/wp\/v2\/pages\/4917\/page\/3\/\">3<\/a>\n<a class=\"page-numbers\" href=\"https:\/\/www.casilda.gob.ar\/web\/wp-json\/wp\/v2\/pages\/4917\/page\/4\/\">4<\/a>\n<a class=\"page-numbers\" href=\"https:\/\/www.casilda.gob.ar\/web\/wp-json\/wp\/v2\/pages\/4917\/page\/5\/\">5<\/a>\n<span class=\"page-numbers dots\">&hellip;<\/span>\n<a class=\"page-numbers\" href=\"https:\/\/www.casilda.gob.ar\/web\/wp-json\/wp\/v2\/pages\/4917\/page\/7\/\">7<\/a>\n<a class=\"page-numbers\" href=\"https:\/\/www.casilda.gob.ar\/web\/wp-json\/wp\/v2\/pages\/4917\/page\/8\/\">8<\/a>\n<a class=\"page-numbers\" href=\"https:\/\/www.casilda.gob.ar\/web\/wp-json\/wp\/v2\/pages\/4917\/page\/9\/\">9<\/a>\n<a class=\"page-numbers\" href=\"https:\/\/www.casilda.gob.ar\/web\/wp-json\/wp\/v2\/pages\/4917\/page\/10\/\">10<\/a>\n<a class=\"next page-numbers\" href=\"https:\/\/www.casilda.gob.ar\/web\/wp-json\/wp\/v2\/pages\/4917\/page\/2\/\">Siguiente<\/a>\t\t\t\t\t<\/div>\n\t\t\t\t\t\t\t\t<\/div>\n\t\t\t<\/div>\n<\/div>\n<\/div>\n","protected":false},"excerpt":{"rendered":"<p>Funciones y objetivos Directora de Cultura Rosana Bonavera Contacto Dante 2258 Tel. 03464 449979 cultura@casilda.gob.ar<\/p>\n","protected":false},"author":1,"featured_media":0,"parent":0,"menu_order":0,"comment_status":"closed","ping_status":"closed","template":"","meta":{"_uag_custom_page_level_css":"","footnotes":""},"class_list":["post-4917","page","type-page","status-publish","hentry"],"yoast_head":"<!-- This site is optimized with the Yoast SEO plugin v26.8 - https:\/\/yoast.com\/product\/yoast-seo-wordpress\/ -->\n<title>Direcci\u00f3n de Cultura - Municipalidad de Casilda<\/title>\n<meta name=\"robots\" content=\"index, follow, max-snippet:-1, max-image-preview:large, max-video-preview:-1\" \/>\n<link rel=\"canonical\" href=\"https:\/\/www.casilda.gob.ar\/web\/direccion-de-cultura-casilda\/\" \/>\n<meta property=\"og:locale\" content=\"es_ES\" \/>\n<meta property=\"og:type\" content=\"article\" \/>\n<meta property=\"og:title\" content=\"Direcci\u00f3n de Cultura - Municipalidad de Casilda\" \/>\n<meta property=\"og:description\" content=\"Funciones y objetivos Directora de Cultura Rosana Bonavera Contacto Dante 2258 Tel. 03464 449979 cultura@casilda.gob.ar\" \/>\n<meta property=\"og:url\" content=\"https:\/\/www.casilda.gob.ar\/web\/direccion-de-cultura-casilda\/\" \/>\n<meta property=\"og:site_name\" content=\"Municipalidad de Casilda\" \/>\n<meta property=\"article:modified_time\" content=\"2026-05-13T14:17:31+00:00\" \/>\n<meta name=\"twitter:card\" content=\"summary_large_image\" \/>\n<meta name=\"twitter:label1\" content=\"Tiempo de lectura\" \/>\n\t<meta name=\"twitter:data1\" content=\"1 minuto\" \/>\n<script type=\"application\/ld+json\" class=\"yoast-schema-graph\">{\"@context\":\"https:\/\/schema.org\",\"@graph\":[{\"@type\":\"WebPage\",\"@id\":\"https:\/\/www.casilda.gob.ar\/web\/direccion-de-cultura-casilda\/\",\"url\":\"https:\/\/www.casilda.gob.ar\/web\/direccion-de-cultura-casilda\/\",\"name\":\"Direcci\u00f3n de Cultura - Municipalidad de Casilda\",\"isPartOf\":{\"@id\":\"https:\/\/www.casilda.gob.ar\/web\/#website\"},\"datePublished\":\"2024-12-20T11:58:41+00:00\",\"dateModified\":\"2026-05-13T14:17:31+00:00\",\"breadcrumb\":{\"@id\":\"https:\/\/www.casilda.gob.ar\/web\/direccion-de-cultura-casilda\/#breadcrumb\"},\"inLanguage\":\"es\",\"potentialAction\":[{\"@type\":\"ReadAction\",\"target\":[\"https:\/\/www.casilda.gob.ar\/web\/direccion-de-cultura-casilda\/\"]}]},{\"@type\":\"BreadcrumbList\",\"@id\":\"https:\/\/www.casilda.gob.ar\/web\/direccion-de-cultura-casilda\/#breadcrumb\",\"itemListElement\":[{\"@type\":\"ListItem\",\"position\":1,\"name\":\"Inicio\",\"item\":\"https:\/\/www.casilda.gob.ar\/web\/\"},{\"@type\":\"ListItem\",\"position\":2,\"name\":\"Direcci\u00f3n de Cultura\"}]},{\"@type\":\"WebSite\",\"@id\":\"https:\/\/www.casilda.gob.ar\/web\/#website\",\"url\":\"https:\/\/www.casilda.gob.ar\/web\/\",\"name\":\"Municipalidad de Casilda\",\"description\":\"Construyendo Futuro\",\"potentialAction\":[{\"@type\":\"SearchAction\",\"target\":{\"@type\":\"EntryPoint\",\"urlTemplate\":\"https:\/\/www.casilda.gob.ar\/web\/?s={search_term_string}\"},\"query-input\":{\"@type\":\"PropertyValueSpecification\",\"valueRequired\":true,\"valueName\":\"search_term_string\"}}],\"inLanguage\":\"es\"}]}<\/script>\n<!-- \/ Yoast SEO plugin. -->","yoast_head_json":{"title":"Direcci\u00f3n de Cultura - Municipalidad de Casilda","robots":{"index":"index","follow":"follow","max-snippet":"max-snippet:-1","max-image-preview":"max-image-preview:large","max-video-preview":"max-video-preview:-1"},"canonical":"https:\/\/www.casilda.gob.ar\/web\/direccion-de-cultura-casilda\/","og_locale":"es_ES","og_type":"article","og_title":"Direcci\u00f3n de Cultura - Municipalidad de Casilda","og_description":"Funciones y objetivos Directora de Cultura Rosana Bonavera Contacto Dante 2258 Tel. 03464 449979 cultura@casilda.gob.ar","og_url":"https:\/\/www.casilda.gob.ar\/web\/direccion-de-cultura-casilda\/","og_site_name":"Municipalidad de Casilda","article_modified_time":"2026-05-13T14:17:31+00:00","twitter_card":"summary_large_image","twitter_misc":{"Tiempo de lectura":"1 minuto"},"schema":{"@context":"https:\/\/schema.org","@graph":[{"@type":"WebPage","@id":"https:\/\/www.casilda.gob.ar\/web\/direccion-de-cultura-casilda\/","url":"https:\/\/www.casilda.gob.ar\/web\/direccion-de-cultura-casilda\/","name":"Direcci\u00f3n de Cultura - Municipalidad de Casilda","isPartOf":{"@id":"https:\/\/www.casilda.gob.ar\/web\/#website"},"datePublished":"2024-12-20T11:58:41+00:00","dateModified":"2026-05-13T14:17:31+00:00","breadcrumb":{"@id":"https:\/\/www.casilda.gob.ar\/web\/direccion-de-cultura-casilda\/#breadcrumb"},"inLanguage":"es","potentialAction":[{"@type":"ReadAction","target":["https:\/\/www.casilda.gob.ar\/web\/direccion-de-cultura-casilda\/"]}]},{"@type":"BreadcrumbList","@id":"https:\/\/www.casilda.gob.ar\/web\/direccion-de-cultura-casilda\/#breadcrumb","itemListElement":[{"@type":"ListItem","position":1,"name":"Inicio","item":"https:\/\/www.casilda.gob.ar\/web\/"},{"@type":"ListItem","position":2,"name":"Direcci\u00f3n de Cultura"}]},{"@type":"WebSite","@id":"https:\/\/www.casilda.gob.ar\/web\/#website","url":"https:\/\/www.casilda.gob.ar\/web\/","name":"Municipalidad de Casilda","description":"Construyendo Futuro","potentialAction":[{"@type":"SearchAction","target":{"@type":"EntryPoint","urlTemplate":"https:\/\/www.casilda.gob.ar\/web\/?s={search_term_string}"},"query-input":{"@type":"PropertyValueSpecification","valueRequired":true,"valueName":"search_term_string"}}],"inLanguage":"es"}]}},"uagb_featured_image_src":{"full":false,"thumbnail":false,"medium":false,"medium_large":false,"large":false,"1536x1536":false,"2048x2048":false},"uagb_author_info":{"display_name":"Municipalidad Casilda","author_link":"https:\/\/www.casilda.gob.ar\/web\/author\/admin\/"},"uagb_comment_info":0,"uagb_excerpt":"Funciones y objetivos Directora de Cultura Rosana Bonavera Contacto Dante 2258 Tel. 03464 449979 cultura@casilda.gob.ar","_links":{"self":[{"href":"https:\/\/www.casilda.gob.ar\/web\/wp-json\/wp\/v2\/pages\/4917","targetHints":{"allow":["GET"]}}],"collection":[{"href":"https:\/\/www.casilda.gob.ar\/web\/wp-json\/wp\/v2\/pages"}],"about":[{"href":"https:\/\/www.casilda.gob.ar\/web\/wp-json\/wp\/v2\/types\/page"}],"author":[{"embeddable":true,"href":"https:\/\/www.casilda.gob.ar\/web\/wp-json\/wp\/v2\/users\/1"}],"replies":[{"embeddable":true,"href":"https:\/\/www.casilda.gob.ar\/web\/wp-json\/wp\/v2\/comments?post=4917"}],"version-history":[{"count":1,"href":"https:\/\/www.casilda.gob.ar\/web\/wp-json\/wp\/v2\/pages\/4917\/revisions"}],"predecessor-version":[{"id":16104,"href":"https:\/\/www.casilda.gob.ar\/web\/wp-json\/wp\/v2\/pages\/4917\/revisions\/16104"}],"wp:attachment":[{"href":"https:\/\/www.casilda.gob.ar\/web\/wp-json\/wp\/v2\/media?parent=4917"}],"curies":[{"name":"wp","href":"https:\/\/api.w.org\/{rel}","templated":true}]}}