{"id":5549,"date":"2024-12-30T13:58:40","date_gmt":"2024-12-30T13:58:40","guid":{"rendered":"https:\/\/www.casilda.gob.ar\/web\/?page_id=5549"},"modified":"2025-07-24T08:57:32","modified_gmt":"2025-07-24T11:57:32","slug":"gobierno-casilda","status":"publish","type":"page","link":"https:\/\/www.casilda.gob.ar\/web\/gobierno-casilda\/","title":{"rendered":"Gobierno"},"content":{"rendered":"\n<div class=\"wp-block-group is-content-justification-center is-nowrap is-layout-flex wp-container-core-group-is-layout-1 wp-block-group-is-layout-flex\">\n<div class=\"wp-block-columns is-layout-flex wp-container-core-columns-is-layout-1 wp-block-columns-is-layout-flex\">\n<div class=\"wp-block-column is-layout-flow wp-block-column-is-layout-flow\">\n<figure class=\"wp-block-image size-large\"><img loading=\"lazy\" decoding=\"async\" width=\"1024\" height=\"1024\" src=\"https:\/\/www.casilda.gob.ar\/web\/wp-content\/uploads\/2024\/12\/Guillermo-1024x1024.jpeg\" alt=\"\" class=\"wp-image-5550\" srcset=\"https:\/\/www.casilda.gob.ar\/web\/wp-content\/uploads\/2024\/12\/Guillermo-1024x1024.jpeg 1024w, https:\/\/www.casilda.gob.ar\/web\/wp-content\/uploads\/2024\/12\/Guillermo-300x300.jpeg 300w, https:\/\/www.casilda.gob.ar\/web\/wp-content\/uploads\/2024\/12\/Guillermo-150x150.jpeg 150w, https:\/\/www.casilda.gob.ar\/web\/wp-content\/uploads\/2024\/12\/Guillermo-768x768.jpeg 768w, https:\/\/www.casilda.gob.ar\/web\/wp-content\/uploads\/2024\/12\/Guillermo.jpeg 1066w\" sizes=\"auto, (max-width: 1024px) 100vw, 1024px\" \/><\/figure>\n<\/div>\n\n\n\n<div class=\"wp-block-column is-layout-flow wp-block-column-is-layout-flow\">\n<p class=\"has-large-font-size\"><strong>GUILLERMO FRANCHELLA<\/strong><\/p>\n\n\n\n<p class=\"has-medium-font-size\"><strong>Intendente 2023 &#8211; 2027<\/strong><\/p>\n\n\n\n<p class=\"has-text-align-center\"><strong><em>\u00abTodos hemos tenido que afrontar algo nuevo en la vida que nos permiti\u00f3 seguir adelante y progresar.<\/em> <em>Hoy es el momento para que le demos a Casilda un nuevo comienzo que la realidad pide a gritos\u00bb<\/em><\/strong><\/p>\n\n\n\n<div class=\"wp-block-uagb-icon-list uagb-block-9f294cd4\"><div class=\"uagb-icon-list__wrap\">\n<div class=\"wp-block-uagb-icon-list-child uagb-block-054c1f7c\"><span class=\"uagb-icon-list__source-wrap\"><svg xmlns=\"https:\/\/www.w3.org\/2000\/svg\" viewBox=\"0 0 512 512\"><path d=\"M512 256C512 397.4 397.4 512 256 512C114.6 512 0 397.4 0 256C0 114.6 114.6 0 256 0C397.4 0 512 114.6 512 256z\"><\/path><\/svg><\/span><span class=\"uagb-icon-list__label\">Graduado UNR Odontolog\u00eda 1998 Actividad privada 1985 &#8211; actualidad<\/span><\/div>\n\n\n\n<div class=\"wp-block-uagb-icon-list-child uagb-block-0a2a6585\"><span class=\"uagb-icon-list__source-wrap\"><svg xmlns=\"https:\/\/www.w3.org\/2000\/svg\" viewBox=\"0 0 512 512\"><path d=\"M512 256C512 397.4 397.4 512 256 512C114.6 512 0 397.4 0 256C0 114.6 114.6 0 256 0C397.4 0 512 114.6 512 256z\"><\/path><\/svg><\/span><span class=\"uagb-icon-list__label\">Profesor de c\u00e1tedra UNR Odontolog\u00eda Odont\u00f3logo Magister<\/span><\/div>\n<\/div><\/div>\n\n\n\n<div class=\"wp-block-uagb-icon-list uagb-block-b12a8e54\"><div class=\"uagb-icon-list__wrap\">\n<div class=\"wp-block-uagb-icon-list-child uagb-block-288536d1\"><span class=\"uagb-icon-list__source-wrap\"><svg xmlns=\"https:\/\/www.w3.org\/2000\/svg\" viewBox=\"0 0 512 512\"><path d=\"M512 256C512 397.4 397.4 512 256 512C114.6 512 0 397.4 0 256C0 114.6 114.6 0 256 0C397.4 0 512 114.6 512 256z\"><\/path><\/svg><\/span><span class=\"uagb-icon-list__label\">Docente desde 1986<\/span><\/div>\n\n\n\n<div class=\"wp-block-uagb-icon-list-child uagb-block-f3e30fc0\"><span class=\"uagb-icon-list__source-wrap\"><svg xmlns=\"https:\/\/www.w3.org\/2000\/svg\" viewBox=\"0 0 512 512\"><path d=\"M512 256C512 397.4 397.4 512 256 512C114.6 512 0 397.4 0 256C0 114.6 114.6 0 256 0C397.4 0 512 114.6 512 256z\"><\/path><\/svg><\/span><span class=\"uagb-icon-list__label\">Consejo Directivo UNR odontologia por 8 a\u00f1os<\/span><\/div>\n<\/div><\/div>\n\n\n\n<div class=\"wp-block-uagb-icon-list uagb-block-5c7ac30d\"><div class=\"uagb-icon-list__wrap\">\n<div class=\"wp-block-uagb-icon-list-child uagb-block-fe54113d\"><span class=\"uagb-icon-list__source-wrap\"><svg xmlns=\"https:\/\/www.w3.org\/2000\/svg\" viewBox=\"0 0 512 512\"><path d=\"M512 256C512 397.4 397.4 512 256 512C114.6 512 0 397.4 0 256C0 114.6 114.6 0 256 0C397.4 0 512 114.6 512 256z\"><\/path><\/svg><\/span><span class=\"uagb-icon-list__label\">Decano UNR Odontologia 8 a\u00f1os<\/span><\/div>\n\n\n\n<div class=\"wp-block-uagb-icon-list-child uagb-block-d303fcb4\"><span class=\"uagb-icon-list__source-wrap\"><svg xmlns=\"https:\/\/www.w3.org\/2000\/svg\" viewBox=\"0 0 512 512\"><path d=\"M512 256C512 397.4 397.4 512 256 512C114.6 512 0 397.4 0 256C0 114.6 114.6 0 256 0C397.4 0 512 114.6 512 256z\"><\/path><\/svg><\/span><span class=\"uagb-icon-list__label\">Presidente Fundaci\u00f3n UNR 8 a\u00f1os<\/span><\/div>\n<\/div><\/div>\n<\/div>\n<\/div>\n<\/div>\n","protected":false},"excerpt":{"rendered":"<p>GUILLERMO FRANCHELLA Intendente 2023 &#8211; 2027 \u00abTodos hemos tenido que afrontar algo nuevo en la vida que nos permiti\u00f3 seguir adelante y progresar. Hoy es el momento para que le demos a Casilda un nuevo comienzo que la realidad pide a gritos\u00bb<\/p>\n","protected":false},"author":1,"featured_media":0,"parent":0,"menu_order":0,"comment_status":"closed","ping_status":"closed","template":"","meta":{"_uag_custom_page_level_css":"","footnotes":""},"class_list":["post-5549","page","type-page","status-publish","hentry"],"yoast_head":"<!-- This site is optimized with the Yoast SEO plugin v26.8 - https:\/\/yoast.com\/product\/yoast-seo-wordpress\/ -->\n<title>Gobierno - Municipalidad de Casilda<\/title>\n<meta name=\"robots\" content=\"index, follow, max-snippet:-1, max-image-preview:large, max-video-preview:-1\" \/>\n<link rel=\"canonical\" href=\"https:\/\/www.casilda.gob.ar\/web\/gobierno-casilda\/\" \/>\n<meta property=\"og:locale\" content=\"es_ES\" \/>\n<meta property=\"og:type\" content=\"article\" \/>\n<meta property=\"og:title\" content=\"Gobierno - Municipalidad de Casilda\" \/>\n<meta property=\"og:description\" content=\"GUILLERMO FRANCHELLA Intendente 2023 &#8211; 2027 \u00abTodos hemos tenido que afrontar algo nuevo en la vida que nos permiti\u00f3 seguir adelante y progresar. Hoy es el momento para que le demos a Casilda un nuevo comienzo que la realidad pide a gritos\u00bb\" \/>\n<meta property=\"og:url\" content=\"https:\/\/www.casilda.gob.ar\/web\/gobierno-casilda\/\" \/>\n<meta property=\"og:site_name\" content=\"Municipalidad de Casilda\" \/>\n<meta property=\"article:modified_time\" content=\"2025-07-24T11:57:32+00:00\" \/>\n<meta property=\"og:image\" content=\"https:\/\/www.casilda.gob.ar\/web\/wp-content\/uploads\/2024\/12\/Guillermo-1024x1024.jpeg\" \/>\n<meta name=\"twitter:card\" content=\"summary_large_image\" \/>\n<script type=\"application\/ld+json\" class=\"yoast-schema-graph\">{\"@context\":\"https:\/\/schema.org\",\"@graph\":[{\"@type\":\"WebPage\",\"@id\":\"https:\/\/www.casilda.gob.ar\/web\/gobierno-casilda\/\",\"url\":\"https:\/\/www.casilda.gob.ar\/web\/gobierno-casilda\/\",\"name\":\"Gobierno - Municipalidad de Casilda\",\"isPartOf\":{\"@id\":\"https:\/\/www.casilda.gob.ar\/web\/#website\"},\"primaryImageOfPage\":{\"@id\":\"https:\/\/www.casilda.gob.ar\/web\/gobierno-casilda\/#primaryimage\"},\"image\":{\"@id\":\"https:\/\/www.casilda.gob.ar\/web\/gobierno-casilda\/#primaryimage\"},\"thumbnailUrl\":\"https:\/\/www.casilda.gob.ar\/web\/wp-content\/uploads\/2024\/12\/Guillermo-1024x1024.jpeg\",\"datePublished\":\"2024-12-30T13:58:40+00:00\",\"dateModified\":\"2025-07-24T11:57:32+00:00\",\"breadcrumb\":{\"@id\":\"https:\/\/www.casilda.gob.ar\/web\/gobierno-casilda\/#breadcrumb\"},\"inLanguage\":\"es\",\"potentialAction\":[{\"@type\":\"ReadAction\",\"target\":[\"https:\/\/www.casilda.gob.ar\/web\/gobierno-casilda\/\"]}]},{\"@type\":\"ImageObject\",\"inLanguage\":\"es\",\"@id\":\"https:\/\/www.casilda.gob.ar\/web\/gobierno-casilda\/#primaryimage\",\"url\":\"https:\/\/www.casilda.gob.ar\/web\/wp-content\/uploads\/2024\/12\/Guillermo.jpeg\",\"contentUrl\":\"https:\/\/www.casilda.gob.ar\/web\/wp-content\/uploads\/2024\/12\/Guillermo.jpeg\",\"width\":1066,\"height\":1066},{\"@type\":\"BreadcrumbList\",\"@id\":\"https:\/\/www.casilda.gob.ar\/web\/gobierno-casilda\/#breadcrumb\",\"itemListElement\":[{\"@type\":\"ListItem\",\"position\":1,\"name\":\"Inicio\",\"item\":\"https:\/\/www.casilda.gob.ar\/web\/\"},{\"@type\":\"ListItem\",\"position\":2,\"name\":\"Gobierno\"}]},{\"@type\":\"WebSite\",\"@id\":\"https:\/\/www.casilda.gob.ar\/web\/#website\",\"url\":\"https:\/\/www.casilda.gob.ar\/web\/\",\"name\":\"Municipalidad de Casilda\",\"description\":\"Construyendo Futuro\",\"potentialAction\":[{\"@type\":\"SearchAction\",\"target\":{\"@type\":\"EntryPoint\",\"urlTemplate\":\"https:\/\/www.casilda.gob.ar\/web\/?s={search_term_string}\"},\"query-input\":{\"@type\":\"PropertyValueSpecification\",\"valueRequired\":true,\"valueName\":\"search_term_string\"}}],\"inLanguage\":\"es\"}]}<\/script>\n<!-- \/ Yoast SEO plugin. -->","yoast_head_json":{"title":"Gobierno - Municipalidad de Casilda","robots":{"index":"index","follow":"follow","max-snippet":"max-snippet:-1","max-image-preview":"max-image-preview:large","max-video-preview":"max-video-preview:-1"},"canonical":"https:\/\/www.casilda.gob.ar\/web\/gobierno-casilda\/","og_locale":"es_ES","og_type":"article","og_title":"Gobierno - Municipalidad de Casilda","og_description":"GUILLERMO FRANCHELLA Intendente 2023 &#8211; 2027 \u00abTodos hemos tenido que afrontar algo nuevo en la vida que nos permiti\u00f3 seguir adelante y progresar. Hoy es el momento para que le demos a Casilda un nuevo comienzo que la realidad pide a gritos\u00bb","og_url":"https:\/\/www.casilda.gob.ar\/web\/gobierno-casilda\/","og_site_name":"Municipalidad de Casilda","article_modified_time":"2025-07-24T11:57:32+00:00","og_image":[{"url":"https:\/\/www.casilda.gob.ar\/web\/wp-content\/uploads\/2024\/12\/Guillermo-1024x1024.jpeg","type":"","width":"","height":""}],"twitter_card":"summary_large_image","schema":{"@context":"https:\/\/schema.org","@graph":[{"@type":"WebPage","@id":"https:\/\/www.casilda.gob.ar\/web\/gobierno-casilda\/","url":"https:\/\/www.casilda.gob.ar\/web\/gobierno-casilda\/","name":"Gobierno - Municipalidad de Casilda","isPartOf":{"@id":"https:\/\/www.casilda.gob.ar\/web\/#website"},"primaryImageOfPage":{"@id":"https:\/\/www.casilda.gob.ar\/web\/gobierno-casilda\/#primaryimage"},"image":{"@id":"https:\/\/www.casilda.gob.ar\/web\/gobierno-casilda\/#primaryimage"},"thumbnailUrl":"https:\/\/www.casilda.gob.ar\/web\/wp-content\/uploads\/2024\/12\/Guillermo-1024x1024.jpeg","datePublished":"2024-12-30T13:58:40+00:00","dateModified":"2025-07-24T11:57:32+00:00","breadcrumb":{"@id":"https:\/\/www.casilda.gob.ar\/web\/gobierno-casilda\/#breadcrumb"},"inLanguage":"es","potentialAction":[{"@type":"ReadAction","target":["https:\/\/www.casilda.gob.ar\/web\/gobierno-casilda\/"]}]},{"@type":"ImageObject","inLanguage":"es","@id":"https:\/\/www.casilda.gob.ar\/web\/gobierno-casilda\/#primaryimage","url":"https:\/\/www.casilda.gob.ar\/web\/wp-content\/uploads\/2024\/12\/Guillermo.jpeg","contentUrl":"https:\/\/www.casilda.gob.ar\/web\/wp-content\/uploads\/2024\/12\/Guillermo.jpeg","width":1066,"height":1066},{"@type":"BreadcrumbList","@id":"https:\/\/www.casilda.gob.ar\/web\/gobierno-casilda\/#breadcrumb","itemListElement":[{"@type":"ListItem","position":1,"name":"Inicio","item":"https:\/\/www.casilda.gob.ar\/web\/"},{"@type":"ListItem","position":2,"name":"Gobierno"}]},{"@type":"WebSite","@id":"https:\/\/www.casilda.gob.ar\/web\/#website","url":"https:\/\/www.casilda.gob.ar\/web\/","name":"Municipalidad de Casilda","description":"Construyendo Futuro","potentialAction":[{"@type":"SearchAction","target":{"@type":"EntryPoint","urlTemplate":"https:\/\/www.casilda.gob.ar\/web\/?s={search_term_string}"},"query-input":{"@type":"PropertyValueSpecification","valueRequired":true,"valueName":"search_term_string"}}],"inLanguage":"es"}]}},"uagb_featured_image_src":{"full":false,"thumbnail":false,"medium":false,"medium_large":false,"large":false,"1536x1536":false,"2048x2048":false},"uagb_author_info":{"display_name":"Municipalidad Casilda","author_link":"https:\/\/www.casilda.gob.ar\/web\/author\/admin\/"},"uagb_comment_info":0,"uagb_excerpt":"GUILLERMO FRANCHELLA Intendente 2023 &#8211; 2027 \u00abTodos hemos tenido que afrontar algo nuevo en la vida que nos permiti\u00f3 seguir adelante y progresar. Hoy es el momento para que le demos a Casilda un nuevo comienzo que la realidad pide a gritos\u00bb","_links":{"self":[{"href":"https:\/\/www.casilda.gob.ar\/web\/wp-json\/wp\/v2\/pages\/5549","targetHints":{"allow":["GET"]}}],"collection":[{"href":"https:\/\/www.casilda.gob.ar\/web\/wp-json\/wp\/v2\/pages"}],"about":[{"href":"https:\/\/www.casilda.gob.ar\/web\/wp-json\/wp\/v2\/types\/page"}],"author":[{"embeddable":true,"href":"https:\/\/www.casilda.gob.ar\/web\/wp-json\/wp\/v2\/users\/1"}],"replies":[{"embeddable":true,"href":"https:\/\/www.casilda.gob.ar\/web\/wp-json\/wp\/v2\/comments?post=5549"}],"version-history":[{"count":1,"href":"https:\/\/www.casilda.gob.ar\/web\/wp-json\/wp\/v2\/pages\/5549\/revisions"}],"predecessor-version":[{"id":11090,"href":"https:\/\/www.casilda.gob.ar\/web\/wp-json\/wp\/v2\/pages\/5549\/revisions\/11090"}],"wp:attachment":[{"href":"https:\/\/www.casilda.gob.ar\/web\/wp-json\/wp\/v2\/media?parent=5549"}],"curies":[{"name":"wp","href":"https:\/\/api.w.org\/{rel}","templated":true}]}}