{"id":5587,"date":"2025-01-02T13:34:18","date_gmt":"2025-01-02T13:34:18","guid":{"rendered":"https:\/\/www.casilda.gob.ar\/web\/?page_id=5587"},"modified":"2025-05-21T08:20:10","modified_gmt":"2025-05-21T11:20:10","slug":"turnos-para-licencia-de-conducir-casilda","status":"publish","type":"page","link":"https:\/\/www.casilda.gob.ar\/web\/turnos-para-licencia-de-conducir-casilda\/","title":{"rendered":"Turnos para licencia de conducir"},"content":{"rendered":"\n<p><strong>\u00bfC\u00f3mo sacar turno para la Licencia de Conducir en Casilda?<\/strong><br>Para gestionar tu Licencia Nacional de Conducir en Casilda, segu\u00ed estos pasos:<\/p>\n\n\n\n<p class=\"has-contrast-2-color has-text-color has-link-color wp-elements-c17e8940a4978bee3655ae340da166e5\"><strong>Solicitar un turno<\/strong><br>Env\u00eda un correo electr\u00f3nico a <a href=\"mailto:turnoslnccasilda@gmail.com\">turnoslnccasilda@gmail.com<\/a><\/p>\n\n\n\n<p style=\"margin-bottom:0\"><strong>Capacitaci\u00f3n obligatoria<\/strong><br>Ser\u00e1 necesaria la capacitaci\u00f3n obligatoria en los siguientes casos:<\/p>\n\n\n\n<div class=\"wp-block-uagb-icon-list uagb-block-aaa63fbf\"><div class=\"uagb-icon-list__wrap\">\n<div class=\"wp-block-uagb-icon-list-child uagb-block-bd1b4f37\"><span class=\"uagb-icon-list__source-wrap\"><svg xmlns=\"https:\/\/www.w3.org\/2000\/svg\" viewBox=\"0 0 512 512\"><path d=\"M512 256C512 397.4 397.4 512 256 512C114.6 512 0 397.4 0 256C0 114.6 114.6 0 256 0C397.4 0 512 114.6 512 256z\"><\/path><\/svg><\/span><span class=\"uagb-icon-list__label\">Si ten\u00e9s entre 18 y 21 a\u00f1os.<\/span><\/div>\n\n\n\n<div class=\"wp-block-uagb-icon-list-child uagb-block-c685c5e8\"><span class=\"uagb-icon-list__source-wrap\"><svg xmlns=\"https:\/\/www.w3.org\/2000\/svg\" viewBox=\"0 0 512 512\"><path d=\"M512 256C512 397.4 397.4 512 256 512C114.6 512 0 397.4 0 256C0 114.6 114.6 0 256 0C397.4 0 512 114.6 512 256z\"><\/path><\/svg><\/span><span class=\"uagb-icon-list__label\">Si es la primera vez que sac\u00e1s la licencia.<\/span><\/div>\n\n\n\n<div class=\"wp-block-uagb-icon-list-child uagb-block-8336cea3\"><span class=\"uagb-icon-list__source-wrap\"><svg xmlns=\"https:\/\/www.w3.org\/2000\/svg\" viewBox=\"0 0 512 512\"><path d=\"M512 256C512 397.4 397.4 512 256 512C114.6 512 0 397.4 0 256C0 114.6 114.6 0 256 0C397.4 0 512 114.6 512 256z\"><\/path><\/svg><\/span><span class=\"uagb-icon-list__label\">Si tu licencia estuvo vencida por m\u00e1s de un a\u00f1o.<\/span><\/div>\n\n\n\n<div class=\"wp-block-uagb-icon-list-child uagb-block-4a31ba1a\"><span class=\"uagb-icon-list__source-wrap\"><svg xmlns=\"https:\/\/www.w3.org\/2000\/svg\" viewBox=\"0 0 512 512\"><path d=\"M512 256C512 397.4 397.4 512 256 512C114.6 512 0 397.4 0 256C0 114.6 114.6 0 256 0C397.4 0 512 114.6 512 256z\"><\/path><\/svg><\/span><span class=\"uagb-icon-list__label\">Si solicit\u00e1s una nueva clase de licencia no incluida en tu categor\u00eda actual.<\/span><\/div>\n\n\n\n<div class=\"wp-block-uagb-icon-list-child uagb-block-5d30c699\"><span class=\"uagb-icon-list__source-wrap\"><svg xmlns=\"https:\/\/www.w3.org\/2000\/svg\" viewBox=\"0 0 512 512\"><path d=\"M512 256C512 397.4 397.4 512 256 512C114.6 512 0 397.4 0 256C0 114.6 114.6 0 256 0C397.4 0 512 114.6 512 256z\"><\/path><\/svg><\/span><span class=\"uagb-icon-list__label\">Si fuiste inhabilitado\/a por alcoholemia.<\/span><\/div>\n\n\n\n<div class=\"wp-block-uagb-icon-list-child uagb-block-d961c746\"><span class=\"uagb-icon-list__source-wrap\"><svg xmlns=\"https:\/\/www.w3.org\/2000\/svg\" viewBox=\"0 0 512 512\"><path d=\"M512 256C512 397.4 397.4 512 256 512C114.6 512 0 397.4 0 256C0 114.6 114.6 0 256 0C397.4 0 512 114.6 512 256z\"><\/path><\/svg><\/span><span class=\"uagb-icon-list__label\">Para renovaciones, no es necesario realizar esta capacitaci\u00f3n.<\/span><\/div>\n<\/div><\/div>\n\n\n\n<p><strong>Requisitos de edad<\/strong><\/p>\n\n\n\n<p style=\"margin-top:0\">La Licencia Nacional de Conducir solo est\u00e1 disponible para personas de 18 a\u00f1os o m\u00e1s.<br>Quienes tengan entre 18 y 21 a\u00f1os deber\u00e1n realizar de forma obligatoria el Curso de Seguridad Vial para auto y\/o moto, ingresando al siguiente enlace:<br>Curso de Seguridad Vial.<br>Para residentes de Pujato, Sanford o Fuentes<br>Si deb\u00e9s realizar la capacitaci\u00f3n obligatoria y viv\u00eds en alguna de estas localidades, deber\u00e1s dirigirte a la Comuna correspondiente para poder completarla.<\/p>\n\n\n\n<p>Asegurate de cumplir con estos pasos y requisitos para obtener tu Licencia Nacional de Conducir. \u00a1Gracias por tu colaboraci\u00f3n!<\/p>\n","protected":false},"excerpt":{"rendered":"<p>\u00bfC\u00f3mo sacar turno para la Licencia de Conducir en Casilda?Para gestionar tu Licencia Nacional de Conducir en Casilda, segu\u00ed estos pasos: Solicitar un turnoEnv\u00eda un correo electr\u00f3nico a turnoslnccasilda@gmail.com Capacitaci\u00f3n obligatoriaSer\u00e1 necesaria la capacitaci\u00f3n obligatoria en los siguientes casos: Requisitos de edad La Licencia Nacional de Conducir solo est\u00e1 disponible para personas de 18 a\u00f1os [&hellip;]<\/p>\n","protected":false},"author":1,"featured_media":0,"parent":0,"menu_order":0,"comment_status":"closed","ping_status":"closed","template":"","meta":{"_uag_custom_page_level_css":"","footnotes":""},"class_list":["post-5587","page","type-page","status-publish","hentry"],"yoast_head":"<!-- This site is optimized with the Yoast SEO plugin v26.8 - https:\/\/yoast.com\/product\/yoast-seo-wordpress\/ -->\n<title>Turnos para licencia de conducir - Municipalidad de Casilda<\/title>\n<meta name=\"robots\" content=\"index, follow, max-snippet:-1, max-image-preview:large, max-video-preview:-1\" \/>\n<link rel=\"canonical\" href=\"https:\/\/www.casilda.gob.ar\/web\/turnos-para-licencia-de-conducir-casilda\/\" \/>\n<meta property=\"og:locale\" content=\"es_ES\" \/>\n<meta property=\"og:type\" content=\"article\" \/>\n<meta property=\"og:title\" content=\"Turnos para licencia de conducir - Municipalidad de Casilda\" \/>\n<meta property=\"og:description\" content=\"\u00bfC\u00f3mo sacar turno para la Licencia de Conducir en Casilda?Para gestionar tu Licencia Nacional de Conducir en Casilda, segu\u00ed estos pasos: Solicitar un turnoEnv\u00eda un correo electr\u00f3nico a turnoslnccasilda@gmail.com Capacitaci\u00f3n obligatoriaSer\u00e1 necesaria la capacitaci\u00f3n obligatoria en los siguientes casos: Requisitos de edad La Licencia Nacional de Conducir solo est\u00e1 disponible para personas de 18 a\u00f1os [&hellip;]\" \/>\n<meta property=\"og:url\" content=\"https:\/\/www.casilda.gob.ar\/web\/turnos-para-licencia-de-conducir-casilda\/\" \/>\n<meta property=\"og:site_name\" content=\"Municipalidad de Casilda\" \/>\n<meta property=\"article:modified_time\" content=\"2025-05-21T11:20:10+00:00\" \/>\n<meta name=\"twitter:card\" content=\"summary_large_image\" \/>\n<meta name=\"twitter:label1\" content=\"Tiempo de lectura\" \/>\n\t<meta name=\"twitter:data1\" content=\"1 minuto\" \/>\n<script type=\"application\/ld+json\" class=\"yoast-schema-graph\">{\"@context\":\"https:\/\/schema.org\",\"@graph\":[{\"@type\":\"WebPage\",\"@id\":\"https:\/\/www.casilda.gob.ar\/web\/turnos-para-licencia-de-conducir-casilda\/\",\"url\":\"https:\/\/www.casilda.gob.ar\/web\/turnos-para-licencia-de-conducir-casilda\/\",\"name\":\"Turnos para licencia de conducir - Municipalidad de Casilda\",\"isPartOf\":{\"@id\":\"https:\/\/www.casilda.gob.ar\/web\/#website\"},\"datePublished\":\"2025-01-02T13:34:18+00:00\",\"dateModified\":\"2025-05-21T11:20:10+00:00\",\"breadcrumb\":{\"@id\":\"https:\/\/www.casilda.gob.ar\/web\/turnos-para-licencia-de-conducir-casilda\/#breadcrumb\"},\"inLanguage\":\"es\",\"potentialAction\":[{\"@type\":\"ReadAction\",\"target\":[\"https:\/\/www.casilda.gob.ar\/web\/turnos-para-licencia-de-conducir-casilda\/\"]}]},{\"@type\":\"BreadcrumbList\",\"@id\":\"https:\/\/www.casilda.gob.ar\/web\/turnos-para-licencia-de-conducir-casilda\/#breadcrumb\",\"itemListElement\":[{\"@type\":\"ListItem\",\"position\":1,\"name\":\"Inicio\",\"item\":\"https:\/\/www.casilda.gob.ar\/web\/\"},{\"@type\":\"ListItem\",\"position\":2,\"name\":\"Turnos para licencia de conducir\"}]},{\"@type\":\"WebSite\",\"@id\":\"https:\/\/www.casilda.gob.ar\/web\/#website\",\"url\":\"https:\/\/www.casilda.gob.ar\/web\/\",\"name\":\"Municipalidad de Casilda\",\"description\":\"Construyendo Futuro\",\"potentialAction\":[{\"@type\":\"SearchAction\",\"target\":{\"@type\":\"EntryPoint\",\"urlTemplate\":\"https:\/\/www.casilda.gob.ar\/web\/?s={search_term_string}\"},\"query-input\":{\"@type\":\"PropertyValueSpecification\",\"valueRequired\":true,\"valueName\":\"search_term_string\"}}],\"inLanguage\":\"es\"}]}<\/script>\n<!-- \/ Yoast SEO plugin. -->","yoast_head_json":{"title":"Turnos para licencia de conducir - Municipalidad de Casilda","robots":{"index":"index","follow":"follow","max-snippet":"max-snippet:-1","max-image-preview":"max-image-preview:large","max-video-preview":"max-video-preview:-1"},"canonical":"https:\/\/www.casilda.gob.ar\/web\/turnos-para-licencia-de-conducir-casilda\/","og_locale":"es_ES","og_type":"article","og_title":"Turnos para licencia de conducir - Municipalidad de Casilda","og_description":"\u00bfC\u00f3mo sacar turno para la Licencia de Conducir en Casilda?Para gestionar tu Licencia Nacional de Conducir en Casilda, segu\u00ed estos pasos: Solicitar un turnoEnv\u00eda un correo electr\u00f3nico a turnoslnccasilda@gmail.com Capacitaci\u00f3n obligatoriaSer\u00e1 necesaria la capacitaci\u00f3n obligatoria en los siguientes casos: Requisitos de edad La Licencia Nacional de Conducir solo est\u00e1 disponible para personas de 18 a\u00f1os [&hellip;]","og_url":"https:\/\/www.casilda.gob.ar\/web\/turnos-para-licencia-de-conducir-casilda\/","og_site_name":"Municipalidad de Casilda","article_modified_time":"2025-05-21T11:20:10+00:00","twitter_card":"summary_large_image","twitter_misc":{"Tiempo de lectura":"1 minuto"},"schema":{"@context":"https:\/\/schema.org","@graph":[{"@type":"WebPage","@id":"https:\/\/www.casilda.gob.ar\/web\/turnos-para-licencia-de-conducir-casilda\/","url":"https:\/\/www.casilda.gob.ar\/web\/turnos-para-licencia-de-conducir-casilda\/","name":"Turnos para licencia de conducir - Municipalidad de Casilda","isPartOf":{"@id":"https:\/\/www.casilda.gob.ar\/web\/#website"},"datePublished":"2025-01-02T13:34:18+00:00","dateModified":"2025-05-21T11:20:10+00:00","breadcrumb":{"@id":"https:\/\/www.casilda.gob.ar\/web\/turnos-para-licencia-de-conducir-casilda\/#breadcrumb"},"inLanguage":"es","potentialAction":[{"@type":"ReadAction","target":["https:\/\/www.casilda.gob.ar\/web\/turnos-para-licencia-de-conducir-casilda\/"]}]},{"@type":"BreadcrumbList","@id":"https:\/\/www.casilda.gob.ar\/web\/turnos-para-licencia-de-conducir-casilda\/#breadcrumb","itemListElement":[{"@type":"ListItem","position":1,"name":"Inicio","item":"https:\/\/www.casilda.gob.ar\/web\/"},{"@type":"ListItem","position":2,"name":"Turnos para licencia de conducir"}]},{"@type":"WebSite","@id":"https:\/\/www.casilda.gob.ar\/web\/#website","url":"https:\/\/www.casilda.gob.ar\/web\/","name":"Municipalidad de Casilda","description":"Construyendo Futuro","potentialAction":[{"@type":"SearchAction","target":{"@type":"EntryPoint","urlTemplate":"https:\/\/www.casilda.gob.ar\/web\/?s={search_term_string}"},"query-input":{"@type":"PropertyValueSpecification","valueRequired":true,"valueName":"search_term_string"}}],"inLanguage":"es"}]}},"uagb_featured_image_src":{"full":false,"thumbnail":false,"medium":false,"medium_large":false,"large":false,"1536x1536":false,"2048x2048":false},"uagb_author_info":{"display_name":"Municipalidad Casilda","author_link":"https:\/\/www.casilda.gob.ar\/web\/author\/admin\/"},"uagb_comment_info":0,"uagb_excerpt":"\u00bfC\u00f3mo sacar turno para la Licencia de Conducir en Casilda?Para gestionar tu Licencia Nacional de Conducir en Casilda, segu\u00ed estos pasos: Solicitar un turnoEnv\u00eda un correo electr\u00f3nico a turnoslnccasilda@gmail.com Capacitaci\u00f3n obligatoriaSer\u00e1 necesaria la capacitaci\u00f3n obligatoria en los siguientes casos: Requisitos de edad La Licencia Nacional de Conducir solo est\u00e1 disponible para personas de 18 a\u00f1os&hellip;","_links":{"self":[{"href":"https:\/\/www.casilda.gob.ar\/web\/wp-json\/wp\/v2\/pages\/5587","targetHints":{"allow":["GET"]}}],"collection":[{"href":"https:\/\/www.casilda.gob.ar\/web\/wp-json\/wp\/v2\/pages"}],"about":[{"href":"https:\/\/www.casilda.gob.ar\/web\/wp-json\/wp\/v2\/types\/page"}],"author":[{"embeddable":true,"href":"https:\/\/www.casilda.gob.ar\/web\/wp-json\/wp\/v2\/users\/1"}],"replies":[{"embeddable":true,"href":"https:\/\/www.casilda.gob.ar\/web\/wp-json\/wp\/v2\/comments?post=5587"}],"version-history":[{"count":0,"href":"https:\/\/www.casilda.gob.ar\/web\/wp-json\/wp\/v2\/pages\/5587\/revisions"}],"wp:attachment":[{"href":"https:\/\/www.casilda.gob.ar\/web\/wp-json\/wp\/v2\/media?parent=5587"}],"curies":[{"name":"wp","href":"https:\/\/api.w.org\/{rel}","templated":true}]}}