{"id":7547,"date":"2025-03-07T11:52:01","date_gmt":"2025-03-07T14:52:01","guid":{"rendered":"https:\/\/www.casilda.gob.ar\/web\/?page_id=7547"},"modified":"2026-04-07T09:13:20","modified_gmt":"2026-04-07T12:13:20","slug":"centros-de-salud-casilda","status":"publish","type":"page","link":"https:\/\/www.casilda.gob.ar\/web\/centros-de-salud-casilda\/","title":{"rendered":"Centros de Salud"},"content":{"rendered":"\n<div class=\"wp-block-group is-nowrap is-layout-flex wp-container-core-group-is-layout-1 wp-block-group-is-layout-flex\">\n<div class=\"wp-block-columns is-layout-flex wp-container-core-columns-is-layout-1 wp-block-columns-is-layout-flex\">\n<div class=\"wp-block-column is-layout-flow wp-block-column-is-layout-flow\">\n<p class=\"has-text-align-center has-medium-font-size\" style=\"margin-bottom:var(--wp--preset--spacing--10);text-decoration:underline;text-transform:uppercase\"><strong>Centro de salud Barracas-Yapey\u00fa<\/strong><\/p>\n\n\n\n<p style=\"margin-top:0;margin-bottom:0\"><strong>Ubicado en calle Mitre 1164 de la ciudad de Casilda. <\/strong><\/p>\n\n\n\n<p style=\"margin-top:0;margin-bottom:0\">Los l\u00edmites geogr\u00e1ficos del mismo son las calles: Bv. 25 de Mayo a Bv. Ovidio Lagos y del Bv. Lisandro de la Torre a zona rural y su \u00e1rea de influencia se extiende a otros barrios, como el Nueva Roma B y Granaderos a Caballos.<\/p>\n\n\n\n<p style=\"margin-top:0;margin-bottom:var(--wp--preset--spacing--10)\">Funciona desde las 7hs hasta las 17hs. Los turnos se pueden obtener de forma presencial o v\u00eda telef\u00f3nica.<\/p>\n\n\n\n<p style=\"margin-top:0;margin-bottom:0\"><strong>Tel\u00e9fono: 427934 (03464)<\/strong><\/p>\n\n\n\n<p style=\"margin-top:0;margin-bottom:0\">A marzo de 2026, tiene una poblaci\u00f3n adscripta de 2142 personas.<br>0-18 A\u00d1OS: 641 personas<br>MAYOR DE 18 A\u00d1OS: 1501 personas<\/p>\n\n\n\n<p class=\"has-text-align-center\">&#8212;<\/p>\n\n\n\n<p class=\"has-text-align-center has-medium-font-size\" style=\"text-decoration:underline;text-transform:uppercase\"><strong>Centro de salud Granaderos a Caballo<\/strong><\/p>\n\n\n\n<p><strong>Ubicado en San Lorenzo 1215 de la ciudad de Casilda.<\/strong><br>Los l\u00edmites geogr\u00e1ficos son las calles: Bv. 9 de Julio a Bv. Ov. Lagos y Bv. Lisandro de la Torre a zona rural, siendo su \u00e1rea de influencia que se extiende a otros barrios: Centro y Barracas Yapey\u00fa.<br>Funciona desde las 7hs hasta las 13hs. Los turnos se pueden obtener de forma presencial o v\u00eda telef\u00f3nica.<\/p>\n\n\n\n<p style=\"margin-bottom:0\"><strong>Tel\u00e9fono: 437465 (03464)<\/strong><br>A marzo de 2026, tiene una poblaci\u00f3n adscripta de 1320 personas.<\/p>\n\n\n\n<p style=\"margin-top:0\">0-18 A\u00d1OS: 469 personas<br>MAYOR DE 18 A\u00d1OS: 851 personas<\/p>\n\n\n\n<iframe loading=\"lazy\" src=\"https:\/\/www.google.com\/maps\/d\/embed?mid=1w-I81aydlRmMbBeKu_ud0yODajjBNso&#038;ehbc=2E312F\" width=\"100%\" height=\"450px\"><\/iframe>\n<\/div>\n\n\n\n<div class=\"wp-block-column has-background is-layout-flow wp-block-column-is-layout-flow\" style=\"background-color:#f0f0f0;flex-basis:3px\"><\/div>\n\n\n\n<div class=\"wp-block-column is-layout-flow wp-block-column-is-layout-flow\">\n<p class=\"has-text-align-center has-medium-font-size\" style=\"text-decoration:underline\"><strong>ATENCI\u00d3N PRIMARIA DE LA SALUD \u201cA.P.S.\u201d<\/strong><\/p>\n\n\n\n<p>Estas instituciones,<strong> <\/strong>constituyen el primer nivel de atenci\u00f3n del sistema sanitario y el primer contacto de la comunidad con los servicios de salud. Su objetivo principal es brindar atenci\u00f3n accesible, integral y continua a toda la poblaci\u00f3n, cerca de su lugar de residencia, haciendo hincapi\u00e9 en el contexto social, familiar y comunitario.<\/p>\n\n\n\n<p><strong>Los Centros de Atenci\u00f3n Primaria cumplen un rol fundamental dentro del sistema de salud, ya que:<\/strong><\/p>\n\n\n\n<ul class=\"wp-block-list\">\n<li><strong>Acercan la salud a la comunidad<\/strong>, facilitando el acceso.\u00a0<\/li>\n\n\n\n<li><strong>Previenen enfermedades<\/strong> mediante controles peri\u00f3dicos y vacunaci\u00f3n.<\/li>\n\n\n\n<li><strong>Detectan precozmente problemas de salud<\/strong>, evitando complicaciones.<\/li>\n\n\n\n<li><strong>Controlan de manera peri\u00f3dica, <\/strong>aquellas personas con enfermedades cr\u00f3nicas que requieren de supervisi\u00f3n y seguimiento.<\/li>\n\n\n\n<li><strong>Descentralizan las consultas,<\/strong> resolviendo la mayor\u00eda de las problem\u00e1ticas en los Centros de Salud, para que el Hospital se focalice en las emergencias m\u00e9dicas.<\/li>\n\n\n\n<li><strong>Promueven h\u00e1bitos saludables<\/strong>, fortaleciendo el bienestar de la poblaci\u00f3n y la mirada integral de los problemas de salud.<\/li>\n\n\n\n<li><strong>Priorizan el trabajo interdisciplinario e intersectorial, <\/strong>entre \u00e1reas del mismo municipio.<\/li>\n<\/ul>\n\n\n\n<p>Nuestros Centros de Salud cuentan con un equipo interdisciplinario que se conforma por: m\u00e9dicos especialistas en medicina general y familiar, ginecolog\u00eda y psiquiatr\u00eda; fonoaudiolog\u00eda, nutrici\u00f3n, terapia ocupacional, psicolog\u00eda, trabajo social, psicopedagog\u00eda, odontolog\u00eda y enfermer\u00eda.<\/p>\n\n\n\n<p>Adem\u00e1s, actualmente se incorporaron espacios del \u00c1rea de Desarrollo Social de la Municipalidad de Casilda para poder fortalecer el trabajo intersectorial entre \u00e1reas del municipio, brindando a la poblaci\u00f3n herramientas y espacios para el desarrollo personal.<\/p>\n\n\n\n<p><strong>En cada lugar, la atenci\u00f3n preventiva de la salud de las personas y las familias debe estar acompa\u00f1ada de:<\/strong><br><strong>a) <\/strong>Procesos participativos de la comunidad.<br><strong>b) <\/strong>Equipos interdisciplinarios que sim\u00e9tricamente aporten sus conocimientos y sus experiencias.<br><strong>c)<\/strong> Atenci\u00f3n integral con garant\u00eda de derechos, con foco en sectores de la poblaci\u00f3n m\u00e1s vulnerables.<br><strong>d)<\/strong> Programas y acciones econ\u00f3mico-sociales de desarrollo social y pol\u00edticas p\u00fablicas en los distintos niveles de gesti\u00f3n.<\/p>\n<\/div>\n<\/div>\n<\/div>\n\n\n\n<hr class=\"wp-block-separator has-text-color has-alpha-channel-opacity has-background is-style-wide\" style=\"background-color:#f0f0f0;color:#f0f0f0\"\/>\n\n\n\n<div class=\"wp-block-group is-content-justification-center is-nowrap is-layout-flex wp-container-core-group-is-layout-3 wp-block-group-is-layout-flex\">\n<div class=\"wp-block-columns is-layout-flex wp-container-core-columns-is-layout-2 wp-block-columns-is-layout-flex\">\n<div class=\"wp-block-column is-layout-flow wp-block-column-is-layout-flow\"><\/div>\n\n\n\n<div class=\"wp-block-column is-layout-flow wp-block-column-is-layout-flow\">\n<div class=\"wp-block-group is-content-justification-center is-nowrap is-layout-flex wp-container-core-group-is-layout-2 wp-block-group-is-layout-flex\" style=\"padding-top:0;padding-right:0;padding-bottom:0;padding-left:0\"><\/div>\n<\/div>\n<\/div>\n<\/div>\n","protected":false},"excerpt":{"rendered":"<p>Centro de salud Barracas-Yapey\u00fa Ubicado en calle Mitre 1164 de la ciudad de Casilda. Los l\u00edmites geogr\u00e1ficos del mismo son las calles: Bv. 25 de Mayo a Bv. Ovidio Lagos y del Bv. Lisandro de la Torre a zona rural y su \u00e1rea de influencia se extiende a otros barrios, como el Nueva Roma B [&hellip;]<\/p>\n","protected":false},"author":1,"featured_media":0,"parent":0,"menu_order":0,"comment_status":"closed","ping_status":"closed","template":"","meta":{"_uag_custom_page_level_css":"","footnotes":""},"class_list":["post-7547","page","type-page","status-publish","hentry"],"yoast_head":"<!-- This site is optimized with the Yoast SEO plugin v26.8 - https:\/\/yoast.com\/product\/yoast-seo-wordpress\/ -->\n<title>Centros de Salud - Municipalidad de Casilda<\/title>\n<meta name=\"robots\" content=\"index, follow, max-snippet:-1, max-image-preview:large, max-video-preview:-1\" \/>\n<link rel=\"canonical\" href=\"https:\/\/www.casilda.gob.ar\/web\/centros-de-salud-casilda\/\" \/>\n<meta property=\"og:locale\" content=\"es_ES\" \/>\n<meta property=\"og:type\" content=\"article\" \/>\n<meta property=\"og:title\" content=\"Centros de Salud - Municipalidad de Casilda\" \/>\n<meta property=\"og:description\" content=\"Centro de salud Barracas-Yapey\u00fa Ubicado en calle Mitre 1164 de la ciudad de Casilda. Los l\u00edmites geogr\u00e1ficos del mismo son las calles: Bv. 25 de Mayo a Bv. Ovidio Lagos y del Bv. Lisandro de la Torre a zona rural y su \u00e1rea de influencia se extiende a otros barrios, como el Nueva Roma B [&hellip;]\" \/>\n<meta property=\"og:url\" content=\"https:\/\/www.casilda.gob.ar\/web\/centros-de-salud-casilda\/\" \/>\n<meta property=\"og:site_name\" content=\"Municipalidad de Casilda\" \/>\n<meta property=\"article:modified_time\" content=\"2026-04-07T12:13:20+00:00\" \/>\n<meta name=\"twitter:card\" content=\"summary_large_image\" \/>\n<meta name=\"twitter:label1\" content=\"Tiempo de lectura\" \/>\n\t<meta name=\"twitter:data1\" content=\"3 minutos\" \/>\n<script type=\"application\/ld+json\" class=\"yoast-schema-graph\">{\"@context\":\"https:\/\/schema.org\",\"@graph\":[{\"@type\":\"WebPage\",\"@id\":\"https:\/\/www.casilda.gob.ar\/web\/centros-de-salud-casilda\/\",\"url\":\"https:\/\/www.casilda.gob.ar\/web\/centros-de-salud-casilda\/\",\"name\":\"Centros de Salud - Municipalidad de Casilda\",\"isPartOf\":{\"@id\":\"https:\/\/www.casilda.gob.ar\/web\/#website\"},\"datePublished\":\"2025-03-07T14:52:01+00:00\",\"dateModified\":\"2026-04-07T12:13:20+00:00\",\"breadcrumb\":{\"@id\":\"https:\/\/www.casilda.gob.ar\/web\/centros-de-salud-casilda\/#breadcrumb\"},\"inLanguage\":\"es\",\"potentialAction\":[{\"@type\":\"ReadAction\",\"target\":[\"https:\/\/www.casilda.gob.ar\/web\/centros-de-salud-casilda\/\"]}]},{\"@type\":\"BreadcrumbList\",\"@id\":\"https:\/\/www.casilda.gob.ar\/web\/centros-de-salud-casilda\/#breadcrumb\",\"itemListElement\":[{\"@type\":\"ListItem\",\"position\":1,\"name\":\"Inicio\",\"item\":\"https:\/\/www.casilda.gob.ar\/web\/\"},{\"@type\":\"ListItem\",\"position\":2,\"name\":\"Centros de Salud\"}]},{\"@type\":\"WebSite\",\"@id\":\"https:\/\/www.casilda.gob.ar\/web\/#website\",\"url\":\"https:\/\/www.casilda.gob.ar\/web\/\",\"name\":\"Municipalidad de Casilda\",\"description\":\"Construyendo Futuro\",\"potentialAction\":[{\"@type\":\"SearchAction\",\"target\":{\"@type\":\"EntryPoint\",\"urlTemplate\":\"https:\/\/www.casilda.gob.ar\/web\/?s={search_term_string}\"},\"query-input\":{\"@type\":\"PropertyValueSpecification\",\"valueRequired\":true,\"valueName\":\"search_term_string\"}}],\"inLanguage\":\"es\"}]}<\/script>\n<!-- \/ Yoast SEO plugin. -->","yoast_head_json":{"title":"Centros de Salud - Municipalidad de Casilda","robots":{"index":"index","follow":"follow","max-snippet":"max-snippet:-1","max-image-preview":"max-image-preview:large","max-video-preview":"max-video-preview:-1"},"canonical":"https:\/\/www.casilda.gob.ar\/web\/centros-de-salud-casilda\/","og_locale":"es_ES","og_type":"article","og_title":"Centros de Salud - Municipalidad de Casilda","og_description":"Centro de salud Barracas-Yapey\u00fa Ubicado en calle Mitre 1164 de la ciudad de Casilda. Los l\u00edmites geogr\u00e1ficos del mismo son las calles: Bv. 25 de Mayo a Bv. Ovidio Lagos y del Bv. Lisandro de la Torre a zona rural y su \u00e1rea de influencia se extiende a otros barrios, como el Nueva Roma B [&hellip;]","og_url":"https:\/\/www.casilda.gob.ar\/web\/centros-de-salud-casilda\/","og_site_name":"Municipalidad de Casilda","article_modified_time":"2026-04-07T12:13:20+00:00","twitter_card":"summary_large_image","twitter_misc":{"Tiempo de lectura":"3 minutos"},"schema":{"@context":"https:\/\/schema.org","@graph":[{"@type":"WebPage","@id":"https:\/\/www.casilda.gob.ar\/web\/centros-de-salud-casilda\/","url":"https:\/\/www.casilda.gob.ar\/web\/centros-de-salud-casilda\/","name":"Centros de Salud - Municipalidad de Casilda","isPartOf":{"@id":"https:\/\/www.casilda.gob.ar\/web\/#website"},"datePublished":"2025-03-07T14:52:01+00:00","dateModified":"2026-04-07T12:13:20+00:00","breadcrumb":{"@id":"https:\/\/www.casilda.gob.ar\/web\/centros-de-salud-casilda\/#breadcrumb"},"inLanguage":"es","potentialAction":[{"@type":"ReadAction","target":["https:\/\/www.casilda.gob.ar\/web\/centros-de-salud-casilda\/"]}]},{"@type":"BreadcrumbList","@id":"https:\/\/www.casilda.gob.ar\/web\/centros-de-salud-casilda\/#breadcrumb","itemListElement":[{"@type":"ListItem","position":1,"name":"Inicio","item":"https:\/\/www.casilda.gob.ar\/web\/"},{"@type":"ListItem","position":2,"name":"Centros de Salud"}]},{"@type":"WebSite","@id":"https:\/\/www.casilda.gob.ar\/web\/#website","url":"https:\/\/www.casilda.gob.ar\/web\/","name":"Municipalidad de Casilda","description":"Construyendo Futuro","potentialAction":[{"@type":"SearchAction","target":{"@type":"EntryPoint","urlTemplate":"https:\/\/www.casilda.gob.ar\/web\/?s={search_term_string}"},"query-input":{"@type":"PropertyValueSpecification","valueRequired":true,"valueName":"search_term_string"}}],"inLanguage":"es"}]}},"uagb_featured_image_src":{"full":false,"thumbnail":false,"medium":false,"medium_large":false,"large":false,"1536x1536":false,"2048x2048":false},"uagb_author_info":{"display_name":"Municipalidad Casilda","author_link":"https:\/\/www.casilda.gob.ar\/web\/author\/admin\/"},"uagb_comment_info":0,"uagb_excerpt":"Centro de salud Barracas-Yapey\u00fa Ubicado en calle Mitre 1164 de la ciudad de Casilda. Los l\u00edmites geogr\u00e1ficos del mismo son las calles: Bv. 25 de Mayo a Bv. Ovidio Lagos y del Bv. Lisandro de la Torre a zona rural y su \u00e1rea de influencia se extiende a otros barrios, como el Nueva Roma B&hellip;","_links":{"self":[{"href":"https:\/\/www.casilda.gob.ar\/web\/wp-json\/wp\/v2\/pages\/7547","targetHints":{"allow":["GET"]}}],"collection":[{"href":"https:\/\/www.casilda.gob.ar\/web\/wp-json\/wp\/v2\/pages"}],"about":[{"href":"https:\/\/www.casilda.gob.ar\/web\/wp-json\/wp\/v2\/types\/page"}],"author":[{"embeddable":true,"href":"https:\/\/www.casilda.gob.ar\/web\/wp-json\/wp\/v2\/users\/1"}],"replies":[{"embeddable":true,"href":"https:\/\/www.casilda.gob.ar\/web\/wp-json\/wp\/v2\/comments?post=7547"}],"version-history":[{"count":6,"href":"https:\/\/www.casilda.gob.ar\/web\/wp-json\/wp\/v2\/pages\/7547\/revisions"}],"predecessor-version":[{"id":15518,"href":"https:\/\/www.casilda.gob.ar\/web\/wp-json\/wp\/v2\/pages\/7547\/revisions\/15518"}],"wp:attachment":[{"href":"https:\/\/www.casilda.gob.ar\/web\/wp-json\/wp\/v2\/media?parent=7547"}],"curies":[{"name":"wp","href":"https:\/\/api.w.org\/{rel}","templated":true}]}}