{"id":7588,"date":"2025-03-11T09:24:37","date_gmt":"2025-03-11T12:24:37","guid":{"rendered":"https:\/\/www.casilda.gob.ar\/web\/?page_id=7588"},"modified":"2025-09-18T08:17:48","modified_gmt":"2025-09-18T11:17:48","slug":"telefonos-utiles-2-casilda","status":"publish","type":"page","link":"https:\/\/www.casilda.gob.ar\/web\/telefonos-utiles-2-casilda\/","title":{"rendered":"Contactos \u00fatiles."},"content":{"rendered":"\n<p style=\"margin-bottom:var(--wp--preset--spacing--10)\">Contactos \u00fatiles + contactos directos de \u00e1reas de la Municipalidad de Casilda para consultas, tr\u00e1mites y servicios esenciales en la ciudad.<\/p>\n\n\n\n<div class=\"wp-block-group is-nowrap is-layout-flex wp-container-core-group-is-layout-9 wp-block-group-is-layout-flex\">\n<div class=\"wp-block-columns is-layout-flex wp-container-core-columns-is-layout-10 wp-block-columns-is-layout-flex\">\n<div class=\"wp-block-column is-layout-flow wp-block-column-is-layout-flow\">\n<div class=\"wp-block-group has-border-color has-accent-5-border-color is-content-justification-center is-nowrap is-layout-flex wp-container-core-group-is-layout-1 wp-block-group-is-layout-flex\" style=\"border-width:1px\">\n<div class=\"wp-block-columns wp-container-content-1 is-layout-flex wp-container-core-columns-is-layout-1 wp-block-columns-is-layout-flex\" style=\"padding-right:0;padding-left:0\">\n<div class=\"wp-block-column is-layout-flow wp-block-column-is-layout-flow\" style=\"flex-basis:100%\">\n<p>\ud83d\ude93 <strong>Polic\u00eda: <a href=\"tel:91\">911<\/a> <\/strong><\/p>\n\n\n\n<p>\ud83d\udc41\ufe0f <strong>Centro de monitoreo: <a href=\"tel:428248\">428248 <\/a><\/strong><\/p>\n\n\n\n<p>\ud83d\ude92 <strong>Bomberos: <a href=\"tel:422222\">422222<\/a> <\/strong><\/p>\n<\/div>\n\n\n\n<div class=\"wp-block-column is-layout-flow wp-block-column-is-layout-flow\" style=\"flex-basis:100%\">\n<p>\ud83d\ude91 <strong>SIES: <a href=\"tel:107\">107 <\/a><\/strong><\/p>\n\n\n\n<p>\ud83d\ude9c <strong>Corral\u00f3n: <a href=\"tel:420341\">420341 <\/a><\/strong><\/p>\n\n\n\n<p>\ud83e\udd32 <strong>Atenci\u00f3n a victimas de violencia de genero: <a href=\"tel:144\">144<\/a><\/strong><\/p>\n<\/div>\n<\/div>\n<\/div>\n\n\n\n<p class=\"has-text-align-center has-text-color has-link-color has-medium-font-size wp-elements-b224412b1166d4fdde474f38c296a452\" style=\"color:#059dd9;text-decoration:underline\"><strong>\u00c1rea de Gobierno y Gesti\u00f3n<\/strong><\/p>\n\n\n\n<div class=\"wp-block-group is-content-justification-center is-nowrap is-layout-flex wp-container-core-group-is-layout-2 wp-block-group-is-layout-flex\">\n<div class=\"wp-block-columns is-layout-flex wp-container-core-columns-is-layout-2 wp-block-columns-is-layout-flex\" style=\"padding-right:0;padding-left:0\">\n<div class=\"wp-block-column is-layout-flow wp-block-column-is-layout-flow\">\n<p><strong>Departamento Secretar\u00eda<\/strong><br><a href=\"mailto:despacho@casilda.gob.ar\" data-type=\"mailto\" data-id=\"mailto:despacho@casilda.gob.ar\">despacho@casilda.gob.ar <\/a><br>Casado 2090 \u2013 Tel: <a href=\"tel:422211\">422211<\/a>\/<a href=\"tel:422212\">422212<\/a><\/p>\n\n\n\n<p><strong>Departamento Mesa de Entradas<\/strong><br>E-mail: <a href=\"mailto:mesadeentradas@casilda.gob.ar\">mesadeentradas@casilda.gob.ar<\/a><br>Casado 2090 \u2013 Tel: <a href=\"tel:422211\">422211<\/a>\/<a href=\"tel:422212\">422212<\/a><\/p>\n\n\n\n<p><strong>Sub Divisi\u00f3n Taxis y Remises<\/strong><br>Moreno 1668 \u2013 Tel: <a href=\"tel:426327\">426327<\/a><br>E-mail: <a href=\"mailto:taxisyremises@casilda.gob.ar\">taxisyremises@casilda.gob.ar<\/a><\/p>\n\n\n\n<p><strong>Tribunal de Faltas<\/strong><br>Buenos Aires 2860 \u2013 Tel: <a href=\"tel:429080\">429080<\/a><br>E-mail: <a href=\"mailto:tribunaldefaltas@casilda.gob.ar\">tribunaldefaltas@casilda.gob.ar<\/a><\/p>\n\n\n\n<p><strong>Secretar\u00eda de Tr\u00e1nsito<\/strong><br>E-mail: <a href=\"mailto:soquims@hotmail.com\">soquims@hotmail.com<\/a><\/p>\n\n\n\n<p><strong>Secretar\u00eda de Inspecci\u00f3n<\/strong><br>E-mail: <a href=\"mailto:augustodangelo@hotmail.com\">augustodangelo@hotmail.com<\/a><\/p>\n\n\n\n<p><strong>\u00c1rea de Seguridad Alimentaria<\/strong><br>Tel: <a href=\"tel:429083\">429083<\/a><br>Washington 1454<br>E-mail: <a href=\"mailto:asac@casilda.gob.ar\">asac@casilda.gob.ar<\/a><\/p>\n\n\n\n<p><strong>C\u00e1maras de Seguridad<\/strong><br>E-mail: <a href=\"mailto:camaras@casilda.gob.ar\">camaras@casilda.gob.ar<\/a><br>Terminal de \u00d3mnibus \u2013 Te. <a href=\"tel:428248\">428248<\/a>&#8211; <a href=\"tel:428282\">428282<\/a> (<a href=\"tel:421653\">421653<\/a>)<\/p>\n<\/div>\n\n\n\n<div class=\"wp-block-column has-background is-layout-flow wp-block-column-is-layout-flow\" style=\"background-color:#d8d8d8;flex-basis:3px\"><\/div>\n\n\n\n<div class=\"wp-block-column is-layout-flow wp-block-column-is-layout-flow\">\n<p><strong>Delegaci\u00f3n de Defensa al Consumidor<br>Oficina Municipal de Informaci\u00f3n al Consumidor. (OMIC)<\/strong><br>Tel: <a href=\"tel:455514\">455514<\/a><br>E-mail: <a href=\"mailto:omiccasilda@casilda.gob.ar\">omiccasilda@casilda.gob.ar<\/a><\/p>\n\n\n\n<p><strong>Departamento Personal<\/strong><br>Moreno 1450 \u2013 Tel: <a href=\"tel:455566\">455566<\/a><br>E-mail: <a href=\"mailto:personal@casilda.gob.ar\">personal@casilda.gob.ar<\/a><br>(Of.corral\u00f3n)<\/p>\n\n\n\n<p><strong>Departamento Obras por Administraci\u00f3n y Cementerio<\/strong><br>Tel: <a href=\"tel:3464-405012\">3464-405012<\/a>  &#8211;  E-mail: <a href=\"mailto:cementerio@casilda.gob.ar\">cementerio@casilda.gob.ar<\/a><\/p>\n\n\n\n<p><strong>Departamento Habilitaciones<\/strong><br>Casado 2090 \u2013 Tel: <a href=\"tel:422211\">422211<\/a>\/<a href=\"tel:422212\">422212<\/a> int. 118 o 140<br>E-mail: <a href=\"mailto:habilitaciones@casilda.gob.ar\">habilitaciones@casilda.gob.ar<\/a><\/p>\n\n\n\n<p><strong>Departamento Inspecci\u00f3n General<br><\/strong>Casado 2090 \u2013 Tel: <a href=\"tel:422211\">422211<\/a>\/<a href=\"tel:422212\">422212<\/a><br>E-mail: <a href=\"mailto:inspeccion@casilda.gob.ar\">inspeccion@casilda.gob.ar<\/a><\/p>\n\n\n\n<p><strong>Departamento Tr\u00e1nsito<\/strong><br>Tel: <a href=\"tel:422211\">422211<\/a>\/<a href=\"tel:422212\">422212<\/a> interno 124<br>Casado 2090<br>E-mail: <a href=\"mailto:transitoypatentamiento@casilda.gob.ar\">transitoypatentamiento@casilda.gob.ar<\/a><\/p>\n<\/div>\n<\/div>\n<\/div>\n\n\n\n<p class=\"has-text-align-center has-text-color has-link-color has-medium-font-size wp-elements-24b705a5583ffb4eef1ca2b0b3108954\" style=\"color:#059dd9;text-decoration:underline\"><strong>Direcci\u00f3n de Salud<\/strong><\/p>\n\n\n\n<div class=\"wp-block-columns is-layout-flex wp-container-core-columns-is-layout-3 wp-block-columns-is-layout-flex\" style=\"padding-right:0;padding-left:0\">\n<div class=\"wp-block-column is-layout-flow wp-block-column-is-layout-flow\">\n<p><strong>Direcci\u00f3n de Salud<\/strong><br>Las Heras 2139 \u2013 Tel: <a href=\"tel:423739\">423739<\/a><br>E-mail: <a href=\"mailto:saludpublica@casilda.gob.ar\">saludpublica@casilda.gob.ar<\/a><\/p>\n\n\n\n<p><strong>Centro de Ex\u00e1menes Psicof\u00edsicos para conductores de cargas y<br>pasajeros<\/strong><br>Las Heras 2139 \u2013 Tel: <a href=\"tel:423739\">423739<\/a><br>E-mail: <a href=\"mailto:psicofisicos@casilda.gob.ar\">psicofisicos@casilda.gob.ar<\/a><\/p>\n<\/div>\n\n\n\n<div class=\"wp-block-column has-background is-layout-flow wp-block-column-is-layout-flow\" style=\"background-color:#d8d8d8;flex-basis:3px\"><\/div>\n\n\n\n<div class=\"wp-block-column is-layout-flow wp-block-column-is-layout-flow\">\n<p><strong>Centro de Salud Barrio Barracas \u2013 Yapey\u00fa<\/strong><br>Mitre 1164 &#8211; Tel: <a href=\"tel:427934\">427934<\/a><br>E-mail: <a href=\"mailto:saludbarracasyapeyu@casilda.gob.ar\">saludbarracasyapeyu@casilda.gob.ar<\/a><\/p>\n\n\n\n<p><strong>Centro de Salud Barrio Granaderos a Caballo<\/strong><br>San Lorenzo y Catamarca \u2013 Tel: <a href=\"tel:427806\">427806<\/a><br>E-mail: <a href=\"mailto:saludgranaderosacaballo@casilda.gob.ar\">saludgranaderosacaballo@casilda.gob.ar<\/a><\/p>\n<\/div>\n<\/div>\n\n\n\n<p class=\"has-text-align-center has-text-color has-link-color has-medium-font-size wp-elements-4da9f74a1188795d943edbb8001229e5\" style=\"color:#059dd9;text-decoration:underline\"><strong>\u00c1rea de Producci\u00f3n, Ciencia y Tecnolog\u00eda<\/strong><\/p>\n\n\n\n<div class=\"wp-block-group is-content-justification-center is-nowrap is-layout-flex wp-container-core-group-is-layout-3 wp-block-group-is-layout-flex\">\n<div class=\"wp-block-columns is-layout-flex wp-container-core-columns-is-layout-4 wp-block-columns-is-layout-flex\" style=\"padding-right:0;padding-left:0\">\n<div class=\"wp-block-column is-layout-flow wp-block-column-is-layout-flow\">\n<p><strong>Secretario Coordinador<\/strong><br>E.mail: <a href=\"mailto:produccion@casilda.gob.ar\">produccion@casilda.gob.ar<\/a><br>Buenos Aires 2050<\/p>\n\n\n\n<p><strong>Equipo Soporte Inform\u00e1tico<\/strong><br>E-mail: <a href=\"mailto:soporte.tecnologia@casilda.gob.ar\">soporte.tecnologia@casilda.gob.ar<\/a><\/p>\n<\/div>\n\n\n\n<div class=\"wp-block-column has-background is-layout-flow wp-block-column-is-layout-flow\" style=\"background-color:#d8d8d8;flex-basis:3px\"><\/div>\n\n\n\n<div class=\"wp-block-column is-layout-flow wp-block-column-is-layout-flow\">\n<p><strong>Dpto. Desarrollo local, empleo y turismo<\/strong><br>E-mail: <a href=\"mailto:produccion@casilda.gob.ar\">produccion@casilda.gob.ar<\/a><br>Oficina de empleo:<br>Buenos Aires 2050<\/p>\n\n\n\n<p><\/p>\n<\/div>\n<\/div>\n<\/div>\n<\/div>\n\n\n\n<div class=\"wp-block-column is-layout-flow wp-block-column-is-layout-flow\">\n<p class=\"has-text-align-center has-text-color has-link-color has-medium-font-size wp-elements-0523121a6f8e6cb257d90b60862e2bde\" style=\"color:#059dd9;text-decoration:underline\"><strong>\u00c1rea de Econom\u00eda y Finanzas<\/strong><\/p>\n\n\n\n<div class=\"wp-block-group is-content-justification-center is-nowrap is-layout-flex wp-container-core-group-is-layout-4 wp-block-group-is-layout-flex\">\n<div class=\"wp-block-columns is-layout-flex wp-container-core-columns-is-layout-5 wp-block-columns-is-layout-flex\" style=\"padding-right:0;padding-left:0\">\n<div class=\"wp-block-column is-layout-flow wp-block-column-is-layout-flow\">\n<p><strong>Contadur\u00eda General<\/strong><br>Casado 2090 \u2013 Tel: <a href=\"tel:422211\">422211<\/a>\/<a href=\"tel:422212\">422212<\/a><\/p>\n\n\n\n<p><strong>Departamento Contadur\u00eda<\/strong><br>Casado 2090 \u2013 Tel: <a href=\"tel:422211\">422211<\/a>\/<a href=\"tel:422212\">422212<\/a> int. 115\/116<\/p>\n\n\n\n<p><strong>Departamento Compras y Suministros<\/strong><br>Moreno 1450 \u2013 Tel: <a href=\"tel:423266\">423266<\/a><\/p>\n<\/div>\n\n\n\n<div class=\"wp-block-column has-background is-layout-flow wp-block-column-is-layout-flow\" style=\"background-color:#d8d8d8;flex-basis:3px\"><\/div>\n\n\n\n<div class=\"wp-block-column is-layout-flow wp-block-column-is-layout-flow\">\n<p><strong>Departamento Sistema de computaci\u00f3n de datos<\/strong><br><a href=\"tel:422211\">422211<\/a>\/ <a href=\"tel:422212\">422212<\/a> interno 110<\/p>\n\n\n\n<p><strong>Departamento Ingresos P\u00fablicos<\/strong><br>Casado 2090 \u2013 Tel: <a href=\"tel:422211\">422211<\/a>\/<a href=\"tel:422212\">422212<\/a> int. 118 o 140<\/p>\n\n\n\n<p><strong>Departamento Tesorer\u00eda<\/strong><br>Casado 2090 \u2013 Tel: <a href=\"tel:422211\">422211<\/a>\/<a href=\"tel:422212\">422212<\/a> int. 112\/113<\/p>\n<\/div>\n<\/div>\n<\/div>\n\n\n\n<p class=\"has-text-align-center has-text-color has-link-color has-medium-font-size wp-elements-353f2d5f9094a67fb3c478b01b319ebd\" style=\"color:#059dd9;text-decoration:underline\"><strong>\u00c1rea de Desarrollo y Bienestar<\/strong><\/p>\n\n\n\n<div class=\"wp-block-group is-content-justification-center is-nowrap is-layout-flex wp-container-core-group-is-layout-5 wp-block-group-is-layout-flex\">\n<div class=\"wp-block-columns is-layout-flex wp-container-core-columns-is-layout-6 wp-block-columns-is-layout-flex\" style=\"padding-right:0;padding-left:0\">\n<div class=\"wp-block-column is-layout-flow wp-block-column-is-layout-flow\">\n<p><strong>Direcci\u00f3n de Desarrollo Social <\/strong><br>Moreno 1450 \u2013 Tel. 03464\u201315405060 \u2013 <a href=\"mailto:desarrollo.social@casilda.gob.ar\">desarrollo.social@casilda.gob.ar<\/a><\/p>\n\n\n\n<p><strong>Centro de D\u00eda Horizontes<\/strong><br>R. de Escalada 3742 &#8211; Tel: 426840<\/p>\n\n\n\n<p><strong>Complejo de la Tercera Edad<\/strong><br>Fran Luis Beltran 4219<br>Tel: <a href=\"tel:3464517295\">3464-517295<\/a><\/p>\n\n\n\n<p><strong>Centro de d\u00eda municipal para la atenci\u00f3n y tratamiento de consumos problem\u00e1ticos y adicciones<\/strong><br>Pescio 2675 &#8211; Tel: <a href=\"tel:3464-441569\">3464-441569<\/a> &#8211;        E-mail: <a href=\"mailto:consumosproblematicos@casilda.gob.ar\">consumosproblematicos@casilda.gob.ar<\/a><\/p>\n<\/div>\n\n\n\n<div class=\"wp-block-column has-background is-layout-flow wp-block-column-is-layout-flow\" style=\"background-color:#d8d8d8;flex-basis:3px\"><\/div>\n\n\n\n<div class=\"wp-block-column is-layout-flow wp-block-column-is-layout-flow\">\n<p><strong>Direcci\u00f3n de Centro de Acci\u00f3n Familiar \u201cEva Per\u00f3n\u201d<\/strong><br>Remedios de Escalada 3742 &#8211; Tel: <a href=\"tel:426840\">426840<\/a><\/p>\n\n\n\n<p><strong>Oficina de Ni\u00f1ez y adolescencia<\/strong><br>Tel: <a href=\"tel:423150\">423150<\/a><\/p>\n\n\n\n<p><strong>Hogar Taller y Granja<\/strong><br>E-mail: <a href=\"mailto:hogartaller@casilda.gob.ar\">hogartaller@casilda.gob.ar<\/a> Tel: <a href=\"tel:423150\"><a href=\"tel:+543464680411\">3464 680411<\/a><\/a><\/p>\n\n\n\n<p><strong>Punto Violeta<\/strong><br>Yrigoyen 4350<\/p>\n<\/div>\n<\/div>\n<\/div>\n\n\n\n<p class=\"has-text-align-center has-text-color has-link-color has-medium-font-size wp-elements-488d6fc048287c4679cc5ca4111c45b2\" style=\"color:#059dd9;text-decoration:underline\"><strong>Direcci\u00f3n de Cultura<\/strong><\/p>\n\n\n\n<div class=\"wp-block-group is-content-justification-center is-nowrap is-layout-flex wp-container-core-group-is-layout-6 wp-block-group-is-layout-flex\">\n<div class=\"wp-block-columns is-layout-flex wp-container-core-columns-is-layout-7 wp-block-columns-is-layout-flex\" style=\"padding-right:0;padding-left:0\">\n<div class=\"wp-block-column is-layout-flow wp-block-column-is-layout-flow\">\n<p><strong>Dpto. de Administraci\u00f3n y Gesti\u00f3n de Cultura y Educaci\u00f3n<\/strong><br>Buenos Aires 2860 \u2013 Te. <a href=\"tel:4555356\">4555356<\/a><br>E-mail: <a href=\"mailto:cultura@casilda.gob.ar\">cultura@casilda.gob.ar<\/a><\/p>\n\n\n\n<p><strong>Centro Educativo y Cultural \u201cEduardo Bracaccini\u201d<br>Biblioteca P\u00fablica Municipal \u201cEdmundo de Amicis\u201d.<\/strong><br>Remedios de Escalada 4250<br>Coordinadora Operativa:<br>E-mail: <a href=\"mailto:centrobracaccini@casilda.gob.ar\">centrobracaccini@casilda.gob.ar<\/a><\/p>\n\n\n\n<p><strong>Museo y Archivo Hist\u00f3rico Municipal \u201cDon Santos Tosticarelli\u201d<\/strong><br>O. Lagos 1204 \u2013 TE. <a href=\"tel:426535\">426535<\/a><br>e-mail: <a href=\"mailto:museo@casilda.gob.ar\">museo@casilda.gob.ar<\/a><\/p>\n\n\n\n<p><strong>Teatro Dante.<br>Dpto. Administraci\u00f3n y Planificaci\u00f3n de la Cultura y las Artes del Teatro Dante<\/strong><br>Espa\u00f1a 1910 \u2013Tel: <a href=\"tel:429082\">429082<\/a><br>E-mail: <a href=\"mailto:teatrodante@casilda.gob.ar\">teatrodante@casilda.gob.ar<\/a><\/p>\n<\/div>\n\n\n\n<div class=\"wp-block-column has-background is-layout-flow wp-block-column-is-layout-flow\" style=\"background-color:#d8d8d8;flex-basis:3px\"><\/div>\n\n\n\n<div class=\"wp-block-column is-layout-flow wp-block-column-is-layout-flow\">\n<p><strong>Complejo Cultural Educativo Municipal \u201cBenito Quinquela Mart\u00edn\u201d.<\/strong><br>25 de Mayo 2351 \u2013 Tel: <a href=\"tel:424587\">424587<\/a><br>E-mail: <a href=\"mailto:quinquela@casilda.gob.ar\">quinquela@casilda.gob.ar<\/a><\/p>\n\n\n\n<p><strong>Coro Municipal \u201cVoces Argentinas\u201d<\/strong><br>e-mail: <a href=\"mailto:coro.municipal@casilda.gob.ar\">coro.municipal@casilda.gob.ar<\/a><\/p>\n\n\n\n<p><strong>Talleres Municipales de Teatro para las Infancias y J\u00f3venes<\/strong><br>e-mail: <a href=\"mailto:taller.teatromunicipal@casilda.gob.ar\">taller.teatromunicipal@casilda.gob.ar<\/a><\/p>\n\n\n\n<p><strong>Equipo Municipal de Acompa\u00f1amiento Psicopedag\u00f3gico (EMAP)<br>Equipo Interdisciplinario de Acompa\u00f1amiento en Escuelas<br>Secundarias (EMIS).<\/strong><br>(Funcionan en oficina del Teatro Dante. Espa\u00f1a 1910. Tel. <a href=\"tel:429082\">429082<\/a>)<\/p>\n<\/div>\n<\/div>\n<\/div>\n\n\n\n<p class=\"has-text-align-center has-text-color has-link-color has-medium-font-size wp-elements-080e21d5bbf80fcc6b168b0b94b2072f\" style=\"color:#059dd9;text-decoration:underline\"><strong>Direcci\u00f3n de Deportes<\/strong><\/p>\n\n\n\n<div class=\"wp-block-group is-content-justification-center is-nowrap is-layout-flex wp-container-core-group-is-layout-7 wp-block-group-is-layout-flex\">\n<div class=\"wp-block-columns is-layout-flex wp-container-core-columns-is-layout-8 wp-block-columns-is-layout-flex\" style=\"padding-right:0;padding-left:0\">\n<div class=\"wp-block-column is-layout-flow wp-block-column-is-layout-flow\">\n<p><strong>Departamento Deportes<br><\/strong>Buenos Aires 2860.<br>Tel: <a href=\"tel:455535\">455535<\/a><br>E-mail: <a href=\"mailto:deportes@casilda.gob.ar\">deportes@casilda.gob.ar<\/a><\/p>\n<\/div>\n<\/div>\n<\/div>\n\n\n\n<p class=\"has-text-align-center has-text-color has-link-color has-medium-font-size wp-elements-490e3f1314904c4e5055cdfbbd894b96\" style=\"color:#059dd9;text-decoration:underline\"><strong>\u00c1rea de Planificaci\u00f3n Territorial<\/strong><\/p>\n\n\n\n<div class=\"wp-block-group is-content-justification-center is-nowrap is-layout-flex wp-container-core-group-is-layout-8 wp-block-group-is-layout-flex\">\n<div class=\"wp-block-columns is-layout-flex wp-container-core-columns-is-layout-9 wp-block-columns-is-layout-flex\" style=\"padding-right:0;padding-left:0\">\n<div class=\"wp-block-column is-layout-flow wp-block-column-is-layout-flow\">\n<p><strong>Departamento de Arquitectura y Planeamiento<\/strong><br>e-mail: <a href=\"mailto:planeamiento@casilda.gob.ar\">planeamiento@casilda.gob.ar<\/a><br>Casado 2090 \u2013 Te. <a href=\"tel:422211\">422211<\/a>\/<a href=\"tel:422212\">422212<\/a><\/p>\n<\/div>\n\n\n\n<div class=\"wp-block-column has-background is-layout-flow wp-block-column-is-layout-flow\" style=\"background-color:#d8d8d8;flex-basis:3px\"><\/div>\n\n\n\n<div class=\"wp-block-column is-layout-flow wp-block-column-is-layout-flow\">\n<p><strong>Divisi\u00f3n Catastro<\/strong><br>e-mail: <a href=\"mailto:catastro@casilda.gob.ar\">catastro@casilda.gob.ar<\/a><br>Casado 2090 \u2013 Te. <a href=\"tel:422211\">422211<\/a>\/<a href=\"tel:422212\">422212<\/a><\/p>\n<\/div>\n<\/div>\n<\/div>\n<\/div>\n<\/div>\n<\/div>\n","protected":false},"excerpt":{"rendered":"<p>Contactos \u00fatiles + contactos directos de \u00e1reas de la Municipalidad de Casilda para consultas, tr\u00e1mites y servicios esenciales en la ciudad. \ud83d\ude93 Polic\u00eda: 911 \ud83d\udc41\ufe0f Centro de monitoreo: 428248 \ud83d\ude92 Bomberos: 422222 \ud83d\ude91 SIES: 107 \ud83d\ude9c Corral\u00f3n: 420341 \ud83e\udd32 Atenci\u00f3n a victimas de violencia de genero: 144 \u00c1rea de Gobierno y Gesti\u00f3n Departamento Secretar\u00edadespacho@casilda.gob.ar Casado [&hellip;]<\/p>\n","protected":false},"author":1,"featured_media":0,"parent":0,"menu_order":0,"comment_status":"closed","ping_status":"closed","template":"","meta":{"_uag_custom_page_level_css":"","footnotes":""},"class_list":["post-7588","page","type-page","status-publish","hentry"],"yoast_head":"<!-- This site is optimized with the Yoast SEO plugin v26.8 - https:\/\/yoast.com\/product\/yoast-seo-wordpress\/ -->\n<title>Contactos \u00fatiles. - Municipalidad de Casilda Contactos \u00fatiles<\/title>\n<meta name=\"description\" content=\"Contactos \u00fatiles + contactos directos de \u00e1reas de la Municipalidad de Casilda para consultas, tr\u00e1mites y servicios esenciales en la ciudad.\" \/>\n<meta name=\"robots\" content=\"index, follow, max-snippet:-1, max-image-preview:large, max-video-preview:-1\" \/>\n<link rel=\"canonical\" href=\"https:\/\/www.casilda.gob.ar\/web\/telefonos-utiles-2-casilda\/\" \/>\n<meta property=\"og:locale\" content=\"es_ES\" \/>\n<meta property=\"og:type\" content=\"article\" \/>\n<meta property=\"og:title\" content=\"Contactos \u00fatiles. - Municipalidad de Casilda Contactos \u00fatiles\" \/>\n<meta property=\"og:description\" content=\"Contactos \u00fatiles + contactos directos de \u00e1reas de la Municipalidad de Casilda para consultas, tr\u00e1mites y servicios esenciales en la ciudad.\" \/>\n<meta property=\"og:url\" content=\"https:\/\/www.casilda.gob.ar\/web\/telefonos-utiles-2-casilda\/\" \/>\n<meta property=\"og:site_name\" content=\"Municipalidad de Casilda\" \/>\n<meta property=\"article:modified_time\" content=\"2025-09-18T11:17:48+00:00\" \/>\n<meta name=\"twitter:card\" content=\"summary_large_image\" \/>\n<meta name=\"twitter:label1\" content=\"Tiempo de lectura\" \/>\n\t<meta name=\"twitter:data1\" content=\"3 minutos\" \/>\n<script type=\"application\/ld+json\" class=\"yoast-schema-graph\">{\"@context\":\"https:\/\/schema.org\",\"@graph\":[{\"@type\":\"WebPage\",\"@id\":\"https:\/\/www.casilda.gob.ar\/web\/telefonos-utiles-2-casilda\/\",\"url\":\"https:\/\/www.casilda.gob.ar\/web\/telefonos-utiles-2-casilda\/\",\"name\":\"Contactos \u00fatiles. - Municipalidad de Casilda Contactos \u00fatiles\",\"isPartOf\":{\"@id\":\"https:\/\/www.casilda.gob.ar\/web\/#website\"},\"datePublished\":\"2025-03-11T12:24:37+00:00\",\"dateModified\":\"2025-09-18T11:17:48+00:00\",\"description\":\"Contactos \u00fatiles + contactos directos de \u00e1reas de la Municipalidad de Casilda para consultas, tr\u00e1mites y servicios esenciales en la ciudad.\",\"breadcrumb\":{\"@id\":\"https:\/\/www.casilda.gob.ar\/web\/telefonos-utiles-2-casilda\/#breadcrumb\"},\"inLanguage\":\"es\",\"potentialAction\":[{\"@type\":\"ReadAction\",\"target\":[\"https:\/\/www.casilda.gob.ar\/web\/telefonos-utiles-2-casilda\/\"]}]},{\"@type\":\"BreadcrumbList\",\"@id\":\"https:\/\/www.casilda.gob.ar\/web\/telefonos-utiles-2-casilda\/#breadcrumb\",\"itemListElement\":[{\"@type\":\"ListItem\",\"position\":1,\"name\":\"Inicio\",\"item\":\"https:\/\/www.casilda.gob.ar\/web\/\"},{\"@type\":\"ListItem\",\"position\":2,\"name\":\"Contactos \u00fatiles.\"}]},{\"@type\":\"WebSite\",\"@id\":\"https:\/\/www.casilda.gob.ar\/web\/#website\",\"url\":\"https:\/\/www.casilda.gob.ar\/web\/\",\"name\":\"Municipalidad de Casilda\",\"description\":\"Construyendo Futuro\",\"potentialAction\":[{\"@type\":\"SearchAction\",\"target\":{\"@type\":\"EntryPoint\",\"urlTemplate\":\"https:\/\/www.casilda.gob.ar\/web\/?s={search_term_string}\"},\"query-input\":{\"@type\":\"PropertyValueSpecification\",\"valueRequired\":true,\"valueName\":\"search_term_string\"}}],\"inLanguage\":\"es\"}]}<\/script>\n<!-- \/ Yoast SEO plugin. -->","yoast_head_json":{"title":"Contactos \u00fatiles. - Municipalidad de Casilda Contactos \u00fatiles","description":"Contactos \u00fatiles + contactos directos de \u00e1reas de la Municipalidad de Casilda para consultas, tr\u00e1mites y servicios esenciales en la ciudad.","robots":{"index":"index","follow":"follow","max-snippet":"max-snippet:-1","max-image-preview":"max-image-preview:large","max-video-preview":"max-video-preview:-1"},"canonical":"https:\/\/www.casilda.gob.ar\/web\/telefonos-utiles-2-casilda\/","og_locale":"es_ES","og_type":"article","og_title":"Contactos \u00fatiles. - Municipalidad de Casilda Contactos \u00fatiles","og_description":"Contactos \u00fatiles + contactos directos de \u00e1reas de la Municipalidad de Casilda para consultas, tr\u00e1mites y servicios esenciales en la ciudad.","og_url":"https:\/\/www.casilda.gob.ar\/web\/telefonos-utiles-2-casilda\/","og_site_name":"Municipalidad de Casilda","article_modified_time":"2025-09-18T11:17:48+00:00","twitter_card":"summary_large_image","twitter_misc":{"Tiempo de lectura":"3 minutos"},"schema":{"@context":"https:\/\/schema.org","@graph":[{"@type":"WebPage","@id":"https:\/\/www.casilda.gob.ar\/web\/telefonos-utiles-2-casilda\/","url":"https:\/\/www.casilda.gob.ar\/web\/telefonos-utiles-2-casilda\/","name":"Contactos \u00fatiles. - Municipalidad de Casilda Contactos \u00fatiles","isPartOf":{"@id":"https:\/\/www.casilda.gob.ar\/web\/#website"},"datePublished":"2025-03-11T12:24:37+00:00","dateModified":"2025-09-18T11:17:48+00:00","description":"Contactos \u00fatiles + contactos directos de \u00e1reas de la Municipalidad de Casilda para consultas, tr\u00e1mites y servicios esenciales en la ciudad.","breadcrumb":{"@id":"https:\/\/www.casilda.gob.ar\/web\/telefonos-utiles-2-casilda\/#breadcrumb"},"inLanguage":"es","potentialAction":[{"@type":"ReadAction","target":["https:\/\/www.casilda.gob.ar\/web\/telefonos-utiles-2-casilda\/"]}]},{"@type":"BreadcrumbList","@id":"https:\/\/www.casilda.gob.ar\/web\/telefonos-utiles-2-casilda\/#breadcrumb","itemListElement":[{"@type":"ListItem","position":1,"name":"Inicio","item":"https:\/\/www.casilda.gob.ar\/web\/"},{"@type":"ListItem","position":2,"name":"Contactos \u00fatiles."}]},{"@type":"WebSite","@id":"https:\/\/www.casilda.gob.ar\/web\/#website","url":"https:\/\/www.casilda.gob.ar\/web\/","name":"Municipalidad de Casilda","description":"Construyendo Futuro","potentialAction":[{"@type":"SearchAction","target":{"@type":"EntryPoint","urlTemplate":"https:\/\/www.casilda.gob.ar\/web\/?s={search_term_string}"},"query-input":{"@type":"PropertyValueSpecification","valueRequired":true,"valueName":"search_term_string"}}],"inLanguage":"es"}]}},"uagb_featured_image_src":{"full":false,"thumbnail":false,"medium":false,"medium_large":false,"large":false,"1536x1536":false,"2048x2048":false},"uagb_author_info":{"display_name":"Municipalidad Casilda","author_link":"https:\/\/www.casilda.gob.ar\/web\/author\/admin\/"},"uagb_comment_info":0,"uagb_excerpt":"Contactos \u00fatiles + contactos directos de \u00e1reas de la Municipalidad de Casilda para consultas, tr\u00e1mites y servicios esenciales en la ciudad. \ud83d\ude93 Polic\u00eda: 911 \ud83d\udc41\ufe0f Centro de monitoreo: 428248 \ud83d\ude92 Bomberos: 422222 \ud83d\ude91 SIES: 107 \ud83d\ude9c Corral\u00f3n: 420341 \ud83e\udd32 Atenci\u00f3n a victimas de violencia de genero: 144 \u00c1rea de Gobierno y Gesti\u00f3n Departamento Secretar\u00edadespacho@casilda.gob.ar Casado&hellip;","_links":{"self":[{"href":"https:\/\/www.casilda.gob.ar\/web\/wp-json\/wp\/v2\/pages\/7588","targetHints":{"allow":["GET"]}}],"collection":[{"href":"https:\/\/www.casilda.gob.ar\/web\/wp-json\/wp\/v2\/pages"}],"about":[{"href":"https:\/\/www.casilda.gob.ar\/web\/wp-json\/wp\/v2\/types\/page"}],"author":[{"embeddable":true,"href":"https:\/\/www.casilda.gob.ar\/web\/wp-json\/wp\/v2\/users\/1"}],"replies":[{"embeddable":true,"href":"https:\/\/www.casilda.gob.ar\/web\/wp-json\/wp\/v2\/comments?post=7588"}],"version-history":[{"count":8,"href":"https:\/\/www.casilda.gob.ar\/web\/wp-json\/wp\/v2\/pages\/7588\/revisions"}],"predecessor-version":[{"id":12600,"href":"https:\/\/www.casilda.gob.ar\/web\/wp-json\/wp\/v2\/pages\/7588\/revisions\/12600"}],"wp:attachment":[{"href":"https:\/\/www.casilda.gob.ar\/web\/wp-json\/wp\/v2\/media?parent=7588"}],"curies":[{"name":"wp","href":"https:\/\/api.w.org\/{rel}","templated":true}]}}