{"id":7835,"date":"2025-03-19T10:11:04","date_gmt":"2025-03-19T13:11:04","guid":{"rendered":"https:\/\/www.casilda.gob.ar\/web\/?page_id=7835"},"modified":"2026-05-07T12:24:26","modified_gmt":"2026-05-07T15:24:26","slug":"ferias","status":"publish","type":"page","link":"https:\/\/www.casilda.gob.ar\/web\/ferias\/","title":{"rendered":"Ferias organizadas por la Municipalidad de Casilda"},"content":{"rendered":"\n<div class=\"wp-block-group has-global-padding is-layout-constrained wp-block-group-is-layout-constrained\">\n<div class=\"wp-block-group is-vertical is-content-justification-center is-layout-flex wp-container-core-group-is-layout-1 wp-block-group-is-layout-flex\">\n<p class=\"has-text-align-center has-background\" style=\"background-color:#d3ebff;padding-top:var(--wp--preset--spacing--10);padding-bottom:var(--wp--preset--spacing--10);font-size:clamp(14px, 0.875rem + ((1vw - 3.2px) * 0.469), 20px);text-decoration:underline\"><strong><strong>Feria de Artesanos, Manualistas y Emprendedores<\/strong><\/strong> <strong>(FAME) <\/strong><\/p>\n\n\n<\/div>\n<\/div>\n\n\n\n<p><\/p>\n\n\n\n<div class=\"wp-block-columns has-border-color has-accent-5-border-color is-layout-flex wp-container-core-columns-is-layout-1 wp-block-columns-is-layout-flex\" style=\"border-width:1px\">\n<div class=\"wp-block-column is-layout-flow wp-block-column-is-layout-flow\" style=\"padding-top:var(--wp--preset--spacing--10);padding-right:var(--wp--preset--spacing--10);padding-bottom:var(--wp--preset--spacing--10);padding-left:var(--wp--preset--spacing--10)\">\n<div class=\"wp-block-group has-background is-vertical is-content-justification-center is-layout-flex wp-container-core-group-is-layout-3 wp-block-group-is-layout-flex\" style=\"background-color:#63636321;margin-top:0;padding-right:var(--wp--preset--spacing--20);padding-left:var(--wp--preset--spacing--20)\">\n<p class=\"has-text-align-center\" style=\"margin-top:0;margin-bottom:var(--wp--preset--spacing--10)\"><strong>Se cerr\u00f3 la preinscripci\u00f3n para la feria<\/strong><\/p>\n\n\n\n<p>El formulario se reactivar\u00e1 cuando se de el aviso para la pr\u00f3xima feria.<\/p>\n<\/div>\n\n\n<\/div>\n\n\n\n<div class=\"wp-block-column has-accent-5-background-color has-background is-layout-flow wp-block-column-is-layout-flow\" style=\"flex-basis:1px\"><\/div>\n\n\n\n<div class=\"wp-block-column is-layout-flow wp-block-column-is-layout-flow\">\n<div class=\"wp-block-group is-vertical is-content-justification-center is-layout-flex wp-container-core-group-is-layout-5 wp-block-group-is-layout-flex\" style=\"padding-top:var(--wp--preset--spacing--10);padding-right:var(--wp--preset--spacing--10);padding-bottom:var(--wp--preset--spacing--10);padding-left:var(--wp--preset--spacing--10)\">\n<p style=\"text-decoration:underline\"><strong>Calendario de ferias:<\/strong><\/p>\n\n\n\n<p style=\"margin-top:0;margin-bottom:var(--wp--preset--spacing--10);font-size:10px\">(Las fechas pueden ser modificadas por imprevistos)<\/p>\n\n\n\n<figure class=\"wp-block-table is-style-stripes\"><table class=\"has-background has-fixed-layout\" style=\"background-color:#d3ebff\"><tbody><tr><td class=\"has-text-align-center\" data-align=\"center\"><strong>Mayo:<\/strong> Domingo 10 y Lunes 25<\/td><\/tr><tr><td class=\"has-text-align-center\" data-align=\"center\"><strong>Junio:<\/strong> Domingo 14<\/td><\/tr><tr><td class=\"has-text-align-center\" data-align=\"center\"><strong>Julio:<\/strong> Domingo 12<\/td><\/tr><tr><td class=\"has-text-align-center\" data-align=\"center\"><strong>Agosto:<\/strong> Domingo 16<\/td><\/tr><tr><td class=\"has-text-align-center\" data-align=\"center\"><strong>Septiembre:<\/strong> Domingo 13<\/td><\/tr><tr><td class=\"has-text-align-center\" data-align=\"center\"><strong>Octubre:<\/strong> Domingo 11<\/td><\/tr><tr><td class=\"has-text-align-center\" data-align=\"center\"><strong>Noviembre:<\/strong> Domingo 15<\/td><\/tr><tr><td class=\"has-text-align-center\" data-align=\"center\"><strong>Diciembre:<\/strong> Domingo 13<\/td><\/tr><\/tbody><\/table><\/figure>\n<\/div>\n<\/div>\n<\/div>\n\n\n\n<p><\/p>\n","protected":false},"excerpt":{"rendered":"<p>Feria de Artesanos, Manualistas y Emprendedores (FAME) Se cerr\u00f3 la preinscripci\u00f3n para la feria El formulario se reactivar\u00e1 cuando se de el aviso para la pr\u00f3xima feria. Quienes deseen participar con su stand pueden inscribirse completando el siguiente formulario: Horario de participaci\u00f3n 14 a 22 hs Calendario de ferias: (Las fechas pueden ser modificadas por [&hellip;]<\/p>\n","protected":false},"author":1,"featured_media":14674,"parent":0,"menu_order":0,"comment_status":"closed","ping_status":"closed","template":"","meta":{"_uag_custom_page_level_css":"","footnotes":""},"class_list":["post-7835","page","type-page","status-publish","has-post-thumbnail","hentry"],"yoast_head":"<!-- This site is optimized with the Yoast SEO plugin v26.8 - https:\/\/yoast.com\/product\/yoast-seo-wordpress\/ -->\n<title>Ferias organizadas por la Municipalidad de Casilda - Municipalidad de Casilda Ferias organizadas por la Municipalidad de Casilda<\/title>\n<meta name=\"description\" content=\"Inscripci\u00f3n a ferias organizadas por la Municipalidad de Casilda que promueven el desarrollo local y el encuentro comunitario.\" \/>\n<meta name=\"robots\" content=\"index, follow, max-snippet:-1, max-image-preview:large, max-video-preview:-1\" \/>\n<link rel=\"canonical\" href=\"https:\/\/www.casilda.gob.ar\/web\/ferias\/\" \/>\n<meta property=\"og:locale\" content=\"es_ES\" \/>\n<meta property=\"og:type\" content=\"article\" \/>\n<meta property=\"og:title\" content=\"Ferias organizadas por la Municipalidad de Casilda - Municipalidad de Casilda Ferias organizadas por la Municipalidad de Casilda\" \/>\n<meta property=\"og:description\" content=\"Inscripci\u00f3n a ferias organizadas por la Municipalidad de Casilda que promueven el desarrollo local y el encuentro comunitario.\" \/>\n<meta property=\"og:url\" content=\"https:\/\/www.casilda.gob.ar\/web\/ferias\/\" \/>\n<meta property=\"og:site_name\" content=\"Municipalidad de Casilda\" \/>\n<meta property=\"article:modified_time\" content=\"2026-05-07T15:24:26+00:00\" \/>\n<meta property=\"og:image\" content=\"https:\/\/www.casilda.gob.ar\/web\/wp-content\/uploads\/2026\/01\/MURO-MUNI-45-100.png\" \/>\n\t<meta property=\"og:image:width\" content=\"1080\" \/>\n\t<meta property=\"og:image:height\" content=\"1350\" \/>\n\t<meta property=\"og:image:type\" content=\"image\/png\" \/>\n<meta name=\"twitter:card\" content=\"summary_large_image\" \/>\n<meta name=\"twitter:label1\" content=\"Tiempo de lectura\" \/>\n\t<meta name=\"twitter:data1\" content=\"1 minuto\" \/>\n<script type=\"application\/ld+json\" class=\"yoast-schema-graph\">{\"@context\":\"https:\/\/schema.org\",\"@graph\":[{\"@type\":\"WebPage\",\"@id\":\"https:\/\/www.casilda.gob.ar\/web\/ferias\/\",\"url\":\"https:\/\/www.casilda.gob.ar\/web\/ferias\/\",\"name\":\"Ferias organizadas por la Municipalidad de Casilda - Municipalidad de Casilda Ferias organizadas por la Municipalidad de Casilda\",\"isPartOf\":{\"@id\":\"https:\/\/www.casilda.gob.ar\/web\/#website\"},\"primaryImageOfPage\":{\"@id\":\"https:\/\/www.casilda.gob.ar\/web\/ferias\/#primaryimage\"},\"image\":{\"@id\":\"https:\/\/www.casilda.gob.ar\/web\/ferias\/#primaryimage\"},\"thumbnailUrl\":\"https:\/\/www.casilda.gob.ar\/web\/wp-content\/uploads\/2026\/01\/MURO-MUNI-45-100.png\",\"datePublished\":\"2025-03-19T13:11:04+00:00\",\"dateModified\":\"2026-05-07T15:24:26+00:00\",\"description\":\"Inscripci\u00f3n a ferias organizadas por la Municipalidad de Casilda que promueven el desarrollo local y el encuentro comunitario.\",\"breadcrumb\":{\"@id\":\"https:\/\/www.casilda.gob.ar\/web\/ferias\/#breadcrumb\"},\"inLanguage\":\"es\",\"potentialAction\":[{\"@type\":\"ReadAction\",\"target\":[\"https:\/\/www.casilda.gob.ar\/web\/ferias\/\"]}]},{\"@type\":\"ImageObject\",\"inLanguage\":\"es\",\"@id\":\"https:\/\/www.casilda.gob.ar\/web\/ferias\/#primaryimage\",\"url\":\"https:\/\/www.casilda.gob.ar\/web\/wp-content\/uploads\/2026\/01\/MURO-MUNI-45-100.png\",\"contentUrl\":\"https:\/\/www.casilda.gob.ar\/web\/wp-content\/uploads\/2026\/01\/MURO-MUNI-45-100.png\",\"width\":1080,\"height\":1350},{\"@type\":\"BreadcrumbList\",\"@id\":\"https:\/\/www.casilda.gob.ar\/web\/ferias\/#breadcrumb\",\"itemListElement\":[{\"@type\":\"ListItem\",\"position\":1,\"name\":\"Inicio\",\"item\":\"https:\/\/www.casilda.gob.ar\/web\/\"},{\"@type\":\"ListItem\",\"position\":2,\"name\":\"Ferias organizadas por la Municipalidad de Casilda\"}]},{\"@type\":\"WebSite\",\"@id\":\"https:\/\/www.casilda.gob.ar\/web\/#website\",\"url\":\"https:\/\/www.casilda.gob.ar\/web\/\",\"name\":\"Municipalidad de Casilda\",\"description\":\"Construyendo Futuro\",\"potentialAction\":[{\"@type\":\"SearchAction\",\"target\":{\"@type\":\"EntryPoint\",\"urlTemplate\":\"https:\/\/www.casilda.gob.ar\/web\/?s={search_term_string}\"},\"query-input\":{\"@type\":\"PropertyValueSpecification\",\"valueRequired\":true,\"valueName\":\"search_term_string\"}}],\"inLanguage\":\"es\"}]}<\/script>\n<!-- \/ Yoast SEO plugin. -->","yoast_head_json":{"title":"Ferias organizadas por la Municipalidad de Casilda - Municipalidad de Casilda Ferias organizadas por la Municipalidad de Casilda","description":"Inscripci\u00f3n a ferias organizadas por la Municipalidad de Casilda que promueven el desarrollo local y el encuentro comunitario.","robots":{"index":"index","follow":"follow","max-snippet":"max-snippet:-1","max-image-preview":"max-image-preview:large","max-video-preview":"max-video-preview:-1"},"canonical":"https:\/\/www.casilda.gob.ar\/web\/ferias\/","og_locale":"es_ES","og_type":"article","og_title":"Ferias organizadas por la Municipalidad de Casilda - Municipalidad de Casilda Ferias organizadas por la Municipalidad de Casilda","og_description":"Inscripci\u00f3n a ferias organizadas por la Municipalidad de Casilda que promueven el desarrollo local y el encuentro comunitario.","og_url":"https:\/\/www.casilda.gob.ar\/web\/ferias\/","og_site_name":"Municipalidad de Casilda","article_modified_time":"2026-05-07T15:24:26+00:00","og_image":[{"width":1080,"height":1350,"url":"https:\/\/www.casilda.gob.ar\/web\/wp-content\/uploads\/2026\/01\/MURO-MUNI-45-100.png","type":"image\/png"}],"twitter_card":"summary_large_image","twitter_misc":{"Tiempo de lectura":"1 minuto"},"schema":{"@context":"https:\/\/schema.org","@graph":[{"@type":"WebPage","@id":"https:\/\/www.casilda.gob.ar\/web\/ferias\/","url":"https:\/\/www.casilda.gob.ar\/web\/ferias\/","name":"Ferias organizadas por la Municipalidad de Casilda - Municipalidad de Casilda Ferias organizadas por la Municipalidad de Casilda","isPartOf":{"@id":"https:\/\/www.casilda.gob.ar\/web\/#website"},"primaryImageOfPage":{"@id":"https:\/\/www.casilda.gob.ar\/web\/ferias\/#primaryimage"},"image":{"@id":"https:\/\/www.casilda.gob.ar\/web\/ferias\/#primaryimage"},"thumbnailUrl":"https:\/\/www.casilda.gob.ar\/web\/wp-content\/uploads\/2026\/01\/MURO-MUNI-45-100.png","datePublished":"2025-03-19T13:11:04+00:00","dateModified":"2026-05-07T15:24:26+00:00","description":"Inscripci\u00f3n a ferias organizadas por la Municipalidad de Casilda que promueven el desarrollo local y el encuentro comunitario.","breadcrumb":{"@id":"https:\/\/www.casilda.gob.ar\/web\/ferias\/#breadcrumb"},"inLanguage":"es","potentialAction":[{"@type":"ReadAction","target":["https:\/\/www.casilda.gob.ar\/web\/ferias\/"]}]},{"@type":"ImageObject","inLanguage":"es","@id":"https:\/\/www.casilda.gob.ar\/web\/ferias\/#primaryimage","url":"https:\/\/www.casilda.gob.ar\/web\/wp-content\/uploads\/2026\/01\/MURO-MUNI-45-100.png","contentUrl":"https:\/\/www.casilda.gob.ar\/web\/wp-content\/uploads\/2026\/01\/MURO-MUNI-45-100.png","width":1080,"height":1350},{"@type":"BreadcrumbList","@id":"https:\/\/www.casilda.gob.ar\/web\/ferias\/#breadcrumb","itemListElement":[{"@type":"ListItem","position":1,"name":"Inicio","item":"https:\/\/www.casilda.gob.ar\/web\/"},{"@type":"ListItem","position":2,"name":"Ferias organizadas por la Municipalidad de Casilda"}]},{"@type":"WebSite","@id":"https:\/\/www.casilda.gob.ar\/web\/#website","url":"https:\/\/www.casilda.gob.ar\/web\/","name":"Municipalidad de Casilda","description":"Construyendo Futuro","potentialAction":[{"@type":"SearchAction","target":{"@type":"EntryPoint","urlTemplate":"https:\/\/www.casilda.gob.ar\/web\/?s={search_term_string}"},"query-input":{"@type":"PropertyValueSpecification","valueRequired":true,"valueName":"search_term_string"}}],"inLanguage":"es"}]}},"uagb_featured_image_src":{"full":["https:\/\/www.casilda.gob.ar\/web\/wp-content\/uploads\/2026\/01\/MURO-MUNI-45-100.png",1080,1350,false],"thumbnail":["https:\/\/www.casilda.gob.ar\/web\/wp-content\/uploads\/2026\/01\/MURO-MUNI-45-100-150x150.png",150,150,true],"medium":["https:\/\/www.casilda.gob.ar\/web\/wp-content\/uploads\/2026\/01\/MURO-MUNI-45-100-240x300.png",240,300,true],"medium_large":["https:\/\/www.casilda.gob.ar\/web\/wp-content\/uploads\/2026\/01\/MURO-MUNI-45-100-768x960.png",768,960,true],"large":["https:\/\/www.casilda.gob.ar\/web\/wp-content\/uploads\/2026\/01\/MURO-MUNI-45-100-819x1024.png",819,1024,true],"1536x1536":["https:\/\/www.casilda.gob.ar\/web\/wp-content\/uploads\/2026\/01\/MURO-MUNI-45-100.png",1080,1350,false],"2048x2048":["https:\/\/www.casilda.gob.ar\/web\/wp-content\/uploads\/2026\/01\/MURO-MUNI-45-100.png",1080,1350,false]},"uagb_author_info":{"display_name":"Municipalidad Casilda","author_link":"https:\/\/www.casilda.gob.ar\/web\/author\/admin\/"},"uagb_comment_info":0,"uagb_excerpt":"Feria de Artesanos, Manualistas y Emprendedores (FAME) Se cerr\u00f3 la preinscripci\u00f3n para la feria El formulario se reactivar\u00e1 cuando se de el aviso para la pr\u00f3xima feria. Quienes deseen participar con su stand pueden inscribirse completando el siguiente formulario: Horario de participaci\u00f3n 14 a 22 hs Calendario de ferias: (Las fechas pueden ser modificadas por&hellip;","_links":{"self":[{"href":"https:\/\/www.casilda.gob.ar\/web\/wp-json\/wp\/v2\/pages\/7835","targetHints":{"allow":["GET"]}}],"collection":[{"href":"https:\/\/www.casilda.gob.ar\/web\/wp-json\/wp\/v2\/pages"}],"about":[{"href":"https:\/\/www.casilda.gob.ar\/web\/wp-json\/wp\/v2\/types\/page"}],"author":[{"embeddable":true,"href":"https:\/\/www.casilda.gob.ar\/web\/wp-json\/wp\/v2\/users\/1"}],"replies":[{"embeddable":true,"href":"https:\/\/www.casilda.gob.ar\/web\/wp-json\/wp\/v2\/comments?post=7835"}],"version-history":[{"count":43,"href":"https:\/\/www.casilda.gob.ar\/web\/wp-json\/wp\/v2\/pages\/7835\/revisions"}],"predecessor-version":[{"id":16067,"href":"https:\/\/www.casilda.gob.ar\/web\/wp-json\/wp\/v2\/pages\/7835\/revisions\/16067"}],"wp:featuredmedia":[{"embeddable":true,"href":"https:\/\/www.casilda.gob.ar\/web\/wp-json\/wp\/v2\/media\/14674"}],"wp:attachment":[{"href":"https:\/\/www.casilda.gob.ar\/web\/wp-json\/wp\/v2\/media?parent=7835"}],"curies":[{"name":"wp","href":"https:\/\/api.w.org\/{rel}","templated":true}]}}